{"id":10253,"date":"2021-05-31T14:06:42","date_gmt":"2021-05-31T19:06:42","guid":{"rendered":"https:\/\/ayshabilgrami.com\/envios-y-entrega\/"},"modified":"2022-05-13T12:07:58","modified_gmt":"2022-05-13T17:07:58","slug":"envios-y-entrega","status":"publish","type":"page","link":"https:\/\/ayshabilgrami.com\/es\/envios-y-entrega\/","title":{"rendered":"Env\u00edos y Entrega"},"content":{"rendered":"\t<div id=\"gap-733615751\" class=\"gap-element clearfix\" style=\"display:block; height:auto;\">\n\t\t\n<style>\n#gap-733615751 {\n  padding-top: 150px;\n}\n@media (min-width:550px) {\n  #gap-733615751 {\n    padding-top: 200px;\n  }\n}\n<\/style>\n\t<\/div>\n\t\n<div class=\"row align-center\"  id=\"row-689080083\">\n\n\t<div id=\"col-754933079\" class=\"col medium-10 small-12 large-10\"  >\n\t\t\t\t<div class=\"col-inner\"  >\n\t\t\t\n\t\t\t\n<span class=\"scroll-to\" data-label=\"Scroll to: #shipping\" data-bullet=\"false\" data-link=\"#shipping\" data-title=\"shipping\"><a name=\"shipping\"><\/a><\/span>\n<h1 class=\"uppercase\" style=\"text-align: left;\"><span style=\"color: #000000; font-size: 105%;\">ENV\u00cdOS Y ENTREGA<\/span><\/h1>\n<p>\u00a0<\/p>\n\t<div id=\"gap-530371885\" class=\"gap-element clearfix\" style=\"display:block; height:auto;\">\n\t\t\n<style>\n#gap-530371885 {\n  padding-top: 30px;\n}\n<\/style>\n\t<\/div>\n\t\n<p><strong>COLOMBIA<\/strong><\/p>\n<hr \/>\n<p>Shipping within Colombia will be carried out by shipping agencies Pasarex, Fedex or Mensajeros Urbanos. W have free shipping within Colombia. Delivery times in Bogot\u00e1 are 3 working days and in the rest of the country from 3 to 8 working days. Purchases made on weekends or bank holidays will be processed the following working day. Take into account that Colombia has approximately 19 bank holidays per year.<\/p>\n<p>Once payment is processed and package is ready, we will send you the tracking number and a follow-up to your email. Please make sure you leave a valid contact number, address and e-mail in you payment information.<\/p>\n<p><strong>WORLDWIDE<\/strong><\/p>\n<hr \/>\n<p>Shipping outside Colombia will be made by UPS, DHL or Fedex. We provide free shipping outside Colombia if your purchase exceeds US$200. International shipping costs for purchase of less than US$200, will be US$35. Once you receive your product, you may have to pay fees or taxes as applicable in your country, these are not included in the purchase price.<\/p>\n<p>Please allow 2-5 days for your order to process and ship, unless otherwise noted. Delivery times outside Colombia are between 3-15 working days, destination dependant. Purchases made on weekends or public holidays will be processed\u00a0 the following working day. You must take into account that Colombia has approximately 19 bank holidays per year.<\/p>\n<p>Duties and taxes are not included in the total at checkout. They are determined by the customs agency within the destination country. Although charges are not always incurred, assessment of duties and taxes will be based on the value of the order and the tax-free threshold, if it exists, for goods imported into the destination country. Payment of any duties and import taxes is the responsibility of the client, and these fees are collected at the time of delivery. The international shipping cost incurred at the time of check out is non-refundable. Customers will not be refunded the shipping cost in the event that an International Shipment is refused by the receiver.<\/p>\n<p>Once payment is processed and package is ready, we will send you the tracking number and a follow-up to your email. Please make sure you leave a valid contact number, address and e-mail in you payment information.<\/p>\n<p>\n\t<div id=\"gap-1508501177\" class=\"gap-element clearfix\" style=\"display:block; height:auto;\">\n\t\t\n<style>\n#gap-1508501177 {\n  padding-top: 37px;\n}\n@media (min-width:550px) {\n  #gap-1508501177 {\n    padding-top: 60px;\n  }\n}\n<\/style>\n\t<\/div>\n\t\n<h1 style=\"text-align: left;\"><span style=\"color: #000000;\">Taxes and Duties\u00a0<\/span><\/h1>\n<p>\n\t<div id=\"gap-1527728457\" class=\"gap-element clearfix\" style=\"display:block; height:auto;\">\n\t\t\n<style>\n#gap-1527728457 {\n  padding-top: 30px;\n}\n<\/style>\n\t<\/div>\n\t\n<p>Taxes and duties are not includes at checkout. They are determined by the customs agency within the destination country. These values are\u00a0<b>approximate and informative<\/b>, they may change without prior notice according to the regulations of each country.\u00a0<b>Aysha Bilgrami SAS<\/b>\u00a0is not responsible for extra charge generated at the destination customs.\u00a0<\/p>\n<p>\n\t<div id=\"gap-1735838433\" class=\"gap-element clearfix\" style=\"display:block; height:auto;\">\n\t\t\n<style>\n#gap-1735838433 {\n  padding-top: 30px;\n}\n<\/style>\n\t<\/div>\n\t\n<p>\n<div class=\"row\"  id=\"row-1649819167\">\n<p>\n\n\t<div id=\"col-995403193\" class=\"col small-12 large-12\"  >\n\t\t\t\t<div class=\"col-inner text-center\"  >\n\t\t\t\n\t\t\t\n<p>\n\t<div class=\"img has-hover x md-x lg-x y md-y lg-y\" id=\"image_1865797540\">\n\t\t\t\t\t\t\t\t<div class=\"img-inner dark\" >\n\t\t\t<img loading=\"lazy\" decoding=\"async\" width=\"1000\" height=\"844\" src=\"https:\/\/ayshabilgrami.com\/wp-content\/uploads\/2021\/09\/TAXES-AND-DUTIES-FINAL-EN-INGLES-scaled-e1631114050507.jpg\" class=\"attachment-original size-original\" alt=\"taxed and duties chart for aysha bilgrami jewelry\" \/>\t\t\t\t\t\t\n\t\t\t\t\t<\/div>\n\t\t\t\t\t\t\t\t\n<style>\n#image_1865797540 {\n  width: 100%;\n}\n@media (min-width:550px) {\n  #image_1865797540 {\n    width: 45%;\n  }\n}\n<\/style>\n\t<\/div>\n\t\n\t\t<\/div>\n\t\t\t\t\t<\/div>\n\n\t\n<\/p>\n<\/div>\n<\/p>\n\t\t<\/div>\n\t\t\t\t\t<\/div>\n\n\t\n<\/p>\n<\/div>\n\t<div id=\"gap-1201339188\" class=\"gap-element clearfix\" style=\"display:block; height:auto;\">\n\t\t\n<style>\n#gap-1201339188 {\n  padding-top: 100px;\n}\n<\/style>\n\t<\/div>\n\t\n","protected":false},"excerpt":{"rendered":"","protected":false},"author":69,"featured_media":17928,"parent":0,"menu_order":0,"comment_status":"closed","ping_status":"closed","template":"page-transparent-header.php","meta":{"footnotes":""},"class_list":["post-10253","page","type-page","status-publish","has-post-thumbnail","hentry"],"yoast_head":"<!-- This site is optimized with the Yoast SEO plugin v26.6 - https:\/\/yoast.com\/wordpress\/plugins\/seo\/ -->\n<title>Env\u00edos y Entrega - Aysha Bilgrami Jewelry<\/title>\n<meta name=\"robots\" content=\"index, follow, max-snippet:-1, max-image-preview:large, max-video-preview:-1\" \/>\n<link rel=\"canonical\" href=\"https:\/\/ayshabilgrami.com\/es\/envios-y-entrega\/\" \/>\n<meta property=\"og:locale\" content=\"es_ES\" \/>\n<meta property=\"og:type\" content=\"article\" \/>\n<meta property=\"og:title\" content=\"Env\u00edos y Entrega - Aysha Bilgrami Jewelry\" \/>\n<meta property=\"og:url\" content=\"https:\/\/ayshabilgrami.com\/es\/envios-y-entrega\/\" \/>\n<meta property=\"og:site_name\" content=\"Aysha Bilgrami Jewelry\" \/>\n<meta property=\"article:modified_time\" content=\"2022-05-13T17:07:58+00:00\" \/>\n<meta property=\"og:image\" content=\"https:\/\/ayshabilgrami.com\/wp-content\/uploads\/2022\/07\/API-COLLECTION-11-AYSHA-BILGRAMI-3-copy.jpg\" \/>\n\t<meta property=\"og:image:width\" content=\"1918\" \/>\n\t<meta property=\"og:image:height\" content=\"1280\" \/>\n\t<meta property=\"og:image:type\" content=\"image\/jpeg\" \/>\n<meta name=\"twitter:card\" content=\"summary_large_image\" \/>\n<meta name=\"twitter:label1\" content=\"Tiempo de lectura\" \/>\n\t<meta name=\"twitter:data1\" content=\"2 minutos\" \/>\n<script type=\"application\/ld+json\" class=\"yoast-schema-graph\">{\"@context\":\"https:\/\/schema.org\",\"@graph\":[{\"@type\":\"WebPage\",\"@id\":\"https:\/\/ayshabilgrami.com\/es\/envios-y-entrega\/\",\"url\":\"https:\/\/ayshabilgrami.com\/es\/envios-y-entrega\/\",\"name\":\"Env\u00edos y Entrega - Aysha Bilgrami Jewelry\",\"isPartOf\":{\"@id\":\"https:\/\/ayshabilgrami.com\/#website\"},\"primaryImageOfPage\":{\"@id\":\"https:\/\/ayshabilgrami.com\/es\/envios-y-entrega\/#primaryimage\"},\"image\":{\"@id\":\"https:\/\/ayshabilgrami.com\/es\/envios-y-entrega\/#primaryimage\"},\"thumbnailUrl\":\"https:\/\/ayshabilgrami.com\/wp-content\/uploads\/2022\/07\/API-COLLECTION-11-AYSHA-BILGRAMI-3-copy.jpg\",\"datePublished\":\"2021-05-31T19:06:42+00:00\",\"dateModified\":\"2022-05-13T17:07:58+00:00\",\"breadcrumb\":{\"@id\":\"https:\/\/ayshabilgrami.com\/es\/envios-y-entrega\/#breadcrumb\"},\"inLanguage\":\"es\",\"potentialAction\":[{\"@type\":\"ReadAction\",\"target\":[\"https:\/\/ayshabilgrami.com\/es\/envios-y-entrega\/\"]}]},{\"@type\":\"ImageObject\",\"inLanguage\":\"es\",\"@id\":\"https:\/\/ayshabilgrami.com\/es\/envios-y-entrega\/#primaryimage\",\"url\":\"https:\/\/ayshabilgrami.com\/wp-content\/uploads\/2022\/07\/API-COLLECTION-11-AYSHA-BILGRAMI-3-copy.jpg\",\"contentUrl\":\"https:\/\/ayshabilgrami.com\/wp-content\/uploads\/2022\/07\/API-COLLECTION-11-AYSHA-BILGRAMI-3-copy.jpg\",\"width\":1918,\"height\":1280,\"caption\":\"Colecci\u00f3n AYSHA BILGRAMI n\u00ba 12 completa - Cada joya cuenta una historia. Fusiones culturales a trav\u00e9s de la joyer\u00eda contempor\u00e1nea realizada con plata reciclada y refinada de radiografias\"},{\"@type\":\"BreadcrumbList\",\"@id\":\"https:\/\/ayshabilgrami.com\/es\/envios-y-entrega\/#breadcrumb\",\"itemListElement\":[{\"@type\":\"ListItem\",\"position\":1,\"name\":\"Home\",\"item\":\"https:\/\/ayshabilgrami.com\/es\/\"},{\"@type\":\"ListItem\",\"position\":2,\"name\":\"Env\u00edos y Entrega\"}]},{\"@type\":\"WebSite\",\"@id\":\"https:\/\/ayshabilgrami.com\/#website\",\"url\":\"https:\/\/ayshabilgrami.com\/\",\"name\":\"Aysha Bilgrami Jewelry\",\"description\":\"Cultural Fusions Made Jewelry\",\"publisher\":{\"@id\":\"https:\/\/ayshabilgrami.com\/#organization\"},\"potentialAction\":[{\"@type\":\"SearchAction\",\"target\":{\"@type\":\"EntryPoint\",\"urlTemplate\":\"https:\/\/ayshabilgrami.com\/?s={search_term_string}\"},\"query-input\":{\"@type\":\"PropertyValueSpecification\",\"valueRequired\":true,\"valueName\":\"search_term_string\"}}],\"inLanguage\":\"es\"},{\"@type\":\"Organization\",\"@id\":\"https:\/\/ayshabilgrami.com\/#organization\",\"name\":\"AYSHA BILGRAMI SAS\",\"url\":\"https:\/\/ayshabilgrami.com\/\",\"logo\":{\"@type\":\"ImageObject\",\"inLanguage\":\"es\",\"@id\":\"https:\/\/ayshabilgrami.com\/#\/schema\/logo\/image\/\",\"url\":\"https:\/\/ayshabilgrami.com\/wp-content\/uploads\/2019\/05\/logo-aysha.png\",\"contentUrl\":\"https:\/\/ayshabilgrami.com\/wp-content\/uploads\/2019\/05\/logo-aysha.png\",\"width\":546,\"height\":199,\"caption\":\"AYSHA BILGRAMI SAS\"},\"image\":{\"@id\":\"https:\/\/ayshabilgrami.com\/#\/schema\/logo\/image\/\"}}]}<\/script>\n<!-- \/ Yoast SEO plugin. -->","yoast_head_json":{"title":"Env\u00edos y Entrega - Aysha Bilgrami Jewelry","robots":{"index":"index","follow":"follow","max-snippet":"max-snippet:-1","max-image-preview":"max-image-preview:large","max-video-preview":"max-video-preview:-1"},"canonical":"https:\/\/ayshabilgrami.com\/es\/envios-y-entrega\/","og_locale":"es_ES","og_type":"article","og_title":"Env\u00edos y Entrega - Aysha Bilgrami Jewelry","og_url":"https:\/\/ayshabilgrami.com\/es\/envios-y-entrega\/","og_site_name":"Aysha Bilgrami Jewelry","article_modified_time":"2022-05-13T17:07:58+00:00","og_image":[{"width":1918,"height":1280,"url":"https:\/\/ayshabilgrami.com\/wp-content\/uploads\/2022\/07\/API-COLLECTION-11-AYSHA-BILGRAMI-3-copy.jpg","type":"image\/jpeg"}],"twitter_card":"summary_large_image","twitter_misc":{"Tiempo de lectura":"2 minutos"},"schema":{"@context":"https:\/\/schema.org","@graph":[{"@type":"WebPage","@id":"https:\/\/ayshabilgrami.com\/es\/envios-y-entrega\/","url":"https:\/\/ayshabilgrami.com\/es\/envios-y-entrega\/","name":"Env\u00edos y Entrega - Aysha Bilgrami Jewelry","isPartOf":{"@id":"https:\/\/ayshabilgrami.com\/#website"},"primaryImageOfPage":{"@id":"https:\/\/ayshabilgrami.com\/es\/envios-y-entrega\/#primaryimage"},"image":{"@id":"https:\/\/ayshabilgrami.com\/es\/envios-y-entrega\/#primaryimage"},"thumbnailUrl":"https:\/\/ayshabilgrami.com\/wp-content\/uploads\/2022\/07\/API-COLLECTION-11-AYSHA-BILGRAMI-3-copy.jpg","datePublished":"2021-05-31T19:06:42+00:00","dateModified":"2022-05-13T17:07:58+00:00","breadcrumb":{"@id":"https:\/\/ayshabilgrami.com\/es\/envios-y-entrega\/#breadcrumb"},"inLanguage":"es","potentialAction":[{"@type":"ReadAction","target":["https:\/\/ayshabilgrami.com\/es\/envios-y-entrega\/"]}]},{"@type":"ImageObject","inLanguage":"es","@id":"https:\/\/ayshabilgrami.com\/es\/envios-y-entrega\/#primaryimage","url":"https:\/\/ayshabilgrami.com\/wp-content\/uploads\/2022\/07\/API-COLLECTION-11-AYSHA-BILGRAMI-3-copy.jpg","contentUrl":"https:\/\/ayshabilgrami.com\/wp-content\/uploads\/2022\/07\/API-COLLECTION-11-AYSHA-BILGRAMI-3-copy.jpg","width":1918,"height":1280,"caption":"Colecci\u00f3n AYSHA BILGRAMI n\u00ba 12 completa - Cada joya cuenta una historia. Fusiones culturales a trav\u00e9s de la joyer\u00eda contempor\u00e1nea realizada con plata reciclada y refinada de radiografias"},{"@type":"BreadcrumbList","@id":"https:\/\/ayshabilgrami.com\/es\/envios-y-entrega\/#breadcrumb","itemListElement":[{"@type":"ListItem","position":1,"name":"Home","item":"https:\/\/ayshabilgrami.com\/es\/"},{"@type":"ListItem","position":2,"name":"Env\u00edos y Entrega"}]},{"@type":"WebSite","@id":"https:\/\/ayshabilgrami.com\/#website","url":"https:\/\/ayshabilgrami.com\/","name":"Aysha Bilgrami Jewelry","description":"Cultural Fusions Made Jewelry","publisher":{"@id":"https:\/\/ayshabilgrami.com\/#organization"},"potentialAction":[{"@type":"SearchAction","target":{"@type":"EntryPoint","urlTemplate":"https:\/\/ayshabilgrami.com\/?s={search_term_string}"},"query-input":{"@type":"PropertyValueSpecification","valueRequired":true,"valueName":"search_term_string"}}],"inLanguage":"es"},{"@type":"Organization","@id":"https:\/\/ayshabilgrami.com\/#organization","name":"AYSHA BILGRAMI SAS","url":"https:\/\/ayshabilgrami.com\/","logo":{"@type":"ImageObject","inLanguage":"es","@id":"https:\/\/ayshabilgrami.com\/#\/schema\/logo\/image\/","url":"https:\/\/ayshabilgrami.com\/wp-content\/uploads\/2019\/05\/logo-aysha.png","contentUrl":"https:\/\/ayshabilgrami.com\/wp-content\/uploads\/2019\/05\/logo-aysha.png","width":546,"height":199,"caption":"AYSHA BILGRAMI SAS"},"image":{"@id":"https:\/\/ayshabilgrami.com\/#\/schema\/logo\/image\/"}}]}},"_links":{"self":[{"href":"https:\/\/ayshabilgrami.com\/es\/wp-json\/wp\/v2\/pages\/10253","targetHints":{"allow":["GET"]}}],"collection":[{"href":"https:\/\/ayshabilgrami.com\/es\/wp-json\/wp\/v2\/pages"}],"about":[{"href":"https:\/\/ayshabilgrami.com\/es\/wp-json\/wp\/v2\/types\/page"}],"author":[{"embeddable":true,"href":"https:\/\/ayshabilgrami.com\/es\/wp-json\/wp\/v2\/users\/69"}],"replies":[{"embeddable":true,"href":"https:\/\/ayshabilgrami.com\/es\/wp-json\/wp\/v2\/comments?post=10253"}],"version-history":[{"count":20,"href":"https:\/\/ayshabilgrami.com\/es\/wp-json\/wp\/v2\/pages\/10253\/revisions"}],"predecessor-version":[{"id":14873,"href":"https:\/\/ayshabilgrami.com\/es\/wp-json\/wp\/v2\/pages\/10253\/revisions\/14873"}],"wp:featuredmedia":[{"embeddable":true,"href":"https:\/\/ayshabilgrami.com\/es\/wp-json\/wp\/v2\/media\/17928"}],"wp:attachment":[{"href":"https:\/\/ayshabilgrami.com\/es\/wp-json\/wp\/v2\/media?parent=10253"}],"curies":[{"name":"wp","href":"https:\/\/api.w.org\/{rel}","templated":true}]}}