{"id":10256,"date":"2021-05-24T11:49:55","date_gmt":"2021-05-24T16:49:55","guid":{"rendered":"https:\/\/ayshabilgrami.com\/cuidados-y-tallas\/"},"modified":"2024-09-21T19:14:14","modified_gmt":"2024-09-22T00:14:14","slug":"restauracion-y-cuidado","status":"publish","type":"page","link":"https:\/\/ayshabilgrami.com\/es\/restauracion-y-cuidado\/","title":{"rendered":"Restauraci\u00f3n y Cuidado"},"content":{"rendered":"\t<div id=\"gap-454077010\" class=\"gap-element clearfix\" style=\"display:block; height:auto;\">\n\t\t\n<style>\n#gap-454077010 {\n  padding-top: 150px;\n}\n@media (min-width:550px) {\n  #gap-454077010 {\n    padding-top: 200px;\n  }\n}\n<\/style>\n\t<\/div>\n\t\n<div class=\"row align-center\"  id=\"row-246524861\">\n\n\t<div id=\"col-669048330\" class=\"col medium-10 small-12 large-10\"  >\n\t\t\t\t<div class=\"col-inner\"  >\n\t\t\t\n\t\t\t\n\t<div id=\"text-2061241425\" class=\"text\">\n\t\t\n<h1 class=\"uppercase\"><span style=\"color: #000000; font-size: 105%;\">RESTAURACI\u00d3N &amp; CUIDADOS<\/span><\/h1>\n\t\t\n<style>\n#text-2061241425 {\n  text-align: center;\n}\n<\/style>\n\t<\/div>\n\t\n<h1 style=\"text-align: center;\"><\/h1>\n\t<div id=\"gap-2020604755\" class=\"gap-element clearfix\" style=\"display:block; height:auto;\">\n\t\t\n<style>\n#gap-2020604755 {\n  padding-top: 30px;\n}\n<\/style>\n\t<\/div>\n\t\n<span class=\"scroll-to\" data-label=\"Scroll to: #care\" data-bullet=\"false\" data-link=\"#care\" data-title=\"care\"><a name=\"care\"><\/a><\/span>\n<p><strong>CUIDADOS<\/strong><\/p>\n<hr \/>\n<p>Debido a la naturaleza de nuestras joyas pueden producirse ligeras variaciones en el tiempo si no se cuidan adecuadamente. Para evitar el deterioro de tu joya, aplica tu maquillaje, perfume o productos de belleza antes de pon\u00e9rtela. No la utilices para ir a la playa, nadar o hacer ejercicio. Gu\u00e1rdala en su bolsa de tela para protegerla cuando no la est\u00e9s usando. Para las piezas realizadas en materiales diferentes a plata, por favor revisar sus cuidados en la descripci\u00f3n del producto.<\/p>\n<p>Las joyas de plata pueden rayarse y perder su brillo con el paso del tiempo y pueden pulirse con un pa\u00f1o de joyer\u00eda. Tambi\u00e9n puede consultar nuestro Instagram para conocer los m\u00e9todos caseros de limpieza. Por favor, no intentes pulir las joyas con ba\u00f1o en oro, ya que eliminar\u00e1 el ba\u00f1o. Si tus piezas en oro de 18k necesitan ser limpiadas, utiliza un jab\u00f3n suave, agua tibia y un cepillo de dientes suave.<\/p>\n<p>Ten en cuenta que algunas piedras son m\u00e1s delicadas que otras. Los \u00f3palos, las esmeraldas, las turquesas y las perlas necesitan un poco de atenci\u00f3n adicional para mantenerlas en su mejor estado. Una buena limpieza de sus piedras con un pa\u00f1o suave despu\u00e9s de usarlas tambi\u00e9n puede ayudar a evitar la acumulaci\u00f3n de aceites u otras sustancias. Evita que las joyas con piedras se caigan o se guarden mal, ya que pueden rayarse o romperse.<\/p>\n<p>Puedes enviarnos en cualquier momento tus joyas para tu limpieza o restauraci\u00f3n, los gastos de env\u00edo no est\u00e1n incluidos.<\/p>\n\t<div id=\"gap-847871940\" class=\"gap-element clearfix\" style=\"display:block; height:auto;\">\n\t\t\n<style>\n#gap-847871940 {\n  padding-top: 60px;\n}\n<\/style>\n\t<\/div>\n\t\n<span class=\"scroll-to\" data-label=\"Scroll to: #shipping\" data-bullet=\"false\" data-link=\"#shipping\" data-title=\"shipping\"><a name=\"shipping\"><\/a><\/span>\n<p><strong>TALLAS<\/strong><\/p>\n<hr \/>\n<p>GUIA DE TALLAS PARA ANILLOS<\/p>\n<p>1. Elige un anillo te quede en el anillo en el dedo en el que deseas usarlo.<br \/>\n2. Alinea un metro en el centro del anillo. Debes poder ver correctamente las gu\u00edas de<br \/>\nmedidas.<br \/>\n3. De acuerdo con el resultado, selecciona la talla que corresponda a nuestra tabla de<br \/>\nmedida de anillos<\/p>\n\t<div class=\"img has-hover x md-x lg-x y md-y lg-y\" id=\"image_1804971853\">\n\t\t\t\t\t\t\t\t<div class=\"img-inner dark\" >\n\t\t\t<img loading=\"lazy\" decoding=\"async\" width=\"1305\" height=\"1312\" src=\"https:\/\/ayshabilgrami.com\/wp-content\/uploads\/2021\/05\/SIZING-final-aysha-bilgrami.jpg\" class=\"attachment-original size-original\" alt=\"aysha bilgrami jewelry ring size chart\" srcset=\"https:\/\/ayshabilgrami.com\/wp-content\/uploads\/2021\/05\/SIZING-final-aysha-bilgrami.jpg 1305w, https:\/\/ayshabilgrami.com\/wp-content\/uploads\/2021\/05\/SIZING-final-aysha-bilgrami-100x100.jpg 100w, https:\/\/ayshabilgrami.com\/wp-content\/uploads\/2021\/05\/SIZING-final-aysha-bilgrami-1200x1206.jpg 1200w\" sizes=\"auto, (max-width: 1305px) 100vw, 1305px\" \/>\t\t\t\t\t\t\n\t\t\t\t\t<\/div>\n\t\t\t\t\t\t\t\t\n<style>\n#image_1804971853 {\n  width: 100%;\n}\n@media (min-width:550px) {\n  #image_1804971853 {\n    width: 82%;\n  }\n}\n<\/style>\n\t<\/div>\n\t\n\t<div id=\"gap-2091088998\" class=\"gap-element clearfix\" style=\"display:block; height:auto;\">\n\t\t\n<style>\n#gap-2091088998 {\n  padding-top: 30px;\n}\n<\/style>\n\t<\/div>\n\t\n\t\t<\/div>\n\t\t\t\t\t<\/div>\n\n\t\n<\/div>\n\t<div id=\"gap-2032139622\" class=\"gap-element clearfix\" style=\"display:block; height:auto;\">\n\t\t\n<style>\n#gap-2032139622 {\n  padding-top: 100px;\n}\n<\/style>\n\t<\/div>\n\t\n","protected":false},"excerpt":{"rendered":"","protected":false},"author":69,"featured_media":17928,"parent":0,"menu_order":0,"comment_status":"closed","ping_status":"closed","template":"page-transparent-header.php","meta":{"footnotes":""},"class_list":["post-10256","page","type-page","status-publish","has-post-thumbnail","hentry"],"yoast_head":"<!-- This site is optimized with the Yoast SEO plugin v26.6 - https:\/\/yoast.com\/wordpress\/plugins\/seo\/ -->\n<title>Restauraci\u00f3n y Cuidado - Aysha Bilgrami Jewelry<\/title>\n<meta name=\"description\" content=\"SIZING AND CARE - Aprenda a medir su talla de anillo y a cuidar sus joyas de plata. Las joyas de Aysha Bilgrami est\u00e1n hechas en Colombia.\" \/>\n<meta name=\"robots\" content=\"index, follow, max-snippet:-1, max-image-preview:large, max-video-preview:-1\" \/>\n<link rel=\"canonical\" href=\"https:\/\/ayshabilgrami.com\/es\/restauracion-y-cuidado\/\" \/>\n<meta property=\"og:locale\" content=\"es_ES\" \/>\n<meta property=\"og:type\" content=\"article\" \/>\n<meta property=\"og:title\" content=\"Restauraci\u00f3n y Cuidado - Aysha Bilgrami Jewelry\" \/>\n<meta property=\"og:description\" content=\"SIZING AND CARE - Aprenda a medir su talla de anillo y a cuidar sus joyas de plata. Las joyas de Aysha Bilgrami est\u00e1n hechas en Colombia.\" \/>\n<meta property=\"og:url\" content=\"https:\/\/ayshabilgrami.com\/es\/restauracion-y-cuidado\/\" \/>\n<meta property=\"og:site_name\" content=\"Aysha Bilgrami Jewelry\" \/>\n<meta property=\"article:modified_time\" content=\"2024-09-22T00:14:14+00:00\" \/>\n<meta property=\"og:image\" content=\"https:\/\/ayshabilgrami.com\/wp-content\/uploads\/2022\/07\/API-COLLECTION-11-AYSHA-BILGRAMI-3-copy.jpg\" \/>\n\t<meta property=\"og:image:width\" content=\"1918\" \/>\n\t<meta property=\"og:image:height\" content=\"1280\" \/>\n\t<meta property=\"og:image:type\" content=\"image\/jpeg\" \/>\n<meta name=\"twitter:card\" content=\"summary_large_image\" \/>\n<meta name=\"twitter:label1\" content=\"Tiempo de lectura\" \/>\n\t<meta name=\"twitter:data1\" content=\"2 minutos\" \/>\n<script type=\"application\/ld+json\" class=\"yoast-schema-graph\">{\"@context\":\"https:\/\/schema.org\",\"@graph\":[{\"@type\":\"WebPage\",\"@id\":\"https:\/\/ayshabilgrami.com\/es\/restauracion-y-cuidado\/\",\"url\":\"https:\/\/ayshabilgrami.com\/es\/restauracion-y-cuidado\/\",\"name\":\"Restauraci\u00f3n y Cuidado - Aysha Bilgrami Jewelry\",\"isPartOf\":{\"@id\":\"https:\/\/ayshabilgrami.com\/#website\"},\"primaryImageOfPage\":{\"@id\":\"https:\/\/ayshabilgrami.com\/es\/restauracion-y-cuidado\/#primaryimage\"},\"image\":{\"@id\":\"https:\/\/ayshabilgrami.com\/es\/restauracion-y-cuidado\/#primaryimage\"},\"thumbnailUrl\":\"https:\/\/ayshabilgrami.com\/wp-content\/uploads\/2022\/07\/API-COLLECTION-11-AYSHA-BILGRAMI-3-copy.jpg\",\"datePublished\":\"2021-05-24T16:49:55+00:00\",\"dateModified\":\"2024-09-22T00:14:14+00:00\",\"description\":\"SIZING AND CARE - Aprenda a medir su talla de anillo y a cuidar sus joyas de plata. Las joyas de Aysha Bilgrami est\u00e1n hechas en Colombia.\",\"breadcrumb\":{\"@id\":\"https:\/\/ayshabilgrami.com\/es\/restauracion-y-cuidado\/#breadcrumb\"},\"inLanguage\":\"es\",\"potentialAction\":[{\"@type\":\"ReadAction\",\"target\":[\"https:\/\/ayshabilgrami.com\/es\/restauracion-y-cuidado\/\"]}]},{\"@type\":\"ImageObject\",\"inLanguage\":\"es\",\"@id\":\"https:\/\/ayshabilgrami.com\/es\/restauracion-y-cuidado\/#primaryimage\",\"url\":\"https:\/\/ayshabilgrami.com\/wp-content\/uploads\/2022\/07\/API-COLLECTION-11-AYSHA-BILGRAMI-3-copy.jpg\",\"contentUrl\":\"https:\/\/ayshabilgrami.com\/wp-content\/uploads\/2022\/07\/API-COLLECTION-11-AYSHA-BILGRAMI-3-copy.jpg\",\"width\":1918,\"height\":1280,\"caption\":\"Colecci\u00f3n AYSHA BILGRAMI n\u00ba 12 completa - Cada joya cuenta una historia. Fusiones culturales a trav\u00e9s de la joyer\u00eda contempor\u00e1nea realizada con plata reciclada y refinada de radiografias\"},{\"@type\":\"BreadcrumbList\",\"@id\":\"https:\/\/ayshabilgrami.com\/es\/restauracion-y-cuidado\/#breadcrumb\",\"itemListElement\":[{\"@type\":\"ListItem\",\"position\":1,\"name\":\"Home\",\"item\":\"https:\/\/ayshabilgrami.com\/es\/\"},{\"@type\":\"ListItem\",\"position\":2,\"name\":\"Restauraci\u00f3n y Cuidado\"}]},{\"@type\":\"WebSite\",\"@id\":\"https:\/\/ayshabilgrami.com\/#website\",\"url\":\"https:\/\/ayshabilgrami.com\/\",\"name\":\"Aysha Bilgrami Jewelry\",\"description\":\"Cultural Fusions Made Jewelry\",\"publisher\":{\"@id\":\"https:\/\/ayshabilgrami.com\/#organization\"},\"potentialAction\":[{\"@type\":\"SearchAction\",\"target\":{\"@type\":\"EntryPoint\",\"urlTemplate\":\"https:\/\/ayshabilgrami.com\/?s={search_term_string}\"},\"query-input\":{\"@type\":\"PropertyValueSpecification\",\"valueRequired\":true,\"valueName\":\"search_term_string\"}}],\"inLanguage\":\"es\"},{\"@type\":\"Organization\",\"@id\":\"https:\/\/ayshabilgrami.com\/#organization\",\"name\":\"AYSHA BILGRAMI SAS\",\"url\":\"https:\/\/ayshabilgrami.com\/\",\"logo\":{\"@type\":\"ImageObject\",\"inLanguage\":\"es\",\"@id\":\"https:\/\/ayshabilgrami.com\/#\/schema\/logo\/image\/\",\"url\":\"https:\/\/ayshabilgrami.com\/wp-content\/uploads\/2019\/05\/logo-aysha.png\",\"contentUrl\":\"https:\/\/ayshabilgrami.com\/wp-content\/uploads\/2019\/05\/logo-aysha.png\",\"width\":546,\"height\":199,\"caption\":\"AYSHA BILGRAMI SAS\"},\"image\":{\"@id\":\"https:\/\/ayshabilgrami.com\/#\/schema\/logo\/image\/\"}}]}<\/script>\n<!-- \/ Yoast SEO plugin. -->","yoast_head_json":{"title":"Restauraci\u00f3n y Cuidado - Aysha Bilgrami Jewelry","description":"SIZING AND CARE - Aprenda a medir su talla de anillo y a cuidar sus joyas de plata. Las joyas de Aysha Bilgrami est\u00e1n hechas en Colombia.","robots":{"index":"index","follow":"follow","max-snippet":"max-snippet:-1","max-image-preview":"max-image-preview:large","max-video-preview":"max-video-preview:-1"},"canonical":"https:\/\/ayshabilgrami.com\/es\/restauracion-y-cuidado\/","og_locale":"es_ES","og_type":"article","og_title":"Restauraci\u00f3n y Cuidado - Aysha Bilgrami Jewelry","og_description":"SIZING AND CARE - Aprenda a medir su talla de anillo y a cuidar sus joyas de plata. Las joyas de Aysha Bilgrami est\u00e1n hechas en Colombia.","og_url":"https:\/\/ayshabilgrami.com\/es\/restauracion-y-cuidado\/","og_site_name":"Aysha Bilgrami Jewelry","article_modified_time":"2024-09-22T00:14:14+00:00","og_image":[{"width":1918,"height":1280,"url":"https:\/\/ayshabilgrami.com\/wp-content\/uploads\/2022\/07\/API-COLLECTION-11-AYSHA-BILGRAMI-3-copy.jpg","type":"image\/jpeg"}],"twitter_card":"summary_large_image","twitter_misc":{"Tiempo de lectura":"2 minutos"},"schema":{"@context":"https:\/\/schema.org","@graph":[{"@type":"WebPage","@id":"https:\/\/ayshabilgrami.com\/es\/restauracion-y-cuidado\/","url":"https:\/\/ayshabilgrami.com\/es\/restauracion-y-cuidado\/","name":"Restauraci\u00f3n y Cuidado - Aysha Bilgrami Jewelry","isPartOf":{"@id":"https:\/\/ayshabilgrami.com\/#website"},"primaryImageOfPage":{"@id":"https:\/\/ayshabilgrami.com\/es\/restauracion-y-cuidado\/#primaryimage"},"image":{"@id":"https:\/\/ayshabilgrami.com\/es\/restauracion-y-cuidado\/#primaryimage"},"thumbnailUrl":"https:\/\/ayshabilgrami.com\/wp-content\/uploads\/2022\/07\/API-COLLECTION-11-AYSHA-BILGRAMI-3-copy.jpg","datePublished":"2021-05-24T16:49:55+00:00","dateModified":"2024-09-22T00:14:14+00:00","description":"SIZING AND CARE - Aprenda a medir su talla de anillo y a cuidar sus joyas de plata. Las joyas de Aysha Bilgrami est\u00e1n hechas en Colombia.","breadcrumb":{"@id":"https:\/\/ayshabilgrami.com\/es\/restauracion-y-cuidado\/#breadcrumb"},"inLanguage":"es","potentialAction":[{"@type":"ReadAction","target":["https:\/\/ayshabilgrami.com\/es\/restauracion-y-cuidado\/"]}]},{"@type":"ImageObject","inLanguage":"es","@id":"https:\/\/ayshabilgrami.com\/es\/restauracion-y-cuidado\/#primaryimage","url":"https:\/\/ayshabilgrami.com\/wp-content\/uploads\/2022\/07\/API-COLLECTION-11-AYSHA-BILGRAMI-3-copy.jpg","contentUrl":"https:\/\/ayshabilgrami.com\/wp-content\/uploads\/2022\/07\/API-COLLECTION-11-AYSHA-BILGRAMI-3-copy.jpg","width":1918,"height":1280,"caption":"Colecci\u00f3n AYSHA BILGRAMI n\u00ba 12 completa - Cada joya cuenta una historia. Fusiones culturales a trav\u00e9s de la joyer\u00eda contempor\u00e1nea realizada con plata reciclada y refinada de radiografias"},{"@type":"BreadcrumbList","@id":"https:\/\/ayshabilgrami.com\/es\/restauracion-y-cuidado\/#breadcrumb","itemListElement":[{"@type":"ListItem","position":1,"name":"Home","item":"https:\/\/ayshabilgrami.com\/es\/"},{"@type":"ListItem","position":2,"name":"Restauraci\u00f3n y Cuidado"}]},{"@type":"WebSite","@id":"https:\/\/ayshabilgrami.com\/#website","url":"https:\/\/ayshabilgrami.com\/","name":"Aysha Bilgrami Jewelry","description":"Cultural Fusions Made Jewelry","publisher":{"@id":"https:\/\/ayshabilgrami.com\/#organization"},"potentialAction":[{"@type":"SearchAction","target":{"@type":"EntryPoint","urlTemplate":"https:\/\/ayshabilgrami.com\/?s={search_term_string}"},"query-input":{"@type":"PropertyValueSpecification","valueRequired":true,"valueName":"search_term_string"}}],"inLanguage":"es"},{"@type":"Organization","@id":"https:\/\/ayshabilgrami.com\/#organization","name":"AYSHA BILGRAMI SAS","url":"https:\/\/ayshabilgrami.com\/","logo":{"@type":"ImageObject","inLanguage":"es","@id":"https:\/\/ayshabilgrami.com\/#\/schema\/logo\/image\/","url":"https:\/\/ayshabilgrami.com\/wp-content\/uploads\/2019\/05\/logo-aysha.png","contentUrl":"https:\/\/ayshabilgrami.com\/wp-content\/uploads\/2019\/05\/logo-aysha.png","width":546,"height":199,"caption":"AYSHA BILGRAMI SAS"},"image":{"@id":"https:\/\/ayshabilgrami.com\/#\/schema\/logo\/image\/"}}]}},"_links":{"self":[{"href":"https:\/\/ayshabilgrami.com\/es\/wp-json\/wp\/v2\/pages\/10256","targetHints":{"allow":["GET"]}}],"collection":[{"href":"https:\/\/ayshabilgrami.com\/es\/wp-json\/wp\/v2\/pages"}],"about":[{"href":"https:\/\/ayshabilgrami.com\/es\/wp-json\/wp\/v2\/types\/page"}],"author":[{"embeddable":true,"href":"https:\/\/ayshabilgrami.com\/es\/wp-json\/wp\/v2\/users\/69"}],"replies":[{"embeddable":true,"href":"https:\/\/ayshabilgrami.com\/es\/wp-json\/wp\/v2\/comments?post=10256"}],"version-history":[{"count":26,"href":"https:\/\/ayshabilgrami.com\/es\/wp-json\/wp\/v2\/pages\/10256\/revisions"}],"predecessor-version":[{"id":28349,"href":"https:\/\/ayshabilgrami.com\/es\/wp-json\/wp\/v2\/pages\/10256\/revisions\/28349"}],"wp:featuredmedia":[{"embeddable":true,"href":"https:\/\/ayshabilgrami.com\/es\/wp-json\/wp\/v2\/media\/17928"}],"wp:attachment":[{"href":"https:\/\/ayshabilgrami.com\/es\/wp-json\/wp\/v2\/media?parent=10256"}],"curies":[{"name":"wp","href":"https:\/\/api.w.org\/{rel}","templated":true}]}}