{"id":13916,"date":"2022-05-07T00:24:10","date_gmt":"2022-05-07T05:24:10","guid":{"rendered":"https:\/\/ayshabilgrami.com\/todo\/"},"modified":"2025-07-18T17:00:18","modified_gmt":"2025-07-18T22:00:18","slug":"todo","status":"publish","type":"page","link":"https:\/\/ayshabilgrami.com\/es\/todo\/","title":{"rendered":"VER TODO"},"content":{"rendered":"\t<div id=\"gap-914282378\" class=\"gap-element clearfix\" style=\"display:block; height:auto;\">\n\t\t\n<style>\n#gap-914282378 {\n  padding-top: 30px;\n}\n<\/style>\n\t<\/div>\n\t\n  <div id=\"page-header-1712594591\" class=\"page-header-wrapper\">\n  <div class=\"page-title light simple-title\">\n\n    \n    <div class=\"page-title-inner container align-center text-center flex-row-col medium-flex-wrap\" >\n              <div class=\"title-wrapper flex-col\">\n          <h1 class=\"entry-title mb-0\">\n            VER TODO          <\/h1>\n        <\/div>\n                    <div class=\"title-content flex-col\">\n        <ul class=\"nav sm-touch-scroll nav-line nav-uppercase text-center nav-center\"><li class=\"nav-single-page hidden\"><\/li><\/ul>      <\/div>\n    <\/div>\n\n       <\/div>\n    <\/div>\n  \n\t<div id=\"gap-863488361\" class=\"gap-element clearfix\" style=\"display:block; height:auto;\">\n\t\t\n<style>\n#gap-863488361 {\n  padding-top: 30px;\n}\n<\/style>\n\t<\/div>\n\t\n\t\n  \n    <div id=\"product-grid-681538599\" class=\"row products large-columns-4 medium-columns-3 small-columns-2 row-xsmall row-full-width row-masonry\" data-packery-options='{\"itemSelector\": \".col\", \"gutter\": 0, \"presentageWidth\" : true}'>\n\n  <\/div>\n","protected":false},"excerpt":{"rendered":"","protected":false},"author":69,"featured_media":17928,"parent":0,"menu_order":0,"comment_status":"closed","ping_status":"closed","template":"page-blank.php","meta":{"footnotes":""},"class_list":["post-13916","page","type-page","status-publish","has-post-thumbnail","hentry"],"yoast_head":"<!-- This site is optimized with the Yoast SEO plugin v26.6 - https:\/\/yoast.com\/wordpress\/plugins\/seo\/ -->\n<title>VER TODO - Aysha Bilgrami Jewelry<\/title>\n<meta name=\"description\" content=\"SHOP ALL Aysha Bilgrami Jewelry, it is made in Bogot\u00e1 Colombia with recycled silver from x-rays. Every jewel tells a story of cultural fusions\" \/>\n<meta name=\"robots\" content=\"index, follow, max-snippet:-1, max-image-preview:large, max-video-preview:-1\" \/>\n<link rel=\"canonical\" href=\"https:\/\/ayshabilgrami.com\/shop-all\/\" \/>\n<meta property=\"og:locale\" content=\"es_ES\" \/>\n<meta property=\"og:type\" content=\"article\" \/>\n<meta property=\"og:title\" content=\"VER TODO - Aysha Bilgrami Jewelry\" \/>\n<meta property=\"og:description\" content=\"SHOP ALL Aysha Bilgrami Jewelry, it is made in Bogot\u00e1 Colombia with recycled silver from x-rays. Every jewel tells a story of cultural fusions\" \/>\n<meta property=\"og:url\" content=\"https:\/\/ayshabilgrami.com\/shop-all\/\" \/>\n<meta property=\"og:site_name\" content=\"Aysha Bilgrami Jewelry\" \/>\n<meta property=\"article:modified_time\" content=\"2025-07-18T22:00:18+00:00\" \/>\n<meta property=\"og:image\" content=\"https:\/\/ayshabilgrami.com\/wp-content\/uploads\/2022\/07\/API-COLLECTION-11-AYSHA-BILGRAMI-3-copy.jpg\" \/>\n\t<meta property=\"og:image:width\" content=\"1918\" \/>\n\t<meta property=\"og:image:height\" content=\"1280\" \/>\n\t<meta property=\"og:image:type\" content=\"image\/jpeg\" \/>\n<meta name=\"twitter:card\" content=\"summary_large_image\" \/>\n<script type=\"application\/ld+json\" class=\"yoast-schema-graph\">{\"@context\":\"https:\/\/schema.org\",\"@graph\":[{\"@type\":\"WebPage\",\"@id\":\"https:\/\/ayshabilgrami.com\/shop-all\/\",\"url\":\"https:\/\/ayshabilgrami.com\/shop-all\/\",\"name\":\"VER TODO - Aysha Bilgrami Jewelry\",\"isPartOf\":{\"@id\":\"https:\/\/ayshabilgrami.com\/#website\"},\"primaryImageOfPage\":{\"@id\":\"https:\/\/ayshabilgrami.com\/shop-all\/#primaryimage\"},\"image\":{\"@id\":\"https:\/\/ayshabilgrami.com\/shop-all\/#primaryimage\"},\"thumbnailUrl\":\"https:\/\/ayshabilgrami.com\/wp-content\/uploads\/2022\/07\/API-COLLECTION-11-AYSHA-BILGRAMI-3-copy.jpg\",\"datePublished\":\"2022-05-07T05:24:10+00:00\",\"dateModified\":\"2025-07-18T22:00:18+00:00\",\"description\":\"SHOP ALL Aysha Bilgrami Jewelry, it is made in Bogot\u00e1 Colombia with recycled silver from x-rays. Every jewel tells a story of cultural fusions\",\"breadcrumb\":{\"@id\":\"https:\/\/ayshabilgrami.com\/shop-all\/#breadcrumb\"},\"inLanguage\":\"es\",\"potentialAction\":[{\"@type\":\"ReadAction\",\"target\":[\"https:\/\/ayshabilgrami.com\/shop-all\/\"]}]},{\"@type\":\"ImageObject\",\"inLanguage\":\"es\",\"@id\":\"https:\/\/ayshabilgrami.com\/shop-all\/#primaryimage\",\"url\":\"https:\/\/ayshabilgrami.com\/wp-content\/uploads\/2022\/07\/API-COLLECTION-11-AYSHA-BILGRAMI-3-copy.jpg\",\"contentUrl\":\"https:\/\/ayshabilgrami.com\/wp-content\/uploads\/2022\/07\/API-COLLECTION-11-AYSHA-BILGRAMI-3-copy.jpg\",\"width\":1918,\"height\":1280,\"caption\":\"Colecci\u00f3n AYSHA BILGRAMI n\u00ba 12 completa - Cada joya cuenta una historia. Fusiones culturales a trav\u00e9s de la joyer\u00eda contempor\u00e1nea realizada con plata reciclada y refinada de radiografias\"},{\"@type\":\"BreadcrumbList\",\"@id\":\"https:\/\/ayshabilgrami.com\/shop-all\/#breadcrumb\",\"itemListElement\":[{\"@type\":\"ListItem\",\"position\":1,\"name\":\"Home\",\"item\":\"https:\/\/ayshabilgrami.com\/\"},{\"@type\":\"ListItem\",\"position\":2,\"name\":\"VER TODO\"}]},{\"@type\":\"WebSite\",\"@id\":\"https:\/\/ayshabilgrami.com\/#website\",\"url\":\"https:\/\/ayshabilgrami.com\/\",\"name\":\"Aysha Bilgrami Jewelry\",\"description\":\"Cultural Fusions Made Jewelry\",\"publisher\":{\"@id\":\"https:\/\/ayshabilgrami.com\/#organization\"},\"potentialAction\":[{\"@type\":\"SearchAction\",\"target\":{\"@type\":\"EntryPoint\",\"urlTemplate\":\"https:\/\/ayshabilgrami.com\/?s={search_term_string}\"},\"query-input\":{\"@type\":\"PropertyValueSpecification\",\"valueRequired\":true,\"valueName\":\"search_term_string\"}}],\"inLanguage\":\"es\"},{\"@type\":\"Organization\",\"@id\":\"https:\/\/ayshabilgrami.com\/#organization\",\"name\":\"AYSHA BILGRAMI SAS\",\"url\":\"https:\/\/ayshabilgrami.com\/\",\"logo\":{\"@type\":\"ImageObject\",\"inLanguage\":\"es\",\"@id\":\"https:\/\/ayshabilgrami.com\/#\/schema\/logo\/image\/\",\"url\":\"https:\/\/ayshabilgrami.com\/wp-content\/uploads\/2019\/05\/logo-aysha.png\",\"contentUrl\":\"https:\/\/ayshabilgrami.com\/wp-content\/uploads\/2019\/05\/logo-aysha.png\",\"width\":546,\"height\":199,\"caption\":\"AYSHA BILGRAMI SAS\"},\"image\":{\"@id\":\"https:\/\/ayshabilgrami.com\/#\/schema\/logo\/image\/\"}}]}<\/script>\n<!-- \/ Yoast SEO plugin. -->","yoast_head_json":{"title":"VER TODO - Aysha Bilgrami Jewelry","description":"SHOP ALL Aysha Bilgrami Jewelry, it is made in Bogot\u00e1 Colombia with recycled silver from x-rays. Every jewel tells a story of cultural fusions","robots":{"index":"index","follow":"follow","max-snippet":"max-snippet:-1","max-image-preview":"max-image-preview:large","max-video-preview":"max-video-preview:-1"},"canonical":"https:\/\/ayshabilgrami.com\/shop-all\/","og_locale":"es_ES","og_type":"article","og_title":"VER TODO - Aysha Bilgrami Jewelry","og_description":"SHOP ALL Aysha Bilgrami Jewelry, it is made in Bogot\u00e1 Colombia with recycled silver from x-rays. Every jewel tells a story of cultural fusions","og_url":"https:\/\/ayshabilgrami.com\/shop-all\/","og_site_name":"Aysha Bilgrami Jewelry","article_modified_time":"2025-07-18T22:00:18+00:00","og_image":[{"width":1918,"height":1280,"url":"https:\/\/ayshabilgrami.com\/wp-content\/uploads\/2022\/07\/API-COLLECTION-11-AYSHA-BILGRAMI-3-copy.jpg","type":"image\/jpeg"}],"twitter_card":"summary_large_image","schema":{"@context":"https:\/\/schema.org","@graph":[{"@type":"WebPage","@id":"https:\/\/ayshabilgrami.com\/shop-all\/","url":"https:\/\/ayshabilgrami.com\/shop-all\/","name":"VER TODO - Aysha Bilgrami Jewelry","isPartOf":{"@id":"https:\/\/ayshabilgrami.com\/#website"},"primaryImageOfPage":{"@id":"https:\/\/ayshabilgrami.com\/shop-all\/#primaryimage"},"image":{"@id":"https:\/\/ayshabilgrami.com\/shop-all\/#primaryimage"},"thumbnailUrl":"https:\/\/ayshabilgrami.com\/wp-content\/uploads\/2022\/07\/API-COLLECTION-11-AYSHA-BILGRAMI-3-copy.jpg","datePublished":"2022-05-07T05:24:10+00:00","dateModified":"2025-07-18T22:00:18+00:00","description":"SHOP ALL Aysha Bilgrami Jewelry, it is made in Bogot\u00e1 Colombia with recycled silver from x-rays. Every jewel tells a story of cultural fusions","breadcrumb":{"@id":"https:\/\/ayshabilgrami.com\/shop-all\/#breadcrumb"},"inLanguage":"es","potentialAction":[{"@type":"ReadAction","target":["https:\/\/ayshabilgrami.com\/shop-all\/"]}]},{"@type":"ImageObject","inLanguage":"es","@id":"https:\/\/ayshabilgrami.com\/shop-all\/#primaryimage","url":"https:\/\/ayshabilgrami.com\/wp-content\/uploads\/2022\/07\/API-COLLECTION-11-AYSHA-BILGRAMI-3-copy.jpg","contentUrl":"https:\/\/ayshabilgrami.com\/wp-content\/uploads\/2022\/07\/API-COLLECTION-11-AYSHA-BILGRAMI-3-copy.jpg","width":1918,"height":1280,"caption":"Colecci\u00f3n AYSHA BILGRAMI n\u00ba 12 completa - Cada joya cuenta una historia. Fusiones culturales a trav\u00e9s de la joyer\u00eda contempor\u00e1nea realizada con plata reciclada y refinada de radiografias"},{"@type":"BreadcrumbList","@id":"https:\/\/ayshabilgrami.com\/shop-all\/#breadcrumb","itemListElement":[{"@type":"ListItem","position":1,"name":"Home","item":"https:\/\/ayshabilgrami.com\/"},{"@type":"ListItem","position":2,"name":"VER TODO"}]},{"@type":"WebSite","@id":"https:\/\/ayshabilgrami.com\/#website","url":"https:\/\/ayshabilgrami.com\/","name":"Aysha Bilgrami Jewelry","description":"Cultural Fusions Made Jewelry","publisher":{"@id":"https:\/\/ayshabilgrami.com\/#organization"},"potentialAction":[{"@type":"SearchAction","target":{"@type":"EntryPoint","urlTemplate":"https:\/\/ayshabilgrami.com\/?s={search_term_string}"},"query-input":{"@type":"PropertyValueSpecification","valueRequired":true,"valueName":"search_term_string"}}],"inLanguage":"es"},{"@type":"Organization","@id":"https:\/\/ayshabilgrami.com\/#organization","name":"AYSHA BILGRAMI SAS","url":"https:\/\/ayshabilgrami.com\/","logo":{"@type":"ImageObject","inLanguage":"es","@id":"https:\/\/ayshabilgrami.com\/#\/schema\/logo\/image\/","url":"https:\/\/ayshabilgrami.com\/wp-content\/uploads\/2019\/05\/logo-aysha.png","contentUrl":"https:\/\/ayshabilgrami.com\/wp-content\/uploads\/2019\/05\/logo-aysha.png","width":546,"height":199,"caption":"AYSHA BILGRAMI SAS"},"image":{"@id":"https:\/\/ayshabilgrami.com\/#\/schema\/logo\/image\/"}}]}},"_links":{"self":[{"href":"https:\/\/ayshabilgrami.com\/es\/wp-json\/wp\/v2\/pages\/13916","targetHints":{"allow":["GET"]}}],"collection":[{"href":"https:\/\/ayshabilgrami.com\/es\/wp-json\/wp\/v2\/pages"}],"about":[{"href":"https:\/\/ayshabilgrami.com\/es\/wp-json\/wp\/v2\/types\/page"}],"author":[{"embeddable":true,"href":"https:\/\/ayshabilgrami.com\/es\/wp-json\/wp\/v2\/users\/69"}],"replies":[{"embeddable":true,"href":"https:\/\/ayshabilgrami.com\/es\/wp-json\/wp\/v2\/comments?post=13916"}],"version-history":[{"count":5,"href":"https:\/\/ayshabilgrami.com\/es\/wp-json\/wp\/v2\/pages\/13916\/revisions"}],"predecessor-version":[{"id":32870,"href":"https:\/\/ayshabilgrami.com\/es\/wp-json\/wp\/v2\/pages\/13916\/revisions\/32870"}],"wp:featuredmedia":[{"embeddable":true,"href":"https:\/\/ayshabilgrami.com\/es\/wp-json\/wp\/v2\/media\/17928"}],"wp:attachment":[{"href":"https:\/\/ayshabilgrami.com\/es\/wp-json\/wp\/v2\/media?parent=13916"}],"curies":[{"name":"wp","href":"https:\/\/api.w.org\/{rel}","templated":true}]}}