{"id":14013,"date":"2022-05-12T02:46:36","date_gmt":"2022-05-12T07:46:36","guid":{"rendered":"https:\/\/ayshabilgrami.com\/selenophilia-capsule\/"},"modified":"2022-05-13T12:15:34","modified_gmt":"2022-05-13T17:15:34","slug":"selenophilia-capsule","status":"publish","type":"page","link":"https:\/\/ayshabilgrami.com\/es\/selenophilia-capsule\/","title":{"rendered":"Selenophilia Capsule"},"content":{"rendered":"\t<div id=\"gap-978581944\" class=\"gap-element clearfix hide-for-medium\" style=\"display:block; height:auto;\">\n\t\t\n<style>\n#gap-978581944 {\n  padding-top: 100px;\n}\n<\/style>\n\t<\/div>\n\t\n\n\t<section class=\"section\" id=\"section_1695367968\">\n\t\t<div class=\"section-bg fill\" >\n\t\t\t\t\t\t\t\t\t\n\t\t\t\n\n\t\t<\/div>\n\n\t\t\n\n\t\t<div class=\"section-content relative\">\n\t\t\t\n\n  <div class=\"banner has-hover has-video is-full-height\" id=\"banner-1219060935\">\n          <div class=\"banner-inner fill\">\n        <div class=\"banner-bg fill\" >\n                        \t<div class=\"video-overlay no-click fill visible\"><\/div>\n\t<video class=\"video-bg fill visible\" preload playsinline autoplay muted loop>\n\t\t<source src=\"https:\/\/ayshabilgrami.com\/wp-content\/uploads\/2022\/05\/SELENOPHILIA-CAPSULE-COLLECTION.mp4\" type=\"video\/mp4\">\t<\/video>\n            <div class=\"overlay\"><\/div>            \n                    <\/div>\n\t\t\n        <div class=\"banner-layers container\">\n            <div class=\"fill banner-link\"><\/div>            \n   <div id=\"text-box-1300998128\" class=\"text-box banner-layer hide-for-medium x5 md-x5 lg-x5 y95 md-y95 lg-y95 res-text\">\n                                <div class=\"text-box-content text dark\">\n              \n              <div class=\"text-inner text-center\">\n                  \n\t<div id=\"text-3845156838\" class=\"text\">\n\t\t\n<h1 class=\"uppercase\" style=\"text-align: left;\">Selenophilia<\/h1>\n\t\t\n<style>\n#text-3845156838 {\n  text-align: left;\n  color: rgb(255, 255, 255);\n}\n#text-3845156838 > * {\n  color: rgb(255, 255, 255);\n}\n<\/style>\n\t<\/div>\n\t\n\t<div id=\"text-3004921725\" class=\"text\">\n\t\t\n<p style=\"text-align: left;\">Colecci\u00f3n Capsula<\/p>\n\t\t\n<style>\n#text-3004921725 {\n  color: rgb(255, 255, 255);\n}\n#text-3004921725 > * {\n  color: rgb(255, 255, 255);\n}\n<\/style>\n\t<\/div>\n\t\n              <\/div>\n           <\/div>\n                            \n<style>\n#text-box-1300998128 {\n  width: 60%;\n}\n#text-box-1300998128 .text-box-content {\n  font-size: 100%;\n}\n@media (min-width:550px) {\n  #text-box-1300998128 {\n    width: 60%;\n  }\n}\n<\/style>\n    <\/div>\n \n        <\/div>\n      <\/div>\n\n            \n<style>\n#banner-1219060935 {\n  padding-top: 200px;\n  background-color: rgba(255, 255, 255, 0);\n}\n#banner-1219060935 .overlay {\n  background-color: rgba(255, 255, 255, 0);\n}\n@media (min-width:550px) {\n  #banner-1219060935 {\n    padding-top: 100%;\n  }\n}\n<\/style>\n  <\/div>\n\n\n\t\t<\/div>\n\n\t\t\n<style>\n#section_1695367968 {\n  padding-top: 0px;\n  padding-bottom: 0px;\n}\n<\/style>\n\t<\/section>\n\t\n\t\n  \n    <div id=\"product-grid-1689597543\" class=\"row products large-columns-3 medium-columns- small-columns-1 row-collapse row-full-width row-masonry\" data-packery-options='{\"itemSelector\": \".col\", \"gutter\": 0, \"presentageWidth\" : true}'>\n\n  <\/div>\n<div class=\"row row-collapse row-full-width\"  id=\"row-1350959746\">\n\n\t<div id=\"col-1084210380\" class=\"col medium-6 small-12 large-6\"  >\n\t\t\t\t<div class=\"col-inner\"  >\n\t\t\t\n\t\t\t\n\n  <div class=\"banner has-hover\" id=\"banner-1782042781\">\n          <div class=\"banner-inner fill\">\n        <div class=\"banner-bg fill\" >\n                                                \n                    <\/div>\n\t\t\n        <div class=\"banner-layers container\">\n            <div class=\"fill banner-link\"><\/div>            \n   <div id=\"text-box-1703013692\" class=\"text-box banner-layer x10 md-x10 lg-x10 y50 md-y50 lg-y50 res-text\">\n                     <div data-animate=\"none\">           <div class=\"text-box-content text \">\n              \n              <div class=\"text-inner text-left\">\n                  \n\t<div id=\"text-3980222823\" class=\"text\">\n\t\t\n<div id=\"text-1088632492\" class=\"text\">\n<p>Piezas Ecl\u00e9cticas llenas de energ\u00eda lunar para amantes de la luna.<\/p>\n<\/div>\n<p id=\"gap-1666226512\" class=\"gap-element clearfix\"><i style=\"color: #555555; font-size: 14.4px;\">Selene<\/i><span style=\"color: #555555; font-size: 14.4px;\">, la diosa griega de la luna y <\/span><i style=\"color: #555555; font-size: 14.4px;\">Philia <\/i>que viene del griego <span style=\"color: #555555; font-size: 14.4px;\">philos, que significa amor<\/span><i style=\"color: #555555; font-size: 14.4px;\">.<\/i><\/p>\n<p class=\"p1\"><i>Selenophilia, amor por la luna.<\/i><\/p>\n<p class=\"p1\">Una extensi\u00f3n de la Colecci\u00f3n 111, una peque\u00f1a capsula de joyas que celebra la\u00a0 poderosa energ\u00eda y belleza de la luna.\u00a0<\/p>\n<p class=\"lead\" style=\"text-align: left;\">\u00a0<\/p>\n<p class=\"lead\" style=\"text-align: left;\">\u00a0<\/p>\n\t\t\n<style>\n#text-3980222823 {\n  color: rgb(0, 0, 0);\n}\n#text-3980222823 > * {\n  color: rgb(0, 0, 0);\n}\n<\/style>\n\t<\/div>\n\t\n              <\/div>\n           <\/div>\n       <\/div>                     \n<style>\n#text-box-1703013692 {\n  width: 84%;\n}\n#text-box-1703013692 .text-box-content {\n  font-size: 111%;\n}\n@media (min-width:550px) {\n  #text-box-1703013692 {\n    width: 78%;\n  }\n  #text-box-1703013692 .text-box-content {\n    font-size: 130%;\n  }\n}\n<\/style>\n    <\/div>\n \n        <\/div>\n      <\/div>\n\n            \n<style>\n#banner-1782042781 {\n  padding-top: 99.99%;\n  background-color: rgb(255,255,255);\n}\n<\/style>\n  <\/div>\n\n\n\t\t<\/div>\n\t\t\t\t\t<\/div>\n\n\t\n\n\t<div id=\"col-1311493799\" class=\"col medium-6 small-12 large-6\"  >\n\t\t\t\t<div class=\"col-inner\"  >\n\t\t\t\n\t\t\t\n\n  <div class=\"banner has-hover\" id=\"banner-6416246\">\n          <div class=\"banner-inner fill\">\n        <div class=\"banner-bg fill\" >\n                                                \n                    <\/div>\n\t\t\n        <div class=\"banner-layers container\">\n            <div class=\"fill banner-link\"><\/div>            \n   <div id=\"text-box-986949906\" class=\"text-box banner-layer x10 md-x10 lg-x10 y50 md-y50 lg-y50 res-text\">\n                     <div data-animate=\"none\">           <div class=\"text-box-content text \">\n              \n              <div class=\"text-inner text-center\">\n                  \n\t<div class=\"img has-hover x md-x lg-x y md-y lg-y\" id=\"image_1792775651\">\n\t\t\t\t\t\t\t\t<div class=\"img-inner dark\" >\n\t\t\t<img loading=\"lazy\" decoding=\"async\" width=\"521\" height=\"599\" src=\"https:\/\/ayshabilgrami.com\/wp-content\/uploads\/2021\/10\/Screen-Shot-2021-10-02-at-5.55.05-PM.png\" class=\"attachment-large size-large\" alt=\"black and white moon cycles\" srcset=\"https:\/\/ayshabilgrami.com\/wp-content\/uploads\/2021\/10\/Screen-Shot-2021-10-02-at-5.55.05-PM.png 521w, https:\/\/ayshabilgrami.com\/wp-content\/uploads\/2021\/10\/Screen-Shot-2021-10-02-at-5.55.05-PM-348x400.png 348w, https:\/\/ayshabilgrami.com\/wp-content\/uploads\/2021\/10\/Screen-Shot-2021-10-02-at-5.55.05-PM-500x575.png 500w\" sizes=\"auto, (max-width: 521px) 100vw, 521px\" \/>\t\t\t\t\t\t\n\t\t\t\t\t<\/div>\n\t\t\t\t\t\t\t\t\n<style>\n#image_1792775651 {\n  width: 81%;\n}\n<\/style>\n\t<\/div>\n\t\n              <\/div>\n           <\/div>\n       <\/div>                     \n<style>\n#text-box-986949906 {\n  width: 84%;\n}\n#text-box-986949906 .text-box-content {\n  font-size: 111%;\n}\n@media (min-width:550px) {\n  #text-box-986949906 {\n    width: 78%;\n  }\n  #text-box-986949906 .text-box-content {\n    font-size: 130%;\n  }\n}\n<\/style>\n    <\/div>\n \n        <\/div>\n      <\/div>\n\n            \n<style>\n#banner-6416246 {\n  padding-top: 99.99%;\n  background-color: rgb(255,255,255);\n}\n<\/style>\n  <\/div>\n\n\n\t\t<\/div>\n\t\t\t\t\t<\/div>\n\n\t\n<\/div>\n<div class=\"row row-collapse row-full-width\"  id=\"row-449647093\">\n\n\t<div id=\"col-1422412167\" class=\"col medium-6 small-12 large-6\"  >\n\t\t\t\t<div class=\"col-inner\"  >\n\t\t\t\n\t\t\t\n\t<div class=\"img has-hover x md-x lg-x y md-y lg-y\" id=\"image_1251898384\">\n\t\t\t\t\t\t\t\t<div class=\"img-inner dark\" >\n\t\t\t<img loading=\"lazy\" decoding=\"async\" width=\"1280\" height=\"1920\" src=\"https:\/\/ayshabilgrami.com\/wp-content\/uploads\/2021\/11\/AYSHA-BILGRAMI-SELENOPHILIA-1.jpg\" class=\"attachment-original size-original\" alt=\"AYSHA USANDO JOYAS EN PLATA, EL COLLAR Perlas, amatistas, \u00f3nix y rub\u00ed,y peque\u00f1as estrellas, el sol y la luna,Y LOS  5 MOON HOOPS\" srcset=\"https:\/\/ayshabilgrami.com\/wp-content\/uploads\/2021\/11\/AYSHA-BILGRAMI-SELENOPHILIA-1.jpg 1280w, https:\/\/ayshabilgrami.com\/wp-content\/uploads\/2021\/11\/AYSHA-BILGRAMI-SELENOPHILIA-1-1200x1800.jpg 1200w\" sizes=\"auto, (max-width: 1280px) 100vw, 1280px\" \/>\t\t\t\t\t\t\n\t\t\t\t\t<\/div>\n\t\t\t\t\t\t\t\t\n<style>\n#image_1251898384 {\n  width: 100%;\n}\n<\/style>\n\t<\/div>\n\t\n\t\t<\/div>\n\t\t\t\t\t<\/div>\n\n\t\n\n\t<div id=\"col-1514506973\" class=\"col medium-6 small-12 large-6\"  >\n\t\t\t\t<div class=\"col-inner\"  >\n\t\t\t\n\t\t\t\n\t<div class=\"img has-hover x md-x lg-x y md-y lg-y\" id=\"image_438563373\">\n\t\t\t\t\t\t\t\t<div class=\"img-inner dark\" >\n\t\t\t<img loading=\"lazy\" decoding=\"async\" width=\"1280\" height=\"1920\" src=\"https:\/\/ayshabilgrami.com\/wp-content\/uploads\/2021\/11\/AYSHA-BILGRAMI-SELENOPHILIA-8.jpg\" class=\"attachment-original size-original\" alt=\"girl wearing silver jewelry, five moon hoops, chain with full moon turkish opal pendant and ear cuff. By aysha bilgrami made in colombia in recycled silver\" srcset=\"https:\/\/ayshabilgrami.com\/wp-content\/uploads\/2021\/11\/AYSHA-BILGRAMI-SELENOPHILIA-8.jpg 1280w, https:\/\/ayshabilgrami.com\/wp-content\/uploads\/2021\/11\/AYSHA-BILGRAMI-SELENOPHILIA-8-1200x1800.jpg 1200w\" sizes=\"auto, (max-width: 1280px) 100vw, 1280px\" \/>\t\t\t\t\t\t\n\t\t\t\t\t<\/div>\n\t\t\t\t\t\t\t\t\n<style>\n#image_438563373 {\n  width: 100%;\n}\n<\/style>\n\t<\/div>\n\t\n\t\t<\/div>\n\t\t\t\t\t<\/div>\n\n\t\n<\/div>\n","protected":false},"excerpt":{"rendered":"","protected":false},"author":69,"featured_media":0,"parent":0,"menu_order":0,"comment_status":"closed","ping_status":"closed","template":"page-blank.php","meta":{"footnotes":""},"class_list":["post-14013","page","type-page","status-publish","hentry"],"yoast_head":"<!-- This site is optimized with the Yoast SEO plugin v26.6 - https:\/\/yoast.com\/wordpress\/plugins\/seo\/ -->\n<title>Selenophilia Capsule - Aysha Bilgrami Jewelry<\/title>\n<meta name=\"robots\" content=\"index, follow, max-snippet:-1, max-image-preview:large, max-video-preview:-1\" \/>\n<link rel=\"canonical\" href=\"https:\/\/ayshabilgrami.com\/es\/selenophilia-capsule\/\" \/>\n<meta property=\"og:locale\" content=\"es_ES\" \/>\n<meta property=\"og:type\" content=\"article\" \/>\n<meta property=\"og:title\" content=\"Selenophilia Capsule - Aysha Bilgrami Jewelry\" \/>\n<meta property=\"og:url\" content=\"https:\/\/ayshabilgrami.com\/es\/selenophilia-capsule\/\" \/>\n<meta property=\"og:site_name\" content=\"Aysha Bilgrami Jewelry\" \/>\n<meta property=\"article:publisher\" content=\"https:\/\/www.facebook.com\/AyshaBilgramiBrand\" \/>\n<meta property=\"article:modified_time\" content=\"2022-05-13T17:15:34+00:00\" \/>\n<meta name=\"twitter:card\" content=\"summary_large_image\" \/>\n<meta name=\"twitter:label1\" content=\"Tiempo de lectura\" \/>\n\t<meta name=\"twitter:data1\" content=\"1 minuto\" \/>\n<script type=\"application\/ld+json\" class=\"yoast-schema-graph\">{\"@context\":\"https:\/\/schema.org\",\"@graph\":[{\"@type\":\"WebPage\",\"@id\":\"https:\/\/ayshabilgrami.com\/es\/selenophilia-capsule\/\",\"url\":\"https:\/\/ayshabilgrami.com\/es\/selenophilia-capsule\/\",\"name\":\"Selenophilia Capsule - Aysha Bilgrami Jewelry\",\"isPartOf\":{\"@id\":\"https:\/\/ayshabilgrami.com\/#website\"},\"datePublished\":\"2022-05-12T07:46:36+00:00\",\"dateModified\":\"2022-05-13T17:15:34+00:00\",\"breadcrumb\":{\"@id\":\"https:\/\/ayshabilgrami.com\/es\/selenophilia-capsule\/#breadcrumb\"},\"inLanguage\":\"es\",\"potentialAction\":[{\"@type\":\"ReadAction\",\"target\":[\"https:\/\/ayshabilgrami.com\/es\/selenophilia-capsule\/\"]}]},{\"@type\":\"BreadcrumbList\",\"@id\":\"https:\/\/ayshabilgrami.com\/es\/selenophilia-capsule\/#breadcrumb\",\"itemListElement\":[{\"@type\":\"ListItem\",\"position\":1,\"name\":\"Home\",\"item\":\"https:\/\/ayshabilgrami.com\/es\/\"},{\"@type\":\"ListItem\",\"position\":2,\"name\":\"Selenophilia Capsule\"}]},{\"@type\":\"WebSite\",\"@id\":\"https:\/\/ayshabilgrami.com\/#website\",\"url\":\"https:\/\/ayshabilgrami.com\/\",\"name\":\"Aysha Bilgrami Jewelry\",\"description\":\"Cultural Fusions Made Jewelry\",\"publisher\":{\"@id\":\"https:\/\/ayshabilgrami.com\/#organization\"},\"potentialAction\":[{\"@type\":\"SearchAction\",\"target\":{\"@type\":\"EntryPoint\",\"urlTemplate\":\"https:\/\/ayshabilgrami.com\/?s={search_term_string}\"},\"query-input\":{\"@type\":\"PropertyValueSpecification\",\"valueRequired\":true,\"valueName\":\"search_term_string\"}}],\"inLanguage\":\"es\"},{\"@type\":\"Organization\",\"@id\":\"https:\/\/ayshabilgrami.com\/#organization\",\"name\":\"AYSHA BILGRAMI SAS\",\"url\":\"https:\/\/ayshabilgrami.com\/\",\"logo\":{\"@type\":\"ImageObject\",\"inLanguage\":\"es\",\"@id\":\"https:\/\/ayshabilgrami.com\/#\/schema\/logo\/image\/\",\"url\":\"https:\/\/ayshabilgrami.com\/wp-content\/uploads\/2019\/05\/logo-aysha.png\",\"contentUrl\":\"https:\/\/ayshabilgrami.com\/wp-content\/uploads\/2019\/05\/logo-aysha.png\",\"width\":546,\"height\":199,\"caption\":\"AYSHA BILGRAMI SAS\"},\"image\":{\"@id\":\"https:\/\/ayshabilgrami.com\/#\/schema\/logo\/image\/\"},\"sameAs\":[\"https:\/\/www.facebook.com\/AyshaBilgramiBrand\",\"https:\/\/www.instagram.com\/ayshabilgrami\/\"]}]}<\/script>\n<!-- \/ Yoast SEO plugin. -->","yoast_head_json":{"title":"Selenophilia Capsule - Aysha Bilgrami Jewelry","robots":{"index":"index","follow":"follow","max-snippet":"max-snippet:-1","max-image-preview":"max-image-preview:large","max-video-preview":"max-video-preview:-1"},"canonical":"https:\/\/ayshabilgrami.com\/es\/selenophilia-capsule\/","og_locale":"es_ES","og_type":"article","og_title":"Selenophilia Capsule - Aysha Bilgrami Jewelry","og_url":"https:\/\/ayshabilgrami.com\/es\/selenophilia-capsule\/","og_site_name":"Aysha Bilgrami Jewelry","article_publisher":"https:\/\/www.facebook.com\/AyshaBilgramiBrand","article_modified_time":"2022-05-13T17:15:34+00:00","twitter_card":"summary_large_image","twitter_misc":{"Tiempo de lectura":"1 minuto"},"schema":{"@context":"https:\/\/schema.org","@graph":[{"@type":"WebPage","@id":"https:\/\/ayshabilgrami.com\/es\/selenophilia-capsule\/","url":"https:\/\/ayshabilgrami.com\/es\/selenophilia-capsule\/","name":"Selenophilia Capsule - Aysha Bilgrami Jewelry","isPartOf":{"@id":"https:\/\/ayshabilgrami.com\/#website"},"datePublished":"2022-05-12T07:46:36+00:00","dateModified":"2022-05-13T17:15:34+00:00","breadcrumb":{"@id":"https:\/\/ayshabilgrami.com\/es\/selenophilia-capsule\/#breadcrumb"},"inLanguage":"es","potentialAction":[{"@type":"ReadAction","target":["https:\/\/ayshabilgrami.com\/es\/selenophilia-capsule\/"]}]},{"@type":"BreadcrumbList","@id":"https:\/\/ayshabilgrami.com\/es\/selenophilia-capsule\/#breadcrumb","itemListElement":[{"@type":"ListItem","position":1,"name":"Home","item":"https:\/\/ayshabilgrami.com\/es\/"},{"@type":"ListItem","position":2,"name":"Selenophilia Capsule"}]},{"@type":"WebSite","@id":"https:\/\/ayshabilgrami.com\/#website","url":"https:\/\/ayshabilgrami.com\/","name":"Aysha Bilgrami Jewelry","description":"Cultural Fusions Made Jewelry","publisher":{"@id":"https:\/\/ayshabilgrami.com\/#organization"},"potentialAction":[{"@type":"SearchAction","target":{"@type":"EntryPoint","urlTemplate":"https:\/\/ayshabilgrami.com\/?s={search_term_string}"},"query-input":{"@type":"PropertyValueSpecification","valueRequired":true,"valueName":"search_term_string"}}],"inLanguage":"es"},{"@type":"Organization","@id":"https:\/\/ayshabilgrami.com\/#organization","name":"AYSHA BILGRAMI SAS","url":"https:\/\/ayshabilgrami.com\/","logo":{"@type":"ImageObject","inLanguage":"es","@id":"https:\/\/ayshabilgrami.com\/#\/schema\/logo\/image\/","url":"https:\/\/ayshabilgrami.com\/wp-content\/uploads\/2019\/05\/logo-aysha.png","contentUrl":"https:\/\/ayshabilgrami.com\/wp-content\/uploads\/2019\/05\/logo-aysha.png","width":546,"height":199,"caption":"AYSHA BILGRAMI SAS"},"image":{"@id":"https:\/\/ayshabilgrami.com\/#\/schema\/logo\/image\/"},"sameAs":["https:\/\/www.facebook.com\/AyshaBilgramiBrand","https:\/\/www.instagram.com\/ayshabilgrami\/"]}]}},"_links":{"self":[{"href":"https:\/\/ayshabilgrami.com\/es\/wp-json\/wp\/v2\/pages\/14013","targetHints":{"allow":["GET"]}}],"collection":[{"href":"https:\/\/ayshabilgrami.com\/es\/wp-json\/wp\/v2\/pages"}],"about":[{"href":"https:\/\/ayshabilgrami.com\/es\/wp-json\/wp\/v2\/types\/page"}],"author":[{"embeddable":true,"href":"https:\/\/ayshabilgrami.com\/es\/wp-json\/wp\/v2\/users\/69"}],"replies":[{"embeddable":true,"href":"https:\/\/ayshabilgrami.com\/es\/wp-json\/wp\/v2\/comments?post=14013"}],"version-history":[{"count":12,"href":"https:\/\/ayshabilgrami.com\/es\/wp-json\/wp\/v2\/pages\/14013\/revisions"}],"predecessor-version":[{"id":14905,"href":"https:\/\/ayshabilgrami.com\/es\/wp-json\/wp\/v2\/pages\/14013\/revisions\/14905"}],"wp:attachment":[{"href":"https:\/\/ayshabilgrami.com\/es\/wp-json\/wp\/v2\/media?parent=14013"}],"curies":[{"name":"wp","href":"https:\/\/api.w.org\/{rel}","templated":true}]}}