{"id":15410,"date":"2022-05-12T11:06:01","date_gmt":"2022-05-12T16:06:01","guid":{"rendered":"https:\/\/ayshabilgrami.com\/materiales\/"},"modified":"2024-09-21T20:56:00","modified_gmt":"2024-09-22T01:56:00","slug":"materiales","status":"publish","type":"page","link":"https:\/\/ayshabilgrami.com\/es\/materiales\/","title":{"rendered":"Materiales"},"content":{"rendered":"\t<div id=\"gap-1110634628\" class=\"gap-element clearfix\" style=\"display:block; height:auto;\">\n\t\t\n<style>\n#gap-1110634628 {\n  padding-top: 150px;\n}\n@media (min-width:550px) {\n  #gap-1110634628 {\n    padding-top: 200px;\n  }\n}\n<\/style>\n\t<\/div>\n\t\n<div class=\"row align-center\"  id=\"row-2068554103\">\n\n\t<div id=\"col-1014639224\" class=\"col medium-10 small-12 large-10\"  >\n\t\t\t\t<div class=\"col-inner\"  >\n\t\t\t\n\t\t\t\n\t<div id=\"text-3315660441\" class=\"text\">\n\t\t\n<h1 class=\"uppercase\"><span style=\"color: #000000; font-size: 105%;\">materialES<\/span><\/h1>\n\t\t\n<style>\n#text-3315660441 {\n  text-align: left;\n}\n<\/style>\n\t<\/div>\n\t\n\t<div id=\"gap-1075599486\" class=\"gap-element clearfix\" style=\"display:block; height:auto;\">\n\t\t\n<style>\n#gap-1075599486 {\n  padding-top: 30px;\n}\n<\/style>\n\t<\/div>\n\t\n<span class=\"scroll-to\" data-label=\"Scroll to: #plata\" data-bullet=\"false\" data-link=\"#plata\" data-title=\"PLATA\"><a name=\"plata\"><\/a><\/span>\n<p><strong>PLATA<\/strong><\/p>\n<hr \/>\n<p>La plata fina es un 99,9% de plata pura. En esta forma, el metal es hermoso y sufre un m\u00ednimo de deslustre, pero generalmente es demasiado blando y maleable para muchos usos, incluida la fabricaci\u00f3n de la mayor\u00eda de las joyas. Para poder trabajarla la plata fina se alea con cobre para crear la plata de ley, que tiene un 92,5% de plata pura y un 7,5% de cobre.Nuestra calidad de plata es 925. y en algunos casos 950. Nos enorgullece dar una segunda vida a los materiales y por eso nuestra plata no se extrae, sino que se recicla y se recupera de las radiograf\u00edas.<\/p>\n<p>Todas nuestras piezas tienen la opci\u00f3n de vermeil de oro. \u00bfQu\u00e9 es el vermeil?<\/p>\n<p>El vermeil de plata es un metal precioso recubierto de oro. La principal diferencia entre las joyas de vermeil y las ba\u00f1adas en oro es que el vermeil tiene una base de plata, mientras que las piezas ba\u00f1adas en oro pueden estar hechas de diferentes metales (por ejemplo, bronce o pl\u00e1stico). Por ello, estas \u00faltimas se consideran m\u00e1s valiosas.<\/p>\n<p>Para preservar el brillo del vermeil y no da\u00f1arlo, es fundamental evitar poner las joyas cerca de cualquier fuente de calor o humedad. Especialmente el agua y el sudor. Las joyas de vermeil deben guardarse en un lugar fresco, seco y luminoso. Para evitar el proceso natural de oxidaci\u00f3n, le recomendamos utilizar las joyas con la mayor frecuencia posible y no dejarlas en una caja cerrada.<\/p>\n<div>\u00a0<\/div>\n<div>\u00a0<\/div>\n\t<div id=\"gap-550715497\" class=\"gap-element clearfix\" style=\"display:block; height:auto;\">\n\t\t\n<style>\n#gap-550715497 {\n  padding-top: 60px;\n}\n<\/style>\n\t<\/div>\n\t\n<span class=\"scroll-to\" data-label=\"Scroll to: #sizing\" data-bullet=\"false\" data-link=\"#sizing\" data-title=\"sizing\"><a name=\"sizing\"><\/a><\/span>\n<p><strong>PIEDRAS<\/strong><\/p>\n<hr class=\"custom-cursor-default-hover\" \/>\n<p>LAPISLAZULI<\/p>\n<p>Conocida como la Piedra de la Sabidur\u00eda, el Lapisl\u00e1zuli es un poderoso cristal para cualquiera que busque profundizar su conexi\u00f3n con el ser. Es una de las gemas m\u00e1s apreciadas en Egipto y fue utilizada por Miguel \u00c1ngel para pintar la Capilla Sixtina.<\/p>\n<p>El lapisl\u00e1zuli posee toda una serie de propiedades curativas y es conocido por revelar profundas verdades interiores, invitarte a la autenticidad y mostrarte la magia de tu propia y poderosa voluntad. Est\u00e1 vinculado al Chakra del Tercer Ojo, este chakra es conocido por ser el ojo de la conciencia, el que lo ve todo. Como sexto chakra est\u00e1 motivado por el conocimiento, la intuici\u00f3n, la sabidur\u00eda y la perspicacia &#8211; b\u00e1sicamente todas las cosas que nos ayudan a desenredar nuestras muchas capas para llegar al n\u00facleo. Tambi\u00e9n empodera el Chakra de la Garganta ya que es una Piedra de la Sabidur\u00eda, y la comunicaci\u00f3n es un papel importante. Cuando el Chakra de la Garganta est\u00e1 bloqueado puedes tener dificultades para sentirte escuchado, comprendido o simplemente puedes rehuir la confrontaci\u00f3n y la expresi\u00f3n. Util\u00edzala para mejorar y desbloquear estos chakras.<\/p>\n<p>CORNALINA<\/p>\n<p>En la antig\u00fcedad, la piedra Cornalina naranja ha asumido el manto de muchos roles. Los egipcios consideraban que la Cornalina Naranja estaba dotada de energ\u00eda femenina y del ciclo menstrual, era una piedra de fertilidad y estaba vinculada al poder de Isis. La cornalina roja, de car\u00e1cter masculino, se consideraba m\u00e1s activa en su poder y menos en lo que respecta a desprenderse de lo viejo y abrazar la energ\u00eda ardiente de lo nuevo. Estaba ah\u00ed para estimular el amor y la pasi\u00f3n. Los guerreros se colgaban la cornalina al cuello para tener coraje en la batalla.<\/p>\n<p>La cornalina es la piedra que te har\u00e1 tener los pies en la tierra, fortaleciendo tu esp\u00edritu creativo y asegurando que te sientas libre y f\u00e1cil cuando se trata del arte de la autoexpresi\u00f3n. Esta piedra tiene una energ\u00eda impactante, que ofrece confianza y coraje a todos los que la llevan. Energiza el chakra sacro que es donde se asienta tu pozo de pasi\u00f3n, intimidad y fuego personal.<\/p>\n<p>ONYX<\/p>\n<p>Una poderosa piedra guerrera, el significado del cristal de \u00d3nix ayuda a eliminar los patrones de pensamiento negativos derivados de la emoci\u00f3n m\u00e1s debilitante y t\u00f3xica de todas: el miedo, simboliza la protecci\u00f3n y la fortuna. En la antigua Grecia, la leyenda dec\u00eda que Cupido cort\u00f3 las u\u00f1as de su madre, la diosa Venus, con su famosa flecha. Estas u\u00f1as inmortales cayeron desde los cielos del monte Olimpo hasta el r\u00edo Indo, donde se convirtieron en \u00d3nix.\u00a0 Al igual que otras piedras negra,\u00a0 puede absorber la energ\u00eda negativa y ayudarnos a mantener nuestro propio consejo sabio. Los chinos tambi\u00e9n cre\u00edan que el \u00d3nix era un mega protector, por lo que esta gema en forma de banda es una de las favoritas en la pr\u00e1ctica del Feng Shui.<\/p>\n<p>TURQUESA<\/p>\n<p>Esta piedra azul tiene todos los matices del oc\u00e9ano, conectando con el chakra de la garganta para que puedas decir tu verdad, y asegurando que tu cr\u00edtico interior se quede callado. El azul es el color que calma el alma, que nos recuerda el flujo del agua, la energ\u00eda limpiadora de la tierra y la oleada de energ\u00eda que puede surgir de lo m\u00e1s profundo. Con un nombre procedente del franc\u00e9s antiguo quiz\u00e1s en referencia a su rica historia persa, la piedra azul Turquesa tiene que ver con la limpieza de la energ\u00eda negativa y con traer buena fortuna.<\/p>\n<p>La turquesa es una de las piedras curativas m\u00e1s antiguas de la historia. Durante siglos ha servido como herramienta curativa para civilizaciones enteras. Fue una de las primeras piedras preciosas que se extrajeron y se remonta al a\u00f1o 6000 a.C. en la pen\u00ednsula egipcia del Sina\u00ed.<\/p>\n<p>OBSIDIANA<\/p>\n<p>La obsidiana es un vidrio volc\u00e1nico que se forma de forma natural. Procede del r\u00e1pido enfriamiento de la lava f\u00e9lsica. Esta roca de vidrio volc\u00e1nico de Obsidiana es una espada contra la energ\u00eda negativa y un ancla poderosa para mantenerte conectado a tierra en esta buena vida. La obsidiana se puede encontrar en todo el mundo, desde las costas azules y las caba\u00f1as de pescadores de Grecia hasta el hielo y el fuego de Islandia, y las m\u00edticas selvas y ciudades perdidas de M\u00e9xico. Es una piedra que viene envuelta en mucha historia. Amada por los mayas y los aztecas, la obsidiana se utilizaba de m\u00faltiples maneras, desde la joyer\u00eda hasta el menaje e incluso las armas. La obsidiana negra es una herramienta poderosa para aquellos que buscan protecci\u00f3n, conexi\u00f3n a tierra, curaci\u00f3n profunda y desgarrar el tejido de la falsedad para encontrar la verdad.<\/p>\n<p>\u00c1GATA VERDE<\/p>\n<p>El \u00e1gata proviene de la clase de formaci\u00f3n rocosa de la calcedonia y tambi\u00e9n del cuarzo. El \u00e1gata se puede encontrar en muchos tonos &#8211; desde el azul, el rojo, el p\u00farpura, el negro, el verde, el marr\u00f3n, el rosa, y m\u00e1s. Desde el Islam hasta los egipcios, el mundo recurri\u00f3 a las propiedades curativas y protectoras del \u00e1gata. Los magos persas utilizaban estas piedras para controlar los truenos y rel\u00e1mpagos que danzaban por el cielo. En la medicina china, el \u00e1gata se utilizaba para agitar el propio chi. Es una piedra que estabiliza, pone a tierra y est\u00e1 siempre dispuesta a mantenerte abierto y dispuesto a toda la abundancia que el universo quiera enviarte.La verde, energiza el chakra del coraz\u00f3n.<\/p>\n<p>PERLA<\/p>\n<p>La perla simboliza la sabidur\u00eda adquirida a trav\u00e9s de la experiencia. Adem\u00e1s de su est\u00e9tica so\u00f1adora y et\u00e9rea, el significado de la piedra Perla proviene de su conexi\u00f3n con el oc\u00e9ano y su energ\u00eda curativa y calmante. Siempre que necesites seguridad o protecci\u00f3n, ag\u00e1rrate fuerte a esta piedra e imagina que una ola de paz, belleza, amor y compasi\u00f3n te ba\u00f1a como una ola curativa del oc\u00e9ano.<\/p>\n<p>AVENTURINA<\/p>\n<p>La aventurina es un estilo de cuarzo. El significado de la aventurina proviene de la palabra italiana Aventura, que significa oportunidad, una pista de la gran fortuna que esta piedra puede otorgarle. La aventurina proviene de lugares que tienen una alta energ\u00eda natural. Se extrae en las tierras de colores caleidosc\u00f3picos de la India, en las h\u00famedas profundidades de la salvaje y desenfrenada selva amaz\u00f3nica, en los rincones de Rusia y en las exuberantes monta\u00f1as verdes de Brasil y Chile. La aventurina es una piedra del chakra del coraz\u00f3n, siempre est\u00e1 dispuesta a despertar esos sentimientos de amor y fantas\u00eda lejanos, pero de una manera que se siente fuerte y saludable, siempre lista para elevarte.<\/p>\n<p>AZURITA MALAQUITA<\/p>\n<p>La azurita ha sido una piedra de gran reverencia espiritual. En el Antiguo Egipto, se consideraba una piedra sagrada, reservada \u00fanicamente para el uso de las altas sacerdotisas y los sacerdotes. Tambi\u00e9n es una piedra que se dice que est\u00e1 relacionada con la ciudad perdida de la Atl\u00e1ntida. Empapada de poder espiritual, la azurita es conocida por su riqueza en energ\u00eda curativa y por subir el volumen de las habilidades ps\u00edquicas secretas.<\/p>\n<p>\u00a0<\/p>\n<p>\u00a0<\/p>\n\t<div id=\"gap-1701763364\" class=\"gap-element clearfix\" style=\"display:block; height:auto;\">\n\t\t\n<style>\n#gap-1701763364 {\n  padding-top: 30px;\n}\n<\/style>\n\t<\/div>\n\t\n\t<div id=\"gap-696281723\" class=\"gap-element clearfix\" style=\"display:block; height:auto;\">\n\t\t\n<style>\n#gap-696281723 {\n  padding-top: 30px;\n}\n<\/style>\n\t<\/div>\n\t\n\t\t<\/div>\n\t\t\t\t\t<\/div>\n\n\t\n<\/div>\n\t<div id=\"gap-107085342\" class=\"gap-element clearfix\" style=\"display:block; height:auto;\">\n\t\t\n<style>\n#gap-107085342 {\n  padding-top: 100px;\n}\n<\/style>\n\t<\/div>\n\t\n","protected":false},"excerpt":{"rendered":"","protected":false},"author":69,"featured_media":17928,"parent":0,"menu_order":0,"comment_status":"closed","ping_status":"closed","template":"page-transparent-header.php","meta":{"footnotes":""},"class_list":["post-15410","page","type-page","status-publish","has-post-thumbnail","hentry"],"yoast_head":"<!-- This site is optimized with the Yoast SEO plugin v26.6 - https:\/\/yoast.com\/wordpress\/plugins\/seo\/ -->\n<title>Materiales - Aysha Bilgrami Jewelry<\/title>\n<meta name=\"description\" content=\"MATERIALES = Aysha Bilgrami Joyeria hecha en plata reciclada y recuperada de radiografias en Bogot\u00e1 Colombia\" \/>\n<meta name=\"robots\" content=\"index, follow, max-snippet:-1, max-image-preview:large, max-video-preview:-1\" \/>\n<link rel=\"canonical\" href=\"https:\/\/ayshabilgrami.com\/es\/materiales\/\" \/>\n<meta property=\"og:locale\" content=\"es_ES\" \/>\n<meta property=\"og:type\" content=\"article\" \/>\n<meta property=\"og:title\" content=\"Materiales - Aysha Bilgrami Jewelry\" \/>\n<meta property=\"og:description\" content=\"MATERIALES = Aysha Bilgrami Joyeria hecha en plata reciclada y recuperada de radiografias en Bogot\u00e1 Colombia\" \/>\n<meta property=\"og:url\" content=\"https:\/\/ayshabilgrami.com\/es\/materiales\/\" \/>\n<meta property=\"og:site_name\" content=\"Aysha Bilgrami Jewelry\" \/>\n<meta property=\"article:modified_time\" content=\"2024-09-22T01:56:00+00:00\" \/>\n<meta property=\"og:image\" content=\"https:\/\/ayshabilgrami.com\/wp-content\/uploads\/2022\/07\/API-COLLECTION-11-AYSHA-BILGRAMI-3-copy.jpg\" \/>\n\t<meta property=\"og:image:width\" content=\"1918\" \/>\n\t<meta property=\"og:image:height\" content=\"1280\" \/>\n\t<meta property=\"og:image:type\" content=\"image\/jpeg\" \/>\n<meta name=\"twitter:card\" content=\"summary_large_image\" \/>\n<meta name=\"twitter:label1\" content=\"Tiempo de lectura\" \/>\n\t<meta name=\"twitter:data1\" content=\"8 minutos\" \/>\n<script type=\"application\/ld+json\" class=\"yoast-schema-graph\">{\"@context\":\"https:\/\/schema.org\",\"@graph\":[{\"@type\":\"WebPage\",\"@id\":\"https:\/\/ayshabilgrami.com\/es\/materiales\/\",\"url\":\"https:\/\/ayshabilgrami.com\/es\/materiales\/\",\"name\":\"Materiales - Aysha Bilgrami Jewelry\",\"isPartOf\":{\"@id\":\"https:\/\/ayshabilgrami.com\/#website\"},\"primaryImageOfPage\":{\"@id\":\"https:\/\/ayshabilgrami.com\/es\/materiales\/#primaryimage\"},\"image\":{\"@id\":\"https:\/\/ayshabilgrami.com\/es\/materiales\/#primaryimage\"},\"thumbnailUrl\":\"https:\/\/ayshabilgrami.com\/wp-content\/uploads\/2022\/07\/API-COLLECTION-11-AYSHA-BILGRAMI-3-copy.jpg\",\"datePublished\":\"2022-05-12T16:06:01+00:00\",\"dateModified\":\"2024-09-22T01:56:00+00:00\",\"description\":\"MATERIALES = Aysha Bilgrami Joyeria hecha en plata reciclada y recuperada de radiografias en Bogot\u00e1 Colombia\",\"breadcrumb\":{\"@id\":\"https:\/\/ayshabilgrami.com\/es\/materiales\/#breadcrumb\"},\"inLanguage\":\"es\",\"potentialAction\":[{\"@type\":\"ReadAction\",\"target\":[\"https:\/\/ayshabilgrami.com\/es\/materiales\/\"]}]},{\"@type\":\"ImageObject\",\"inLanguage\":\"es\",\"@id\":\"https:\/\/ayshabilgrami.com\/es\/materiales\/#primaryimage\",\"url\":\"https:\/\/ayshabilgrami.com\/wp-content\/uploads\/2022\/07\/API-COLLECTION-11-AYSHA-BILGRAMI-3-copy.jpg\",\"contentUrl\":\"https:\/\/ayshabilgrami.com\/wp-content\/uploads\/2022\/07\/API-COLLECTION-11-AYSHA-BILGRAMI-3-copy.jpg\",\"width\":1918,\"height\":1280,\"caption\":\"Colecci\u00f3n AYSHA BILGRAMI n\u00ba 12 completa - Cada joya cuenta una historia. Fusiones culturales a trav\u00e9s de la joyer\u00eda contempor\u00e1nea realizada con plata reciclada y refinada de radiografias\"},{\"@type\":\"BreadcrumbList\",\"@id\":\"https:\/\/ayshabilgrami.com\/es\/materiales\/#breadcrumb\",\"itemListElement\":[{\"@type\":\"ListItem\",\"position\":1,\"name\":\"Home\",\"item\":\"https:\/\/ayshabilgrami.com\/\"},{\"@type\":\"ListItem\",\"position\":2,\"name\":\"Materiales\"}]},{\"@type\":\"WebSite\",\"@id\":\"https:\/\/ayshabilgrami.com\/#website\",\"url\":\"https:\/\/ayshabilgrami.com\/\",\"name\":\"Aysha Bilgrami Jewelry\",\"description\":\"Cultural Fusions Made Jewelry\",\"publisher\":{\"@id\":\"https:\/\/ayshabilgrami.com\/#organization\"},\"potentialAction\":[{\"@type\":\"SearchAction\",\"target\":{\"@type\":\"EntryPoint\",\"urlTemplate\":\"https:\/\/ayshabilgrami.com\/?s={search_term_string}\"},\"query-input\":{\"@type\":\"PropertyValueSpecification\",\"valueRequired\":true,\"valueName\":\"search_term_string\"}}],\"inLanguage\":\"es\"},{\"@type\":\"Organization\",\"@id\":\"https:\/\/ayshabilgrami.com\/#organization\",\"name\":\"AYSHA BILGRAMI SAS\",\"url\":\"https:\/\/ayshabilgrami.com\/\",\"logo\":{\"@type\":\"ImageObject\",\"inLanguage\":\"es\",\"@id\":\"https:\/\/ayshabilgrami.com\/#\/schema\/logo\/image\/\",\"url\":\"https:\/\/ayshabilgrami.com\/wp-content\/uploads\/2019\/05\/logo-aysha.png\",\"contentUrl\":\"https:\/\/ayshabilgrami.com\/wp-content\/uploads\/2019\/05\/logo-aysha.png\",\"width\":546,\"height\":199,\"caption\":\"AYSHA BILGRAMI SAS\"},\"image\":{\"@id\":\"https:\/\/ayshabilgrami.com\/#\/schema\/logo\/image\/\"}}]}<\/script>\n<!-- \/ Yoast SEO plugin. -->","yoast_head_json":{"title":"Materiales - Aysha Bilgrami Jewelry","description":"MATERIALES = Aysha Bilgrami Joyeria hecha en plata reciclada y recuperada de radiografias en Bogot\u00e1 Colombia","robots":{"index":"index","follow":"follow","max-snippet":"max-snippet:-1","max-image-preview":"max-image-preview:large","max-video-preview":"max-video-preview:-1"},"canonical":"https:\/\/ayshabilgrami.com\/es\/materiales\/","og_locale":"es_ES","og_type":"article","og_title":"Materiales - Aysha Bilgrami Jewelry","og_description":"MATERIALES = Aysha Bilgrami Joyeria hecha en plata reciclada y recuperada de radiografias en Bogot\u00e1 Colombia","og_url":"https:\/\/ayshabilgrami.com\/es\/materiales\/","og_site_name":"Aysha Bilgrami Jewelry","article_modified_time":"2024-09-22T01:56:00+00:00","og_image":[{"width":1918,"height":1280,"url":"https:\/\/ayshabilgrami.com\/wp-content\/uploads\/2022\/07\/API-COLLECTION-11-AYSHA-BILGRAMI-3-copy.jpg","type":"image\/jpeg"}],"twitter_card":"summary_large_image","twitter_misc":{"Tiempo de lectura":"8 minutos"},"schema":{"@context":"https:\/\/schema.org","@graph":[{"@type":"WebPage","@id":"https:\/\/ayshabilgrami.com\/es\/materiales\/","url":"https:\/\/ayshabilgrami.com\/es\/materiales\/","name":"Materiales - Aysha Bilgrami Jewelry","isPartOf":{"@id":"https:\/\/ayshabilgrami.com\/#website"},"primaryImageOfPage":{"@id":"https:\/\/ayshabilgrami.com\/es\/materiales\/#primaryimage"},"image":{"@id":"https:\/\/ayshabilgrami.com\/es\/materiales\/#primaryimage"},"thumbnailUrl":"https:\/\/ayshabilgrami.com\/wp-content\/uploads\/2022\/07\/API-COLLECTION-11-AYSHA-BILGRAMI-3-copy.jpg","datePublished":"2022-05-12T16:06:01+00:00","dateModified":"2024-09-22T01:56:00+00:00","description":"MATERIALES = Aysha Bilgrami Joyeria hecha en plata reciclada y recuperada de radiografias en Bogot\u00e1 Colombia","breadcrumb":{"@id":"https:\/\/ayshabilgrami.com\/es\/materiales\/#breadcrumb"},"inLanguage":"es","potentialAction":[{"@type":"ReadAction","target":["https:\/\/ayshabilgrami.com\/es\/materiales\/"]}]},{"@type":"ImageObject","inLanguage":"es","@id":"https:\/\/ayshabilgrami.com\/es\/materiales\/#primaryimage","url":"https:\/\/ayshabilgrami.com\/wp-content\/uploads\/2022\/07\/API-COLLECTION-11-AYSHA-BILGRAMI-3-copy.jpg","contentUrl":"https:\/\/ayshabilgrami.com\/wp-content\/uploads\/2022\/07\/API-COLLECTION-11-AYSHA-BILGRAMI-3-copy.jpg","width":1918,"height":1280,"caption":"Colecci\u00f3n AYSHA BILGRAMI n\u00ba 12 completa - Cada joya cuenta una historia. Fusiones culturales a trav\u00e9s de la joyer\u00eda contempor\u00e1nea realizada con plata reciclada y refinada de radiografias"},{"@type":"BreadcrumbList","@id":"https:\/\/ayshabilgrami.com\/es\/materiales\/#breadcrumb","itemListElement":[{"@type":"ListItem","position":1,"name":"Home","item":"https:\/\/ayshabilgrami.com\/"},{"@type":"ListItem","position":2,"name":"Materiales"}]},{"@type":"WebSite","@id":"https:\/\/ayshabilgrami.com\/#website","url":"https:\/\/ayshabilgrami.com\/","name":"Aysha Bilgrami Jewelry","description":"Cultural Fusions Made Jewelry","publisher":{"@id":"https:\/\/ayshabilgrami.com\/#organization"},"potentialAction":[{"@type":"SearchAction","target":{"@type":"EntryPoint","urlTemplate":"https:\/\/ayshabilgrami.com\/?s={search_term_string}"},"query-input":{"@type":"PropertyValueSpecification","valueRequired":true,"valueName":"search_term_string"}}],"inLanguage":"es"},{"@type":"Organization","@id":"https:\/\/ayshabilgrami.com\/#organization","name":"AYSHA BILGRAMI SAS","url":"https:\/\/ayshabilgrami.com\/","logo":{"@type":"ImageObject","inLanguage":"es","@id":"https:\/\/ayshabilgrami.com\/#\/schema\/logo\/image\/","url":"https:\/\/ayshabilgrami.com\/wp-content\/uploads\/2019\/05\/logo-aysha.png","contentUrl":"https:\/\/ayshabilgrami.com\/wp-content\/uploads\/2019\/05\/logo-aysha.png","width":546,"height":199,"caption":"AYSHA BILGRAMI SAS"},"image":{"@id":"https:\/\/ayshabilgrami.com\/#\/schema\/logo\/image\/"}}]}},"_links":{"self":[{"href":"https:\/\/ayshabilgrami.com\/es\/wp-json\/wp\/v2\/pages\/15410","targetHints":{"allow":["GET"]}}],"collection":[{"href":"https:\/\/ayshabilgrami.com\/es\/wp-json\/wp\/v2\/pages"}],"about":[{"href":"https:\/\/ayshabilgrami.com\/es\/wp-json\/wp\/v2\/types\/page"}],"author":[{"embeddable":true,"href":"https:\/\/ayshabilgrami.com\/es\/wp-json\/wp\/v2\/users\/69"}],"replies":[{"embeddable":true,"href":"https:\/\/ayshabilgrami.com\/es\/wp-json\/wp\/v2\/comments?post=15410"}],"version-history":[{"count":12,"href":"https:\/\/ayshabilgrami.com\/es\/wp-json\/wp\/v2\/pages\/15410\/revisions"}],"predecessor-version":[{"id":28356,"href":"https:\/\/ayshabilgrami.com\/es\/wp-json\/wp\/v2\/pages\/15410\/revisions\/28356"}],"wp:featuredmedia":[{"embeddable":true,"href":"https:\/\/ayshabilgrami.com\/es\/wp-json\/wp\/v2\/media\/17928"}],"wp:attachment":[{"href":"https:\/\/ayshabilgrami.com\/es\/wp-json\/wp\/v2\/media?parent=15410"}],"curies":[{"name":"wp","href":"https:\/\/api.w.org\/{rel}","templated":true}]}}