{"id":2469,"date":"2019-01-31T16:40:29","date_gmt":"2019-01-31T21:40:29","guid":{"rendered":"https:\/\/ayshabilgrami.com\/?page_id=2469"},"modified":"2025-12-22T21:59:11","modified_gmt":"2025-12-23T02:59:11","slug":"distribuidor","status":"publish","type":"page","link":"https:\/\/ayshabilgrami.com\/es\/distribuidor\/","title":{"rendered":"Encu\u00e9ntranos"},"content":{"rendered":"\t<div id=\"gap-2081521838\" class=\"gap-element clearfix\" style=\"display:block; height:auto;\">\n\t\t\n<style>\n#gap-2081521838 {\n  padding-top: 30px;\n}\n<\/style>\n\t<\/div>\n\t\n  <div id=\"page-header-12096861\" class=\"page-header-wrapper\">\n  <div class=\"page-title light simple-title\">\n\n    \n    <div class=\"page-title-inner container align-center text-center flex-row-col medium-flex-wrap\" >\n              <div class=\"title-wrapper uppercase flex-col\">\n          <h1 class=\"entry-title mb-0\">\n            Encu\u00e9ntranos          <\/h1>\n        <\/div>\n                    <div class=\"title-content flex-col\">\n        <ul class=\"nav sm-touch-scroll nav-line nav-uppercase text-center nav-center\"><li class=\"nav-single-page hidden\"><\/li><\/ul>      <\/div>\n    <\/div>\n\n       <\/div>\n    <\/div>\n  \n\t<div id=\"gap-1198360650\" class=\"gap-element clearfix\" style=\"display:block; height:auto;\">\n\t\t\n<style>\n#gap-1198360650 {\n  padding-top: 30px;\n}\n<\/style>\n\t<\/div>\n\t\n<div class=\"row row-collapse align-middle align-center\"  id=\"row-2019111092\">\n\n\t<div id=\"col-1004197530\" class=\"col medium-10 small-12 large-10\"  >\n\t\t\t\t<div class=\"col-inner text-center\"  >\n\t\t\t\n\t\t\t\n<div class=\"row row-small\"  id=\"row-1818746848\">\n\n\t<div id=\"col-942967457\" class=\"col medium-6 small-12 large-6\"  >\n\t\t\t\t<div class=\"col-inner\"  >\n\t\t\t\n\t\t\t\n\n  <div class=\"banner has-hover\" id=\"banner-1928137903\">\n          <div class=\"banner-inner fill\">\n        <div class=\"banner-bg fill\" >\n                                                \n\t<div class=\"is-border\"\n\t\tstyle=\"border-color:rgb(216, 216, 216);border-width:1px 1px 1px 1px;\">\n\t<\/div>\n                    <\/div>\n\t\t\n        <div class=\"banner-layers container\">\n            <div class=\"fill banner-link\"><\/div>            \n   <div id=\"text-box-764448146\" class=\"text-box banner-layer x50 md-x50 lg-x50 y0 md-y0 lg-y0 res-text\">\n                                <div class=\"text-box-content text dark\">\n              \n              <div class=\"text-inner text-center\">\n                  \n\t<div id=\"gap-1779792679\" class=\"gap-element clearfix\" style=\"display:block; height:auto;\">\n\t\t\n<style>\n#gap-1779792679 {\n  padding-top: 100px;\n}\n<\/style>\n\t<\/div>\n\t\n<h2 style=\"text-align: center;\"><span style=\"color: #000000; font-size: 80%;\">COLOMBIA<\/span><\/h2>\n<div class=\"is-divider divider clearfix\" style=\"margin-top:30px;margin-bottom:30px;max-width:200px;height:1px;background-color:rgb(0, 0, 0);\"><\/div>\n<h3 style=\"text-align: center;\"><span style=\"color: #000000; font-size: 80%;\">Bogot\u00e1<\/span><\/h3>\n\t<div id=\"text-3863824009\" class=\"text\">\n\t\t\n<p style=\"text-align: center;\"><span style=\"color: #000000; font-size: 90%;\"><strong>FLAGSHIP STORE<\/strong><\/span><\/p>\n<p style=\"text-align: center;\"><span style=\"color: #000000; font-size: 90%;\">Casa Creciente &#8211; Calle 70 # 9-83 <\/span><\/p>\n<p style=\"text-align: center;\"><span style=\"color: #000000; font-size: 90%;\">Monday &#8211; Friday 10-6pm |\u00a0 Saturdays 11-6pm<\/span><\/p>\n\t\t\n<style>\n#text-3863824009 {\n  font-size: 1rem;\n  color: rgb(0, 0, 0);\n}\n#text-3863824009 > * {\n  color: rgb(0, 0, 0);\n}\n<\/style>\n\t<\/div>\n\t\n\t<div id=\"gap-1491243956\" class=\"gap-element clearfix\" style=\"display:block; height:auto;\">\n\t\t\n<style>\n#gap-1491243956 {\n  padding-top: 30px;\n}\n<\/style>\n\t<\/div>\n\t\n\t<div id=\"gap-572820362\" class=\"gap-element clearfix\" style=\"display:block; height:auto;\">\n\t\t\n<style>\n#gap-572820362 {\n  padding-top: 30px;\n}\n<\/style>\n\t<\/div>\n\t\n<h3 style=\"text-align: center;\"><span style=\"color: #000000; font-size: 80%;\">Cali<\/span><\/h3>\n\t<div id=\"text-3536338178\" class=\"text\">\n\t\t\n<p><a href=\"https:\/\/shopklo.com\/\"><span style=\"color: #000000; font-size: 90%;\"><strong>KLO<\/strong><\/span><\/a><br \/><span style=\"font-size: 80%;\">Av. 9A #9-40, Granada, Cali<\/span><\/p>\n\t\t\n<style>\n#text-3536338178 {\n  font-size: 1rem;\n  color: rgb(0, 0, 0);\n}\n#text-3536338178 > * {\n  color: rgb(0, 0, 0);\n}\n<\/style>\n\t<\/div>\n\t\n\t<div id=\"gap-1763320788\" class=\"gap-element clearfix\" style=\"display:block; height:auto;\">\n\t\t\n<style>\n#gap-1763320788 {\n  padding-top: 30px;\n}\n<\/style>\n\t<\/div>\n\t\n              <\/div>\n           <\/div>\n                            \n<style>\n#text-box-764448146 {\n  width: 85%;\n}\n#text-box-764448146 .text-box-content {\n  font-size: 100%;\n}\n<\/style>\n    <\/div>\n \n        <\/div>\n      <\/div>\n\n            \n<style>\n#banner-1928137903 {\n  padding-top: 150%;\n  background-color: rgb(255, 255, 255);\n}\n@media (min-width:850px) {\n  #banner-1928137903 {\n    padding-top: 170%;\n  }\n}\n<\/style>\n  <\/div>\n\n\n\t\t<\/div>\n\t\t\t\t\t<\/div>\n\n\t\n\n\t<div id=\"col-188059824\" class=\"col medium-6 small-12 large-6\"  >\n\t\t\t\t<div class=\"col-inner\"  >\n\t\t\t\n\t\t\t\n\n  <div class=\"banner has-hover\" id=\"banner-1422616956\">\n          <div class=\"banner-inner fill\">\n        <div class=\"banner-bg fill\" >\n                                                \n\t<div class=\"is-border\"\n\t\tstyle=\"border-color:rgb(216, 216, 216);border-width:1px 1px 1px 1px;\">\n\t<\/div>\n                    <\/div>\n\t\t\n        <div class=\"banner-layers container\">\n            <div class=\"fill banner-link\"><\/div>            \n   <div id=\"text-box-1510315658\" class=\"text-box banner-layer x50 md-x50 lg-x50 y0 md-y0 lg-y0 res-text\">\n                     <div data-animate=\"none\">           <div class=\"text-box-content text \">\n              \n              <div class=\"text-inner text-center\">\n                  \n\t<div id=\"gap-63599939\" class=\"gap-element clearfix\" style=\"display:block; height:auto;\">\n\t\t\n<style>\n#gap-63599939 {\n  padding-top: 100px;\n}\n<\/style>\n\t<\/div>\n\t\n<h2 class=\"lead\"><span style=\"color: #000000; font-size: 80%;\">World Wide<\/span><\/h2>\n<div class=\"is-divider divider clearfix\" style=\"margin-top:30px;margin-bottom:30px;max-width:200px;height:1px;background-color:rgb(0, 0, 0);\"><\/div>\n<h3 class=\"lead\"><span style=\"color: #000000; font-size: 80%;\">M\u00e9xico<\/span><\/h3>\n\t<div id=\"text-1349425264\" class=\"text\">\n\t\t\n<p><span style=\"font-size: 12.96px;\"><a href=\"https:\/\/ikalstore.com\/\">IKAL STORE\u00a0<\/a><br \/>Masaryk 340, CDMX<\/span><\/p>\n\t\t\n<style>\n#text-1349425264 {\n  font-size: 1rem;\n}\n<\/style>\n\t<\/div>\n\t\n<h3 class=\"lead\"><span style=\"color: #000000; font-size: 80%;\">USA<\/span><\/h3>\n\t<div id=\"text-1387689464\" class=\"text\">\n\t\t\n<p><span style=\"font-size: 12.96px;\"><a href=\"https:\/\/www.evamaia.com\/?srsltid=AfmBOorAK2K1B7J55wVCJMHZlUW0L9j7NSWxcmWU4bDDs4J5lv6vetUz\">EVAMAIA<\/a><br \/>12053 1\/2 Ventura Place, Studio City<br \/>Los Angeles <\/span><span style=\"font-size: 12.96px;\">CA 91604<\/span><\/p>\n\t\t\n<style>\n#text-1387689464 {\n  font-size: 1rem;\n}\n<\/style>\n\t<\/div>\n\t\n\t<div id=\"gap-1585891167\" class=\"gap-element clearfix\" style=\"display:block; height:auto;\">\n\t\t\n<style>\n#gap-1585891167 {\n  padding-top: 30px;\n}\n<\/style>\n\t<\/div>\n\t\n<h3 class=\"lead\"><span style=\"color: #000000; font-size: 80%;\">PUNTA CANA<\/span><\/h3>\n\t<div id=\"text-788708287\" class=\"text\">\n\t\t\n<p><span style=\"font-size: 12.96px;\"><a href=\"https:\/\/antibesshop.com\/es\/collections\/aysha-bilgrami\">ANTIBES<\/a><br \/>Sal\u00f3n Oeste del Blue Mall Puntacana<\/span><\/p>\n\t\t\n<style>\n#text-788708287 {\n  font-size: 1rem;\n}\n<\/style>\n\t<\/div>\n\t\n              <\/div>\n           <\/div>\n       <\/div>                     \n<style>\n#text-box-1510315658 {\n  width: 84%;\n}\n#text-box-1510315658 .text-box-content {\n  font-size: 111%;\n}\n@media (min-width:550px) {\n  #text-box-1510315658 {\n    width: 57%;\n  }\n  #text-box-1510315658 .text-box-content {\n    font-size: 100%;\n  }\n}\n<\/style>\n    <\/div>\n \n        <\/div>\n      <\/div>\n\n            \n<style>\n#banner-1422616956 {\n  padding-top: 150%;\n  background-color: rgb(255, 255, 255);\n}\n@media (min-width:850px) {\n  #banner-1422616956 {\n    padding-top: 170.36%;\n  }\n}\n<\/style>\n  <\/div>\n\n\n\t\t<\/div>\n\t\t\t\t\t<\/div>\n\n\t\n<\/div>\n\t\t<\/div>\n\t\t\t\t\t<\/div>\n\n\t\n<\/div>\n\t<div id=\"gap-778322214\" class=\"gap-element clearfix\" style=\"display:block; height:auto;\">\n\t\t\n<style>\n#gap-778322214 {\n  padding-top: 150px;\n}\n<\/style>\n\t<\/div>\n\t\n","protected":false},"excerpt":{"rendered":"","protected":false},"author":1,"featured_media":17966,"parent":0,"menu_order":3,"comment_status":"closed","ping_status":"closed","template":"page-blank.php","meta":{"footnotes":""},"class_list":["post-2469","page","type-page","status-publish","has-post-thumbnail","hentry"],"yoast_head":"<!-- This site is optimized with the Yoast SEO plugin v26.6 - https:\/\/yoast.com\/wordpress\/plugins\/seo\/ -->\n<title>Encu\u00e9ntranos - Aysha Bilgrami Jewelry<\/title>\n<meta name=\"description\" content=\"STOCKISTS Aysha Bilgrami crea fusiones culturales a trav\u00e9s de joyas hechas con plata reciclada y refinada de radiograf\u00edas. Descubra d\u00f3nde comprar.\" \/>\n<meta name=\"robots\" content=\"index, follow, max-snippet:-1, max-image-preview:large, max-video-preview:-1\" \/>\n<link rel=\"canonical\" href=\"https:\/\/ayshabilgrami.com\/discover\/stockists\/\" \/>\n<meta property=\"og:locale\" content=\"es_ES\" \/>\n<meta property=\"og:type\" content=\"article\" \/>\n<meta property=\"og:title\" content=\"Encu\u00e9ntranos - Aysha Bilgrami Jewelry\" \/>\n<meta property=\"og:description\" content=\"STOCKISTS Aysha Bilgrami crea fusiones culturales a trav\u00e9s de joyas hechas con plata reciclada y refinada de radiograf\u00edas. Descubra d\u00f3nde comprar.\" \/>\n<meta property=\"og:url\" content=\"https:\/\/ayshabilgrami.com\/discover\/stockists\/\" \/>\n<meta property=\"og:site_name\" content=\"Aysha Bilgrami Jewelry\" \/>\n<meta property=\"article:modified_time\" content=\"2025-12-23T02:59:11+00:00\" \/>\n<meta property=\"og:image\" content=\"https:\/\/ayshabilgrami.com\/wp-content\/uploads\/2022\/07\/new-copy.jpg\" \/>\n\t<meta property=\"og:image:width\" content=\"1130\" \/>\n\t<meta property=\"og:image:height\" content=\"1288\" \/>\n\t<meta property=\"og:image:type\" content=\"image\/jpeg\" \/>\n<meta name=\"twitter:card\" content=\"summary_large_image\" \/>\n<meta name=\"twitter:label1\" content=\"Tiempo de lectura\" \/>\n\t<meta name=\"twitter:data1\" content=\"1 minuto\" \/>\n<script type=\"application\/ld+json\" class=\"yoast-schema-graph\">{\"@context\":\"https:\/\/schema.org\",\"@graph\":[{\"@type\":\"WebPage\",\"@id\":\"https:\/\/ayshabilgrami.com\/discover\/stockists\/\",\"url\":\"https:\/\/ayshabilgrami.com\/discover\/stockists\/\",\"name\":\"Encu\u00e9ntranos - Aysha Bilgrami Jewelry\",\"isPartOf\":{\"@id\":\"https:\/\/ayshabilgrami.com\/#website\"},\"primaryImageOfPage\":{\"@id\":\"https:\/\/ayshabilgrami.com\/discover\/stockists\/#primaryimage\"},\"image\":{\"@id\":\"https:\/\/ayshabilgrami.com\/discover\/stockists\/#primaryimage\"},\"thumbnailUrl\":\"https:\/\/ayshabilgrami.com\/wp-content\/uploads\/2022\/07\/new-copy.jpg\",\"datePublished\":\"2019-01-31T21:40:29+00:00\",\"dateModified\":\"2025-12-23T02:59:11+00:00\",\"description\":\"STOCKISTS Aysha Bilgrami crea fusiones culturales a trav\u00e9s de joyas hechas con plata reciclada y refinada de radiograf\u00edas. Descubra d\u00f3nde comprar.\",\"breadcrumb\":{\"@id\":\"https:\/\/ayshabilgrami.com\/discover\/stockists\/#breadcrumb\"},\"inLanguage\":\"es\",\"potentialAction\":[{\"@type\":\"ReadAction\",\"target\":[\"https:\/\/ayshabilgrami.com\/discover\/stockists\/\"]}]},{\"@type\":\"ImageObject\",\"inLanguage\":\"es\",\"@id\":\"https:\/\/ayshabilgrami.com\/discover\/stockists\/#primaryimage\",\"url\":\"https:\/\/ayshabilgrami.com\/wp-content\/uploads\/2022\/07\/new-copy.jpg\",\"contentUrl\":\"https:\/\/ayshabilgrami.com\/wp-content\/uploads\/2022\/07\/new-copy.jpg\",\"width\":1130,\"height\":1288,\"caption\":\"tienda insignia de atelier crump y aysha bilgrami en un d\u00eda soleado de cielo azul. Una imagen de la luna creciente brilla como se\u00f1al. Ubicada en bogota colombia en la quinta camacho.\"},{\"@type\":\"BreadcrumbList\",\"@id\":\"https:\/\/ayshabilgrami.com\/discover\/stockists\/#breadcrumb\",\"itemListElement\":[{\"@type\":\"ListItem\",\"position\":1,\"name\":\"Home\",\"item\":\"https:\/\/ayshabilgrami.com\/\"},{\"@type\":\"ListItem\",\"position\":2,\"name\":\"Encu\u00e9ntranos\"}]},{\"@type\":\"WebSite\",\"@id\":\"https:\/\/ayshabilgrami.com\/#website\",\"url\":\"https:\/\/ayshabilgrami.com\/\",\"name\":\"Aysha Bilgrami Jewelry\",\"description\":\"Cultural Fusions Made Jewelry\",\"publisher\":{\"@id\":\"https:\/\/ayshabilgrami.com\/#organization\"},\"potentialAction\":[{\"@type\":\"SearchAction\",\"target\":{\"@type\":\"EntryPoint\",\"urlTemplate\":\"https:\/\/ayshabilgrami.com\/?s={search_term_string}\"},\"query-input\":{\"@type\":\"PropertyValueSpecification\",\"valueRequired\":true,\"valueName\":\"search_term_string\"}}],\"inLanguage\":\"es\"},{\"@type\":\"Organization\",\"@id\":\"https:\/\/ayshabilgrami.com\/#organization\",\"name\":\"AYSHA BILGRAMI SAS\",\"url\":\"https:\/\/ayshabilgrami.com\/\",\"logo\":{\"@type\":\"ImageObject\",\"inLanguage\":\"es\",\"@id\":\"https:\/\/ayshabilgrami.com\/#\/schema\/logo\/image\/\",\"url\":\"https:\/\/ayshabilgrami.com\/wp-content\/uploads\/2019\/05\/logo-aysha.png\",\"contentUrl\":\"https:\/\/ayshabilgrami.com\/wp-content\/uploads\/2019\/05\/logo-aysha.png\",\"width\":546,\"height\":199,\"caption\":\"AYSHA BILGRAMI SAS\"},\"image\":{\"@id\":\"https:\/\/ayshabilgrami.com\/#\/schema\/logo\/image\/\"}}]}<\/script>\n<!-- \/ Yoast SEO plugin. -->","yoast_head_json":{"title":"Encu\u00e9ntranos - Aysha Bilgrami Jewelry","description":"STOCKISTS Aysha Bilgrami crea fusiones culturales a trav\u00e9s de joyas hechas con plata reciclada y refinada de radiograf\u00edas. Descubra d\u00f3nde comprar.","robots":{"index":"index","follow":"follow","max-snippet":"max-snippet:-1","max-image-preview":"max-image-preview:large","max-video-preview":"max-video-preview:-1"},"canonical":"https:\/\/ayshabilgrami.com\/discover\/stockists\/","og_locale":"es_ES","og_type":"article","og_title":"Encu\u00e9ntranos - Aysha Bilgrami Jewelry","og_description":"STOCKISTS Aysha Bilgrami crea fusiones culturales a trav\u00e9s de joyas hechas con plata reciclada y refinada de radiograf\u00edas. Descubra d\u00f3nde comprar.","og_url":"https:\/\/ayshabilgrami.com\/discover\/stockists\/","og_site_name":"Aysha Bilgrami Jewelry","article_modified_time":"2025-12-23T02:59:11+00:00","og_image":[{"width":1130,"height":1288,"url":"https:\/\/ayshabilgrami.com\/wp-content\/uploads\/2022\/07\/new-copy.jpg","type":"image\/jpeg"}],"twitter_card":"summary_large_image","twitter_misc":{"Tiempo de lectura":"1 minuto"},"schema":{"@context":"https:\/\/schema.org","@graph":[{"@type":"WebPage","@id":"https:\/\/ayshabilgrami.com\/discover\/stockists\/","url":"https:\/\/ayshabilgrami.com\/discover\/stockists\/","name":"Encu\u00e9ntranos - Aysha Bilgrami Jewelry","isPartOf":{"@id":"https:\/\/ayshabilgrami.com\/#website"},"primaryImageOfPage":{"@id":"https:\/\/ayshabilgrami.com\/discover\/stockists\/#primaryimage"},"image":{"@id":"https:\/\/ayshabilgrami.com\/discover\/stockists\/#primaryimage"},"thumbnailUrl":"https:\/\/ayshabilgrami.com\/wp-content\/uploads\/2022\/07\/new-copy.jpg","datePublished":"2019-01-31T21:40:29+00:00","dateModified":"2025-12-23T02:59:11+00:00","description":"STOCKISTS Aysha Bilgrami crea fusiones culturales a trav\u00e9s de joyas hechas con plata reciclada y refinada de radiograf\u00edas. Descubra d\u00f3nde comprar.","breadcrumb":{"@id":"https:\/\/ayshabilgrami.com\/discover\/stockists\/#breadcrumb"},"inLanguage":"es","potentialAction":[{"@type":"ReadAction","target":["https:\/\/ayshabilgrami.com\/discover\/stockists\/"]}]},{"@type":"ImageObject","inLanguage":"es","@id":"https:\/\/ayshabilgrami.com\/discover\/stockists\/#primaryimage","url":"https:\/\/ayshabilgrami.com\/wp-content\/uploads\/2022\/07\/new-copy.jpg","contentUrl":"https:\/\/ayshabilgrami.com\/wp-content\/uploads\/2022\/07\/new-copy.jpg","width":1130,"height":1288,"caption":"tienda insignia de atelier crump y aysha bilgrami en un d\u00eda soleado de cielo azul. Una imagen de la luna creciente brilla como se\u00f1al. Ubicada en bogota colombia en la quinta camacho."},{"@type":"BreadcrumbList","@id":"https:\/\/ayshabilgrami.com\/discover\/stockists\/#breadcrumb","itemListElement":[{"@type":"ListItem","position":1,"name":"Home","item":"https:\/\/ayshabilgrami.com\/"},{"@type":"ListItem","position":2,"name":"Encu\u00e9ntranos"}]},{"@type":"WebSite","@id":"https:\/\/ayshabilgrami.com\/#website","url":"https:\/\/ayshabilgrami.com\/","name":"Aysha Bilgrami Jewelry","description":"Cultural Fusions Made Jewelry","publisher":{"@id":"https:\/\/ayshabilgrami.com\/#organization"},"potentialAction":[{"@type":"SearchAction","target":{"@type":"EntryPoint","urlTemplate":"https:\/\/ayshabilgrami.com\/?s={search_term_string}"},"query-input":{"@type":"PropertyValueSpecification","valueRequired":true,"valueName":"search_term_string"}}],"inLanguage":"es"},{"@type":"Organization","@id":"https:\/\/ayshabilgrami.com\/#organization","name":"AYSHA BILGRAMI SAS","url":"https:\/\/ayshabilgrami.com\/","logo":{"@type":"ImageObject","inLanguage":"es","@id":"https:\/\/ayshabilgrami.com\/#\/schema\/logo\/image\/","url":"https:\/\/ayshabilgrami.com\/wp-content\/uploads\/2019\/05\/logo-aysha.png","contentUrl":"https:\/\/ayshabilgrami.com\/wp-content\/uploads\/2019\/05\/logo-aysha.png","width":546,"height":199,"caption":"AYSHA BILGRAMI SAS"},"image":{"@id":"https:\/\/ayshabilgrami.com\/#\/schema\/logo\/image\/"}}]}},"_links":{"self":[{"href":"https:\/\/ayshabilgrami.com\/es\/wp-json\/wp\/v2\/pages\/2469","targetHints":{"allow":["GET"]}}],"collection":[{"href":"https:\/\/ayshabilgrami.com\/es\/wp-json\/wp\/v2\/pages"}],"about":[{"href":"https:\/\/ayshabilgrami.com\/es\/wp-json\/wp\/v2\/types\/page"}],"author":[{"embeddable":true,"href":"https:\/\/ayshabilgrami.com\/es\/wp-json\/wp\/v2\/users\/1"}],"replies":[{"embeddable":true,"href":"https:\/\/ayshabilgrami.com\/es\/wp-json\/wp\/v2\/comments?post=2469"}],"version-history":[{"count":93,"href":"https:\/\/ayshabilgrami.com\/es\/wp-json\/wp\/v2\/pages\/2469\/revisions"}],"predecessor-version":[{"id":34755,"href":"https:\/\/ayshabilgrami.com\/es\/wp-json\/wp\/v2\/pages\/2469\/revisions\/34755"}],"wp:featuredmedia":[{"embeddable":true,"href":"https:\/\/ayshabilgrami.com\/es\/wp-json\/wp\/v2\/media\/17966"}],"wp:attachment":[{"href":"https:\/\/ayshabilgrami.com\/es\/wp-json\/wp\/v2\/media?parent=2469"}],"curies":[{"name":"wp","href":"https:\/\/api.w.org\/{rel}","templated":true}]}}