{"id":7389,"date":"2020-07-11T12:04:45","date_gmt":"2020-07-11T17:04:45","guid":{"rendered":"https:\/\/ayshabilgrami.com\/?page_id=7389"},"modified":"2025-10-21T13:16:22","modified_gmt":"2025-10-21T18:16:22","slug":"sustainability","status":"publish","type":"page","link":"https:\/\/ayshabilgrami.com\/es\/sustainability\/","title":{"rendered":"Sostenibilidad"},"content":{"rendered":"\t<div id=\"gap-227579651\" class=\"gap-element clearfix\" style=\"display:block; height:auto;\">\n\t\t\n<style>\n#gap-227579651 {\n  padding-top: 20px;\n}\n@media (min-width:550px) {\n  #gap-227579651 {\n    padding-top: 30px;\n  }\n}\n<\/style>\n\t<\/div>\n\t\n  <div id=\"page-header-2036366003\" class=\"page-header-wrapper\">\n  <div class=\"page-title light simple-title\">\n\n    \n    <div class=\"page-title-inner container align-center text-center flex-row-col medium-flex-wrap\" >\n              <div class=\"title-wrapper uppercase flex-col\">\n          <h1 class=\"entry-title mb-0\">\n            Sostenibilidad          <\/h1>\n        <\/div>\n                    <div class=\"title-content flex-col\">\n        <ul class=\"nav sm-touch-scroll nav-line nav-uppercase text-center nav-center\"><li class=\"nav-single-page hidden\"><\/li><\/ul>      <\/div>\n    <\/div>\n\n       <\/div>\n    <\/div>\n  \n\t<div id=\"gap-1718545427\" class=\"gap-element clearfix\" style=\"display:block; height:auto;\">\n\t\t\n<style>\n#gap-1718545427 {\n  padding-top: 20px;\n}\n@media (min-width:550px) {\n  #gap-1718545427 {\n    padding-top: 30px;\n  }\n}\n<\/style>\n\t<\/div>\n\t\n<div class=\"row row-collapse row-full-width\"  id=\"row-1387045045\">\n\n\t<div id=\"col-404405652\" class=\"col medium-6 small-12 large-6\"  >\n\t\t\t\t<div class=\"col-inner\"  >\n\t\t\t\n\t<div class=\"is-border\"\n\t\tstyle=\"border-color:rgb(0, 0, 0);border-width:14px 0px 0px 0px;\">\n\t<\/div>\n\t\t\t\n\n  <div class=\"banner has-hover has-parallax\" id=\"banner-31133496\">\n          <div class=\"banner-inner fill\">\n        <div class=\"banner-bg fill\" data-parallax=\"-6\" data-parallax-container=\".banner\" data-parallax-background>\n            <img loading=\"lazy\" decoding=\"async\" width=\"584\" height=\"700\" src=\"https:\/\/ayshabilgrami.com\/wp-content\/uploads\/2022\/05\/crescents.png\" class=\"bg attachment-original size-original\" alt=\"\" \/>                                    \n                    <\/div>\n\t\t\n        <div class=\"banner-layers container\">\n            <div class=\"fill banner-link\"><\/div>            \n   <div id=\"text-box-616186272\" class=\"text-box banner-layer x50 md-x50 lg-x50 y50 md-y50 lg-y50 res-text\">\n                                <div class=\"text-box-content text dark\">\n              \n              <div class=\"text-inner text-center\">\n                  \n              <\/div>\n           <\/div>\n                            \n<style>\n#text-box-616186272 {\n  width: 60%;\n}\n#text-box-616186272 .text-box-content {\n  font-size: 100%;\n}\n@media (min-width:550px) {\n  #text-box-616186272 {\n    width: 60%;\n  }\n}\n<\/style>\n    <\/div>\n \n        <\/div>\n      <\/div>\n\n            \n<style>\n#banner-31133496 {\n  padding-top: 500px;\n  background-color: rgba(255, 255, 255, 0);\n}\n#banner-31133496 .banner-bg img {\n  object-position: 59% 0%;\n}\n@media (min-width:550px) {\n  #banner-31133496 {\n    padding-top: 99.99%;\n  }\n}\n<\/style>\n  <\/div>\n\n\n\t\t<\/div>\n\t\t\t\t\t<\/div>\n\n\t\n\n\t<div id=\"col-314119828\" class=\"col medium-6 small-12 large-6\"  >\n\t\t\t\t<div class=\"col-inner\"  >\n\t\t\t\n\t<div class=\"is-border\"\n\t\tstyle=\"border-width:1px 0px 0px 0px;\">\n\t<\/div>\n\t\t\t\n\n  <div class=\"banner has-hover\" id=\"banner-803563235\">\n          <div class=\"banner-inner fill\">\n        <div class=\"banner-bg fill\" >\n                                                \n\t<div class=\"is-border\"\n\t\tstyle=\"border-color:rgb(0, 0, 0);border-width:1px 0px 0px 0px;\">\n\t<\/div>\n                    <\/div>\n\t\t\n        <div class=\"banner-layers container\">\n            <div class=\"fill banner-link\"><\/div>            \n   <div id=\"text-box-1204690413\" class=\"text-box banner-layer x50 md-x50 lg-x50 y50 md-y50 lg-y50 res-text\">\n                                <div class=\"text-box-content text \">\n              \n              <div class=\"text-inner text-center\">\n                  \n\t<div id=\"text-1379275506\" class=\"text\">\n\t\t\n<h2 class=\"uppercase\" style=\"text-align: left;\"><span style=\"font-size: 75%;\">CREAR CONCIENCIA | <em>MOLDEAR LA MATERIA\u00a0<\/em><\/span><\/h2>\n<p><\/p>\n<div class=\"page\" title=\"Page 5\">\n<div class=\"layoutArea\">\n<div class=\"column\">\n<p style=\"text-align: left;\">Siendo joyeros, creemos en el poder de moldear la materia. Esta premisa, adem\u00e1s de ser el principio de nuestras creaciones, constituye el coraz\u00f3n de nuestro compromiso con la sostenibilidad. La tierra nos sostiene, nos inspira y nos ofrece las herramientas para crear y expresarnos; por eso, desde 2017 decidimos darle una segunda vida a los materiales que usamos, reemplazando la plata extra\u00edda tradicionalmente por plata reciclada \u2014igual de pura\u2014 recuperada de radiograf\u00edas a trav\u00e9s de procesos qu\u00edmicos y enzim\u00e1ticos.<\/p>\n<\/div>\n<p><\/div>\n<p><\/div>\n\t\t\n<style>\n#text-1379275506 {\n  font-size: 1rem;\n  color: rgb(0, 0, 0);\n}\n#text-1379275506 > * {\n  color: rgb(0, 0, 0);\n}\n<\/style>\n\t<\/div>\n\t\n              <\/div>\n           <\/div>\n                            \n<style>\n#text-box-1204690413 .text-box-content {\n  background-color: rgba(255, 255, 255, 0);\n  font-size: 130%;\n}\n#text-box-1204690413 {\n  width: 75%;\n}\n@media (min-width:550px) {\n  #text-box-1204690413 {\n    width: 67%;\n  }\n}\n<\/style>\n    <\/div>\n \n        <\/div>\n      <\/div>\n\n            \n<style>\n#banner-803563235 {\n  padding-top: 580px;\n  background-color: rgba(255, 255, 255, 0);\n}\n@media (min-width:550px) {\n  #banner-803563235 {\n    padding-top: 99.99%;\n  }\n}\n<\/style>\n  <\/div>\n\n\n\t\t<\/div>\n\t\t\t\t\t<\/div>\n\n\t\n<\/div>\n<div class=\"row row-collapse row-full-width\"  id=\"row-1566651057\">\n\n\t<div id=\"col-1815298658\" class=\"col medium-6 small-12 large-6\"  >\n\t\t\t\t<div class=\"col-inner\"  >\n\t\t\t\n\t\t\t\n\n  <div class=\"banner has-hover\" id=\"banner-668152199\">\n          <div class=\"banner-inner fill\">\n        <div class=\"banner-bg fill\" >\n                                                \n\t<div class=\"is-border\"\n\t\tstyle=\"border-color:rgb(0, 0, 0);border-width:0px 0px 1px 0px;\">\n\t<\/div>\n                    <\/div>\n\t\t\n        <div class=\"banner-layers container\">\n            <div class=\"fill banner-link\"><\/div>            \n   <div id=\"text-box-1455618486\" class=\"text-box banner-layer x50 md-x50 lg-x50 y50 md-y50 lg-y50 res-text\">\n                                <div class=\"text-box-content text \">\n              \n              <div class=\"text-inner text-center\">\n                  \n\t<div id=\"text-2221546809\" class=\"text\">\n\t\t\n<p>Esta misma filosof\u00eda nos impulsa a cuidar lo que ya existe: ofrecemos un servicio de limpieza y mantenimiento para que las joyas duren para siempre y puedan ser heredadas de generaci\u00f3n en generaci\u00f3n, y a trav\u00e9s de nuestro programa Bespoke Remake transformamos piezas olvidadas o simb\u00f3licas \u2014como las que te regalaron de beb\u00e9 o en tu primera comuni\u00f3n\u2014 en nuevas creaciones con un significado renovado. Adem\u00e1s, a excepci\u00f3n de nuestras piedras naturales, toda nuestra materia prima y mano de obra es de origen nacional, lo que reduce nuestra huella de carbono y apoya el trabajo artesanal local.<\/p>\n<p>Creemos en el valor de lo que perdura, se transforma y se comparte.<br \/>\n\t\t\n<style>\n#text-2221546809 {\n  font-size: 1rem;\n  text-align: left;\n}\n<\/style>\n\t<\/div>\n\t\n              <\/div>\n           <\/div>\n                            \n<style>\n#text-box-1455618486 .text-box-content {\n  background-color: rgba(255, 255, 255, 0);\n  font-size: 130%;\n}\n#text-box-1455618486 {\n  width: 78%;\n}\n@media (min-width:550px) {\n  #text-box-1455618486 {\n    width: 67%;\n  }\n}\n<\/style>\n    <\/div>\n \n        <\/div>\n      <\/div>\n\n            \n<style>\n#banner-668152199 {\n  padding-top: 580px;\n  background-color: rgba(255, 255, 255, 0);\n}\n@media (min-width:550px) {\n  #banner-668152199 {\n    padding-top: 99.99%;\n  }\n}\n<\/style>\n  <\/div>\n\n\n\t\t<\/div>\n\t\t\t\t\t<\/div>\n\n\t\n\n\t<div id=\"col-140885119\" class=\"col medium-6 small-12 large-6\"  >\n\t\t\t\t<div class=\"col-inner\"  >\n\t\t\t\n\t\t\t\n\n  <div class=\"banner has-hover\" id=\"banner-283672553\">\n          <div class=\"banner-inner fill\">\n        <div class=\"banner-bg fill\" >\n            <img loading=\"lazy\" decoding=\"async\" width=\"1512\" height=\"2016\" src=\"https:\/\/ayshabilgrami.com\/wp-content\/uploads\/2021\/02\/fire.jpg\" class=\"bg attachment-original size-original\" alt=\"\" \/>                                    \n                    <\/div>\n\t\t\n        <div class=\"banner-layers container\">\n            <div class=\"fill banner-link\"><\/div>            \n   <div id=\"text-box-1133686556\" class=\"text-box banner-layer x50 md-x50 lg-x50 y50 md-y50 lg-y50 res-text\">\n                                <div class=\"text-box-content text dark\">\n              \n              <div class=\"text-inner text-center\">\n                  \n              <\/div>\n           <\/div>\n                            \n<style>\n#text-box-1133686556 {\n  width: 60%;\n}\n#text-box-1133686556 .text-box-content {\n  font-size: 100%;\n}\n<\/style>\n    <\/div>\n \n        <\/div>\n      <\/div>\n\n            \n<style>\n#banner-283672553 {\n  padding-top: 500px;\n  background-color: rgba(255, 255, 255, 0);\n}\n#banner-283672553 .banner-bg img {\n  object-position: 47% 100%;\n}\n@media (min-width:550px) {\n  #banner-283672553 {\n    padding-top: 99.99%;\n  }\n}\n<\/style>\n  <\/div>\n\n\n\t\t<\/div>\n\t\t\t\t\t<\/div>\n\n\t\n<\/div>\n\t<div id=\"gap-307108571\" class=\"gap-element clearfix\" style=\"display:block; height:auto;\">\n\t\t\n<style>\n#gap-307108571 {\n  padding-top: 60px;\n}\n@media (min-width:550px) {\n  #gap-307108571 {\n    padding-top: 100px;\n  }\n}\n<\/style>\n\t<\/div>\n\t\n<div class=\"row align-center hide-for-small\"  id=\"row-2078258809\">\n\n\t<div id=\"col-184855258\" class=\"col medium-11 small-12 large-11\"  >\n\t\t\t\t<div class=\"col-inner text-center\"  >\n\t\t\t\n\t\t\t\n\t<div id=\"text-2432850471\" class=\"text\">\n\t\t\n<div style=\"width: 1020px;\" class=\"wp-video\"><!--[if lt IE 9]><script>document.createElement('video');<\/script><![endif]-->\n<video class=\"wp-video-shortcode\" id=\"video-7389-1\" width=\"1020\" height=\"574\" autoplay=\"1\" preload=\"auto\" controls=\"controls\"><source type=\"video\/mp4\" src=\"https:\/\/ayshabilgrami.com\/wp-content\/uploads\/2025\/07\/WhatsApp-Video-2025-07-01-at-5.35.57-PM.mp4?_=1\" \/><a href=\"https:\/\/ayshabilgrami.com\/wp-content\/uploads\/2025\/07\/WhatsApp-Video-2025-07-01-at-5.35.57-PM.mp4\">https:\/\/ayshabilgrami.com\/wp-content\/uploads\/2025\/07\/WhatsApp-Video-2025-07-01-at-5.35.57-PM.mp4<\/a><\/video><\/div>\n\t\t\n<style>\n#text-2432850471 {\n  text-align: center;\n}\n<\/style>\n\t<\/div>\n\t\n<div class=\"video video-fit mb hidden\" style=\"padding-top:56.25%;\"><p><iframe loading=\"lazy\" title=\"The Jeweler and the Designer no.2\" width=\"1020\" height=\"574\" src=\"https:\/\/www.youtube.com\/embed\/ZSyNIz6PNxA?feature=oembed\" frameborder=\"0\" allow=\"accelerometer; autoplay; clipboard-write; encrypted-media; gyroscope; picture-in-picture; web-share\" referrerpolicy=\"strict-origin-when-cross-origin\" allowfullscreen><\/iframe><\/p>\n<\/div>\n\t\t<\/div>\n\t\t\t\t\t<\/div>\n\n\t\n<\/div>\n<div class=\"row align-center show-for-medium\"  id=\"row-879703982\">\n\n\t<div id=\"col-311669213\" class=\"col medium-11 small-12 large-11\"  >\n\t\t\t\t<div class=\"col-inner text-center\"  >\n\t\t\t\n\t\t\t\n<div class=\"video video-fit mb hidden\" style=\"padding-top:56.25%;\"><p><iframe loading=\"lazy\" title=\"The Jeweler and the Designer no.2\" width=\"1020\" height=\"574\" src=\"https:\/\/www.youtube.com\/embed\/ZSyNIz6PNxA?feature=oembed\" frameborder=\"0\" allow=\"accelerometer; autoplay; clipboard-write; encrypted-media; gyroscope; picture-in-picture; web-share\" referrerpolicy=\"strict-origin-when-cross-origin\" allowfullscreen><\/iframe><\/p>\n<\/div>\n\t<div id=\"text-680954231\" class=\"text\">\n\t\t\n<div style=\"width: 720px;\" class=\"wp-video\"><video class=\"wp-video-shortcode\" id=\"video-7389-2\" width=\"720\" height=\"1280\" preload=\"metadata\" controls=\"controls\"><source type=\"video\/mp4\" src=\"https:\/\/ayshabilgrami.com\/wp-content\/uploads\/2025\/07\/WhatsApp-Video-2025-07-01-at-8.12.05-PM.mp4?_=2\" \/><a href=\"https:\/\/ayshabilgrami.com\/wp-content\/uploads\/2025\/07\/WhatsApp-Video-2025-07-01-at-8.12.05-PM.mp4\">https:\/\/ayshabilgrami.com\/wp-content\/uploads\/2025\/07\/WhatsApp-Video-2025-07-01-at-8.12.05-PM.mp4<\/a><\/video><\/div>\n\t\t\n<style>\n#text-680954231 {\n  text-align: center;\n}\n<\/style>\n\t<\/div>\n\t\n\t\t<\/div>\n\t\t\t\t\t<\/div>\n\n\t\n<\/div>\n\n  <div class=\"banner has-hover\" id=\"banner-1429135346\">\n          <div class=\"banner-inner fill\">\n        <div class=\"banner-bg fill\" >\n                                                \n                    <\/div>\n\t\t\n        <div class=\"banner-layers container\">\n            <div class=\"fill banner-link\"><\/div>            \n   <div id=\"text-box-724764556\" class=\"text-box banner-layer x50 md-x50 lg-x50 y0 md-y0 lg-y0 res-text\">\n                                <div class=\"text-box-content text \">\n              \n              <div class=\"text-inner text-center\">\n                  \n<a class=\"button primary is-link hidden\" >\n\t\t<span>ver m\u00e1s videos: aqu\u00ed<\/span>\n\t<\/a>\n\n              <\/div>\n           <\/div>\n                            \n<style>\n#text-box-724764556 {\n  width: 60%;\n}\n#text-box-724764556 .text-box-content {\n  font-size: 100%;\n}\n<\/style>\n    <\/div>\n \n        <\/div>\n      <\/div>\n\n            \n<style>\n#banner-1429135346 {\n  padding-top: 150px;\n  background-color: rgba(255, 255, 255, 0);\n}\n<\/style>\n  <\/div>\n\n\n","protected":false},"excerpt":{"rendered":"","protected":false},"author":1,"featured_media":11056,"parent":0,"menu_order":2,"comment_status":"closed","ping_status":"closed","template":"page-blank.php","meta":{"footnotes":""},"class_list":["post-7389","page","type-page","status-publish","has-post-thumbnail","hentry"],"yoast_head":"<!-- This site is optimized with the Yoast SEO plugin v26.6 - https:\/\/yoast.com\/wordpress\/plugins\/seo\/ -->\n<title>Sostenibilidad - Aysha Bilgrami Jewelry<\/title>\n<meta name=\"description\" content=\"SOSTENIBILIDAD - Aysha Bilgrami joyer\u00eda act\u00faa en pro de la sostenibilidad dando una segunda vida a los materiales que utiliza mediante el uso de plata reciclada de las radiograf\u00edas\" \/>\n<meta name=\"robots\" content=\"index, follow, max-snippet:-1, max-image-preview:large, max-video-preview:-1\" \/>\n<link rel=\"canonical\" href=\"https:\/\/ayshabilgrami.com\/es\/sustainability\/\" \/>\n<meta property=\"og:locale\" content=\"es_ES\" \/>\n<meta property=\"og:type\" content=\"article\" \/>\n<meta property=\"og:title\" content=\"Sostenibilidad - Aysha Bilgrami Jewelry\" \/>\n<meta property=\"og:description\" content=\"SOSTENIBILIDAD - Aysha Bilgrami joyer\u00eda act\u00faa en pro de la sostenibilidad dando una segunda vida a los materiales que utiliza mediante el uso de plata reciclada de las radiograf\u00edas\" \/>\n<meta property=\"og:url\" content=\"https:\/\/ayshabilgrami.com\/es\/sustainability\/\" \/>\n<meta property=\"og:site_name\" content=\"Aysha Bilgrami Jewelry\" \/>\n<meta property=\"article:modified_time\" content=\"2025-10-21T18:16:22+00:00\" \/>\n<meta property=\"og:image\" content=\"https:\/\/ayshabilgrami.com\/wp-content\/uploads\/2021\/09\/crescents.png\" \/>\n\t<meta property=\"og:image:width\" content=\"584\" \/>\n\t<meta property=\"og:image:height\" content=\"700\" \/>\n\t<meta property=\"og:image:type\" content=\"image\/png\" \/>\n<meta name=\"twitter:card\" content=\"summary_large_image\" \/>\n<meta name=\"twitter:label1\" content=\"Tiempo de lectura\" \/>\n\t<meta name=\"twitter:data1\" content=\"3 minutos\" \/>\n<script type=\"application\/ld+json\" class=\"yoast-schema-graph\">{\"@context\":\"https:\/\/schema.org\",\"@graph\":[{\"@type\":\"WebPage\",\"@id\":\"https:\/\/ayshabilgrami.com\/es\/sustainability\/\",\"url\":\"https:\/\/ayshabilgrami.com\/es\/sustainability\/\",\"name\":\"Sostenibilidad - Aysha Bilgrami Jewelry\",\"isPartOf\":{\"@id\":\"https:\/\/ayshabilgrami.com\/#website\"},\"primaryImageOfPage\":{\"@id\":\"https:\/\/ayshabilgrami.com\/es\/sustainability\/#primaryimage\"},\"image\":{\"@id\":\"https:\/\/ayshabilgrami.com\/es\/sustainability\/#primaryimage\"},\"thumbnailUrl\":\"https:\/\/ayshabilgrami.com\/wp-content\/uploads\/2021\/09\/crescents.png\",\"datePublished\":\"2020-07-11T17:04:45+00:00\",\"dateModified\":\"2025-10-21T18:16:22+00:00\",\"description\":\"SOSTENIBILIDAD - Aysha Bilgrami joyer\u00eda act\u00faa en pro de la sostenibilidad dando una segunda vida a los materiales que utiliza mediante el uso de plata reciclada de las radiograf\u00edas\",\"breadcrumb\":{\"@id\":\"https:\/\/ayshabilgrami.com\/es\/sustainability\/#breadcrumb\"},\"inLanguage\":\"es\",\"potentialAction\":[{\"@type\":\"ReadAction\",\"target\":[\"https:\/\/ayshabilgrami.com\/es\/sustainability\/\"]}]},{\"@type\":\"ImageObject\",\"inLanguage\":\"es\",\"@id\":\"https:\/\/ayshabilgrami.com\/es\/sustainability\/#primaryimage\",\"url\":\"https:\/\/ayshabilgrami.com\/wp-content\/uploads\/2021\/09\/crescents.png\",\"contentUrl\":\"https:\/\/ayshabilgrami.com\/wp-content\/uploads\/2021\/09\/crescents.png\",\"width\":584,\"height\":700,\"caption\":\"aros de media luna y ear cuff en blanco y negro. Hecho por aysha bilgrami en plata reciclada en bogota colombia\"},{\"@type\":\"BreadcrumbList\",\"@id\":\"https:\/\/ayshabilgrami.com\/es\/sustainability\/#breadcrumb\",\"itemListElement\":[{\"@type\":\"ListItem\",\"position\":1,\"name\":\"Home\",\"item\":\"https:\/\/ayshabilgrami.com\/es\/\"},{\"@type\":\"ListItem\",\"position\":2,\"name\":\"Sostenibilidad\"}]},{\"@type\":\"WebSite\",\"@id\":\"https:\/\/ayshabilgrami.com\/#website\",\"url\":\"https:\/\/ayshabilgrami.com\/\",\"name\":\"Aysha Bilgrami Jewelry\",\"description\":\"Cultural Fusions Made Jewelry\",\"publisher\":{\"@id\":\"https:\/\/ayshabilgrami.com\/#organization\"},\"potentialAction\":[{\"@type\":\"SearchAction\",\"target\":{\"@type\":\"EntryPoint\",\"urlTemplate\":\"https:\/\/ayshabilgrami.com\/?s={search_term_string}\"},\"query-input\":{\"@type\":\"PropertyValueSpecification\",\"valueRequired\":true,\"valueName\":\"search_term_string\"}}],\"inLanguage\":\"es\"},{\"@type\":\"Organization\",\"@id\":\"https:\/\/ayshabilgrami.com\/#organization\",\"name\":\"AYSHA BILGRAMI SAS\",\"url\":\"https:\/\/ayshabilgrami.com\/\",\"logo\":{\"@type\":\"ImageObject\",\"inLanguage\":\"es\",\"@id\":\"https:\/\/ayshabilgrami.com\/#\/schema\/logo\/image\/\",\"url\":\"https:\/\/ayshabilgrami.com\/wp-content\/uploads\/2019\/05\/logo-aysha.png\",\"contentUrl\":\"https:\/\/ayshabilgrami.com\/wp-content\/uploads\/2019\/05\/logo-aysha.png\",\"width\":546,\"height\":199,\"caption\":\"AYSHA BILGRAMI SAS\"},\"image\":{\"@id\":\"https:\/\/ayshabilgrami.com\/#\/schema\/logo\/image\/\"}}]}<\/script>\n<!-- \/ Yoast SEO plugin. -->","yoast_head_json":{"title":"Sostenibilidad - Aysha Bilgrami Jewelry","description":"SOSTENIBILIDAD - Aysha Bilgrami joyer\u00eda act\u00faa en pro de la sostenibilidad dando una segunda vida a los materiales que utiliza mediante el uso de plata reciclada de las radiograf\u00edas","robots":{"index":"index","follow":"follow","max-snippet":"max-snippet:-1","max-image-preview":"max-image-preview:large","max-video-preview":"max-video-preview:-1"},"canonical":"https:\/\/ayshabilgrami.com\/es\/sustainability\/","og_locale":"es_ES","og_type":"article","og_title":"Sostenibilidad - Aysha Bilgrami Jewelry","og_description":"SOSTENIBILIDAD - Aysha Bilgrami joyer\u00eda act\u00faa en pro de la sostenibilidad dando una segunda vida a los materiales que utiliza mediante el uso de plata reciclada de las radiograf\u00edas","og_url":"https:\/\/ayshabilgrami.com\/es\/sustainability\/","og_site_name":"Aysha Bilgrami Jewelry","article_modified_time":"2025-10-21T18:16:22+00:00","og_image":[{"width":584,"height":700,"url":"https:\/\/ayshabilgrami.com\/wp-content\/uploads\/2021\/09\/crescents.png","type":"image\/png"}],"twitter_card":"summary_large_image","twitter_misc":{"Tiempo de lectura":"3 minutos"},"schema":{"@context":"https:\/\/schema.org","@graph":[{"@type":"WebPage","@id":"https:\/\/ayshabilgrami.com\/es\/sustainability\/","url":"https:\/\/ayshabilgrami.com\/es\/sustainability\/","name":"Sostenibilidad - Aysha Bilgrami Jewelry","isPartOf":{"@id":"https:\/\/ayshabilgrami.com\/#website"},"primaryImageOfPage":{"@id":"https:\/\/ayshabilgrami.com\/es\/sustainability\/#primaryimage"},"image":{"@id":"https:\/\/ayshabilgrami.com\/es\/sustainability\/#primaryimage"},"thumbnailUrl":"https:\/\/ayshabilgrami.com\/wp-content\/uploads\/2021\/09\/crescents.png","datePublished":"2020-07-11T17:04:45+00:00","dateModified":"2025-10-21T18:16:22+00:00","description":"SOSTENIBILIDAD - Aysha Bilgrami joyer\u00eda act\u00faa en pro de la sostenibilidad dando una segunda vida a los materiales que utiliza mediante el uso de plata reciclada de las radiograf\u00edas","breadcrumb":{"@id":"https:\/\/ayshabilgrami.com\/es\/sustainability\/#breadcrumb"},"inLanguage":"es","potentialAction":[{"@type":"ReadAction","target":["https:\/\/ayshabilgrami.com\/es\/sustainability\/"]}]},{"@type":"ImageObject","inLanguage":"es","@id":"https:\/\/ayshabilgrami.com\/es\/sustainability\/#primaryimage","url":"https:\/\/ayshabilgrami.com\/wp-content\/uploads\/2021\/09\/crescents.png","contentUrl":"https:\/\/ayshabilgrami.com\/wp-content\/uploads\/2021\/09\/crescents.png","width":584,"height":700,"caption":"aros de media luna y ear cuff en blanco y negro. Hecho por aysha bilgrami en plata reciclada en bogota colombia"},{"@type":"BreadcrumbList","@id":"https:\/\/ayshabilgrami.com\/es\/sustainability\/#breadcrumb","itemListElement":[{"@type":"ListItem","position":1,"name":"Home","item":"https:\/\/ayshabilgrami.com\/es\/"},{"@type":"ListItem","position":2,"name":"Sostenibilidad"}]},{"@type":"WebSite","@id":"https:\/\/ayshabilgrami.com\/#website","url":"https:\/\/ayshabilgrami.com\/","name":"Aysha Bilgrami Jewelry","description":"Cultural Fusions Made Jewelry","publisher":{"@id":"https:\/\/ayshabilgrami.com\/#organization"},"potentialAction":[{"@type":"SearchAction","target":{"@type":"EntryPoint","urlTemplate":"https:\/\/ayshabilgrami.com\/?s={search_term_string}"},"query-input":{"@type":"PropertyValueSpecification","valueRequired":true,"valueName":"search_term_string"}}],"inLanguage":"es"},{"@type":"Organization","@id":"https:\/\/ayshabilgrami.com\/#organization","name":"AYSHA BILGRAMI SAS","url":"https:\/\/ayshabilgrami.com\/","logo":{"@type":"ImageObject","inLanguage":"es","@id":"https:\/\/ayshabilgrami.com\/#\/schema\/logo\/image\/","url":"https:\/\/ayshabilgrami.com\/wp-content\/uploads\/2019\/05\/logo-aysha.png","contentUrl":"https:\/\/ayshabilgrami.com\/wp-content\/uploads\/2019\/05\/logo-aysha.png","width":546,"height":199,"caption":"AYSHA BILGRAMI SAS"},"image":{"@id":"https:\/\/ayshabilgrami.com\/#\/schema\/logo\/image\/"}}]}},"_links":{"self":[{"href":"https:\/\/ayshabilgrami.com\/es\/wp-json\/wp\/v2\/pages\/7389","targetHints":{"allow":["GET"]}}],"collection":[{"href":"https:\/\/ayshabilgrami.com\/es\/wp-json\/wp\/v2\/pages"}],"about":[{"href":"https:\/\/ayshabilgrami.com\/es\/wp-json\/wp\/v2\/types\/page"}],"author":[{"embeddable":true,"href":"https:\/\/ayshabilgrami.com\/es\/wp-json\/wp\/v2\/users\/1"}],"replies":[{"embeddable":true,"href":"https:\/\/ayshabilgrami.com\/es\/wp-json\/wp\/v2\/comments?post=7389"}],"version-history":[{"count":80,"href":"https:\/\/ayshabilgrami.com\/es\/wp-json\/wp\/v2\/pages\/7389\/revisions"}],"predecessor-version":[{"id":33888,"href":"https:\/\/ayshabilgrami.com\/es\/wp-json\/wp\/v2\/pages\/7389\/revisions\/33888"}],"wp:featuredmedia":[{"embeddable":true,"href":"https:\/\/ayshabilgrami.com\/es\/wp-json\/wp\/v2\/media\/11056"}],"wp:attachment":[{"href":"https:\/\/ayshabilgrami.com\/es\/wp-json\/wp\/v2\/media?parent=7389"}],"curies":[{"name":"wp","href":"https:\/\/api.w.org\/{rel}","templated":true}]}}