{"id":25714,"date":"2025-06-12T00:17:47","date_gmt":"2025-06-12T05:17:47","guid":{"rendered":"https:\/\/ayshabilgrami.com\/shop\/baby-crescent-stone-hoop-plateado\/"},"modified":"2025-08-21T00:55:53","modified_gmt":"2025-08-21T05:55:53","slug":"baby-crescent-stone-hoop-plateado","status":"publish","type":"product","link":"https:\/\/ayshabilgrami.com\/es\/producto\/baby-crescent-stone-hoop-plateado\/","title":{"rendered":"Baby Crescent Stone Hoop Plateado"},"content":{"rendered":"","protected":false},"excerpt":{"rendered":"<p><span style=\"font-size: 90%;\">La nueva versi\u00f3n de nuestro cl\u00e1sico <a href=\"https:\/\/ayshabilgrami.com\/es\/producto\/baby-crescent-hoop-plateado\/?v=42983b05e2f2\">Baby Crescent Hoop<\/a> se renueva con color con una mezcla de vidrio, \u00e1gatas verdes, citrinos y piedras de lapisl\u00e1zuli.<\/span><\/p>\n","protected":false},"featured_media":25772,"template":"","meta":[],"product_brand":[],"product_cat":[1264,388,941,937,953,689,154,155,1085,1160],"product_tag":[1262],"class_list":{"0":"post-25714","1":"product","2":"type-product","3":"status-publish","4":"has-post-thumbnail","6":"product_cat-crescent-hoops","7":"product_cat-new-arrivals-es","8":"product_cat-piedras","9":"product_cat-vidrio","10":"product_cat-enso-es","11":"product_cat-todo","12":"product_cat-aretes","13":"product_cat-hoops-es","14":"product_cat-best-sellers","15":"product_cat-silver-lovers-es","16":"product_tag-actualizado","18":"first","19":"onbackorder","20":"shipping-taxable","21":"purchasable","22":"product-type-simple"},"yoast_head":"<!-- This site is optimized with the Yoast SEO plugin v26.6 - https:\/\/yoast.com\/wordpress\/plugins\/seo\/ -->\n<title>BABY CRESCENT STONE HOOP PLATEADO<\/title>\n<meta name=\"description\" content=\"el nuevo Baby Crescent Stone Hoop,La nueva versi\u00f3n de nuestro cl\u00e1sico Baby Crescent Hoop se renueva con color con una mezcla de vidrio, \u00e1gatas verdes, citrinos y piedras de lapisl\u00e1zuli.\" \/>\n<meta name=\"robots\" content=\"index, follow, max-snippet:-1, max-image-preview:large, max-video-preview:-1\" \/>\n<link rel=\"canonical\" href=\"https:\/\/ayshabilgrami.com\/es\/producto\/baby-crescent-stone-hoop-plateado\/\" \/>\n<meta property=\"og:locale\" content=\"es_ES\" \/>\n<meta property=\"og:type\" content=\"article\" \/>\n<meta property=\"og:title\" content=\"BABY CRESCENT STONE HOOP PLATEADO\" \/>\n<meta property=\"og:description\" content=\"el nuevo Baby Crescent Stone Hoop,La nueva versi\u00f3n de nuestro cl\u00e1sico Baby Crescent Hoop se renueva con color con una mezcla de vidrio, \u00e1gatas verdes, citrinos y piedras de lapisl\u00e1zuli.\" \/>\n<meta property=\"og:url\" content=\"https:\/\/ayshabilgrami.com\/es\/producto\/baby-crescent-stone-hoop-plateado\/\" \/>\n<meta property=\"og:site_name\" content=\"Aysha Bilgrami Jewelry\" \/>\n<meta property=\"article:modified_time\" content=\"2025-08-21T05:55:53+00:00\" \/>\n<meta property=\"og:image\" content=\"https:\/\/ayshabilgrami.com\/wp-content\/uploads\/2024\/03\/DSC_6433final-scaled.jpg\" \/>\n\t<meta property=\"og:image:width\" content=\"1707\" \/>\n\t<meta property=\"og:image:height\" content=\"2560\" \/>\n\t<meta property=\"og:image:type\" content=\"image\/jpeg\" \/>\n<meta name=\"twitter:card\" content=\"summary_large_image\" \/>\n<meta name=\"twitter:label1\" content=\"Tiempo de lectura\" \/>\n\t<meta name=\"twitter:data1\" content=\"1 minuto\" \/>\n<script type=\"application\/ld+json\" class=\"yoast-schema-graph\">{\"@context\":\"https:\/\/schema.org\",\"@graph\":[{\"@type\":\"WebPage\",\"@id\":\"https:\/\/ayshabilgrami.com\/es\/producto\/baby-crescent-stone-hoop-plateado\/\",\"url\":\"https:\/\/ayshabilgrami.com\/es\/producto\/baby-crescent-stone-hoop-plateado\/\",\"name\":\"BABY CRESCENT STONE HOOP PLATEADO\",\"isPartOf\":{\"@id\":\"https:\/\/ayshabilgrami.com\/#website\"},\"primaryImageOfPage\":{\"@id\":\"https:\/\/ayshabilgrami.com\/es\/producto\/baby-crescent-stone-hoop-plateado\/#primaryimage\"},\"image\":{\"@id\":\"https:\/\/ayshabilgrami.com\/es\/producto\/baby-crescent-stone-hoop-plateado\/#primaryimage\"},\"thumbnailUrl\":\"https:\/\/ayshabilgrami.com\/wp-content\/uploads\/2024\/03\/DSC_6433final-scaled.jpg\",\"datePublished\":\"2025-06-12T05:17:47+00:00\",\"dateModified\":\"2025-08-21T05:55:53+00:00\",\"description\":\"el nuevo Baby Crescent Stone Hoop,La nueva versi\u00f3n de nuestro cl\u00e1sico Baby Crescent Hoop se renueva con color con una mezcla de vidrio, \u00e1gatas verdes, citrinos y piedras de lapisl\u00e1zuli.\",\"breadcrumb\":{\"@id\":\"https:\/\/ayshabilgrami.com\/es\/producto\/baby-crescent-stone-hoop-plateado\/#breadcrumb\"},\"inLanguage\":\"es\",\"potentialAction\":[{\"@type\":\"ReadAction\",\"target\":[\"https:\/\/ayshabilgrami.com\/es\/producto\/baby-crescent-stone-hoop-plateado\/\"]}]},{\"@type\":\"ImageObject\",\"inLanguage\":\"es\",\"@id\":\"https:\/\/ayshabilgrami.com\/es\/producto\/baby-crescent-stone-hoop-plateado\/#primaryimage\",\"url\":\"https:\/\/ayshabilgrami.com\/wp-content\/uploads\/2024\/03\/DSC_6433final-scaled.jpg\",\"contentUrl\":\"https:\/\/ayshabilgrami.com\/wp-content\/uploads\/2024\/03\/DSC_6433final-scaled.jpg\",\"width\":1707,\"height\":2560},{\"@type\":\"BreadcrumbList\",\"@id\":\"https:\/\/ayshabilgrami.com\/es\/producto\/baby-crescent-stone-hoop-plateado\/#breadcrumb\",\"itemListElement\":[{\"@type\":\"ListItem\",\"position\":1,\"name\":\"Home\",\"item\":\"https:\/\/ayshabilgrami.com\/es\/\"},{\"@type\":\"ListItem\",\"position\":2,\"name\":\"TIENDA\",\"item\":\"https:\/\/ayshabilgrami.com\/tienda\/\"},{\"@type\":\"ListItem\",\"position\":3,\"name\":\"Baby Crescent Stone Hoop Plateado\"}]},{\"@type\":\"WebSite\",\"@id\":\"https:\/\/ayshabilgrami.com\/#website\",\"url\":\"https:\/\/ayshabilgrami.com\/\",\"name\":\"Aysha Bilgrami Jewelry\",\"description\":\"Cultural Fusions Made Jewelry\",\"publisher\":{\"@id\":\"https:\/\/ayshabilgrami.com\/#organization\"},\"potentialAction\":[{\"@type\":\"SearchAction\",\"target\":{\"@type\":\"EntryPoint\",\"urlTemplate\":\"https:\/\/ayshabilgrami.com\/?s={search_term_string}\"},\"query-input\":{\"@type\":\"PropertyValueSpecification\",\"valueRequired\":true,\"valueName\":\"search_term_string\"}}],\"inLanguage\":\"es\"},{\"@type\":\"Organization\",\"@id\":\"https:\/\/ayshabilgrami.com\/#organization\",\"name\":\"AYSHA BILGRAMI SAS\",\"url\":\"https:\/\/ayshabilgrami.com\/\",\"logo\":{\"@type\":\"ImageObject\",\"inLanguage\":\"es\",\"@id\":\"https:\/\/ayshabilgrami.com\/#\/schema\/logo\/image\/\",\"url\":\"https:\/\/ayshabilgrami.com\/wp-content\/uploads\/2019\/05\/logo-aysha.png\",\"contentUrl\":\"https:\/\/ayshabilgrami.com\/wp-content\/uploads\/2019\/05\/logo-aysha.png\",\"width\":546,\"height\":199,\"caption\":\"AYSHA BILGRAMI SAS\"},\"image\":{\"@id\":\"https:\/\/ayshabilgrami.com\/#\/schema\/logo\/image\/\"}}]}<\/script>\n<!-- \/ Yoast SEO plugin. -->","yoast_head_json":{"title":"BABY CRESCENT STONE HOOP PLATEADO","description":"el nuevo Baby Crescent Stone Hoop,La nueva versi\u00f3n de nuestro cl\u00e1sico Baby Crescent Hoop se renueva con color con una mezcla de vidrio, \u00e1gatas verdes, citrinos y piedras de lapisl\u00e1zuli.","robots":{"index":"index","follow":"follow","max-snippet":"max-snippet:-1","max-image-preview":"max-image-preview:large","max-video-preview":"max-video-preview:-1"},"canonical":"https:\/\/ayshabilgrami.com\/es\/producto\/baby-crescent-stone-hoop-plateado\/","og_locale":"es_ES","og_type":"article","og_title":"BABY CRESCENT STONE HOOP PLATEADO","og_description":"el nuevo Baby Crescent Stone Hoop,La nueva versi\u00f3n de nuestro cl\u00e1sico Baby Crescent Hoop se renueva con color con una mezcla de vidrio, \u00e1gatas verdes, citrinos y piedras de lapisl\u00e1zuli.","og_url":"https:\/\/ayshabilgrami.com\/es\/producto\/baby-crescent-stone-hoop-plateado\/","og_site_name":"Aysha Bilgrami Jewelry","article_modified_time":"2025-08-21T05:55:53+00:00","og_image":[{"width":1707,"height":2560,"url":"https:\/\/ayshabilgrami.com\/wp-content\/uploads\/2024\/03\/DSC_6433final-scaled.jpg","type":"image\/jpeg"}],"twitter_card":"summary_large_image","twitter_misc":{"Tiempo de lectura":"1 minuto"},"schema":{"@context":"https:\/\/schema.org","@graph":[{"@type":"WebPage","@id":"https:\/\/ayshabilgrami.com\/es\/producto\/baby-crescent-stone-hoop-plateado\/","url":"https:\/\/ayshabilgrami.com\/es\/producto\/baby-crescent-stone-hoop-plateado\/","name":"BABY CRESCENT STONE HOOP PLATEADO","isPartOf":{"@id":"https:\/\/ayshabilgrami.com\/#website"},"primaryImageOfPage":{"@id":"https:\/\/ayshabilgrami.com\/es\/producto\/baby-crescent-stone-hoop-plateado\/#primaryimage"},"image":{"@id":"https:\/\/ayshabilgrami.com\/es\/producto\/baby-crescent-stone-hoop-plateado\/#primaryimage"},"thumbnailUrl":"https:\/\/ayshabilgrami.com\/wp-content\/uploads\/2024\/03\/DSC_6433final-scaled.jpg","datePublished":"2025-06-12T05:17:47+00:00","dateModified":"2025-08-21T05:55:53+00:00","description":"el nuevo Baby Crescent Stone Hoop,La nueva versi\u00f3n de nuestro cl\u00e1sico Baby Crescent Hoop se renueva con color con una mezcla de vidrio, \u00e1gatas verdes, citrinos y piedras de lapisl\u00e1zuli.","breadcrumb":{"@id":"https:\/\/ayshabilgrami.com\/es\/producto\/baby-crescent-stone-hoop-plateado\/#breadcrumb"},"inLanguage":"es","potentialAction":[{"@type":"ReadAction","target":["https:\/\/ayshabilgrami.com\/es\/producto\/baby-crescent-stone-hoop-plateado\/"]}]},{"@type":"ImageObject","inLanguage":"es","@id":"https:\/\/ayshabilgrami.com\/es\/producto\/baby-crescent-stone-hoop-plateado\/#primaryimage","url":"https:\/\/ayshabilgrami.com\/wp-content\/uploads\/2024\/03\/DSC_6433final-scaled.jpg","contentUrl":"https:\/\/ayshabilgrami.com\/wp-content\/uploads\/2024\/03\/DSC_6433final-scaled.jpg","width":1707,"height":2560},{"@type":"BreadcrumbList","@id":"https:\/\/ayshabilgrami.com\/es\/producto\/baby-crescent-stone-hoop-plateado\/#breadcrumb","itemListElement":[{"@type":"ListItem","position":1,"name":"Home","item":"https:\/\/ayshabilgrami.com\/es\/"},{"@type":"ListItem","position":2,"name":"TIENDA","item":"https:\/\/ayshabilgrami.com\/tienda\/"},{"@type":"ListItem","position":3,"name":"Baby Crescent Stone Hoop Plateado"}]},{"@type":"WebSite","@id":"https:\/\/ayshabilgrami.com\/#website","url":"https:\/\/ayshabilgrami.com\/","name":"Aysha Bilgrami Jewelry","description":"Cultural Fusions Made Jewelry","publisher":{"@id":"https:\/\/ayshabilgrami.com\/#organization"},"potentialAction":[{"@type":"SearchAction","target":{"@type":"EntryPoint","urlTemplate":"https:\/\/ayshabilgrami.com\/?s={search_term_string}"},"query-input":{"@type":"PropertyValueSpecification","valueRequired":true,"valueName":"search_term_string"}}],"inLanguage":"es"},{"@type":"Organization","@id":"https:\/\/ayshabilgrami.com\/#organization","name":"AYSHA BILGRAMI SAS","url":"https:\/\/ayshabilgrami.com\/","logo":{"@type":"ImageObject","inLanguage":"es","@id":"https:\/\/ayshabilgrami.com\/#\/schema\/logo\/image\/","url":"https:\/\/ayshabilgrami.com\/wp-content\/uploads\/2019\/05\/logo-aysha.png","contentUrl":"https:\/\/ayshabilgrami.com\/wp-content\/uploads\/2019\/05\/logo-aysha.png","width":546,"height":199,"caption":"AYSHA BILGRAMI SAS"},"image":{"@id":"https:\/\/ayshabilgrami.com\/#\/schema\/logo\/image\/"}}]}},"_links":{"self":[{"href":"https:\/\/ayshabilgrami.com\/es\/wp-json\/wp\/v2\/product\/25714","targetHints":{"allow":["GET"]}}],"collection":[{"href":"https:\/\/ayshabilgrami.com\/es\/wp-json\/wp\/v2\/product"}],"about":[{"href":"https:\/\/ayshabilgrami.com\/es\/wp-json\/wp\/v2\/types\/product"}],"wp:featuredmedia":[{"embeddable":true,"href":"https:\/\/ayshabilgrami.com\/es\/wp-json\/wp\/v2\/media\/25772"}],"wp:attachment":[{"href":"https:\/\/ayshabilgrami.com\/es\/wp-json\/wp\/v2\/media?parent=25714"}],"wp:term":[{"taxonomy":"product_brand","embeddable":true,"href":"https:\/\/ayshabilgrami.com\/es\/wp-json\/wp\/v2\/product_brand?post=25714"},{"taxonomy":"product_cat","embeddable":true,"href":"https:\/\/ayshabilgrami.com\/es\/wp-json\/wp\/v2\/product_cat?post=25714"},{"taxonomy":"product_tag","embeddable":true,"href":"https:\/\/ayshabilgrami.com\/es\/wp-json\/wp\/v2\/product_tag?post=25714"}],"curies":[{"name":"wp","href":"https:\/\/api.w.org\/{rel}","templated":true}]}}