{"id":25738,"date":"2025-06-12T00:17:25","date_gmt":"2025-06-12T05:17:25","guid":{"rendered":"https:\/\/ayshabilgrami.com\/shop\/triple-totona-anillo-plateado\/"},"modified":"2025-11-13T10:18:56","modified_gmt":"2025-11-13T15:18:56","slug":"triple-totona-anillo-plateado","status":"publish","type":"product","link":"https:\/\/ayshabilgrami.com\/es\/producto\/triple-totona-anillo-plateado\/","title":{"rendered":"Anillo Triple Totona Plateado"},"content":{"rendered":"<p><span style=\"font-size: 80%;\">Se vende por unidad<\/span><br \/>\n<span style=\"font-size: 80%;\">Plata ley 924 con ba\u00f1o en oro 24k<\/span><br \/>\n<span style=\"font-size: 80%;\">Acabado: brillante &#8211; Altura: 1.5 cm<br \/>\nTallas: 5-6-7-8 -Se puede usar como era uff<\/span><br \/>\n<span style=\"font-size: 80%;\">Nuestra plata es reciclada y recuperada de radiograf\u00edas<\/span><br \/>\n<span style=\"font-size: 80%;\">Hecha en Bogot\u00e1, Colombia<\/span><\/p>\n","protected":false},"excerpt":{"rendered":"<p><span style=\"font-weight: 400;\">Este anillo es una pieza imponente de tres esferas ic\u00f3nicas, que con su textura y dise\u00f1o te aportan fuerza y empoderamiento en t\u00ed misma. Usalo como amuleto o statement piece que puedes apilar con m\u00e1s anillos<\/span><\/p>\n<p>&nbsp;<\/p>\n","protected":false},"featured_media":25095,"template":"","meta":[],"product_brand":[],"product_cat":[388,953,689,156,632,1160],"product_tag":[],"class_list":{"0":"post-25738","1":"product","2":"type-product","3":"status-publish","4":"has-post-thumbnail","6":"product_cat-new-arrivals-es","7":"product_cat-enso-es","8":"product_cat-todo","9":"product_cat-anillos","10":"product_cat-mothers-day-es","11":"product_cat-silver-lovers-es","13":"first","14":"outofstock","15":"shipping-taxable","16":"purchasable","17":"product-type-variable"},"yoast_head":"<!-- This site is optimized with the Yoast SEO plugin v26.6 - https:\/\/yoast.com\/wordpress\/plugins\/seo\/ -->\n<title>Anillo Triple Totona Plateado<\/title>\n<meta name=\"description\" content=\"El Anillo Triple Totona Plateado est\u00e1 lleno de la fuerza y la seguridad en uno mismo. Ll\u00e9valo con poder. Hecho en Colombia por AYSHA BILGRAMI.\" \/>\n<meta name=\"robots\" content=\"index, follow, max-snippet:-1, max-image-preview:large, max-video-preview:-1\" \/>\n<link rel=\"canonical\" href=\"https:\/\/ayshabilgrami.com\/es\/producto\/triple-totona-anillo-plateado\/\" \/>\n<meta property=\"og:locale\" content=\"es_ES\" \/>\n<meta property=\"og:type\" content=\"article\" \/>\n<meta property=\"og:title\" content=\"Anillo Triple Totona Plateado\" \/>\n<meta property=\"og:description\" content=\"El Anillo Triple Totona Plateado est\u00e1 lleno de la fuerza y la seguridad en uno mismo. Ll\u00e9valo con poder. Hecho en Colombia por AYSHA BILGRAMI.\" \/>\n<meta property=\"og:url\" content=\"https:\/\/ayshabilgrami.com\/es\/producto\/triple-totona-anillo-plateado\/\" \/>\n<meta property=\"og:site_name\" content=\"Aysha Bilgrami Jewelry\" \/>\n<meta property=\"article:modified_time\" content=\"2025-11-13T15:18:56+00:00\" \/>\n<meta property=\"og:image\" content=\"https:\/\/ayshabilgrami.com\/wp-content\/uploads\/2024\/03\/TRIPLE-TOTONA-EAR-CUFF-SILVER-scaled.jpg\" \/>\n\t<meta property=\"og:image:width\" content=\"2145\" \/>\n\t<meta property=\"og:image:height\" content=\"2560\" \/>\n\t<meta property=\"og:image:type\" content=\"image\/jpeg\" \/>\n<meta name=\"twitter:card\" content=\"summary_large_image\" \/>\n<script type=\"application\/ld+json\" class=\"yoast-schema-graph\">{\"@context\":\"https:\/\/schema.org\",\"@graph\":[{\"@type\":\"WebPage\",\"@id\":\"https:\/\/ayshabilgrami.com\/es\/producto\/triple-totona-anillo-plateado\/\",\"url\":\"https:\/\/ayshabilgrami.com\/es\/producto\/triple-totona-anillo-plateado\/\",\"name\":\"Anillo Triple Totona Plateado\",\"isPartOf\":{\"@id\":\"https:\/\/ayshabilgrami.com\/#website\"},\"primaryImageOfPage\":{\"@id\":\"https:\/\/ayshabilgrami.com\/es\/producto\/triple-totona-anillo-plateado\/#primaryimage\"},\"image\":{\"@id\":\"https:\/\/ayshabilgrami.com\/es\/producto\/triple-totona-anillo-plateado\/#primaryimage\"},\"thumbnailUrl\":\"https:\/\/ayshabilgrami.com\/wp-content\/uploads\/2024\/03\/TRIPLE-TOTONA-EAR-CUFF-SILVER-scaled.jpg\",\"datePublished\":\"2025-06-12T05:17:25+00:00\",\"dateModified\":\"2025-11-13T15:18:56+00:00\",\"description\":\"El Anillo Triple Totona Plateado est\u00e1 lleno de la fuerza y la seguridad en uno mismo. Ll\u00e9valo con poder. Hecho en Colombia por AYSHA BILGRAMI.\",\"breadcrumb\":{\"@id\":\"https:\/\/ayshabilgrami.com\/es\/producto\/triple-totona-anillo-plateado\/#breadcrumb\"},\"inLanguage\":\"es\",\"potentialAction\":[{\"@type\":\"ReadAction\",\"target\":[\"https:\/\/ayshabilgrami.com\/es\/producto\/triple-totona-anillo-plateado\/\"]}]},{\"@type\":\"ImageObject\",\"inLanguage\":\"es\",\"@id\":\"https:\/\/ayshabilgrami.com\/es\/producto\/triple-totona-anillo-plateado\/#primaryimage\",\"url\":\"https:\/\/ayshabilgrami.com\/wp-content\/uploads\/2024\/03\/TRIPLE-TOTONA-EAR-CUFF-SILVER-scaled.jpg\",\"contentUrl\":\"https:\/\/ayshabilgrami.com\/wp-content\/uploads\/2024\/03\/TRIPLE-TOTONA-EAR-CUFF-SILVER-scaled.jpg\",\"width\":2145,\"height\":2560},{\"@type\":\"BreadcrumbList\",\"@id\":\"https:\/\/ayshabilgrami.com\/es\/producto\/triple-totona-anillo-plateado\/#breadcrumb\",\"itemListElement\":[{\"@type\":\"ListItem\",\"position\":1,\"name\":\"Home\",\"item\":\"https:\/\/ayshabilgrami.com\/es\/\"},{\"@type\":\"ListItem\",\"position\":2,\"name\":\"TIENDA\",\"item\":\"https:\/\/ayshabilgrami.com\/tienda\/\"},{\"@type\":\"ListItem\",\"position\":3,\"name\":\"Anillo Triple Totona Plateado\"}]},{\"@type\":\"WebSite\",\"@id\":\"https:\/\/ayshabilgrami.com\/#website\",\"url\":\"https:\/\/ayshabilgrami.com\/\",\"name\":\"Aysha Bilgrami Jewelry\",\"description\":\"Cultural Fusions Made Jewelry\",\"publisher\":{\"@id\":\"https:\/\/ayshabilgrami.com\/#organization\"},\"potentialAction\":[{\"@type\":\"SearchAction\",\"target\":{\"@type\":\"EntryPoint\",\"urlTemplate\":\"https:\/\/ayshabilgrami.com\/?s={search_term_string}\"},\"query-input\":{\"@type\":\"PropertyValueSpecification\",\"valueRequired\":true,\"valueName\":\"search_term_string\"}}],\"inLanguage\":\"es\"},{\"@type\":\"Organization\",\"@id\":\"https:\/\/ayshabilgrami.com\/#organization\",\"name\":\"AYSHA BILGRAMI SAS\",\"url\":\"https:\/\/ayshabilgrami.com\/\",\"logo\":{\"@type\":\"ImageObject\",\"inLanguage\":\"es\",\"@id\":\"https:\/\/ayshabilgrami.com\/#\/schema\/logo\/image\/\",\"url\":\"https:\/\/ayshabilgrami.com\/wp-content\/uploads\/2019\/05\/logo-aysha.png\",\"contentUrl\":\"https:\/\/ayshabilgrami.com\/wp-content\/uploads\/2019\/05\/logo-aysha.png\",\"width\":546,\"height\":199,\"caption\":\"AYSHA BILGRAMI SAS\"},\"image\":{\"@id\":\"https:\/\/ayshabilgrami.com\/#\/schema\/logo\/image\/\"}}]}<\/script>\n<!-- \/ Yoast SEO plugin. -->","yoast_head_json":{"title":"Anillo Triple Totona Plateado","description":"El Anillo Triple Totona Plateado est\u00e1 lleno de la fuerza y la seguridad en uno mismo. Ll\u00e9valo con poder. Hecho en Colombia por AYSHA BILGRAMI.","robots":{"index":"index","follow":"follow","max-snippet":"max-snippet:-1","max-image-preview":"max-image-preview:large","max-video-preview":"max-video-preview:-1"},"canonical":"https:\/\/ayshabilgrami.com\/es\/producto\/triple-totona-anillo-plateado\/","og_locale":"es_ES","og_type":"article","og_title":"Anillo Triple Totona Plateado","og_description":"El Anillo Triple Totona Plateado est\u00e1 lleno de la fuerza y la seguridad en uno mismo. Ll\u00e9valo con poder. Hecho en Colombia por AYSHA BILGRAMI.","og_url":"https:\/\/ayshabilgrami.com\/es\/producto\/triple-totona-anillo-plateado\/","og_site_name":"Aysha Bilgrami Jewelry","article_modified_time":"2025-11-13T15:18:56+00:00","og_image":[{"width":2145,"height":2560,"url":"https:\/\/ayshabilgrami.com\/wp-content\/uploads\/2024\/03\/TRIPLE-TOTONA-EAR-CUFF-SILVER-scaled.jpg","type":"image\/jpeg"}],"twitter_card":"summary_large_image","schema":{"@context":"https:\/\/schema.org","@graph":[{"@type":"WebPage","@id":"https:\/\/ayshabilgrami.com\/es\/producto\/triple-totona-anillo-plateado\/","url":"https:\/\/ayshabilgrami.com\/es\/producto\/triple-totona-anillo-plateado\/","name":"Anillo Triple Totona Plateado","isPartOf":{"@id":"https:\/\/ayshabilgrami.com\/#website"},"primaryImageOfPage":{"@id":"https:\/\/ayshabilgrami.com\/es\/producto\/triple-totona-anillo-plateado\/#primaryimage"},"image":{"@id":"https:\/\/ayshabilgrami.com\/es\/producto\/triple-totona-anillo-plateado\/#primaryimage"},"thumbnailUrl":"https:\/\/ayshabilgrami.com\/wp-content\/uploads\/2024\/03\/TRIPLE-TOTONA-EAR-CUFF-SILVER-scaled.jpg","datePublished":"2025-06-12T05:17:25+00:00","dateModified":"2025-11-13T15:18:56+00:00","description":"El Anillo Triple Totona Plateado est\u00e1 lleno de la fuerza y la seguridad en uno mismo. Ll\u00e9valo con poder. Hecho en Colombia por AYSHA BILGRAMI.","breadcrumb":{"@id":"https:\/\/ayshabilgrami.com\/es\/producto\/triple-totona-anillo-plateado\/#breadcrumb"},"inLanguage":"es","potentialAction":[{"@type":"ReadAction","target":["https:\/\/ayshabilgrami.com\/es\/producto\/triple-totona-anillo-plateado\/"]}]},{"@type":"ImageObject","inLanguage":"es","@id":"https:\/\/ayshabilgrami.com\/es\/producto\/triple-totona-anillo-plateado\/#primaryimage","url":"https:\/\/ayshabilgrami.com\/wp-content\/uploads\/2024\/03\/TRIPLE-TOTONA-EAR-CUFF-SILVER-scaled.jpg","contentUrl":"https:\/\/ayshabilgrami.com\/wp-content\/uploads\/2024\/03\/TRIPLE-TOTONA-EAR-CUFF-SILVER-scaled.jpg","width":2145,"height":2560},{"@type":"BreadcrumbList","@id":"https:\/\/ayshabilgrami.com\/es\/producto\/triple-totona-anillo-plateado\/#breadcrumb","itemListElement":[{"@type":"ListItem","position":1,"name":"Home","item":"https:\/\/ayshabilgrami.com\/es\/"},{"@type":"ListItem","position":2,"name":"TIENDA","item":"https:\/\/ayshabilgrami.com\/tienda\/"},{"@type":"ListItem","position":3,"name":"Anillo Triple Totona Plateado"}]},{"@type":"WebSite","@id":"https:\/\/ayshabilgrami.com\/#website","url":"https:\/\/ayshabilgrami.com\/","name":"Aysha Bilgrami Jewelry","description":"Cultural Fusions Made Jewelry","publisher":{"@id":"https:\/\/ayshabilgrami.com\/#organization"},"potentialAction":[{"@type":"SearchAction","target":{"@type":"EntryPoint","urlTemplate":"https:\/\/ayshabilgrami.com\/?s={search_term_string}"},"query-input":{"@type":"PropertyValueSpecification","valueRequired":true,"valueName":"search_term_string"}}],"inLanguage":"es"},{"@type":"Organization","@id":"https:\/\/ayshabilgrami.com\/#organization","name":"AYSHA BILGRAMI SAS","url":"https:\/\/ayshabilgrami.com\/","logo":{"@type":"ImageObject","inLanguage":"es","@id":"https:\/\/ayshabilgrami.com\/#\/schema\/logo\/image\/","url":"https:\/\/ayshabilgrami.com\/wp-content\/uploads\/2019\/05\/logo-aysha.png","contentUrl":"https:\/\/ayshabilgrami.com\/wp-content\/uploads\/2019\/05\/logo-aysha.png","width":546,"height":199,"caption":"AYSHA BILGRAMI SAS"},"image":{"@id":"https:\/\/ayshabilgrami.com\/#\/schema\/logo\/image\/"}}]}},"_links":{"self":[{"href":"https:\/\/ayshabilgrami.com\/es\/wp-json\/wp\/v2\/product\/25738","targetHints":{"allow":["GET"]}}],"collection":[{"href":"https:\/\/ayshabilgrami.com\/es\/wp-json\/wp\/v2\/product"}],"about":[{"href":"https:\/\/ayshabilgrami.com\/es\/wp-json\/wp\/v2\/types\/product"}],"wp:featuredmedia":[{"embeddable":true,"href":"https:\/\/ayshabilgrami.com\/es\/wp-json\/wp\/v2\/media\/25095"}],"wp:attachment":[{"href":"https:\/\/ayshabilgrami.com\/es\/wp-json\/wp\/v2\/media?parent=25738"}],"wp:term":[{"taxonomy":"product_brand","embeddable":true,"href":"https:\/\/ayshabilgrami.com\/es\/wp-json\/wp\/v2\/product_brand?post=25738"},{"taxonomy":"product_cat","embeddable":true,"href":"https:\/\/ayshabilgrami.com\/es\/wp-json\/wp\/v2\/product_cat?post=25738"},{"taxonomy":"product_tag","embeddable":true,"href":"https:\/\/ayshabilgrami.com\/es\/wp-json\/wp\/v2\/product_tag?post=25738"}],"curies":[{"name":"wp","href":"https:\/\/api.w.org\/{rel}","templated":true}]}}