{"id":26348,"date":"2024-04-19T09:43:45","date_gmt":"2024-04-19T14:43:45","guid":{"rendered":"https:\/\/ayshabilgrami.com\/?post_type=product&#038;p=26348"},"modified":"2025-11-19T15:58:39","modified_gmt":"2025-11-19T20:58:39","slug":"anillo-orejera-totona","status":"publish","type":"product","link":"https:\/\/ayshabilgrami.com\/es\/producto\/anillo-orejera-totona\/","title":{"rendered":"Orejera &#8211; Anillo Totona Dorado"},"content":{"rendered":"<p><span style=\"font-size: 80%;\">No requieren perforaci\u00f3n y puede ser usado como anillo talla 6.5\/7<\/span><br \/>\n<span style=\"font-size: 80%;\">Se venden por unidad<\/span><br \/>\n<span style=\"font-size: 80%;\">Plata ley 925 y plata ley 925 con ba\u00f1o en oro de 24k.<br \/>\nAcabado: Brillante<\/span><br \/>\n<span style=\"font-size: 80%;\">Tama\u00f1o: 2.5 cm &#8211; Di\u00e1metro 1 cm<br \/>\nNuestra plata es reciclada y refinada de radiograf\u00edas\u00a0<\/span><br \/>\n<span style=\"font-size: 80%;\">Hecho en Bogot\u00e1, Colombia<\/span><\/p>\n","protected":false},"excerpt":{"rendered":"<p><b>Este ear cuff puede usarse tambi\u00e9n como anillo<\/b><span style=\"font-weight: 400;\">. Este simboliza expansi\u00f3n y energ\u00eda por su movimiento en espiral. \u00dasalo solo o ap\u00edlalo con otros para un look m\u00e1s imponente.\u00a0<\/span><\/p>\n","protected":false},"featured_media":7858,"template":"","meta":[],"product_brand":[],"product_cat":[1261,939,940,914,689,153,156,1192,1085,1159,947],"product_tag":[1262],"class_list":{"0":"post-26348","1":"product","2":"type-product","3":"status-publish","4":"has-post-thumbnail","6":"product_cat-under-500","7":"product_cat-plata","8":"product_cat-plata-con-bano-en-oro","9":"product_cat-eclipse-es","10":"product_cat-todo","11":"product_cat-ear-cuffs-es","12":"product_cat-anillos","13":"product_cat-piezas-iconicas","14":"product_cat-best-sellers","15":"product_cat-gold-lovers-es","16":"product_cat-small-gifts","17":"product_tag-actualizado","19":"first","20":"instock","21":"shipping-taxable","22":"purchasable","23":"product-type-simple"},"yoast_head":"<!-- This site is optimized with the Yoast SEO plugin v26.6 - https:\/\/yoast.com\/wordpress\/plugins\/seo\/ -->\n<title>Orejera - Anillo Totona Dorado - Aysha Bilgrami Jewelry<\/title>\n<meta name=\"description\" content=\"Un anillo imponente y llamativo de la colecci\u00f3n No3, que flotar\u00e1 sobre tus dedos.\" \/>\n<meta name=\"robots\" content=\"index, follow, max-snippet:-1, max-image-preview:large, max-video-preview:-1\" \/>\n<link rel=\"canonical\" href=\"https:\/\/ayshabilgrami.com\/es\/producto\/anillo-orejera-totona\/\" \/>\n<meta property=\"og:locale\" content=\"es_ES\" \/>\n<meta property=\"og:type\" content=\"article\" \/>\n<meta property=\"og:title\" content=\"Orejera - Anillo Totona Dorado - Aysha Bilgrami Jewelry\" \/>\n<meta property=\"og:description\" content=\"Un anillo imponente y llamativo de la colecci\u00f3n No3, que flotar\u00e1 sobre tus dedos.\" \/>\n<meta property=\"og:url\" content=\"https:\/\/ayshabilgrami.com\/es\/producto\/anillo-orejera-totona\/\" \/>\n<meta property=\"og:site_name\" content=\"Aysha Bilgrami Jewelry\" \/>\n<meta property=\"article:modified_time\" content=\"2025-11-19T20:58:39+00:00\" \/>\n<meta property=\"og:image\" content=\"https:\/\/ayshabilgrami.com\/wp-content\/uploads\/2020\/10\/AYSHA-BILGRAMI-MODEL-TOTONA-EAR-CUFF.jpg\" \/>\n\t<meta property=\"og:image:width\" content=\"1024\" \/>\n\t<meta property=\"og:image:height\" content=\"1024\" \/>\n\t<meta property=\"og:image:type\" content=\"image\/jpeg\" \/>\n<meta name=\"twitter:card\" content=\"summary_large_image\" \/>\n<meta name=\"twitter:label1\" content=\"Tiempo de lectura\" \/>\n\t<meta name=\"twitter:data1\" content=\"1 minuto\" \/>\n<script type=\"application\/ld+json\" class=\"yoast-schema-graph\">{\"@context\":\"https:\/\/schema.org\",\"@graph\":[{\"@type\":\"WebPage\",\"@id\":\"https:\/\/ayshabilgrami.com\/es\/producto\/anillo-orejera-totona\/\",\"url\":\"https:\/\/ayshabilgrami.com\/es\/producto\/anillo-orejera-totona\/\",\"name\":\"Orejera - Anillo Totona Dorado - Aysha Bilgrami Jewelry\",\"isPartOf\":{\"@id\":\"https:\/\/ayshabilgrami.com\/#website\"},\"primaryImageOfPage\":{\"@id\":\"https:\/\/ayshabilgrami.com\/es\/producto\/anillo-orejera-totona\/#primaryimage\"},\"image\":{\"@id\":\"https:\/\/ayshabilgrami.com\/es\/producto\/anillo-orejera-totona\/#primaryimage\"},\"thumbnailUrl\":\"https:\/\/ayshabilgrami.com\/wp-content\/uploads\/2020\/10\/AYSHA-BILGRAMI-MODEL-TOTONA-EAR-CUFF.jpg\",\"datePublished\":\"2024-04-19T14:43:45+00:00\",\"dateModified\":\"2025-11-19T20:58:39+00:00\",\"description\":\"Un anillo imponente y llamativo de la colecci\u00f3n No3, que flotar\u00e1 sobre tus dedos.\",\"breadcrumb\":{\"@id\":\"https:\/\/ayshabilgrami.com\/es\/producto\/anillo-orejera-totona\/#breadcrumb\"},\"inLanguage\":\"es\",\"potentialAction\":[{\"@type\":\"ReadAction\",\"target\":[\"https:\/\/ayshabilgrami.com\/es\/producto\/anillo-orejera-totona\/\"]}]},{\"@type\":\"ImageObject\",\"inLanguage\":\"es\",\"@id\":\"https:\/\/ayshabilgrami.com\/es\/producto\/anillo-orejera-totona\/#primaryimage\",\"url\":\"https:\/\/ayshabilgrami.com\/wp-content\/uploads\/2020\/10\/AYSHA-BILGRAMI-MODEL-TOTONA-EAR-CUFF.jpg\",\"contentUrl\":\"https:\/\/ayshabilgrami.com\/wp-content\/uploads\/2020\/10\/AYSHA-BILGRAMI-MODEL-TOTONA-EAR-CUFF.jpg\",\"width\":1024,\"height\":1024},{\"@type\":\"BreadcrumbList\",\"@id\":\"https:\/\/ayshabilgrami.com\/es\/producto\/anillo-orejera-totona\/#breadcrumb\",\"itemListElement\":[{\"@type\":\"ListItem\",\"position\":1,\"name\":\"Home\",\"item\":\"https:\/\/ayshabilgrami.com\/\"},{\"@type\":\"ListItem\",\"position\":2,\"name\":\"TIENDA\",\"item\":\"https:\/\/ayshabilgrami.com\/tienda\/\"},{\"@type\":\"ListItem\",\"position\":3,\"name\":\"Orejera &#8211; Anillo Totona Dorado\"}]},{\"@type\":\"WebSite\",\"@id\":\"https:\/\/ayshabilgrami.com\/#website\",\"url\":\"https:\/\/ayshabilgrami.com\/\",\"name\":\"Aysha Bilgrami Jewelry\",\"description\":\"Cultural Fusions Made Jewelry\",\"publisher\":{\"@id\":\"https:\/\/ayshabilgrami.com\/#organization\"},\"potentialAction\":[{\"@type\":\"SearchAction\",\"target\":{\"@type\":\"EntryPoint\",\"urlTemplate\":\"https:\/\/ayshabilgrami.com\/?s={search_term_string}\"},\"query-input\":{\"@type\":\"PropertyValueSpecification\",\"valueRequired\":true,\"valueName\":\"search_term_string\"}}],\"inLanguage\":\"es\"},{\"@type\":\"Organization\",\"@id\":\"https:\/\/ayshabilgrami.com\/#organization\",\"name\":\"AYSHA BILGRAMI SAS\",\"url\":\"https:\/\/ayshabilgrami.com\/\",\"logo\":{\"@type\":\"ImageObject\",\"inLanguage\":\"es\",\"@id\":\"https:\/\/ayshabilgrami.com\/#\/schema\/logo\/image\/\",\"url\":\"https:\/\/ayshabilgrami.com\/wp-content\/uploads\/2019\/05\/logo-aysha.png\",\"contentUrl\":\"https:\/\/ayshabilgrami.com\/wp-content\/uploads\/2019\/05\/logo-aysha.png\",\"width\":546,\"height\":199,\"caption\":\"AYSHA BILGRAMI SAS\"},\"image\":{\"@id\":\"https:\/\/ayshabilgrami.com\/#\/schema\/logo\/image\/\"}}]}<\/script>\n<!-- \/ Yoast SEO plugin. -->","yoast_head_json":{"title":"Orejera - Anillo Totona Dorado - Aysha Bilgrami Jewelry","description":"Un anillo imponente y llamativo de la colecci\u00f3n No3, que flotar\u00e1 sobre tus dedos.","robots":{"index":"index","follow":"follow","max-snippet":"max-snippet:-1","max-image-preview":"max-image-preview:large","max-video-preview":"max-video-preview:-1"},"canonical":"https:\/\/ayshabilgrami.com\/es\/producto\/anillo-orejera-totona\/","og_locale":"es_ES","og_type":"article","og_title":"Orejera - Anillo Totona Dorado - Aysha Bilgrami Jewelry","og_description":"Un anillo imponente y llamativo de la colecci\u00f3n No3, que flotar\u00e1 sobre tus dedos.","og_url":"https:\/\/ayshabilgrami.com\/es\/producto\/anillo-orejera-totona\/","og_site_name":"Aysha Bilgrami Jewelry","article_modified_time":"2025-11-19T20:58:39+00:00","og_image":[{"width":1024,"height":1024,"url":"https:\/\/ayshabilgrami.com\/wp-content\/uploads\/2020\/10\/AYSHA-BILGRAMI-MODEL-TOTONA-EAR-CUFF.jpg","type":"image\/jpeg"}],"twitter_card":"summary_large_image","twitter_misc":{"Tiempo de lectura":"1 minuto"},"schema":{"@context":"https:\/\/schema.org","@graph":[{"@type":"WebPage","@id":"https:\/\/ayshabilgrami.com\/es\/producto\/anillo-orejera-totona\/","url":"https:\/\/ayshabilgrami.com\/es\/producto\/anillo-orejera-totona\/","name":"Orejera - Anillo Totona Dorado - Aysha Bilgrami Jewelry","isPartOf":{"@id":"https:\/\/ayshabilgrami.com\/#website"},"primaryImageOfPage":{"@id":"https:\/\/ayshabilgrami.com\/es\/producto\/anillo-orejera-totona\/#primaryimage"},"image":{"@id":"https:\/\/ayshabilgrami.com\/es\/producto\/anillo-orejera-totona\/#primaryimage"},"thumbnailUrl":"https:\/\/ayshabilgrami.com\/wp-content\/uploads\/2020\/10\/AYSHA-BILGRAMI-MODEL-TOTONA-EAR-CUFF.jpg","datePublished":"2024-04-19T14:43:45+00:00","dateModified":"2025-11-19T20:58:39+00:00","description":"Un anillo imponente y llamativo de la colecci\u00f3n No3, que flotar\u00e1 sobre tus dedos.","breadcrumb":{"@id":"https:\/\/ayshabilgrami.com\/es\/producto\/anillo-orejera-totona\/#breadcrumb"},"inLanguage":"es","potentialAction":[{"@type":"ReadAction","target":["https:\/\/ayshabilgrami.com\/es\/producto\/anillo-orejera-totona\/"]}]},{"@type":"ImageObject","inLanguage":"es","@id":"https:\/\/ayshabilgrami.com\/es\/producto\/anillo-orejera-totona\/#primaryimage","url":"https:\/\/ayshabilgrami.com\/wp-content\/uploads\/2020\/10\/AYSHA-BILGRAMI-MODEL-TOTONA-EAR-CUFF.jpg","contentUrl":"https:\/\/ayshabilgrami.com\/wp-content\/uploads\/2020\/10\/AYSHA-BILGRAMI-MODEL-TOTONA-EAR-CUFF.jpg","width":1024,"height":1024},{"@type":"BreadcrumbList","@id":"https:\/\/ayshabilgrami.com\/es\/producto\/anillo-orejera-totona\/#breadcrumb","itemListElement":[{"@type":"ListItem","position":1,"name":"Home","item":"https:\/\/ayshabilgrami.com\/"},{"@type":"ListItem","position":2,"name":"TIENDA","item":"https:\/\/ayshabilgrami.com\/tienda\/"},{"@type":"ListItem","position":3,"name":"Orejera &#8211; Anillo Totona Dorado"}]},{"@type":"WebSite","@id":"https:\/\/ayshabilgrami.com\/#website","url":"https:\/\/ayshabilgrami.com\/","name":"Aysha Bilgrami Jewelry","description":"Cultural Fusions Made Jewelry","publisher":{"@id":"https:\/\/ayshabilgrami.com\/#organization"},"potentialAction":[{"@type":"SearchAction","target":{"@type":"EntryPoint","urlTemplate":"https:\/\/ayshabilgrami.com\/?s={search_term_string}"},"query-input":{"@type":"PropertyValueSpecification","valueRequired":true,"valueName":"search_term_string"}}],"inLanguage":"es"},{"@type":"Organization","@id":"https:\/\/ayshabilgrami.com\/#organization","name":"AYSHA BILGRAMI SAS","url":"https:\/\/ayshabilgrami.com\/","logo":{"@type":"ImageObject","inLanguage":"es","@id":"https:\/\/ayshabilgrami.com\/#\/schema\/logo\/image\/","url":"https:\/\/ayshabilgrami.com\/wp-content\/uploads\/2019\/05\/logo-aysha.png","contentUrl":"https:\/\/ayshabilgrami.com\/wp-content\/uploads\/2019\/05\/logo-aysha.png","width":546,"height":199,"caption":"AYSHA BILGRAMI SAS"},"image":{"@id":"https:\/\/ayshabilgrami.com\/#\/schema\/logo\/image\/"}}]}},"_links":{"self":[{"href":"https:\/\/ayshabilgrami.com\/es\/wp-json\/wp\/v2\/product\/26348","targetHints":{"allow":["GET"]}}],"collection":[{"href":"https:\/\/ayshabilgrami.com\/es\/wp-json\/wp\/v2\/product"}],"about":[{"href":"https:\/\/ayshabilgrami.com\/es\/wp-json\/wp\/v2\/types\/product"}],"wp:featuredmedia":[{"embeddable":true,"href":"https:\/\/ayshabilgrami.com\/es\/wp-json\/wp\/v2\/media\/7858"}],"wp:attachment":[{"href":"https:\/\/ayshabilgrami.com\/es\/wp-json\/wp\/v2\/media?parent=26348"}],"wp:term":[{"taxonomy":"product_brand","embeddable":true,"href":"https:\/\/ayshabilgrami.com\/es\/wp-json\/wp\/v2\/product_brand?post=26348"},{"taxonomy":"product_cat","embeddable":true,"href":"https:\/\/ayshabilgrami.com\/es\/wp-json\/wp\/v2\/product_cat?post=26348"},{"taxonomy":"product_tag","embeddable":true,"href":"https:\/\/ayshabilgrami.com\/es\/wp-json\/wp\/v2\/product_tag?post=26348"}],"curies":[{"name":"wp","href":"https:\/\/api.w.org\/{rel}","templated":true}]}}