{"id":26940,"date":"2024-07-02T22:31:30","date_gmt":"2024-07-03T03:31:30","guid":{"rendered":"https:\/\/ayshabilgrami.com\/?post_type=product&#038;p=26940"},"modified":"2025-11-20T15:32:52","modified_gmt":"2025-11-20T20:32:52","slug":"joyero-en-madera-copy","status":"publish","type":"product","link":"https:\/\/ayshabilgrami.com\/es\/producto\/joyero-en-madera-copy\/","title":{"rendered":"Joyero"},"content":{"rendered":"<p><span style=\"font-size: 80%;\">Madera flor morado<br \/>\nMedidas: 18cm x 19cm x 8cm<br \/>\n<\/span><span style=\"font-size: 80%;\">Interior Gamuza Azul<br \/>\n<\/span><span style=\"font-size: 80%;\">3 pisos<\/span><\/p>\n","protected":false},"excerpt":{"rendered":"<p>Un joyero fabricado en madera de flor de morado, conocida por su durabilidad y elegancia natural. Con bisagras en madera y uniones de madera con la t\u00e9cnica del sashimono o cola de milano y pir\u00e1mides talladas a mano que a\u00f1aden un toque distintivo de la marca. Un homenaje a la artesan\u00eda meticulosa y a la dedicaci\u00f3n a la excelencia, un OBJETO DE COLECCIONISTA que no s\u00f3lo proporciona un espacio funcional para guardar sus objetos de valor conservando su valor y belleza con el paso del tiempo, sino que es un elemento de decoraci\u00f3n.<br \/>\nSOLO PRE ORDER<\/p>\n","protected":false},"featured_media":26991,"template":"","meta":[],"product_brand":[],"product_cat":[1039,689,1021,1162],"product_tag":[1262],"class_list":{"0":"post-26940","1":"product","2":"type-product","3":"status-publish","4":"has-post-thumbnail","6":"product_cat-madera","7":"product_cat-todo","8":"product_cat-otros","9":"product_cat-objetos-especiales","10":"product_tag-actualizado","12":"first","13":"onbackorder","14":"shipping-taxable","15":"purchasable","16":"product-type-simple"},"yoast_head":"<!-- This site is optimized with the Yoast SEO plugin v26.6 - https:\/\/yoast.com\/wordpress\/plugins\/seo\/ -->\n<title>Joyero - Aysha Bilgrami Jewelry<\/title>\n<meta name=\"description\" content=\"Un joyero fabricado en madera de flor de morado, conocida por su durabilidad y elegancia natural. Con bisagras en madera y uniones de madera con la t\u00e9cnica del sashimono o cola de milano\" \/>\n<meta name=\"robots\" content=\"index, follow, max-snippet:-1, max-image-preview:large, max-video-preview:-1\" \/>\n<link rel=\"canonical\" href=\"https:\/\/ayshabilgrami.com\/es\/producto\/joyero-en-madera-copy\/\" \/>\n<meta property=\"og:locale\" content=\"es_ES\" \/>\n<meta property=\"og:type\" content=\"article\" \/>\n<meta property=\"og:title\" content=\"Joyero - Aysha Bilgrami Jewelry\" \/>\n<meta property=\"og:description\" content=\"Un joyero fabricado en madera de flor de morado, conocida por su durabilidad y elegancia natural. Con bisagras en madera y uniones de madera con la t\u00e9cnica del sashimono o cola de milano\" \/>\n<meta property=\"og:url\" content=\"https:\/\/ayshabilgrami.com\/es\/producto\/joyero-en-madera-copy\/\" \/>\n<meta property=\"og:site_name\" content=\"Aysha Bilgrami Jewelry\" \/>\n<meta property=\"article:modified_time\" content=\"2025-11-20T20:32:52+00:00\" \/>\n<meta property=\"og:image\" content=\"https:\/\/ayshabilgrami.com\/wp-content\/uploads\/2024\/07\/4.jpg\" \/>\n\t<meta property=\"og:image:width\" content=\"2048\" \/>\n\t<meta property=\"og:image:height\" content=\"1365\" \/>\n\t<meta property=\"og:image:type\" content=\"image\/jpeg\" \/>\n<meta name=\"twitter:card\" content=\"summary_large_image\" \/>\n<script type=\"application\/ld+json\" class=\"yoast-schema-graph\">{\"@context\":\"https:\/\/schema.org\",\"@graph\":[{\"@type\":\"WebPage\",\"@id\":\"https:\/\/ayshabilgrami.com\/es\/producto\/joyero-en-madera-copy\/\",\"url\":\"https:\/\/ayshabilgrami.com\/es\/producto\/joyero-en-madera-copy\/\",\"name\":\"Joyero - Aysha Bilgrami Jewelry\",\"isPartOf\":{\"@id\":\"https:\/\/ayshabilgrami.com\/#website\"},\"primaryImageOfPage\":{\"@id\":\"https:\/\/ayshabilgrami.com\/es\/producto\/joyero-en-madera-copy\/#primaryimage\"},\"image\":{\"@id\":\"https:\/\/ayshabilgrami.com\/es\/producto\/joyero-en-madera-copy\/#primaryimage\"},\"thumbnailUrl\":\"https:\/\/ayshabilgrami.com\/wp-content\/uploads\/2024\/07\/4.jpg\",\"datePublished\":\"2024-07-03T03:31:30+00:00\",\"dateModified\":\"2025-11-20T20:32:52+00:00\",\"description\":\"Un joyero fabricado en madera de flor de morado, conocida por su durabilidad y elegancia natural. Con bisagras en madera y uniones de madera con la t\u00e9cnica del sashimono o cola de milano\",\"breadcrumb\":{\"@id\":\"https:\/\/ayshabilgrami.com\/es\/producto\/joyero-en-madera-copy\/#breadcrumb\"},\"inLanguage\":\"es\",\"potentialAction\":[{\"@type\":\"ReadAction\",\"target\":[\"https:\/\/ayshabilgrami.com\/es\/producto\/joyero-en-madera-copy\/\"]}]},{\"@type\":\"ImageObject\",\"inLanguage\":\"es\",\"@id\":\"https:\/\/ayshabilgrami.com\/es\/producto\/joyero-en-madera-copy\/#primaryimage\",\"url\":\"https:\/\/ayshabilgrami.com\/wp-content\/uploads\/2024\/07\/4.jpg\",\"contentUrl\":\"https:\/\/ayshabilgrami.com\/wp-content\/uploads\/2024\/07\/4.jpg\",\"width\":2048,\"height\":1365},{\"@type\":\"BreadcrumbList\",\"@id\":\"https:\/\/ayshabilgrami.com\/es\/producto\/joyero-en-madera-copy\/#breadcrumb\",\"itemListElement\":[{\"@type\":\"ListItem\",\"position\":1,\"name\":\"Home\",\"item\":\"https:\/\/ayshabilgrami.com\/es\/\"},{\"@type\":\"ListItem\",\"position\":2,\"name\":\"TIENDA\",\"item\":\"https:\/\/ayshabilgrami.com\/tienda\/\"},{\"@type\":\"ListItem\",\"position\":3,\"name\":\"Joyero\"}]},{\"@type\":\"WebSite\",\"@id\":\"https:\/\/ayshabilgrami.com\/#website\",\"url\":\"https:\/\/ayshabilgrami.com\/\",\"name\":\"Aysha Bilgrami Jewelry\",\"description\":\"Cultural Fusions Made Jewelry\",\"publisher\":{\"@id\":\"https:\/\/ayshabilgrami.com\/#organization\"},\"potentialAction\":[{\"@type\":\"SearchAction\",\"target\":{\"@type\":\"EntryPoint\",\"urlTemplate\":\"https:\/\/ayshabilgrami.com\/?s={search_term_string}\"},\"query-input\":{\"@type\":\"PropertyValueSpecification\",\"valueRequired\":true,\"valueName\":\"search_term_string\"}}],\"inLanguage\":\"es\"},{\"@type\":\"Organization\",\"@id\":\"https:\/\/ayshabilgrami.com\/#organization\",\"name\":\"AYSHA BILGRAMI SAS\",\"url\":\"https:\/\/ayshabilgrami.com\/\",\"logo\":{\"@type\":\"ImageObject\",\"inLanguage\":\"es\",\"@id\":\"https:\/\/ayshabilgrami.com\/#\/schema\/logo\/image\/\",\"url\":\"https:\/\/ayshabilgrami.com\/wp-content\/uploads\/2019\/05\/logo-aysha.png\",\"contentUrl\":\"https:\/\/ayshabilgrami.com\/wp-content\/uploads\/2019\/05\/logo-aysha.png\",\"width\":546,\"height\":199,\"caption\":\"AYSHA BILGRAMI SAS\"},\"image\":{\"@id\":\"https:\/\/ayshabilgrami.com\/#\/schema\/logo\/image\/\"}}]}<\/script>\n<!-- \/ Yoast SEO plugin. -->","yoast_head_json":{"title":"Joyero - Aysha Bilgrami Jewelry","description":"Un joyero fabricado en madera de flor de morado, conocida por su durabilidad y elegancia natural. Con bisagras en madera y uniones de madera con la t\u00e9cnica del sashimono o cola de milano","robots":{"index":"index","follow":"follow","max-snippet":"max-snippet:-1","max-image-preview":"max-image-preview:large","max-video-preview":"max-video-preview:-1"},"canonical":"https:\/\/ayshabilgrami.com\/es\/producto\/joyero-en-madera-copy\/","og_locale":"es_ES","og_type":"article","og_title":"Joyero - Aysha Bilgrami Jewelry","og_description":"Un joyero fabricado en madera de flor de morado, conocida por su durabilidad y elegancia natural. Con bisagras en madera y uniones de madera con la t\u00e9cnica del sashimono o cola de milano","og_url":"https:\/\/ayshabilgrami.com\/es\/producto\/joyero-en-madera-copy\/","og_site_name":"Aysha Bilgrami Jewelry","article_modified_time":"2025-11-20T20:32:52+00:00","og_image":[{"width":2048,"height":1365,"url":"https:\/\/ayshabilgrami.com\/wp-content\/uploads\/2024\/07\/4.jpg","type":"image\/jpeg"}],"twitter_card":"summary_large_image","schema":{"@context":"https:\/\/schema.org","@graph":[{"@type":"WebPage","@id":"https:\/\/ayshabilgrami.com\/es\/producto\/joyero-en-madera-copy\/","url":"https:\/\/ayshabilgrami.com\/es\/producto\/joyero-en-madera-copy\/","name":"Joyero - Aysha Bilgrami Jewelry","isPartOf":{"@id":"https:\/\/ayshabilgrami.com\/#website"},"primaryImageOfPage":{"@id":"https:\/\/ayshabilgrami.com\/es\/producto\/joyero-en-madera-copy\/#primaryimage"},"image":{"@id":"https:\/\/ayshabilgrami.com\/es\/producto\/joyero-en-madera-copy\/#primaryimage"},"thumbnailUrl":"https:\/\/ayshabilgrami.com\/wp-content\/uploads\/2024\/07\/4.jpg","datePublished":"2024-07-03T03:31:30+00:00","dateModified":"2025-11-20T20:32:52+00:00","description":"Un joyero fabricado en madera de flor de morado, conocida por su durabilidad y elegancia natural. Con bisagras en madera y uniones de madera con la t\u00e9cnica del sashimono o cola de milano","breadcrumb":{"@id":"https:\/\/ayshabilgrami.com\/es\/producto\/joyero-en-madera-copy\/#breadcrumb"},"inLanguage":"es","potentialAction":[{"@type":"ReadAction","target":["https:\/\/ayshabilgrami.com\/es\/producto\/joyero-en-madera-copy\/"]}]},{"@type":"ImageObject","inLanguage":"es","@id":"https:\/\/ayshabilgrami.com\/es\/producto\/joyero-en-madera-copy\/#primaryimage","url":"https:\/\/ayshabilgrami.com\/wp-content\/uploads\/2024\/07\/4.jpg","contentUrl":"https:\/\/ayshabilgrami.com\/wp-content\/uploads\/2024\/07\/4.jpg","width":2048,"height":1365},{"@type":"BreadcrumbList","@id":"https:\/\/ayshabilgrami.com\/es\/producto\/joyero-en-madera-copy\/#breadcrumb","itemListElement":[{"@type":"ListItem","position":1,"name":"Home","item":"https:\/\/ayshabilgrami.com\/es\/"},{"@type":"ListItem","position":2,"name":"TIENDA","item":"https:\/\/ayshabilgrami.com\/tienda\/"},{"@type":"ListItem","position":3,"name":"Joyero"}]},{"@type":"WebSite","@id":"https:\/\/ayshabilgrami.com\/#website","url":"https:\/\/ayshabilgrami.com\/","name":"Aysha Bilgrami Jewelry","description":"Cultural Fusions Made Jewelry","publisher":{"@id":"https:\/\/ayshabilgrami.com\/#organization"},"potentialAction":[{"@type":"SearchAction","target":{"@type":"EntryPoint","urlTemplate":"https:\/\/ayshabilgrami.com\/?s={search_term_string}"},"query-input":{"@type":"PropertyValueSpecification","valueRequired":true,"valueName":"search_term_string"}}],"inLanguage":"es"},{"@type":"Organization","@id":"https:\/\/ayshabilgrami.com\/#organization","name":"AYSHA BILGRAMI SAS","url":"https:\/\/ayshabilgrami.com\/","logo":{"@type":"ImageObject","inLanguage":"es","@id":"https:\/\/ayshabilgrami.com\/#\/schema\/logo\/image\/","url":"https:\/\/ayshabilgrami.com\/wp-content\/uploads\/2019\/05\/logo-aysha.png","contentUrl":"https:\/\/ayshabilgrami.com\/wp-content\/uploads\/2019\/05\/logo-aysha.png","width":546,"height":199,"caption":"AYSHA BILGRAMI SAS"},"image":{"@id":"https:\/\/ayshabilgrami.com\/#\/schema\/logo\/image\/"}}]}},"_links":{"self":[{"href":"https:\/\/ayshabilgrami.com\/es\/wp-json\/wp\/v2\/product\/26940","targetHints":{"allow":["GET"]}}],"collection":[{"href":"https:\/\/ayshabilgrami.com\/es\/wp-json\/wp\/v2\/product"}],"about":[{"href":"https:\/\/ayshabilgrami.com\/es\/wp-json\/wp\/v2\/types\/product"}],"wp:featuredmedia":[{"embeddable":true,"href":"https:\/\/ayshabilgrami.com\/es\/wp-json\/wp\/v2\/media\/26991"}],"wp:attachment":[{"href":"https:\/\/ayshabilgrami.com\/es\/wp-json\/wp\/v2\/media?parent=26940"}],"wp:term":[{"taxonomy":"product_brand","embeddable":true,"href":"https:\/\/ayshabilgrami.com\/es\/wp-json\/wp\/v2\/product_brand?post=26940"},{"taxonomy":"product_cat","embeddable":true,"href":"https:\/\/ayshabilgrami.com\/es\/wp-json\/wp\/v2\/product_cat?post=26940"},{"taxonomy":"product_tag","embeddable":true,"href":"https:\/\/ayshabilgrami.com\/es\/wp-json\/wp\/v2\/product_tag?post=26940"}],"curies":[{"name":"wp","href":"https:\/\/api.w.org\/{rel}","templated":true}]}}