{"id":26943,"date":"2024-07-03T18:02:25","date_gmt":"2024-07-03T23:02:25","guid":{"rendered":"https:\/\/ayshabilgrami.com\/?post_type=product&#038;p=26943"},"modified":"2025-11-20T15:26:04","modified_gmt":"2025-11-20T20:26:04","slug":"caja-de-relojes","status":"publish","type":"product","link":"https:\/\/ayshabilgrami.com\/es\/producto\/caja-de-relojes\/","title":{"rendered":"Caja de Relojes"},"content":{"rendered":"<p><span style=\"font-size: 80%;\">Medidas: 31,5cm x 22cm<br \/>\nCapacidad: 10 relojes<\/span><br \/>\n<span style=\"font-size: 80%;\">Interior Gamuza Azul<\/span><\/p>\n","protected":false},"excerpt":{"rendered":"<p>Una caja para relojes elaborada en madera de flor de morado, reconocida por su excepcional durabilidad y su elegancia natural. Incorpora bisagras y uniones completamente de madera, construidas mediante la t\u00e9cnica tradicional sashimono (cola de milano), y decorada con pir\u00e1mides talladas a mano que aportan un sello distintivo de la marca. Es un homenaje a la artesan\u00eda meticulosa y al compromiso con la excelencia: un objeto para coleccionistas que no s\u00f3lo ofrece un espacio funcional para resguardar piezas valiosas y preservar su belleza con el paso del tiempo, sino que tambi\u00e9n se convierte en un elemento decorativo \u00fanico.<br \/>\nCapacidad: 10 relojes<br \/>\nSolo en pre-order<\/p>\n","protected":false},"featured_media":27011,"template":"","meta":[],"product_brand":[],"product_cat":[1039,689,1021,1162],"product_tag":[1262],"class_list":{"0":"post-26943","1":"product","2":"type-product","3":"status-publish","4":"has-post-thumbnail","6":"product_cat-madera","7":"product_cat-todo","8":"product_cat-otros","9":"product_cat-objetos-especiales","10":"product_tag-actualizado","12":"first","13":"instock","14":"shipping-taxable","15":"purchasable","16":"product-type-simple"},"yoast_head":"<!-- This site is optimized with the Yoast SEO plugin v26.6 - https:\/\/yoast.com\/wordpress\/plugins\/seo\/ -->\n<title>Caja de Relojes - Aysha Bilgrami Jewelry<\/title>\n<meta name=\"description\" content=\"Una caja de relojes, nuestra m\u00e1s reciente colaboraci\u00f3n con MATAMBA Artesanal, lleno de detalles que reflejan su herencia artesanal\" \/>\n<meta name=\"robots\" content=\"index, follow, max-snippet:-1, max-image-preview:large, max-video-preview:-1\" \/>\n<link rel=\"canonical\" href=\"https:\/\/ayshabilgrami.com\/es\/producto\/caja-de-relojes\/\" \/>\n<meta property=\"og:locale\" content=\"es_ES\" \/>\n<meta property=\"og:type\" content=\"article\" \/>\n<meta property=\"og:title\" content=\"Caja de Relojes - Aysha Bilgrami Jewelry\" \/>\n<meta property=\"og:description\" content=\"Una caja de relojes, nuestra m\u00e1s reciente colaboraci\u00f3n con MATAMBA Artesanal, lleno de detalles que reflejan su herencia artesanal\" \/>\n<meta property=\"og:url\" content=\"https:\/\/ayshabilgrami.com\/es\/producto\/caja-de-relojes\/\" \/>\n<meta property=\"og:site_name\" content=\"Aysha Bilgrami Jewelry\" \/>\n<meta property=\"article:modified_time\" content=\"2025-11-20T20:26:04+00:00\" \/>\n<meta property=\"og:image\" content=\"https:\/\/ayshabilgrami.com\/wp-content\/uploads\/2024\/07\/8.jpg\" \/>\n\t<meta property=\"og:image:width\" content=\"2048\" \/>\n\t<meta property=\"og:image:height\" content=\"1365\" \/>\n\t<meta property=\"og:image:type\" content=\"image\/jpeg\" \/>\n<meta name=\"twitter:card\" content=\"summary_large_image\" \/>\n<meta name=\"twitter:label1\" content=\"Tiempo de lectura\" \/>\n\t<meta name=\"twitter:data1\" content=\"1 minuto\" \/>\n<script type=\"application\/ld+json\" class=\"yoast-schema-graph\">{\"@context\":\"https:\/\/schema.org\",\"@graph\":[{\"@type\":\"WebPage\",\"@id\":\"https:\/\/ayshabilgrami.com\/es\/producto\/caja-de-relojes\/\",\"url\":\"https:\/\/ayshabilgrami.com\/es\/producto\/caja-de-relojes\/\",\"name\":\"Caja de Relojes - Aysha Bilgrami Jewelry\",\"isPartOf\":{\"@id\":\"https:\/\/ayshabilgrami.com\/#website\"},\"primaryImageOfPage\":{\"@id\":\"https:\/\/ayshabilgrami.com\/es\/producto\/caja-de-relojes\/#primaryimage\"},\"image\":{\"@id\":\"https:\/\/ayshabilgrami.com\/es\/producto\/caja-de-relojes\/#primaryimage\"},\"thumbnailUrl\":\"https:\/\/ayshabilgrami.com\/wp-content\/uploads\/2024\/07\/8.jpg\",\"datePublished\":\"2024-07-03T23:02:25+00:00\",\"dateModified\":\"2025-11-20T20:26:04+00:00\",\"description\":\"Una caja de relojes, nuestra m\u00e1s reciente colaboraci\u00f3n con MATAMBA Artesanal, lleno de detalles que reflejan su herencia artesanal\",\"breadcrumb\":{\"@id\":\"https:\/\/ayshabilgrami.com\/es\/producto\/caja-de-relojes\/#breadcrumb\"},\"inLanguage\":\"es\",\"potentialAction\":[{\"@type\":\"ReadAction\",\"target\":[\"https:\/\/ayshabilgrami.com\/es\/producto\/caja-de-relojes\/\"]}]},{\"@type\":\"ImageObject\",\"inLanguage\":\"es\",\"@id\":\"https:\/\/ayshabilgrami.com\/es\/producto\/caja-de-relojes\/#primaryimage\",\"url\":\"https:\/\/ayshabilgrami.com\/wp-content\/uploads\/2024\/07\/8.jpg\",\"contentUrl\":\"https:\/\/ayshabilgrami.com\/wp-content\/uploads\/2024\/07\/8.jpg\",\"width\":2048,\"height\":1365},{\"@type\":\"BreadcrumbList\",\"@id\":\"https:\/\/ayshabilgrami.com\/es\/producto\/caja-de-relojes\/#breadcrumb\",\"itemListElement\":[{\"@type\":\"ListItem\",\"position\":1,\"name\":\"Home\",\"item\":\"https:\/\/ayshabilgrami.com\/\"},{\"@type\":\"ListItem\",\"position\":2,\"name\":\"TIENDA\",\"item\":\"https:\/\/ayshabilgrami.com\/tienda\/\"},{\"@type\":\"ListItem\",\"position\":3,\"name\":\"Caja de Relojes\"}]},{\"@type\":\"WebSite\",\"@id\":\"https:\/\/ayshabilgrami.com\/#website\",\"url\":\"https:\/\/ayshabilgrami.com\/\",\"name\":\"Aysha Bilgrami Jewelry\",\"description\":\"Cultural Fusions Made Jewelry\",\"publisher\":{\"@id\":\"https:\/\/ayshabilgrami.com\/#organization\"},\"potentialAction\":[{\"@type\":\"SearchAction\",\"target\":{\"@type\":\"EntryPoint\",\"urlTemplate\":\"https:\/\/ayshabilgrami.com\/?s={search_term_string}\"},\"query-input\":{\"@type\":\"PropertyValueSpecification\",\"valueRequired\":true,\"valueName\":\"search_term_string\"}}],\"inLanguage\":\"es\"},{\"@type\":\"Organization\",\"@id\":\"https:\/\/ayshabilgrami.com\/#organization\",\"name\":\"AYSHA BILGRAMI SAS\",\"url\":\"https:\/\/ayshabilgrami.com\/\",\"logo\":{\"@type\":\"ImageObject\",\"inLanguage\":\"es\",\"@id\":\"https:\/\/ayshabilgrami.com\/#\/schema\/logo\/image\/\",\"url\":\"https:\/\/ayshabilgrami.com\/wp-content\/uploads\/2019\/05\/logo-aysha.png\",\"contentUrl\":\"https:\/\/ayshabilgrami.com\/wp-content\/uploads\/2019\/05\/logo-aysha.png\",\"width\":546,\"height\":199,\"caption\":\"AYSHA BILGRAMI SAS\"},\"image\":{\"@id\":\"https:\/\/ayshabilgrami.com\/#\/schema\/logo\/image\/\"}}]}<\/script>\n<!-- \/ Yoast SEO plugin. -->","yoast_head_json":{"title":"Caja de Relojes - Aysha Bilgrami Jewelry","description":"Una caja de relojes, nuestra m\u00e1s reciente colaboraci\u00f3n con MATAMBA Artesanal, lleno de detalles que reflejan su herencia artesanal","robots":{"index":"index","follow":"follow","max-snippet":"max-snippet:-1","max-image-preview":"max-image-preview:large","max-video-preview":"max-video-preview:-1"},"canonical":"https:\/\/ayshabilgrami.com\/es\/producto\/caja-de-relojes\/","og_locale":"es_ES","og_type":"article","og_title":"Caja de Relojes - Aysha Bilgrami Jewelry","og_description":"Una caja de relojes, nuestra m\u00e1s reciente colaboraci\u00f3n con MATAMBA Artesanal, lleno de detalles que reflejan su herencia artesanal","og_url":"https:\/\/ayshabilgrami.com\/es\/producto\/caja-de-relojes\/","og_site_name":"Aysha Bilgrami Jewelry","article_modified_time":"2025-11-20T20:26:04+00:00","og_image":[{"width":2048,"height":1365,"url":"https:\/\/ayshabilgrami.com\/wp-content\/uploads\/2024\/07\/8.jpg","type":"image\/jpeg"}],"twitter_card":"summary_large_image","twitter_misc":{"Tiempo de lectura":"1 minuto"},"schema":{"@context":"https:\/\/schema.org","@graph":[{"@type":"WebPage","@id":"https:\/\/ayshabilgrami.com\/es\/producto\/caja-de-relojes\/","url":"https:\/\/ayshabilgrami.com\/es\/producto\/caja-de-relojes\/","name":"Caja de Relojes - Aysha Bilgrami Jewelry","isPartOf":{"@id":"https:\/\/ayshabilgrami.com\/#website"},"primaryImageOfPage":{"@id":"https:\/\/ayshabilgrami.com\/es\/producto\/caja-de-relojes\/#primaryimage"},"image":{"@id":"https:\/\/ayshabilgrami.com\/es\/producto\/caja-de-relojes\/#primaryimage"},"thumbnailUrl":"https:\/\/ayshabilgrami.com\/wp-content\/uploads\/2024\/07\/8.jpg","datePublished":"2024-07-03T23:02:25+00:00","dateModified":"2025-11-20T20:26:04+00:00","description":"Una caja de relojes, nuestra m\u00e1s reciente colaboraci\u00f3n con MATAMBA Artesanal, lleno de detalles que reflejan su herencia artesanal","breadcrumb":{"@id":"https:\/\/ayshabilgrami.com\/es\/producto\/caja-de-relojes\/#breadcrumb"},"inLanguage":"es","potentialAction":[{"@type":"ReadAction","target":["https:\/\/ayshabilgrami.com\/es\/producto\/caja-de-relojes\/"]}]},{"@type":"ImageObject","inLanguage":"es","@id":"https:\/\/ayshabilgrami.com\/es\/producto\/caja-de-relojes\/#primaryimage","url":"https:\/\/ayshabilgrami.com\/wp-content\/uploads\/2024\/07\/8.jpg","contentUrl":"https:\/\/ayshabilgrami.com\/wp-content\/uploads\/2024\/07\/8.jpg","width":2048,"height":1365},{"@type":"BreadcrumbList","@id":"https:\/\/ayshabilgrami.com\/es\/producto\/caja-de-relojes\/#breadcrumb","itemListElement":[{"@type":"ListItem","position":1,"name":"Home","item":"https:\/\/ayshabilgrami.com\/"},{"@type":"ListItem","position":2,"name":"TIENDA","item":"https:\/\/ayshabilgrami.com\/tienda\/"},{"@type":"ListItem","position":3,"name":"Caja de Relojes"}]},{"@type":"WebSite","@id":"https:\/\/ayshabilgrami.com\/#website","url":"https:\/\/ayshabilgrami.com\/","name":"Aysha Bilgrami Jewelry","description":"Cultural Fusions Made Jewelry","publisher":{"@id":"https:\/\/ayshabilgrami.com\/#organization"},"potentialAction":[{"@type":"SearchAction","target":{"@type":"EntryPoint","urlTemplate":"https:\/\/ayshabilgrami.com\/?s={search_term_string}"},"query-input":{"@type":"PropertyValueSpecification","valueRequired":true,"valueName":"search_term_string"}}],"inLanguage":"es"},{"@type":"Organization","@id":"https:\/\/ayshabilgrami.com\/#organization","name":"AYSHA BILGRAMI SAS","url":"https:\/\/ayshabilgrami.com\/","logo":{"@type":"ImageObject","inLanguage":"es","@id":"https:\/\/ayshabilgrami.com\/#\/schema\/logo\/image\/","url":"https:\/\/ayshabilgrami.com\/wp-content\/uploads\/2019\/05\/logo-aysha.png","contentUrl":"https:\/\/ayshabilgrami.com\/wp-content\/uploads\/2019\/05\/logo-aysha.png","width":546,"height":199,"caption":"AYSHA BILGRAMI SAS"},"image":{"@id":"https:\/\/ayshabilgrami.com\/#\/schema\/logo\/image\/"}}]}},"_links":{"self":[{"href":"https:\/\/ayshabilgrami.com\/es\/wp-json\/wp\/v2\/product\/26943","targetHints":{"allow":["GET"]}}],"collection":[{"href":"https:\/\/ayshabilgrami.com\/es\/wp-json\/wp\/v2\/product"}],"about":[{"href":"https:\/\/ayshabilgrami.com\/es\/wp-json\/wp\/v2\/types\/product"}],"wp:featuredmedia":[{"embeddable":true,"href":"https:\/\/ayshabilgrami.com\/es\/wp-json\/wp\/v2\/media\/27011"}],"wp:attachment":[{"href":"https:\/\/ayshabilgrami.com\/es\/wp-json\/wp\/v2\/media?parent=26943"}],"wp:term":[{"taxonomy":"product_brand","embeddable":true,"href":"https:\/\/ayshabilgrami.com\/es\/wp-json\/wp\/v2\/product_brand?post=26943"},{"taxonomy":"product_cat","embeddable":true,"href":"https:\/\/ayshabilgrami.com\/es\/wp-json\/wp\/v2\/product_cat?post=26943"},{"taxonomy":"product_tag","embeddable":true,"href":"https:\/\/ayshabilgrami.com\/es\/wp-json\/wp\/v2\/product_tag?post=26943"}],"curies":[{"name":"wp","href":"https:\/\/api.w.org\/{rel}","templated":true}]}}