{"id":28720,"date":"2025-06-12T00:16:49","date_gmt":"2025-06-12T05:16:49","guid":{"rendered":"https:\/\/ayshabilgrami.com\/?post_type=product&#038;p=28720"},"modified":"2025-12-18T10:28:33","modified_gmt":"2025-12-18T15:28:33","slug":"ear-cuff-tonka-plata-copy","status":"publish","type":"product","link":"https:\/\/ayshabilgrami.com\/es\/producto\/ear-cuff-tonka-plata-copy\/","title":{"rendered":"Anya Earcuff Ring Plata"},"content":{"rendered":"<p><span style=\"font-size: 80%;\">Plata Ley 925, Circ\u00f3n, Azulrita y Malaquita\u00a0<\/span><br \/>\n<span style=\"font-size: 80%;\">Circunferencia Interna: 1,5cm \/ Ancho : 1,5cm \/ Peso:7grm<\/span><br \/>\n<span style=\"font-size: 80%;\">De la colecci\u00f3n Amuletos<\/span><br \/>\n<span style=\"font-size: 80%;\">Nuestra plata es recuperada de radiograf\u00edas. Las variaciones en el color y la apariencia de la piedra pueden ocurrir, lo que hace que cada pieza sea \u00fanica.<\/span><br \/>\n<span style=\"font-size: 80%;\">Hecho a mano en Bogot\u00e1, Colombia<\/span><\/p>\n","protected":false},"excerpt":{"rendered":"<p><span style=\"font-size: 100%;\"><span style=\"font-weight: 400;\">El <\/span><b>Anya Ear Cuff<\/b> <b>Ring <\/b><span style=\"font-weight: 400;\">tiene tres aros con una combinaci\u00f3n cautivadora: una esfera de Azurita Malaquita, un cabuj\u00f3n de Malaquita y un brillante Zircon. La Azurita Malaquita estimula la intuici\u00f3n y brinda protecci\u00f3n, la Malaquita absorbe las energ\u00edas negativas, y el Zircon aporta equilibrio y claridad. Juntas, estas gemas crean una pieza poderosa y protectora, con una energ\u00eda tan elegante como armoniosa. Se convierte de ear cuff a anillo en tu dedo me\u00f1ique<\/span><\/span><\/p>\n","protected":false},"featured_media":28282,"template":"","meta":[],"product_brand":[],"product_cat":[388,939,1061,1088,689,153,156,1192,1116,1160,1161,1114],"product_tag":[1262],"class_list":{"0":"post-28720","1":"product","2":"type-product","3":"status-publish","4":"has-post-thumbnail","6":"product_cat-new-arrivals-es","7":"product_cat-plata","8":"product_cat-colecciones","9":"product_cat-amuletos","10":"product_cat-todo","11":"product_cat-ear-cuffs-es","12":"product_cat-anillos","13":"product_cat-piezas-iconicas","14":"product_cat-rituales-de-luz-es","15":"product_cat-silver-lovers-es","16":"product_cat-joyas-con-piedras-magicas","17":"product_cat-ayshapicks-es","18":"product_tag-actualizado","20":"first","21":"instock","22":"shipping-taxable","23":"purchasable","24":"product-type-simple"},"yoast_head":"<!-- This site is optimized with the Yoast SEO plugin v26.6 - https:\/\/yoast.com\/wordpress\/plugins\/seo\/ -->\n<title>Anya Earcuff Ring Plata - Aysha Bilgrami Jewelry<\/title>\n<meta name=\"description\" content=\"The Anya Ear Cuff Silver is a triple hoop cuff, that has a striking combination of an Azurite Malachite sphere, a Malachite cabochon, and a shiny Zircon. Contemporary and tribal jewelry by aysha bilgrami\" \/>\n<meta name=\"robots\" content=\"index, follow, max-snippet:-1, max-image-preview:large, max-video-preview:-1\" \/>\n<link rel=\"canonical\" href=\"https:\/\/ayshabilgrami.com\/es\/producto\/ear-cuff-tonka-plata-copy\/\" \/>\n<meta property=\"og:locale\" content=\"es_ES\" \/>\n<meta property=\"og:type\" content=\"article\" \/>\n<meta property=\"og:title\" content=\"Anya Earcuff Ring Plata - Aysha Bilgrami Jewelry\" \/>\n<meta property=\"og:description\" content=\"The Anya Ear Cuff Silver is a triple hoop cuff, that has a striking combination of an Azurite Malachite sphere, a Malachite cabochon, and a shiny Zircon. Contemporary and tribal jewelry by aysha bilgrami\" \/>\n<meta property=\"og:url\" content=\"https:\/\/ayshabilgrami.com\/es\/producto\/ear-cuff-tonka-plata-copy\/\" \/>\n<meta property=\"og:site_name\" content=\"Aysha Bilgrami Jewelry\" \/>\n<meta property=\"article:modified_time\" content=\"2025-12-18T15:28:33+00:00\" \/>\n<meta property=\"og:image\" content=\"https:\/\/ayshabilgrami.com\/wp-content\/uploads\/2024\/09\/ANYA-EAR-CUFF-SILVER.jpg\" \/>\n\t<meta property=\"og:image:width\" content=\"2028\" \/>\n\t<meta property=\"og:image:height\" content=\"2048\" \/>\n\t<meta property=\"og:image:type\" content=\"image\/jpeg\" \/>\n<meta name=\"twitter:card\" content=\"summary_large_image\" \/>\n<meta name=\"twitter:label1\" content=\"Tiempo de lectura\" \/>\n\t<meta name=\"twitter:data1\" content=\"1 minuto\" \/>\n<script type=\"application\/ld+json\" class=\"yoast-schema-graph\">{\"@context\":\"https:\/\/schema.org\",\"@graph\":[{\"@type\":\"WebPage\",\"@id\":\"https:\/\/ayshabilgrami.com\/es\/producto\/ear-cuff-tonka-plata-copy\/\",\"url\":\"https:\/\/ayshabilgrami.com\/es\/producto\/ear-cuff-tonka-plata-copy\/\",\"name\":\"Anya Earcuff Ring Plata - Aysha Bilgrami Jewelry\",\"isPartOf\":{\"@id\":\"https:\/\/ayshabilgrami.com\/#website\"},\"primaryImageOfPage\":{\"@id\":\"https:\/\/ayshabilgrami.com\/es\/producto\/ear-cuff-tonka-plata-copy\/#primaryimage\"},\"image\":{\"@id\":\"https:\/\/ayshabilgrami.com\/es\/producto\/ear-cuff-tonka-plata-copy\/#primaryimage\"},\"thumbnailUrl\":\"https:\/\/ayshabilgrami.com\/wp-content\/uploads\/2024\/09\/ANYA-EAR-CUFF-SILVER.jpg\",\"datePublished\":\"2025-06-12T05:16:49+00:00\",\"dateModified\":\"2025-12-18T15:28:33+00:00\",\"description\":\"The Anya Ear Cuff Silver is a triple hoop cuff, that has a striking combination of an Azurite Malachite sphere, a Malachite cabochon, and a shiny Zircon. Contemporary and tribal jewelry by aysha bilgrami\",\"breadcrumb\":{\"@id\":\"https:\/\/ayshabilgrami.com\/es\/producto\/ear-cuff-tonka-plata-copy\/#breadcrumb\"},\"inLanguage\":\"es\",\"potentialAction\":[{\"@type\":\"ReadAction\",\"target\":[\"https:\/\/ayshabilgrami.com\/es\/producto\/ear-cuff-tonka-plata-copy\/\"]}]},{\"@type\":\"ImageObject\",\"inLanguage\":\"es\",\"@id\":\"https:\/\/ayshabilgrami.com\/es\/producto\/ear-cuff-tonka-plata-copy\/#primaryimage\",\"url\":\"https:\/\/ayshabilgrami.com\/wp-content\/uploads\/2024\/09\/ANYA-EAR-CUFF-SILVER.jpg\",\"contentUrl\":\"https:\/\/ayshabilgrami.com\/wp-content\/uploads\/2024\/09\/ANYA-EAR-CUFF-SILVER.jpg\",\"width\":2028,\"height\":2048},{\"@type\":\"BreadcrumbList\",\"@id\":\"https:\/\/ayshabilgrami.com\/es\/producto\/ear-cuff-tonka-plata-copy\/#breadcrumb\",\"itemListElement\":[{\"@type\":\"ListItem\",\"position\":1,\"name\":\"Home\",\"item\":\"https:\/\/ayshabilgrami.com\/\"},{\"@type\":\"ListItem\",\"position\":2,\"name\":\"TIENDA\",\"item\":\"https:\/\/ayshabilgrami.com\/tienda\/\"},{\"@type\":\"ListItem\",\"position\":3,\"name\":\"Anya Earcuff Ring Plata\"}]},{\"@type\":\"WebSite\",\"@id\":\"https:\/\/ayshabilgrami.com\/#website\",\"url\":\"https:\/\/ayshabilgrami.com\/\",\"name\":\"Aysha Bilgrami Jewelry\",\"description\":\"Cultural Fusions Made Jewelry\",\"publisher\":{\"@id\":\"https:\/\/ayshabilgrami.com\/#organization\"},\"potentialAction\":[{\"@type\":\"SearchAction\",\"target\":{\"@type\":\"EntryPoint\",\"urlTemplate\":\"https:\/\/ayshabilgrami.com\/?s={search_term_string}\"},\"query-input\":{\"@type\":\"PropertyValueSpecification\",\"valueRequired\":true,\"valueName\":\"search_term_string\"}}],\"inLanguage\":\"es\"},{\"@type\":\"Organization\",\"@id\":\"https:\/\/ayshabilgrami.com\/#organization\",\"name\":\"AYSHA BILGRAMI SAS\",\"url\":\"https:\/\/ayshabilgrami.com\/\",\"logo\":{\"@type\":\"ImageObject\",\"inLanguage\":\"es\",\"@id\":\"https:\/\/ayshabilgrami.com\/#\/schema\/logo\/image\/\",\"url\":\"https:\/\/ayshabilgrami.com\/wp-content\/uploads\/2019\/05\/logo-aysha.png\",\"contentUrl\":\"https:\/\/ayshabilgrami.com\/wp-content\/uploads\/2019\/05\/logo-aysha.png\",\"width\":546,\"height\":199,\"caption\":\"AYSHA BILGRAMI SAS\"},\"image\":{\"@id\":\"https:\/\/ayshabilgrami.com\/#\/schema\/logo\/image\/\"}}]}<\/script>\n<!-- \/ Yoast SEO plugin. -->","yoast_head_json":{"title":"Anya Earcuff Ring Plata - Aysha Bilgrami Jewelry","description":"The Anya Ear Cuff Silver is a triple hoop cuff, that has a striking combination of an Azurite Malachite sphere, a Malachite cabochon, and a shiny Zircon. Contemporary and tribal jewelry by aysha bilgrami","robots":{"index":"index","follow":"follow","max-snippet":"max-snippet:-1","max-image-preview":"max-image-preview:large","max-video-preview":"max-video-preview:-1"},"canonical":"https:\/\/ayshabilgrami.com\/es\/producto\/ear-cuff-tonka-plata-copy\/","og_locale":"es_ES","og_type":"article","og_title":"Anya Earcuff Ring Plata - Aysha Bilgrami Jewelry","og_description":"The Anya Ear Cuff Silver is a triple hoop cuff, that has a striking combination of an Azurite Malachite sphere, a Malachite cabochon, and a shiny Zircon. Contemporary and tribal jewelry by aysha bilgrami","og_url":"https:\/\/ayshabilgrami.com\/es\/producto\/ear-cuff-tonka-plata-copy\/","og_site_name":"Aysha Bilgrami Jewelry","article_modified_time":"2025-12-18T15:28:33+00:00","og_image":[{"width":2028,"height":2048,"url":"https:\/\/ayshabilgrami.com\/wp-content\/uploads\/2024\/09\/ANYA-EAR-CUFF-SILVER.jpg","type":"image\/jpeg"}],"twitter_card":"summary_large_image","twitter_misc":{"Tiempo de lectura":"1 minuto"},"schema":{"@context":"https:\/\/schema.org","@graph":[{"@type":"WebPage","@id":"https:\/\/ayshabilgrami.com\/es\/producto\/ear-cuff-tonka-plata-copy\/","url":"https:\/\/ayshabilgrami.com\/es\/producto\/ear-cuff-tonka-plata-copy\/","name":"Anya Earcuff Ring Plata - Aysha Bilgrami Jewelry","isPartOf":{"@id":"https:\/\/ayshabilgrami.com\/#website"},"primaryImageOfPage":{"@id":"https:\/\/ayshabilgrami.com\/es\/producto\/ear-cuff-tonka-plata-copy\/#primaryimage"},"image":{"@id":"https:\/\/ayshabilgrami.com\/es\/producto\/ear-cuff-tonka-plata-copy\/#primaryimage"},"thumbnailUrl":"https:\/\/ayshabilgrami.com\/wp-content\/uploads\/2024\/09\/ANYA-EAR-CUFF-SILVER.jpg","datePublished":"2025-06-12T05:16:49+00:00","dateModified":"2025-12-18T15:28:33+00:00","description":"The Anya Ear Cuff Silver is a triple hoop cuff, that has a striking combination of an Azurite Malachite sphere, a Malachite cabochon, and a shiny Zircon. Contemporary and tribal jewelry by aysha bilgrami","breadcrumb":{"@id":"https:\/\/ayshabilgrami.com\/es\/producto\/ear-cuff-tonka-plata-copy\/#breadcrumb"},"inLanguage":"es","potentialAction":[{"@type":"ReadAction","target":["https:\/\/ayshabilgrami.com\/es\/producto\/ear-cuff-tonka-plata-copy\/"]}]},{"@type":"ImageObject","inLanguage":"es","@id":"https:\/\/ayshabilgrami.com\/es\/producto\/ear-cuff-tonka-plata-copy\/#primaryimage","url":"https:\/\/ayshabilgrami.com\/wp-content\/uploads\/2024\/09\/ANYA-EAR-CUFF-SILVER.jpg","contentUrl":"https:\/\/ayshabilgrami.com\/wp-content\/uploads\/2024\/09\/ANYA-EAR-CUFF-SILVER.jpg","width":2028,"height":2048},{"@type":"BreadcrumbList","@id":"https:\/\/ayshabilgrami.com\/es\/producto\/ear-cuff-tonka-plata-copy\/#breadcrumb","itemListElement":[{"@type":"ListItem","position":1,"name":"Home","item":"https:\/\/ayshabilgrami.com\/"},{"@type":"ListItem","position":2,"name":"TIENDA","item":"https:\/\/ayshabilgrami.com\/tienda\/"},{"@type":"ListItem","position":3,"name":"Anya Earcuff Ring Plata"}]},{"@type":"WebSite","@id":"https:\/\/ayshabilgrami.com\/#website","url":"https:\/\/ayshabilgrami.com\/","name":"Aysha Bilgrami Jewelry","description":"Cultural Fusions Made Jewelry","publisher":{"@id":"https:\/\/ayshabilgrami.com\/#organization"},"potentialAction":[{"@type":"SearchAction","target":{"@type":"EntryPoint","urlTemplate":"https:\/\/ayshabilgrami.com\/?s={search_term_string}"},"query-input":{"@type":"PropertyValueSpecification","valueRequired":true,"valueName":"search_term_string"}}],"inLanguage":"es"},{"@type":"Organization","@id":"https:\/\/ayshabilgrami.com\/#organization","name":"AYSHA BILGRAMI SAS","url":"https:\/\/ayshabilgrami.com\/","logo":{"@type":"ImageObject","inLanguage":"es","@id":"https:\/\/ayshabilgrami.com\/#\/schema\/logo\/image\/","url":"https:\/\/ayshabilgrami.com\/wp-content\/uploads\/2019\/05\/logo-aysha.png","contentUrl":"https:\/\/ayshabilgrami.com\/wp-content\/uploads\/2019\/05\/logo-aysha.png","width":546,"height":199,"caption":"AYSHA BILGRAMI SAS"},"image":{"@id":"https:\/\/ayshabilgrami.com\/#\/schema\/logo\/image\/"}}]}},"_links":{"self":[{"href":"https:\/\/ayshabilgrami.com\/es\/wp-json\/wp\/v2\/product\/28720","targetHints":{"allow":["GET"]}}],"collection":[{"href":"https:\/\/ayshabilgrami.com\/es\/wp-json\/wp\/v2\/product"}],"about":[{"href":"https:\/\/ayshabilgrami.com\/es\/wp-json\/wp\/v2\/types\/product"}],"wp:featuredmedia":[{"embeddable":true,"href":"https:\/\/ayshabilgrami.com\/es\/wp-json\/wp\/v2\/media\/28282"}],"wp:attachment":[{"href":"https:\/\/ayshabilgrami.com\/es\/wp-json\/wp\/v2\/media?parent=28720"}],"wp:term":[{"taxonomy":"product_brand","embeddable":true,"href":"https:\/\/ayshabilgrami.com\/es\/wp-json\/wp\/v2\/product_brand?post=28720"},{"taxonomy":"product_cat","embeddable":true,"href":"https:\/\/ayshabilgrami.com\/es\/wp-json\/wp\/v2\/product_cat?post=28720"},{"taxonomy":"product_tag","embeddable":true,"href":"https:\/\/ayshabilgrami.com\/es\/wp-json\/wp\/v2\/product_tag?post=28720"}],"curies":[{"name":"wp","href":"https:\/\/api.w.org\/{rel}","templated":true}]}}