{"id":32046,"date":"2025-06-12T00:15:53","date_gmt":"2025-06-12T05:15:53","guid":{"rendered":"https:\/\/ayshabilgrami.com\/?post_type=product&#038;p=32046"},"modified":"2026-02-11T06:15:01","modified_gmt":"2026-02-11T11:15:01","slug":"dije-memoria-dorado","status":"publish","type":"product","link":"https:\/\/ayshabilgrami.com\/es\/producto\/dije-memoria-dorado\/","title":{"rendered":"DIJE MEMORIA DORADO"},"content":{"rendered":"<p><span style=\"font-size: 80%;\">Plata Ley 925<br \/>\nPiedras:aventurina, lapisl\u00e1zuli, unakita, turquesa o cornalina<\/span><br \/>\n<span style=\"font-size: 80%;\">Largo: 3.5cm Ancho:2cm<\/span><br \/>\n<span style=\"font-size: 80%;\">De la edici\u00f3n especial de d\u00eda de madres MEMORIA<\/span><br \/>\n<span style=\"font-size: 80%;\">Nuestra plata es recuperada de radiograf\u00edas.<\/span><br \/>\n<span style=\"font-size: 80%;\">Hecho a mano en Bogot\u00e1, Colombia<\/span><\/p>\n","protected":false},"excerpt":{"rendered":"<p><span style=\"font-weight: 400;\">MEMORIA no es solo un dije, es una peque\u00f1a joya que guarda lo que m\u00e1s atesoras en una imagen, una historia o un fragmento de amor. Un relicario, hecho en plata y esferas que decoran la piedra central, puedes personalizarlo y elegir entre aventurina, lapisl\u00e1zuli, unakita turquesa o cornalina y agregar tu recuerdo<\/span><\/p>\n","protected":false},"featured_media":32197,"template":"","meta":[],"product_brand":[],"product_cat":[1237,388,939,1061,689,157,1183,1177],"product_tag":[1188],"class_list":{"0":"post-32046","1":"product","2":"type-product","3":"status-publish","4":"has-post-thumbnail","6":"product_cat-subir-foto","7":"product_cat-new-arrivals-es","8":"product_cat-plata","9":"product_cat-colecciones","10":"product_cat-todo","11":"product_cat-dijes","12":"product_cat-memoria-es","13":"product_cat-back-in-stock-es","14":"product_tag-all-es","16":"first","17":"instock","18":"shipping-taxable","19":"purchasable","20":"product-type-variable"},"yoast_head":"<!-- This site is optimized with the Yoast SEO plugin v26.6 - https:\/\/yoast.com\/wordpress\/plugins\/seo\/ -->\n<title>DIJE MEMORA DORADO<\/title>\n<meta name=\"description\" content=\"MEMORIA no es s\u00f3lo un dije, es una peque\u00f1a joya que guarda lo que t\u00fa decidas atesorar: una imagen, una historia, un fragmento de amor.\" \/>\n<meta name=\"robots\" content=\"index, follow, max-snippet:-1, max-image-preview:large, max-video-preview:-1\" \/>\n<link rel=\"canonical\" href=\"https:\/\/ayshabilgrami.com\/es\/producto\/dije-memoria-dorado\/\" \/>\n<meta property=\"og:locale\" content=\"es_ES\" \/>\n<meta property=\"og:type\" content=\"article\" \/>\n<meta property=\"og:title\" content=\"DIJE MEMORA DORADO\" \/>\n<meta property=\"og:description\" content=\"MEMORIA no es s\u00f3lo un dije, es una peque\u00f1a joya que guarda lo que t\u00fa decidas atesorar: una imagen, una historia, un fragmento de amor.\" \/>\n<meta property=\"og:url\" content=\"https:\/\/ayshabilgrami.com\/es\/producto\/dije-memoria-dorado\/\" \/>\n<meta property=\"og:site_name\" content=\"Aysha Bilgrami Jewelry\" \/>\n<meta property=\"article:modified_time\" content=\"2026-02-11T11:15:01+00:00\" \/>\n<meta property=\"og:image\" content=\"https:\/\/ayshabilgrami.com\/wp-content\/uploads\/2025\/04\/MEMORIA-PENDANT-CORNALINA-GOLD-LOW-1.jpg\" \/>\n\t<meta property=\"og:image:width\" content=\"2028\" \/>\n\t<meta property=\"og:image:height\" content=\"2048\" \/>\n\t<meta property=\"og:image:type\" content=\"image\/jpeg\" \/>\n<meta name=\"twitter:card\" content=\"summary_large_image\" \/>\n<meta name=\"twitter:label1\" content=\"Tiempo de lectura\" \/>\n\t<meta name=\"twitter:data1\" content=\"1 minuto\" \/>\n<script type=\"application\/ld+json\" class=\"yoast-schema-graph\">{\"@context\":\"https:\/\/schema.org\",\"@graph\":[{\"@type\":\"WebPage\",\"@id\":\"https:\/\/ayshabilgrami.com\/es\/producto\/dije-memoria-dorado\/\",\"url\":\"https:\/\/ayshabilgrami.com\/es\/producto\/dije-memoria-dorado\/\",\"name\":\"DIJE MEMORA DORADO\",\"isPartOf\":{\"@id\":\"https:\/\/ayshabilgrami.com\/#website\"},\"primaryImageOfPage\":{\"@id\":\"https:\/\/ayshabilgrami.com\/es\/producto\/dije-memoria-dorado\/#primaryimage\"},\"image\":{\"@id\":\"https:\/\/ayshabilgrami.com\/es\/producto\/dije-memoria-dorado\/#primaryimage\"},\"thumbnailUrl\":\"https:\/\/ayshabilgrami.com\/wp-content\/uploads\/2025\/04\/MEMORIA-PENDANT-LAPIS-GOLD-LOW.jpg\",\"datePublished\":\"2025-06-12T05:15:53+00:00\",\"dateModified\":\"2026-02-11T11:15:01+00:00\",\"description\":\"MEMORIA no es s\u00f3lo un dije, es una peque\u00f1a joya que guarda lo que t\u00fa decidas atesorar: una imagen, una historia, un fragmento de amor.\",\"breadcrumb\":{\"@id\":\"https:\/\/ayshabilgrami.com\/es\/producto\/dije-memoria-dorado\/#breadcrumb\"},\"inLanguage\":\"es\",\"potentialAction\":[{\"@type\":\"ReadAction\",\"target\":[\"https:\/\/ayshabilgrami.com\/es\/producto\/dije-memoria-dorado\/\"]}]},{\"@type\":\"ImageObject\",\"inLanguage\":\"es\",\"@id\":\"https:\/\/ayshabilgrami.com\/es\/producto\/dije-memoria-dorado\/#primaryimage\",\"url\":\"https:\/\/ayshabilgrami.com\/wp-content\/uploads\/2025\/04\/MEMORIA-PENDANT-LAPIS-GOLD-LOW.jpg\",\"contentUrl\":\"https:\/\/ayshabilgrami.com\/wp-content\/uploads\/2025\/04\/MEMORIA-PENDANT-LAPIS-GOLD-LOW.jpg\",\"width\":2028,\"height\":2048},{\"@type\":\"BreadcrumbList\",\"@id\":\"https:\/\/ayshabilgrami.com\/es\/producto\/dije-memoria-dorado\/#breadcrumb\",\"itemListElement\":[{\"@type\":\"ListItem\",\"position\":1,\"name\":\"Home\",\"item\":\"https:\/\/ayshabilgrami.com\/es\/\"},{\"@type\":\"ListItem\",\"position\":2,\"name\":\"TIENDA\",\"item\":\"https:\/\/ayshabilgrami.com\/tienda\/\"},{\"@type\":\"ListItem\",\"position\":3,\"name\":\"DIJE MEMORIA DORADO\"}]},{\"@type\":\"WebSite\",\"@id\":\"https:\/\/ayshabilgrami.com\/#website\",\"url\":\"https:\/\/ayshabilgrami.com\/\",\"name\":\"Aysha Bilgrami Jewelry\",\"description\":\"Cultural Fusions Made Jewelry\",\"publisher\":{\"@id\":\"https:\/\/ayshabilgrami.com\/#organization\"},\"potentialAction\":[{\"@type\":\"SearchAction\",\"target\":{\"@type\":\"EntryPoint\",\"urlTemplate\":\"https:\/\/ayshabilgrami.com\/?s={search_term_string}\"},\"query-input\":{\"@type\":\"PropertyValueSpecification\",\"valueRequired\":true,\"valueName\":\"search_term_string\"}}],\"inLanguage\":\"es\"},{\"@type\":\"Organization\",\"@id\":\"https:\/\/ayshabilgrami.com\/#organization\",\"name\":\"AYSHA BILGRAMI SAS\",\"url\":\"https:\/\/ayshabilgrami.com\/\",\"logo\":{\"@type\":\"ImageObject\",\"inLanguage\":\"es\",\"@id\":\"https:\/\/ayshabilgrami.com\/#\/schema\/logo\/image\/\",\"url\":\"https:\/\/ayshabilgrami.com\/wp-content\/uploads\/2019\/05\/logo-aysha.png\",\"contentUrl\":\"https:\/\/ayshabilgrami.com\/wp-content\/uploads\/2019\/05\/logo-aysha.png\",\"width\":546,\"height\":199,\"caption\":\"AYSHA BILGRAMI SAS\"},\"image\":{\"@id\":\"https:\/\/ayshabilgrami.com\/#\/schema\/logo\/image\/\"}}]}<\/script>\n<!-- \/ Yoast SEO plugin. -->","yoast_head_json":{"title":"DIJE MEMORA DORADO","description":"MEMORIA no es s\u00f3lo un dije, es una peque\u00f1a joya que guarda lo que t\u00fa decidas atesorar: una imagen, una historia, un fragmento de amor.","robots":{"index":"index","follow":"follow","max-snippet":"max-snippet:-1","max-image-preview":"max-image-preview:large","max-video-preview":"max-video-preview:-1"},"canonical":"https:\/\/ayshabilgrami.com\/es\/producto\/dije-memoria-dorado\/","og_locale":"es_ES","og_type":"article","og_title":"DIJE MEMORA DORADO","og_description":"MEMORIA no es s\u00f3lo un dije, es una peque\u00f1a joya que guarda lo que t\u00fa decidas atesorar: una imagen, una historia, un fragmento de amor.","og_url":"https:\/\/ayshabilgrami.com\/es\/producto\/dije-memoria-dorado\/","og_site_name":"Aysha Bilgrami Jewelry","article_modified_time":"2026-02-11T11:15:01+00:00","og_image":[{"width":2028,"height":2048,"url":"https:\/\/ayshabilgrami.com\/wp-content\/uploads\/2025\/04\/MEMORIA-PENDANT-CORNALINA-GOLD-LOW-1.jpg","type":"image\/jpeg"}],"twitter_card":"summary_large_image","twitter_misc":{"Tiempo de lectura":"1 minuto"},"schema":{"@context":"https:\/\/schema.org","@graph":[{"@type":"WebPage","@id":"https:\/\/ayshabilgrami.com\/es\/producto\/dije-memoria-dorado\/","url":"https:\/\/ayshabilgrami.com\/es\/producto\/dije-memoria-dorado\/","name":"DIJE MEMORA DORADO","isPartOf":{"@id":"https:\/\/ayshabilgrami.com\/#website"},"primaryImageOfPage":{"@id":"https:\/\/ayshabilgrami.com\/es\/producto\/dije-memoria-dorado\/#primaryimage"},"image":{"@id":"https:\/\/ayshabilgrami.com\/es\/producto\/dije-memoria-dorado\/#primaryimage"},"thumbnailUrl":"https:\/\/ayshabilgrami.com\/wp-content\/uploads\/2025\/04\/MEMORIA-PENDANT-LAPIS-GOLD-LOW.jpg","datePublished":"2025-06-12T05:15:53+00:00","dateModified":"2026-02-11T11:15:01+00:00","description":"MEMORIA no es s\u00f3lo un dije, es una peque\u00f1a joya que guarda lo que t\u00fa decidas atesorar: una imagen, una historia, un fragmento de amor.","breadcrumb":{"@id":"https:\/\/ayshabilgrami.com\/es\/producto\/dije-memoria-dorado\/#breadcrumb"},"inLanguage":"es","potentialAction":[{"@type":"ReadAction","target":["https:\/\/ayshabilgrami.com\/es\/producto\/dije-memoria-dorado\/"]}]},{"@type":"ImageObject","inLanguage":"es","@id":"https:\/\/ayshabilgrami.com\/es\/producto\/dije-memoria-dorado\/#primaryimage","url":"https:\/\/ayshabilgrami.com\/wp-content\/uploads\/2025\/04\/MEMORIA-PENDANT-LAPIS-GOLD-LOW.jpg","contentUrl":"https:\/\/ayshabilgrami.com\/wp-content\/uploads\/2025\/04\/MEMORIA-PENDANT-LAPIS-GOLD-LOW.jpg","width":2028,"height":2048},{"@type":"BreadcrumbList","@id":"https:\/\/ayshabilgrami.com\/es\/producto\/dije-memoria-dorado\/#breadcrumb","itemListElement":[{"@type":"ListItem","position":1,"name":"Home","item":"https:\/\/ayshabilgrami.com\/es\/"},{"@type":"ListItem","position":2,"name":"TIENDA","item":"https:\/\/ayshabilgrami.com\/tienda\/"},{"@type":"ListItem","position":3,"name":"DIJE MEMORIA DORADO"}]},{"@type":"WebSite","@id":"https:\/\/ayshabilgrami.com\/#website","url":"https:\/\/ayshabilgrami.com\/","name":"Aysha Bilgrami Jewelry","description":"Cultural Fusions Made Jewelry","publisher":{"@id":"https:\/\/ayshabilgrami.com\/#organization"},"potentialAction":[{"@type":"SearchAction","target":{"@type":"EntryPoint","urlTemplate":"https:\/\/ayshabilgrami.com\/?s={search_term_string}"},"query-input":{"@type":"PropertyValueSpecification","valueRequired":true,"valueName":"search_term_string"}}],"inLanguage":"es"},{"@type":"Organization","@id":"https:\/\/ayshabilgrami.com\/#organization","name":"AYSHA BILGRAMI SAS","url":"https:\/\/ayshabilgrami.com\/","logo":{"@type":"ImageObject","inLanguage":"es","@id":"https:\/\/ayshabilgrami.com\/#\/schema\/logo\/image\/","url":"https:\/\/ayshabilgrami.com\/wp-content\/uploads\/2019\/05\/logo-aysha.png","contentUrl":"https:\/\/ayshabilgrami.com\/wp-content\/uploads\/2019\/05\/logo-aysha.png","width":546,"height":199,"caption":"AYSHA BILGRAMI SAS"},"image":{"@id":"https:\/\/ayshabilgrami.com\/#\/schema\/logo\/image\/"}}]}},"_links":{"self":[{"href":"https:\/\/ayshabilgrami.com\/es\/wp-json\/wp\/v2\/product\/32046","targetHints":{"allow":["GET"]}}],"collection":[{"href":"https:\/\/ayshabilgrami.com\/es\/wp-json\/wp\/v2\/product"}],"about":[{"href":"https:\/\/ayshabilgrami.com\/es\/wp-json\/wp\/v2\/types\/product"}],"wp:featuredmedia":[{"embeddable":true,"href":"https:\/\/ayshabilgrami.com\/es\/wp-json\/wp\/v2\/media\/32197"}],"wp:attachment":[{"href":"https:\/\/ayshabilgrami.com\/es\/wp-json\/wp\/v2\/media?parent=32046"}],"wp:term":[{"taxonomy":"product_brand","embeddable":true,"href":"https:\/\/ayshabilgrami.com\/es\/wp-json\/wp\/v2\/product_brand?post=32046"},{"taxonomy":"product_cat","embeddable":true,"href":"https:\/\/ayshabilgrami.com\/es\/wp-json\/wp\/v2\/product_cat?post=32046"},{"taxonomy":"product_tag","embeddable":true,"href":"https:\/\/ayshabilgrami.com\/es\/wp-json\/wp\/v2\/product_tag?post=32046"}],"curies":[{"name":"wp","href":"https:\/\/api.w.org\/{rel}","templated":true}]}}