{"id":32555,"date":"2025-06-10T23:51:58","date_gmt":"2025-06-11T04:51:58","guid":{"rendered":"https:\/\/ayshabilgrami.com\/shop\/te-karak-chai-2\/"},"modified":"2025-11-20T13:00:34","modified_gmt":"2025-11-20T18:00:34","slug":"te-karak-chai-2","status":"publish","type":"product","link":"https:\/\/ayshabilgrami.com\/es\/producto\/te-karak-chai-2\/","title":{"rendered":"T\u00c9 KARAK CHAI"},"content":{"rendered":"<p><span style=\"font-size: 80%;\">T\u00e9 negro &#8211; Rosas &#8211; Cardamomo &#8211; Almendras &#8211; Cacao<\/span><br \/>\n<span style=\"font-size: 80%;\">70gr<\/span><\/p>\n","protected":false},"excerpt":{"rendered":"<p><span style=\"font-weight: 400;\">Sum\u00e9rgete en la encantadora fusi\u00f3n de Ritos y Plantas Vivas, donde el universo de Aysha Bilgrami se convierte en un sabor irrepetible: una experiencia \u00fanica de t\u00e9. Karak Chai es una sinfon\u00eda de notas intensas y aromas ex\u00f3ticos. Elaborado con t\u00e9 negro, cacao, almendras, rosas y cardamomo, este blend re\u00fane la profundidad y riqueza de los sabores pakistan\u00edes, armonizados con ingredientes aut\u00e9nticos de Colombia. Cada sorbo es una danza de energ\u00eda y un equilibrio cultural que celebra la diversidad transcontinental en cada taza.<\/span><\/p>\n","protected":false},"featured_media":26669,"template":"","meta":[],"product_brand":[],"product_cat":[1158,689,632,947,919,1162],"product_tag":[1262],"class_list":{"0":"post-32555","1":"product","2":"type-product","3":"status-publish","4":"has-post-thumbnail","6":"product_cat-under-300-es","7":"product_cat-todo","8":"product_cat-mothers-day-es","9":"product_cat-small-gifts","10":"product_cat-unisex-es","11":"product_cat-objetos-especiales","12":"product_tag-actualizado","14":"first","15":"instock","16":"shipping-taxable","17":"purchasable","18":"product-type-simple"},"yoast_head":"<!-- This site is optimized with the Yoast SEO plugin v26.6 - https:\/\/yoast.com\/wordpress\/plugins\/seo\/ -->\n<title>T\u00c9 KARAK CHAI - Aysha Bilgrami Jewelry<\/title>\n<meta name=\"robots\" content=\"index, follow, max-snippet:-1, max-image-preview:large, max-video-preview:-1\" \/>\n<link rel=\"canonical\" href=\"https:\/\/ayshabilgrami.com\/es\/producto\/te-karak-chai-2\/\" \/>\n<meta property=\"og:locale\" content=\"es_ES\" \/>\n<meta property=\"og:type\" content=\"article\" \/>\n<meta property=\"og:title\" content=\"T\u00c9 KARAK CHAI - Aysha Bilgrami Jewelry\" \/>\n<meta property=\"og:description\" content=\"Sum\u00e9rgete en la encantadora fusi\u00f3n de Ritos y Plantas Vivas, donde el universo de Aysha Bilgrami se convierte en un sabor irrepetible: una experiencia \u00fanica de t\u00e9. Karak Chai es una sinfon\u00eda de notas intensas y aromas ex\u00f3ticos. Elaborado con t\u00e9 negro, cacao, almendras, rosas y cardamomo, este blend re\u00fane la profundidad y riqueza de los sabores pakistan\u00edes, armonizados con ingredientes aut\u00e9nticos de Colombia. Cada sorbo es una danza de energ\u00eda y un equilibrio cultural que celebra la diversidad transcontinental en cada taza.\" \/>\n<meta property=\"og:url\" content=\"https:\/\/ayshabilgrami.com\/es\/producto\/te-karak-chai-2\/\" \/>\n<meta property=\"og:site_name\" content=\"Aysha Bilgrami Jewelry\" \/>\n<meta property=\"article:modified_time\" content=\"2025-11-20T18:00:34+00:00\" \/>\n<meta property=\"og:image\" content=\"https:\/\/ayshabilgrami.com\/wp-content\/uploads\/2024\/04\/MG_5658-scaled.jpg\" \/>\n\t<meta property=\"og:image:width\" content=\"2560\" \/>\n\t<meta property=\"og:image:height\" content=\"1707\" \/>\n\t<meta property=\"og:image:type\" content=\"image\/jpeg\" \/>\n<meta name=\"twitter:card\" content=\"summary_large_image\" \/>\n<script type=\"application\/ld+json\" class=\"yoast-schema-graph\">{\"@context\":\"https:\/\/schema.org\",\"@graph\":[{\"@type\":\"WebPage\",\"@id\":\"https:\/\/ayshabilgrami.com\/es\/producto\/te-karak-chai-2\/\",\"url\":\"https:\/\/ayshabilgrami.com\/es\/producto\/te-karak-chai-2\/\",\"name\":\"T\u00c9 KARAK CHAI - Aysha Bilgrami Jewelry\",\"isPartOf\":{\"@id\":\"https:\/\/ayshabilgrami.com\/#website\"},\"primaryImageOfPage\":{\"@id\":\"https:\/\/ayshabilgrami.com\/es\/producto\/te-karak-chai-2\/#primaryimage\"},\"image\":{\"@id\":\"https:\/\/ayshabilgrami.com\/es\/producto\/te-karak-chai-2\/#primaryimage\"},\"thumbnailUrl\":\"https:\/\/ayshabilgrami.com\/wp-content\/uploads\/2024\/04\/MG_5658-scaled.jpg\",\"datePublished\":\"2025-06-11T04:51:58+00:00\",\"dateModified\":\"2025-11-20T18:00:34+00:00\",\"breadcrumb\":{\"@id\":\"https:\/\/ayshabilgrami.com\/es\/producto\/te-karak-chai-2\/#breadcrumb\"},\"inLanguage\":\"es\",\"potentialAction\":[{\"@type\":\"ReadAction\",\"target\":[\"https:\/\/ayshabilgrami.com\/es\/producto\/te-karak-chai-2\/\"]}]},{\"@type\":\"ImageObject\",\"inLanguage\":\"es\",\"@id\":\"https:\/\/ayshabilgrami.com\/es\/producto\/te-karak-chai-2\/#primaryimage\",\"url\":\"https:\/\/ayshabilgrami.com\/wp-content\/uploads\/2024\/04\/MG_5658-scaled.jpg\",\"contentUrl\":\"https:\/\/ayshabilgrami.com\/wp-content\/uploads\/2024\/04\/MG_5658-scaled.jpg\",\"width\":2560,\"height\":1707},{\"@type\":\"BreadcrumbList\",\"@id\":\"https:\/\/ayshabilgrami.com\/es\/producto\/te-karak-chai-2\/#breadcrumb\",\"itemListElement\":[{\"@type\":\"ListItem\",\"position\":1,\"name\":\"Home\",\"item\":\"https:\/\/ayshabilgrami.com\/es\/\"},{\"@type\":\"ListItem\",\"position\":2,\"name\":\"TIENDA\",\"item\":\"https:\/\/ayshabilgrami.com\/tienda\/\"},{\"@type\":\"ListItem\",\"position\":3,\"name\":\"T\u00c9 KARAK CHAI\"}]},{\"@type\":\"WebSite\",\"@id\":\"https:\/\/ayshabilgrami.com\/#website\",\"url\":\"https:\/\/ayshabilgrami.com\/\",\"name\":\"Aysha Bilgrami Jewelry\",\"description\":\"Cultural Fusions Made Jewelry\",\"publisher\":{\"@id\":\"https:\/\/ayshabilgrami.com\/#organization\"},\"potentialAction\":[{\"@type\":\"SearchAction\",\"target\":{\"@type\":\"EntryPoint\",\"urlTemplate\":\"https:\/\/ayshabilgrami.com\/?s={search_term_string}\"},\"query-input\":{\"@type\":\"PropertyValueSpecification\",\"valueRequired\":true,\"valueName\":\"search_term_string\"}}],\"inLanguage\":\"es\"},{\"@type\":\"Organization\",\"@id\":\"https:\/\/ayshabilgrami.com\/#organization\",\"name\":\"AYSHA BILGRAMI SAS\",\"url\":\"https:\/\/ayshabilgrami.com\/\",\"logo\":{\"@type\":\"ImageObject\",\"inLanguage\":\"es\",\"@id\":\"https:\/\/ayshabilgrami.com\/#\/schema\/logo\/image\/\",\"url\":\"https:\/\/ayshabilgrami.com\/wp-content\/uploads\/2019\/05\/logo-aysha.png\",\"contentUrl\":\"https:\/\/ayshabilgrami.com\/wp-content\/uploads\/2019\/05\/logo-aysha.png\",\"width\":546,\"height\":199,\"caption\":\"AYSHA BILGRAMI SAS\"},\"image\":{\"@id\":\"https:\/\/ayshabilgrami.com\/#\/schema\/logo\/image\/\"}}]}<\/script>\n<!-- \/ Yoast SEO plugin. -->","yoast_head_json":{"title":"T\u00c9 KARAK CHAI - Aysha Bilgrami Jewelry","robots":{"index":"index","follow":"follow","max-snippet":"max-snippet:-1","max-image-preview":"max-image-preview:large","max-video-preview":"max-video-preview:-1"},"canonical":"https:\/\/ayshabilgrami.com\/es\/producto\/te-karak-chai-2\/","og_locale":"es_ES","og_type":"article","og_title":"T\u00c9 KARAK CHAI - Aysha Bilgrami Jewelry","og_description":"Sum\u00e9rgete en la encantadora fusi\u00f3n de Ritos y Plantas Vivas, donde el universo de Aysha Bilgrami se convierte en un sabor irrepetible: una experiencia \u00fanica de t\u00e9. Karak Chai es una sinfon\u00eda de notas intensas y aromas ex\u00f3ticos. Elaborado con t\u00e9 negro, cacao, almendras, rosas y cardamomo, este blend re\u00fane la profundidad y riqueza de los sabores pakistan\u00edes, armonizados con ingredientes aut\u00e9nticos de Colombia. Cada sorbo es una danza de energ\u00eda y un equilibrio cultural que celebra la diversidad transcontinental en cada taza.","og_url":"https:\/\/ayshabilgrami.com\/es\/producto\/te-karak-chai-2\/","og_site_name":"Aysha Bilgrami Jewelry","article_modified_time":"2025-11-20T18:00:34+00:00","og_image":[{"width":2560,"height":1707,"url":"https:\/\/ayshabilgrami.com\/wp-content\/uploads\/2024\/04\/MG_5658-scaled.jpg","type":"image\/jpeg"}],"twitter_card":"summary_large_image","schema":{"@context":"https:\/\/schema.org","@graph":[{"@type":"WebPage","@id":"https:\/\/ayshabilgrami.com\/es\/producto\/te-karak-chai-2\/","url":"https:\/\/ayshabilgrami.com\/es\/producto\/te-karak-chai-2\/","name":"T\u00c9 KARAK CHAI - Aysha Bilgrami Jewelry","isPartOf":{"@id":"https:\/\/ayshabilgrami.com\/#website"},"primaryImageOfPage":{"@id":"https:\/\/ayshabilgrami.com\/es\/producto\/te-karak-chai-2\/#primaryimage"},"image":{"@id":"https:\/\/ayshabilgrami.com\/es\/producto\/te-karak-chai-2\/#primaryimage"},"thumbnailUrl":"https:\/\/ayshabilgrami.com\/wp-content\/uploads\/2024\/04\/MG_5658-scaled.jpg","datePublished":"2025-06-11T04:51:58+00:00","dateModified":"2025-11-20T18:00:34+00:00","breadcrumb":{"@id":"https:\/\/ayshabilgrami.com\/es\/producto\/te-karak-chai-2\/#breadcrumb"},"inLanguage":"es","potentialAction":[{"@type":"ReadAction","target":["https:\/\/ayshabilgrami.com\/es\/producto\/te-karak-chai-2\/"]}]},{"@type":"ImageObject","inLanguage":"es","@id":"https:\/\/ayshabilgrami.com\/es\/producto\/te-karak-chai-2\/#primaryimage","url":"https:\/\/ayshabilgrami.com\/wp-content\/uploads\/2024\/04\/MG_5658-scaled.jpg","contentUrl":"https:\/\/ayshabilgrami.com\/wp-content\/uploads\/2024\/04\/MG_5658-scaled.jpg","width":2560,"height":1707},{"@type":"BreadcrumbList","@id":"https:\/\/ayshabilgrami.com\/es\/producto\/te-karak-chai-2\/#breadcrumb","itemListElement":[{"@type":"ListItem","position":1,"name":"Home","item":"https:\/\/ayshabilgrami.com\/es\/"},{"@type":"ListItem","position":2,"name":"TIENDA","item":"https:\/\/ayshabilgrami.com\/tienda\/"},{"@type":"ListItem","position":3,"name":"T\u00c9 KARAK CHAI"}]},{"@type":"WebSite","@id":"https:\/\/ayshabilgrami.com\/#website","url":"https:\/\/ayshabilgrami.com\/","name":"Aysha Bilgrami Jewelry","description":"Cultural Fusions Made Jewelry","publisher":{"@id":"https:\/\/ayshabilgrami.com\/#organization"},"potentialAction":[{"@type":"SearchAction","target":{"@type":"EntryPoint","urlTemplate":"https:\/\/ayshabilgrami.com\/?s={search_term_string}"},"query-input":{"@type":"PropertyValueSpecification","valueRequired":true,"valueName":"search_term_string"}}],"inLanguage":"es"},{"@type":"Organization","@id":"https:\/\/ayshabilgrami.com\/#organization","name":"AYSHA BILGRAMI SAS","url":"https:\/\/ayshabilgrami.com\/","logo":{"@type":"ImageObject","inLanguage":"es","@id":"https:\/\/ayshabilgrami.com\/#\/schema\/logo\/image\/","url":"https:\/\/ayshabilgrami.com\/wp-content\/uploads\/2019\/05\/logo-aysha.png","contentUrl":"https:\/\/ayshabilgrami.com\/wp-content\/uploads\/2019\/05\/logo-aysha.png","width":546,"height":199,"caption":"AYSHA BILGRAMI SAS"},"image":{"@id":"https:\/\/ayshabilgrami.com\/#\/schema\/logo\/image\/"}}]}},"_links":{"self":[{"href":"https:\/\/ayshabilgrami.com\/es\/wp-json\/wp\/v2\/product\/32555","targetHints":{"allow":["GET"]}}],"collection":[{"href":"https:\/\/ayshabilgrami.com\/es\/wp-json\/wp\/v2\/product"}],"about":[{"href":"https:\/\/ayshabilgrami.com\/es\/wp-json\/wp\/v2\/types\/product"}],"wp:featuredmedia":[{"embeddable":true,"href":"https:\/\/ayshabilgrami.com\/es\/wp-json\/wp\/v2\/media\/26669"}],"wp:attachment":[{"href":"https:\/\/ayshabilgrami.com\/es\/wp-json\/wp\/v2\/media?parent=32555"}],"wp:term":[{"taxonomy":"product_brand","embeddable":true,"href":"https:\/\/ayshabilgrami.com\/es\/wp-json\/wp\/v2\/product_brand?post=32555"},{"taxonomy":"product_cat","embeddable":true,"href":"https:\/\/ayshabilgrami.com\/es\/wp-json\/wp\/v2\/product_cat?post=32555"},{"taxonomy":"product_tag","embeddable":true,"href":"https:\/\/ayshabilgrami.com\/es\/wp-json\/wp\/v2\/product_tag?post=32555"}],"curies":[{"name":"wp","href":"https:\/\/api.w.org\/{rel}","templated":true}]}}