{"id":33287,"date":"2025-08-20T23:56:06","date_gmt":"2025-08-21T04:56:06","guid":{"rendered":"https:\/\/ayshabilgrami.com\/?post_type=product&#038;p=33287"},"modified":"2025-10-28T14:31:36","modified_gmt":"2025-10-28T19:31:36","slug":"aretes-ummu-granate-plata","status":"publish","type":"product","link":"https:\/\/ayshabilgrami.com\/es\/producto\/aretes-ummu-granate-plata\/","title":{"rendered":"Aretes Ummu Granate Plata"},"content":{"rendered":"<p><span style=\"font-size: 80%;\">Plata Ley 925<\/span><br \/>\n<span style=\"font-size: 80%;\">Largo: 7.5 cm<\/span><br \/>\n<span style=\"font-size: 80%;\">Piedras: Granate<\/span><br \/>\n<span style=\"font-size: 80%;\">De la colecci\u00f3n Espiral no.17<\/span><br \/>\n<span style=\"font-size: 80%;\">Nuestra plata es recuperada de radiograf\u00edas.<\/span><br \/>\n<span style=\"font-size: 80%;\">Hecho a mano en Bogot\u00e1, Colombia<\/span><\/p>\n","protected":false},"excerpt":{"rendered":"<p><span style=\"font-weight: 400;\">Inspirados en el <\/span><i><span style=\"font-weight: 400;\">Ummu<\/span><\/i><span style=\"font-weight: 400;\">, s\u00edmbolo de lo femenino y la creaci\u00f3n, estos aretes en espiral dejan fluir hilos de malaquita facetada que evocan movimiento y transformaci\u00f3n. El granate, con su profundo tono rojizo, representa la pasi\u00f3n, la vitalidad y la fuerza interior.\u00a0<\/span><\/p>\n","protected":false},"featured_media":32955,"template":"","meta":[],"product_brand":[],"product_cat":[416,388,939,940,941,1221,689,154],"product_tag":[1262],"class_list":{"0":"post-33287","1":"product","2":"type-product","3":"status-publish","4":"has-post-thumbnail","6":"product_cat-ultima-coleccion","7":"product_cat-new-arrivals-es","8":"product_cat-plata","9":"product_cat-plata-con-bano-en-oro","10":"product_cat-piedras","11":"product_cat-espiral-es","12":"product_cat-todo","13":"product_cat-aretes","14":"product_tag-actualizado","16":"first","17":"outofstock","18":"shipping-taxable","19":"purchasable","20":"product-type-simple"},"yoast_head":"<!-- This site is optimized with the Yoast SEO plugin v26.6 - https:\/\/yoast.com\/wordpress\/plugins\/seo\/ -->\n<title>Aretes Ummu Granate Plata<\/title>\n<meta name=\"description\" content=\"ARETES UMMU GRANATE PLATA - El ummu, s\u00edmbolo de lo femenino y de la fuente de creaci\u00f3n, inspira estos aretes en forma de peque\u00f1a espiral. De ella fluyen delicados hilos de malaquita facetado, que aportan movimiento y elegancia\" \/>\n<meta name=\"robots\" content=\"index, follow, max-snippet:-1, max-image-preview:large, max-video-preview:-1\" \/>\n<link rel=\"canonical\" href=\"https:\/\/ayshabilgrami.com\/es\/producto\/aretes-ummu-granate-plata\/\" \/>\n<meta property=\"og:locale\" content=\"es_ES\" \/>\n<meta property=\"og:type\" content=\"article\" \/>\n<meta property=\"og:title\" content=\"Aretes Ummu Granate Plata\" \/>\n<meta property=\"og:description\" content=\"ARETES UMMU GRANATE PLATA - El ummu, s\u00edmbolo de lo femenino y de la fuente de creaci\u00f3n, inspira estos aretes en forma de peque\u00f1a espiral. De ella fluyen delicados hilos de malaquita facetado, que aportan movimiento y elegancia\" \/>\n<meta property=\"og:url\" content=\"https:\/\/ayshabilgrami.com\/es\/producto\/aretes-ummu-granate-plata\/\" \/>\n<meta property=\"og:site_name\" content=\"Aysha Bilgrami Jewelry\" \/>\n<meta property=\"article:modified_time\" content=\"2025-10-28T19:31:36+00:00\" \/>\n<meta property=\"og:image\" content=\"https:\/\/ayshabilgrami.com\/wp-content\/uploads\/2025\/08\/DSC_0095-copia-plata.jpg\" \/>\n\t<meta property=\"og:image:width\" content=\"2028\" \/>\n\t<meta property=\"og:image:height\" content=\"2028\" \/>\n\t<meta property=\"og:image:type\" content=\"image\/jpeg\" \/>\n<meta name=\"twitter:card\" content=\"summary_large_image\" \/>\n<meta name=\"twitter:label1\" content=\"Tiempo de lectura\" \/>\n\t<meta name=\"twitter:data1\" content=\"1 minuto\" \/>\n<script type=\"application\/ld+json\" class=\"yoast-schema-graph\">{\"@context\":\"https:\/\/schema.org\",\"@graph\":[{\"@type\":\"WebPage\",\"@id\":\"https:\/\/ayshabilgrami.com\/es\/producto\/aretes-ummu-granate-plata\/\",\"url\":\"https:\/\/ayshabilgrami.com\/es\/producto\/aretes-ummu-granate-plata\/\",\"name\":\"Aretes Ummu Granate Plata\",\"isPartOf\":{\"@id\":\"https:\/\/ayshabilgrami.com\/#website\"},\"primaryImageOfPage\":{\"@id\":\"https:\/\/ayshabilgrami.com\/es\/producto\/aretes-ummu-granate-plata\/#primaryimage\"},\"image\":{\"@id\":\"https:\/\/ayshabilgrami.com\/es\/producto\/aretes-ummu-granate-plata\/#primaryimage\"},\"thumbnailUrl\":\"https:\/\/ayshabilgrami.com\/wp-content\/uploads\/2025\/08\/DSC_0095-copia-plata.jpg\",\"datePublished\":\"2025-08-21T04:56:06+00:00\",\"dateModified\":\"2025-10-28T19:31:36+00:00\",\"description\":\"ARETES UMMU GRANATE PLATA - El ummu, s\u00edmbolo de lo femenino y de la fuente de creaci\u00f3n, inspira estos aretes en forma de peque\u00f1a espiral. De ella fluyen delicados hilos de malaquita facetado, que aportan movimiento y elegancia\",\"breadcrumb\":{\"@id\":\"https:\/\/ayshabilgrami.com\/es\/producto\/aretes-ummu-granate-plata\/#breadcrumb\"},\"inLanguage\":\"es\",\"potentialAction\":[{\"@type\":\"ReadAction\",\"target\":[\"https:\/\/ayshabilgrami.com\/es\/producto\/aretes-ummu-granate-plata\/\"]}]},{\"@type\":\"ImageObject\",\"inLanguage\":\"es\",\"@id\":\"https:\/\/ayshabilgrami.com\/es\/producto\/aretes-ummu-granate-plata\/#primaryimage\",\"url\":\"https:\/\/ayshabilgrami.com\/wp-content\/uploads\/2025\/08\/DSC_0095-copia-plata.jpg\",\"contentUrl\":\"https:\/\/ayshabilgrami.com\/wp-content\/uploads\/2025\/08\/DSC_0095-copia-plata.jpg\",\"width\":2028,\"height\":2028},{\"@type\":\"BreadcrumbList\",\"@id\":\"https:\/\/ayshabilgrami.com\/es\/producto\/aretes-ummu-granate-plata\/#breadcrumb\",\"itemListElement\":[{\"@type\":\"ListItem\",\"position\":1,\"name\":\"Home\",\"item\":\"https:\/\/ayshabilgrami.com\/es\/\"},{\"@type\":\"ListItem\",\"position\":2,\"name\":\"TIENDA\",\"item\":\"https:\/\/ayshabilgrami.com\/tienda\/\"},{\"@type\":\"ListItem\",\"position\":3,\"name\":\"Aretes Ummu Granate Plata\"}]},{\"@type\":\"WebSite\",\"@id\":\"https:\/\/ayshabilgrami.com\/#website\",\"url\":\"https:\/\/ayshabilgrami.com\/\",\"name\":\"Aysha Bilgrami Jewelry\",\"description\":\"Cultural Fusions Made Jewelry\",\"publisher\":{\"@id\":\"https:\/\/ayshabilgrami.com\/#organization\"},\"potentialAction\":[{\"@type\":\"SearchAction\",\"target\":{\"@type\":\"EntryPoint\",\"urlTemplate\":\"https:\/\/ayshabilgrami.com\/?s={search_term_string}\"},\"query-input\":{\"@type\":\"PropertyValueSpecification\",\"valueRequired\":true,\"valueName\":\"search_term_string\"}}],\"inLanguage\":\"es\"},{\"@type\":\"Organization\",\"@id\":\"https:\/\/ayshabilgrami.com\/#organization\",\"name\":\"AYSHA BILGRAMI SAS\",\"url\":\"https:\/\/ayshabilgrami.com\/\",\"logo\":{\"@type\":\"ImageObject\",\"inLanguage\":\"es\",\"@id\":\"https:\/\/ayshabilgrami.com\/#\/schema\/logo\/image\/\",\"url\":\"https:\/\/ayshabilgrami.com\/wp-content\/uploads\/2019\/05\/logo-aysha.png\",\"contentUrl\":\"https:\/\/ayshabilgrami.com\/wp-content\/uploads\/2019\/05\/logo-aysha.png\",\"width\":546,\"height\":199,\"caption\":\"AYSHA BILGRAMI SAS\"},\"image\":{\"@id\":\"https:\/\/ayshabilgrami.com\/#\/schema\/logo\/image\/\"}}]}<\/script>\n<!-- \/ Yoast SEO plugin. -->","yoast_head_json":{"title":"Aretes Ummu Granate Plata","description":"ARETES UMMU GRANATE PLATA - El ummu, s\u00edmbolo de lo femenino y de la fuente de creaci\u00f3n, inspira estos aretes en forma de peque\u00f1a espiral. De ella fluyen delicados hilos de malaquita facetado, que aportan movimiento y elegancia","robots":{"index":"index","follow":"follow","max-snippet":"max-snippet:-1","max-image-preview":"max-image-preview:large","max-video-preview":"max-video-preview:-1"},"canonical":"https:\/\/ayshabilgrami.com\/es\/producto\/aretes-ummu-granate-plata\/","og_locale":"es_ES","og_type":"article","og_title":"Aretes Ummu Granate Plata","og_description":"ARETES UMMU GRANATE PLATA - El ummu, s\u00edmbolo de lo femenino y de la fuente de creaci\u00f3n, inspira estos aretes en forma de peque\u00f1a espiral. De ella fluyen delicados hilos de malaquita facetado, que aportan movimiento y elegancia","og_url":"https:\/\/ayshabilgrami.com\/es\/producto\/aretes-ummu-granate-plata\/","og_site_name":"Aysha Bilgrami Jewelry","article_modified_time":"2025-10-28T19:31:36+00:00","og_image":[{"width":2028,"height":2028,"url":"https:\/\/ayshabilgrami.com\/wp-content\/uploads\/2025\/08\/DSC_0095-copia-plata.jpg","type":"image\/jpeg"}],"twitter_card":"summary_large_image","twitter_misc":{"Tiempo de lectura":"1 minuto"},"schema":{"@context":"https:\/\/schema.org","@graph":[{"@type":"WebPage","@id":"https:\/\/ayshabilgrami.com\/es\/producto\/aretes-ummu-granate-plata\/","url":"https:\/\/ayshabilgrami.com\/es\/producto\/aretes-ummu-granate-plata\/","name":"Aretes Ummu Granate Plata","isPartOf":{"@id":"https:\/\/ayshabilgrami.com\/#website"},"primaryImageOfPage":{"@id":"https:\/\/ayshabilgrami.com\/es\/producto\/aretes-ummu-granate-plata\/#primaryimage"},"image":{"@id":"https:\/\/ayshabilgrami.com\/es\/producto\/aretes-ummu-granate-plata\/#primaryimage"},"thumbnailUrl":"https:\/\/ayshabilgrami.com\/wp-content\/uploads\/2025\/08\/DSC_0095-copia-plata.jpg","datePublished":"2025-08-21T04:56:06+00:00","dateModified":"2025-10-28T19:31:36+00:00","description":"ARETES UMMU GRANATE PLATA - El ummu, s\u00edmbolo de lo femenino y de la fuente de creaci\u00f3n, inspira estos aretes en forma de peque\u00f1a espiral. De ella fluyen delicados hilos de malaquita facetado, que aportan movimiento y elegancia","breadcrumb":{"@id":"https:\/\/ayshabilgrami.com\/es\/producto\/aretes-ummu-granate-plata\/#breadcrumb"},"inLanguage":"es","potentialAction":[{"@type":"ReadAction","target":["https:\/\/ayshabilgrami.com\/es\/producto\/aretes-ummu-granate-plata\/"]}]},{"@type":"ImageObject","inLanguage":"es","@id":"https:\/\/ayshabilgrami.com\/es\/producto\/aretes-ummu-granate-plata\/#primaryimage","url":"https:\/\/ayshabilgrami.com\/wp-content\/uploads\/2025\/08\/DSC_0095-copia-plata.jpg","contentUrl":"https:\/\/ayshabilgrami.com\/wp-content\/uploads\/2025\/08\/DSC_0095-copia-plata.jpg","width":2028,"height":2028},{"@type":"BreadcrumbList","@id":"https:\/\/ayshabilgrami.com\/es\/producto\/aretes-ummu-granate-plata\/#breadcrumb","itemListElement":[{"@type":"ListItem","position":1,"name":"Home","item":"https:\/\/ayshabilgrami.com\/es\/"},{"@type":"ListItem","position":2,"name":"TIENDA","item":"https:\/\/ayshabilgrami.com\/tienda\/"},{"@type":"ListItem","position":3,"name":"Aretes Ummu Granate Plata"}]},{"@type":"WebSite","@id":"https:\/\/ayshabilgrami.com\/#website","url":"https:\/\/ayshabilgrami.com\/","name":"Aysha Bilgrami Jewelry","description":"Cultural Fusions Made Jewelry","publisher":{"@id":"https:\/\/ayshabilgrami.com\/#organization"},"potentialAction":[{"@type":"SearchAction","target":{"@type":"EntryPoint","urlTemplate":"https:\/\/ayshabilgrami.com\/?s={search_term_string}"},"query-input":{"@type":"PropertyValueSpecification","valueRequired":true,"valueName":"search_term_string"}}],"inLanguage":"es"},{"@type":"Organization","@id":"https:\/\/ayshabilgrami.com\/#organization","name":"AYSHA BILGRAMI SAS","url":"https:\/\/ayshabilgrami.com\/","logo":{"@type":"ImageObject","inLanguage":"es","@id":"https:\/\/ayshabilgrami.com\/#\/schema\/logo\/image\/","url":"https:\/\/ayshabilgrami.com\/wp-content\/uploads\/2019\/05\/logo-aysha.png","contentUrl":"https:\/\/ayshabilgrami.com\/wp-content\/uploads\/2019\/05\/logo-aysha.png","width":546,"height":199,"caption":"AYSHA BILGRAMI SAS"},"image":{"@id":"https:\/\/ayshabilgrami.com\/#\/schema\/logo\/image\/"}}]}},"_links":{"self":[{"href":"https:\/\/ayshabilgrami.com\/es\/wp-json\/wp\/v2\/product\/33287","targetHints":{"allow":["GET"]}}],"collection":[{"href":"https:\/\/ayshabilgrami.com\/es\/wp-json\/wp\/v2\/product"}],"about":[{"href":"https:\/\/ayshabilgrami.com\/es\/wp-json\/wp\/v2\/types\/product"}],"wp:featuredmedia":[{"embeddable":true,"href":"https:\/\/ayshabilgrami.com\/es\/wp-json\/wp\/v2\/media\/32955"}],"wp:attachment":[{"href":"https:\/\/ayshabilgrami.com\/es\/wp-json\/wp\/v2\/media?parent=33287"}],"wp:term":[{"taxonomy":"product_brand","embeddable":true,"href":"https:\/\/ayshabilgrami.com\/es\/wp-json\/wp\/v2\/product_brand?post=33287"},{"taxonomy":"product_cat","embeddable":true,"href":"https:\/\/ayshabilgrami.com\/es\/wp-json\/wp\/v2\/product_cat?post=33287"},{"taxonomy":"product_tag","embeddable":true,"href":"https:\/\/ayshabilgrami.com\/es\/wp-json\/wp\/v2\/product_tag?post=33287"}],"curies":[{"name":"wp","href":"https:\/\/api.w.org\/{rel}","templated":true}]}}