{"id":33295,"date":"2025-08-20T23:56:00","date_gmt":"2025-08-21T04:56:00","guid":{"rendered":"https:\/\/ayshabilgrami.com\/?post_type=product&#038;p=33295"},"modified":"2025-10-27T13:11:37","modified_gmt":"2025-10-27T18:11:37","slug":"kundali-anillo-ear-cuff-dorado","status":"publish","type":"product","link":"https:\/\/ayshabilgrami.com\/es\/producto\/kundali-anillo-ear-cuff-dorado\/","title":{"rendered":"Kundali Ear Cuff Anillo Dorado"},"content":{"rendered":"<p><span style=\"font-size: 80%;\">Plata Ley 925 con Ba\u00f1o en Oro de 24k<\/span><br \/>\n<span style=\"font-size: 80%;\">Fits size 6-7.<br \/>\nDi\u00e1metro: 2.5cm<\/span><br \/>\n<span style=\"font-size: 80%;\">De la colecci\u00f3n Espiral no.17<\/span><br \/>\n<span style=\"font-size: 80%;\">Nuestra plata es recuperada de radiograf\u00edas.<\/span><br \/>\n<span style=\"font-size: 80%;\">Hecho a mano en Bogot\u00e1, Colombia<\/span><\/p>\n","protected":false},"excerpt":{"rendered":"<p><span style=\"font-size: 80%;\">Una pieza vers\u00e1til que puede usarse como anillo o como ear cuff. De su estructura cuelgan peque\u00f1os aros que se mueven libremente, permiti\u00e9ndote jugar con su movimiento y estilo seg\u00fan c\u00f3mo decidas llevarla. Su nombre, Kundali, evoca la energ\u00eda vital que fluye y asciende en espirales \u2014 un movimiento que se refleja en la versatilidad din\u00e1mica de este dise\u00f1o.<\/span><\/p>\n","protected":false},"featured_media":33143,"template":"","meta":[],"product_brand":[],"product_cat":[1261,416,388,940,941,1221,689,153,156],"product_tag":[1262],"class_list":{"0":"post-33295","1":"product","2":"type-product","3":"status-publish","4":"has-post-thumbnail","6":"product_cat-under-500","7":"product_cat-ultima-coleccion","8":"product_cat-new-arrivals-es","9":"product_cat-plata-con-bano-en-oro","10":"product_cat-piedras","11":"product_cat-espiral-es","12":"product_cat-todo","13":"product_cat-ear-cuffs-es","14":"product_cat-anillos","15":"product_tag-actualizado","17":"first","18":"instock","19":"shipping-taxable","20":"purchasable","21":"product-type-simple"},"yoast_head":"<!-- This site is optimized with the Yoast SEO plugin v26.6 - https:\/\/yoast.com\/wordpress\/plugins\/seo\/ -->\n<title>Kundali Anillo Ear Cuff Dorado<\/title>\n<meta name=\"description\" content=\"KUNDALI ANILLO EAR CUFF DORADO - Una pieza vers\u00e1til que puede usarse como anillo o como ear cuff. De su estructura cuelgan peque\u00f1os aros que se mueven libremente, permiti\u00e9ndote jugar con su movimiento\" \/>\n<meta name=\"robots\" content=\"index, follow, max-snippet:-1, max-image-preview:large, max-video-preview:-1\" \/>\n<link rel=\"canonical\" href=\"https:\/\/ayshabilgrami.com\/es\/producto\/kundali-anillo-ear-cuff-dorado\/\" \/>\n<meta property=\"og:locale\" content=\"es_ES\" \/>\n<meta property=\"og:type\" content=\"article\" \/>\n<meta property=\"og:title\" content=\"Kundali Anillo Ear Cuff Dorado\" \/>\n<meta property=\"og:description\" content=\"KUNDALI ANILLO EAR CUFF DORADO - Una pieza vers\u00e1til que puede usarse como anillo o como ear cuff. De su estructura cuelgan peque\u00f1os aros que se mueven libremente, permiti\u00e9ndote jugar con su movimiento\" \/>\n<meta property=\"og:url\" content=\"https:\/\/ayshabilgrami.com\/es\/producto\/kundali-anillo-ear-cuff-dorado\/\" \/>\n<meta property=\"og:site_name\" content=\"Aysha Bilgrami Jewelry\" \/>\n<meta property=\"article:modified_time\" content=\"2025-10-27T18:11:37+00:00\" \/>\n<meta property=\"og:image\" content=\"https:\/\/ayshabilgrami.com\/wp-content\/uploads\/2025\/08\/DSC_0745-scaled.jpg\" \/>\n\t<meta property=\"og:image:width\" content=\"1707\" \/>\n\t<meta property=\"og:image:height\" content=\"2560\" \/>\n\t<meta property=\"og:image:type\" content=\"image\/jpeg\" \/>\n<meta name=\"twitter:card\" content=\"summary_large_image\" \/>\n<meta name=\"twitter:label1\" content=\"Tiempo de lectura\" \/>\n\t<meta name=\"twitter:data1\" content=\"1 minuto\" \/>\n<script type=\"application\/ld+json\" class=\"yoast-schema-graph\">{\"@context\":\"https:\/\/schema.org\",\"@graph\":[{\"@type\":\"WebPage\",\"@id\":\"https:\/\/ayshabilgrami.com\/es\/producto\/kundali-anillo-ear-cuff-dorado\/\",\"url\":\"https:\/\/ayshabilgrami.com\/es\/producto\/kundali-anillo-ear-cuff-dorado\/\",\"name\":\"Kundali Anillo Ear Cuff Dorado\",\"isPartOf\":{\"@id\":\"https:\/\/ayshabilgrami.com\/#website\"},\"primaryImageOfPage\":{\"@id\":\"https:\/\/ayshabilgrami.com\/es\/producto\/kundali-anillo-ear-cuff-dorado\/#primaryimage\"},\"image\":{\"@id\":\"https:\/\/ayshabilgrami.com\/es\/producto\/kundali-anillo-ear-cuff-dorado\/#primaryimage\"},\"thumbnailUrl\":\"https:\/\/ayshabilgrami.com\/wp-content\/uploads\/2025\/08\/DSC_1222-scaled.jpg\",\"datePublished\":\"2025-08-21T04:56:00+00:00\",\"dateModified\":\"2025-10-27T18:11:37+00:00\",\"description\":\"KUNDALI ANILLO EAR CUFF DORADO - Una pieza vers\u00e1til que puede usarse como anillo o como ear cuff. De su estructura cuelgan peque\u00f1os aros que se mueven libremente, permiti\u00e9ndote jugar con su movimiento\",\"breadcrumb\":{\"@id\":\"https:\/\/ayshabilgrami.com\/es\/producto\/kundali-anillo-ear-cuff-dorado\/#breadcrumb\"},\"inLanguage\":\"es\",\"potentialAction\":[{\"@type\":\"ReadAction\",\"target\":[\"https:\/\/ayshabilgrami.com\/es\/producto\/kundali-anillo-ear-cuff-dorado\/\"]}]},{\"@type\":\"ImageObject\",\"inLanguage\":\"es\",\"@id\":\"https:\/\/ayshabilgrami.com\/es\/producto\/kundali-anillo-ear-cuff-dorado\/#primaryimage\",\"url\":\"https:\/\/ayshabilgrami.com\/wp-content\/uploads\/2025\/08\/DSC_1222-scaled.jpg\",\"contentUrl\":\"https:\/\/ayshabilgrami.com\/wp-content\/uploads\/2025\/08\/DSC_1222-scaled.jpg\",\"width\":2560,\"height\":1707},{\"@type\":\"BreadcrumbList\",\"@id\":\"https:\/\/ayshabilgrami.com\/es\/producto\/kundali-anillo-ear-cuff-dorado\/#breadcrumb\",\"itemListElement\":[{\"@type\":\"ListItem\",\"position\":1,\"name\":\"Home\",\"item\":\"https:\/\/ayshabilgrami.com\/es\/\"},{\"@type\":\"ListItem\",\"position\":2,\"name\":\"TIENDA\",\"item\":\"https:\/\/ayshabilgrami.com\/tienda\/\"},{\"@type\":\"ListItem\",\"position\":3,\"name\":\"Kundali Ear Cuff Anillo Dorado\"}]},{\"@type\":\"WebSite\",\"@id\":\"https:\/\/ayshabilgrami.com\/#website\",\"url\":\"https:\/\/ayshabilgrami.com\/\",\"name\":\"Aysha Bilgrami Jewelry\",\"description\":\"Cultural Fusions Made Jewelry\",\"publisher\":{\"@id\":\"https:\/\/ayshabilgrami.com\/#organization\"},\"potentialAction\":[{\"@type\":\"SearchAction\",\"target\":{\"@type\":\"EntryPoint\",\"urlTemplate\":\"https:\/\/ayshabilgrami.com\/?s={search_term_string}\"},\"query-input\":{\"@type\":\"PropertyValueSpecification\",\"valueRequired\":true,\"valueName\":\"search_term_string\"}}],\"inLanguage\":\"es\"},{\"@type\":\"Organization\",\"@id\":\"https:\/\/ayshabilgrami.com\/#organization\",\"name\":\"AYSHA BILGRAMI SAS\",\"url\":\"https:\/\/ayshabilgrami.com\/\",\"logo\":{\"@type\":\"ImageObject\",\"inLanguage\":\"es\",\"@id\":\"https:\/\/ayshabilgrami.com\/#\/schema\/logo\/image\/\",\"url\":\"https:\/\/ayshabilgrami.com\/wp-content\/uploads\/2019\/05\/logo-aysha.png\",\"contentUrl\":\"https:\/\/ayshabilgrami.com\/wp-content\/uploads\/2019\/05\/logo-aysha.png\",\"width\":546,\"height\":199,\"caption\":\"AYSHA BILGRAMI SAS\"},\"image\":{\"@id\":\"https:\/\/ayshabilgrami.com\/#\/schema\/logo\/image\/\"}}]}<\/script>\n<!-- \/ Yoast SEO plugin. -->","yoast_head_json":{"title":"Kundali Anillo Ear Cuff Dorado","description":"KUNDALI ANILLO EAR CUFF DORADO - Una pieza vers\u00e1til que puede usarse como anillo o como ear cuff. De su estructura cuelgan peque\u00f1os aros que se mueven libremente, permiti\u00e9ndote jugar con su movimiento","robots":{"index":"index","follow":"follow","max-snippet":"max-snippet:-1","max-image-preview":"max-image-preview:large","max-video-preview":"max-video-preview:-1"},"canonical":"https:\/\/ayshabilgrami.com\/es\/producto\/kundali-anillo-ear-cuff-dorado\/","og_locale":"es_ES","og_type":"article","og_title":"Kundali Anillo Ear Cuff Dorado","og_description":"KUNDALI ANILLO EAR CUFF DORADO - Una pieza vers\u00e1til que puede usarse como anillo o como ear cuff. De su estructura cuelgan peque\u00f1os aros que se mueven libremente, permiti\u00e9ndote jugar con su movimiento","og_url":"https:\/\/ayshabilgrami.com\/es\/producto\/kundali-anillo-ear-cuff-dorado\/","og_site_name":"Aysha Bilgrami Jewelry","article_modified_time":"2025-10-27T18:11:37+00:00","og_image":[{"width":1707,"height":2560,"url":"https:\/\/ayshabilgrami.com\/wp-content\/uploads\/2025\/08\/DSC_0745-scaled.jpg","type":"image\/jpeg"}],"twitter_card":"summary_large_image","twitter_misc":{"Tiempo de lectura":"1 minuto"},"schema":{"@context":"https:\/\/schema.org","@graph":[{"@type":"WebPage","@id":"https:\/\/ayshabilgrami.com\/es\/producto\/kundali-anillo-ear-cuff-dorado\/","url":"https:\/\/ayshabilgrami.com\/es\/producto\/kundali-anillo-ear-cuff-dorado\/","name":"Kundali Anillo Ear Cuff Dorado","isPartOf":{"@id":"https:\/\/ayshabilgrami.com\/#website"},"primaryImageOfPage":{"@id":"https:\/\/ayshabilgrami.com\/es\/producto\/kundali-anillo-ear-cuff-dorado\/#primaryimage"},"image":{"@id":"https:\/\/ayshabilgrami.com\/es\/producto\/kundali-anillo-ear-cuff-dorado\/#primaryimage"},"thumbnailUrl":"https:\/\/ayshabilgrami.com\/wp-content\/uploads\/2025\/08\/DSC_1222-scaled.jpg","datePublished":"2025-08-21T04:56:00+00:00","dateModified":"2025-10-27T18:11:37+00:00","description":"KUNDALI ANILLO EAR CUFF DORADO - Una pieza vers\u00e1til que puede usarse como anillo o como ear cuff. De su estructura cuelgan peque\u00f1os aros que se mueven libremente, permiti\u00e9ndote jugar con su movimiento","breadcrumb":{"@id":"https:\/\/ayshabilgrami.com\/es\/producto\/kundali-anillo-ear-cuff-dorado\/#breadcrumb"},"inLanguage":"es","potentialAction":[{"@type":"ReadAction","target":["https:\/\/ayshabilgrami.com\/es\/producto\/kundali-anillo-ear-cuff-dorado\/"]}]},{"@type":"ImageObject","inLanguage":"es","@id":"https:\/\/ayshabilgrami.com\/es\/producto\/kundali-anillo-ear-cuff-dorado\/#primaryimage","url":"https:\/\/ayshabilgrami.com\/wp-content\/uploads\/2025\/08\/DSC_1222-scaled.jpg","contentUrl":"https:\/\/ayshabilgrami.com\/wp-content\/uploads\/2025\/08\/DSC_1222-scaled.jpg","width":2560,"height":1707},{"@type":"BreadcrumbList","@id":"https:\/\/ayshabilgrami.com\/es\/producto\/kundali-anillo-ear-cuff-dorado\/#breadcrumb","itemListElement":[{"@type":"ListItem","position":1,"name":"Home","item":"https:\/\/ayshabilgrami.com\/es\/"},{"@type":"ListItem","position":2,"name":"TIENDA","item":"https:\/\/ayshabilgrami.com\/tienda\/"},{"@type":"ListItem","position":3,"name":"Kundali Ear Cuff Anillo Dorado"}]},{"@type":"WebSite","@id":"https:\/\/ayshabilgrami.com\/#website","url":"https:\/\/ayshabilgrami.com\/","name":"Aysha Bilgrami Jewelry","description":"Cultural Fusions Made Jewelry","publisher":{"@id":"https:\/\/ayshabilgrami.com\/#organization"},"potentialAction":[{"@type":"SearchAction","target":{"@type":"EntryPoint","urlTemplate":"https:\/\/ayshabilgrami.com\/?s={search_term_string}"},"query-input":{"@type":"PropertyValueSpecification","valueRequired":true,"valueName":"search_term_string"}}],"inLanguage":"es"},{"@type":"Organization","@id":"https:\/\/ayshabilgrami.com\/#organization","name":"AYSHA BILGRAMI SAS","url":"https:\/\/ayshabilgrami.com\/","logo":{"@type":"ImageObject","inLanguage":"es","@id":"https:\/\/ayshabilgrami.com\/#\/schema\/logo\/image\/","url":"https:\/\/ayshabilgrami.com\/wp-content\/uploads\/2019\/05\/logo-aysha.png","contentUrl":"https:\/\/ayshabilgrami.com\/wp-content\/uploads\/2019\/05\/logo-aysha.png","width":546,"height":199,"caption":"AYSHA BILGRAMI SAS"},"image":{"@id":"https:\/\/ayshabilgrami.com\/#\/schema\/logo\/image\/"}}]}},"_links":{"self":[{"href":"https:\/\/ayshabilgrami.com\/es\/wp-json\/wp\/v2\/product\/33295","targetHints":{"allow":["GET"]}}],"collection":[{"href":"https:\/\/ayshabilgrami.com\/es\/wp-json\/wp\/v2\/product"}],"about":[{"href":"https:\/\/ayshabilgrami.com\/es\/wp-json\/wp\/v2\/types\/product"}],"wp:featuredmedia":[{"embeddable":true,"href":"https:\/\/ayshabilgrami.com\/es\/wp-json\/wp\/v2\/media\/33143"}],"wp:attachment":[{"href":"https:\/\/ayshabilgrami.com\/es\/wp-json\/wp\/v2\/media?parent=33295"}],"wp:term":[{"taxonomy":"product_brand","embeddable":true,"href":"https:\/\/ayshabilgrami.com\/es\/wp-json\/wp\/v2\/product_brand?post=33295"},{"taxonomy":"product_cat","embeddable":true,"href":"https:\/\/ayshabilgrami.com\/es\/wp-json\/wp\/v2\/product_cat?post=33295"},{"taxonomy":"product_tag","embeddable":true,"href":"https:\/\/ayshabilgrami.com\/es\/wp-json\/wp\/v2\/product_tag?post=33295"}],"curies":[{"name":"wp","href":"https:\/\/api.w.org\/{rel}","templated":true}]}}