{"id":33336,"date":"2025-08-20T23:55:53","date_gmt":"2025-08-21T04:55:53","guid":{"rendered":"https:\/\/ayshabilgrami.com\/?post_type=product&#038;p=33336"},"modified":"2026-01-31T07:45:33","modified_gmt":"2026-01-31T12:45:33","slug":"dije-mini-golaa-stone-copy","status":"publish","type":"product","link":"https:\/\/ayshabilgrami.com\/es\/producto\/dije-mini-golaa-stone-copy\/","title":{"rendered":"Dije Kundali Lapis Plata"},"content":{"rendered":"<p><span style=\"font-size: 80%;\">Plata Ley 925<\/span><br \/>\n<span style=\"font-size: 80%;\">Largo: 2.7 cm<br \/>\nPiedras: Lapisl\u00e1zuli<\/span><br \/>\n<span style=\"font-size: 80%;\">De la colecci\u00f3n Espiral no.17<\/span><br \/>\n<span style=\"font-size: 80%;\">Nuestra plata es recuperada de radiograf\u00edas.<\/span><br \/>\n<span style=\"font-size: 80%;\">Hecho a mano en Bogot\u00e1, Colombia<\/span><\/p>\n","protected":false},"excerpt":{"rendered":"<p><span style=\"font-weight: 400;\">Una poderosa espiral coronada con una piedra lapisl\u00e1zuli, este colgante es un amuleto impregnado con el s\u00edmbolo Kundali. Representa el flujo de la energ\u00eda vital que asciende en espirales. Kundali simboliza la transformaci\u00f3n y la fuerza interior. La espiral aporta el poder vibrante de la renovaci\u00f3n, el crecimiento y la prosperidad. Junto con el lapisl\u00e1zuli, piedra de protecci\u00f3n, sabidur\u00eda y verdad interior, esta pieza se convierte en una fuente de estabilidad, claridad y equilibrio para acompa\u00f1arte en tu camino.<\/span><\/p>\n","protected":false},"featured_media":33346,"template":"","meta":[],"product_brand":[],"product_cat":[416,388,939,1221,689,157],"product_tag":[1262],"class_list":{"0":"post-33336","1":"product","2":"type-product","3":"status-publish","4":"has-post-thumbnail","6":"product_cat-ultima-coleccion","7":"product_cat-new-arrivals-es","8":"product_cat-plata","9":"product_cat-espiral-es","10":"product_cat-todo","11":"product_cat-dijes","12":"product_tag-actualizado","14":"first","15":"instock","16":"shipping-taxable","17":"purchasable","18":"product-type-simple"},"yoast_head":"<!-- This site is optimized with the Yoast SEO plugin v26.6 - https:\/\/yoast.com\/wordpress\/plugins\/seo\/ -->\n<title>Dije Kundali Lapis Plata<\/title>\n<meta name=\"description\" content=\"DIJE KUNDALI LAPIS PLATA - Una poderosa espiral coronada con lapisl\u00e1zuli, este colgante es un amuleto impregnado con el s\u00edmbolo de Kundali.\" \/>\n<meta name=\"robots\" content=\"index, follow, max-snippet:-1, max-image-preview:large, max-video-preview:-1\" \/>\n<link rel=\"canonical\" href=\"https:\/\/ayshabilgrami.com\/es\/producto\/dije-mini-golaa-stone-copy\/\" \/>\n<meta property=\"og:locale\" content=\"es_ES\" \/>\n<meta property=\"og:type\" content=\"article\" \/>\n<meta property=\"og:title\" content=\"Dije Kundali Lapis Plata\" \/>\n<meta property=\"og:description\" content=\"DIJE KUNDALI LAPIS PLATA - Una poderosa espiral coronada con lapisl\u00e1zuli, este colgante es un amuleto impregnado con el s\u00edmbolo de Kundali.\" \/>\n<meta property=\"og:url\" content=\"https:\/\/ayshabilgrami.com\/es\/producto\/dije-mini-golaa-stone-copy\/\" \/>\n<meta property=\"og:site_name\" content=\"Aysha Bilgrami Jewelry\" \/>\n<meta property=\"article:modified_time\" content=\"2026-01-31T12:45:33+00:00\" \/>\n<meta property=\"og:image\" content=\"https:\/\/ayshabilgrami.com\/wp-content\/uploads\/2025\/08\/DSC_0177-copia1.jpg\" \/>\n\t<meta property=\"og:image:width\" content=\"2028\" \/>\n\t<meta property=\"og:image:height\" content=\"2028\" \/>\n\t<meta property=\"og:image:type\" content=\"image\/jpeg\" \/>\n<meta name=\"twitter:card\" content=\"summary_large_image\" \/>\n<meta name=\"twitter:label1\" content=\"Tiempo de lectura\" \/>\n\t<meta name=\"twitter:data1\" content=\"1 minuto\" \/>\n<script type=\"application\/ld+json\" class=\"yoast-schema-graph\">{\"@context\":\"https:\/\/schema.org\",\"@graph\":[{\"@type\":\"WebPage\",\"@id\":\"https:\/\/ayshabilgrami.com\/es\/producto\/dije-mini-golaa-stone-copy\/\",\"url\":\"https:\/\/ayshabilgrami.com\/es\/producto\/dije-mini-golaa-stone-copy\/\",\"name\":\"Dije Kundali Lapis Plata\",\"isPartOf\":{\"@id\":\"https:\/\/ayshabilgrami.com\/#website\"},\"primaryImageOfPage\":{\"@id\":\"https:\/\/ayshabilgrami.com\/es\/producto\/dije-mini-golaa-stone-copy\/#primaryimage\"},\"image\":{\"@id\":\"https:\/\/ayshabilgrami.com\/es\/producto\/dije-mini-golaa-stone-copy\/#primaryimage\"},\"thumbnailUrl\":\"https:\/\/ayshabilgrami.com\/wp-content\/uploads\/2025\/08\/DSC_0177-copia1.jpg\",\"datePublished\":\"2025-08-21T04:55:53+00:00\",\"dateModified\":\"2026-01-31T12:45:33+00:00\",\"description\":\"DIJE KUNDALI LAPIS PLATA - Una poderosa espiral coronada con lapisl\u00e1zuli, este colgante es un amuleto impregnado con el s\u00edmbolo de Kundali.\",\"breadcrumb\":{\"@id\":\"https:\/\/ayshabilgrami.com\/es\/producto\/dije-mini-golaa-stone-copy\/#breadcrumb\"},\"inLanguage\":\"es\",\"potentialAction\":[{\"@type\":\"ReadAction\",\"target\":[\"https:\/\/ayshabilgrami.com\/es\/producto\/dije-mini-golaa-stone-copy\/\"]}]},{\"@type\":\"ImageObject\",\"inLanguage\":\"es\",\"@id\":\"https:\/\/ayshabilgrami.com\/es\/producto\/dije-mini-golaa-stone-copy\/#primaryimage\",\"url\":\"https:\/\/ayshabilgrami.com\/wp-content\/uploads\/2025\/08\/DSC_0177-copia1.jpg\",\"contentUrl\":\"https:\/\/ayshabilgrami.com\/wp-content\/uploads\/2025\/08\/DSC_0177-copia1.jpg\",\"width\":2028,\"height\":2028},{\"@type\":\"BreadcrumbList\",\"@id\":\"https:\/\/ayshabilgrami.com\/es\/producto\/dije-mini-golaa-stone-copy\/#breadcrumb\",\"itemListElement\":[{\"@type\":\"ListItem\",\"position\":1,\"name\":\"Home\",\"item\":\"https:\/\/ayshabilgrami.com\/\"},{\"@type\":\"ListItem\",\"position\":2,\"name\":\"TIENDA\",\"item\":\"https:\/\/ayshabilgrami.com\/tienda\/\"},{\"@type\":\"ListItem\",\"position\":3,\"name\":\"Dije Kundali Lapis Plata\"}]},{\"@type\":\"WebSite\",\"@id\":\"https:\/\/ayshabilgrami.com\/#website\",\"url\":\"https:\/\/ayshabilgrami.com\/\",\"name\":\"Aysha Bilgrami Jewelry\",\"description\":\"Cultural Fusions Made Jewelry\",\"publisher\":{\"@id\":\"https:\/\/ayshabilgrami.com\/#organization\"},\"potentialAction\":[{\"@type\":\"SearchAction\",\"target\":{\"@type\":\"EntryPoint\",\"urlTemplate\":\"https:\/\/ayshabilgrami.com\/?s={search_term_string}\"},\"query-input\":{\"@type\":\"PropertyValueSpecification\",\"valueRequired\":true,\"valueName\":\"search_term_string\"}}],\"inLanguage\":\"es\"},{\"@type\":\"Organization\",\"@id\":\"https:\/\/ayshabilgrami.com\/#organization\",\"name\":\"AYSHA BILGRAMI SAS\",\"url\":\"https:\/\/ayshabilgrami.com\/\",\"logo\":{\"@type\":\"ImageObject\",\"inLanguage\":\"es\",\"@id\":\"https:\/\/ayshabilgrami.com\/#\/schema\/logo\/image\/\",\"url\":\"https:\/\/ayshabilgrami.com\/wp-content\/uploads\/2019\/05\/logo-aysha.png\",\"contentUrl\":\"https:\/\/ayshabilgrami.com\/wp-content\/uploads\/2019\/05\/logo-aysha.png\",\"width\":546,\"height\":199,\"caption\":\"AYSHA BILGRAMI SAS\"},\"image\":{\"@id\":\"https:\/\/ayshabilgrami.com\/#\/schema\/logo\/image\/\"}}]}<\/script>\n<!-- \/ Yoast SEO plugin. -->","yoast_head_json":{"title":"Dije Kundali Lapis Plata","description":"DIJE KUNDALI LAPIS PLATA - Una poderosa espiral coronada con lapisl\u00e1zuli, este colgante es un amuleto impregnado con el s\u00edmbolo de Kundali.","robots":{"index":"index","follow":"follow","max-snippet":"max-snippet:-1","max-image-preview":"max-image-preview:large","max-video-preview":"max-video-preview:-1"},"canonical":"https:\/\/ayshabilgrami.com\/es\/producto\/dije-mini-golaa-stone-copy\/","og_locale":"es_ES","og_type":"article","og_title":"Dije Kundali Lapis Plata","og_description":"DIJE KUNDALI LAPIS PLATA - Una poderosa espiral coronada con lapisl\u00e1zuli, este colgante es un amuleto impregnado con el s\u00edmbolo de Kundali.","og_url":"https:\/\/ayshabilgrami.com\/es\/producto\/dije-mini-golaa-stone-copy\/","og_site_name":"Aysha Bilgrami Jewelry","article_modified_time":"2026-01-31T12:45:33+00:00","og_image":[{"width":2028,"height":2028,"url":"https:\/\/ayshabilgrami.com\/wp-content\/uploads\/2025\/08\/DSC_0177-copia1.jpg","type":"image\/jpeg"}],"twitter_card":"summary_large_image","twitter_misc":{"Tiempo de lectura":"1 minuto"},"schema":{"@context":"https:\/\/schema.org","@graph":[{"@type":"WebPage","@id":"https:\/\/ayshabilgrami.com\/es\/producto\/dije-mini-golaa-stone-copy\/","url":"https:\/\/ayshabilgrami.com\/es\/producto\/dije-mini-golaa-stone-copy\/","name":"Dije Kundali Lapis Plata","isPartOf":{"@id":"https:\/\/ayshabilgrami.com\/#website"},"primaryImageOfPage":{"@id":"https:\/\/ayshabilgrami.com\/es\/producto\/dije-mini-golaa-stone-copy\/#primaryimage"},"image":{"@id":"https:\/\/ayshabilgrami.com\/es\/producto\/dije-mini-golaa-stone-copy\/#primaryimage"},"thumbnailUrl":"https:\/\/ayshabilgrami.com\/wp-content\/uploads\/2025\/08\/DSC_0177-copia1.jpg","datePublished":"2025-08-21T04:55:53+00:00","dateModified":"2026-01-31T12:45:33+00:00","description":"DIJE KUNDALI LAPIS PLATA - Una poderosa espiral coronada con lapisl\u00e1zuli, este colgante es un amuleto impregnado con el s\u00edmbolo de Kundali.","breadcrumb":{"@id":"https:\/\/ayshabilgrami.com\/es\/producto\/dije-mini-golaa-stone-copy\/#breadcrumb"},"inLanguage":"es","potentialAction":[{"@type":"ReadAction","target":["https:\/\/ayshabilgrami.com\/es\/producto\/dije-mini-golaa-stone-copy\/"]}]},{"@type":"ImageObject","inLanguage":"es","@id":"https:\/\/ayshabilgrami.com\/es\/producto\/dije-mini-golaa-stone-copy\/#primaryimage","url":"https:\/\/ayshabilgrami.com\/wp-content\/uploads\/2025\/08\/DSC_0177-copia1.jpg","contentUrl":"https:\/\/ayshabilgrami.com\/wp-content\/uploads\/2025\/08\/DSC_0177-copia1.jpg","width":2028,"height":2028},{"@type":"BreadcrumbList","@id":"https:\/\/ayshabilgrami.com\/es\/producto\/dije-mini-golaa-stone-copy\/#breadcrumb","itemListElement":[{"@type":"ListItem","position":1,"name":"Home","item":"https:\/\/ayshabilgrami.com\/"},{"@type":"ListItem","position":2,"name":"TIENDA","item":"https:\/\/ayshabilgrami.com\/tienda\/"},{"@type":"ListItem","position":3,"name":"Dije Kundali Lapis Plata"}]},{"@type":"WebSite","@id":"https:\/\/ayshabilgrami.com\/#website","url":"https:\/\/ayshabilgrami.com\/","name":"Aysha Bilgrami Jewelry","description":"Cultural Fusions Made Jewelry","publisher":{"@id":"https:\/\/ayshabilgrami.com\/#organization"},"potentialAction":[{"@type":"SearchAction","target":{"@type":"EntryPoint","urlTemplate":"https:\/\/ayshabilgrami.com\/?s={search_term_string}"},"query-input":{"@type":"PropertyValueSpecification","valueRequired":true,"valueName":"search_term_string"}}],"inLanguage":"es"},{"@type":"Organization","@id":"https:\/\/ayshabilgrami.com\/#organization","name":"AYSHA BILGRAMI SAS","url":"https:\/\/ayshabilgrami.com\/","logo":{"@type":"ImageObject","inLanguage":"es","@id":"https:\/\/ayshabilgrami.com\/#\/schema\/logo\/image\/","url":"https:\/\/ayshabilgrami.com\/wp-content\/uploads\/2019\/05\/logo-aysha.png","contentUrl":"https:\/\/ayshabilgrami.com\/wp-content\/uploads\/2019\/05\/logo-aysha.png","width":546,"height":199,"caption":"AYSHA BILGRAMI SAS"},"image":{"@id":"https:\/\/ayshabilgrami.com\/#\/schema\/logo\/image\/"}}]}},"_links":{"self":[{"href":"https:\/\/ayshabilgrami.com\/es\/wp-json\/wp\/v2\/product\/33336","targetHints":{"allow":["GET"]}}],"collection":[{"href":"https:\/\/ayshabilgrami.com\/es\/wp-json\/wp\/v2\/product"}],"about":[{"href":"https:\/\/ayshabilgrami.com\/es\/wp-json\/wp\/v2\/types\/product"}],"wp:featuredmedia":[{"embeddable":true,"href":"https:\/\/ayshabilgrami.com\/es\/wp-json\/wp\/v2\/media\/33346"}],"wp:attachment":[{"href":"https:\/\/ayshabilgrami.com\/es\/wp-json\/wp\/v2\/media?parent=33336"}],"wp:term":[{"taxonomy":"product_brand","embeddable":true,"href":"https:\/\/ayshabilgrami.com\/es\/wp-json\/wp\/v2\/product_brand?post=33336"},{"taxonomy":"product_cat","embeddable":true,"href":"https:\/\/ayshabilgrami.com\/es\/wp-json\/wp\/v2\/product_cat?post=33336"},{"taxonomy":"product_tag","embeddable":true,"href":"https:\/\/ayshabilgrami.com\/es\/wp-json\/wp\/v2\/product_tag?post=33336"}],"curies":[{"name":"wp","href":"https:\/\/api.w.org\/{rel}","templated":true}]}}