{"id":34680,"date":"2025-12-07T14:23:12","date_gmt":"2025-12-07T19:23:12","guid":{"rendered":"https:\/\/ayshabilgrami.com\/?post_type=product&#038;p=34680"},"modified":"2025-12-07T14:48:25","modified_gmt":"2025-12-07T19:48:25","slug":"aretes-micro-pech-copy","status":"publish","type":"product","link":"https:\/\/ayshabilgrami.com\/es\/producto\/aretes-micro-pech-copy\/","title":{"rendered":"Micro Crescent Hoops Plateados"},"content":{"rendered":"<p><span style=\"font-size: 80%;\">Plata Ley 925\u00a0<\/span><br \/>\n<span style=\"font-size: 80%;\">Largo: 1 cm<\/span><br \/>\n<span style=\"font-size: 80%;\">De la colecci\u00f3n ICONS<\/span><br \/>\n<span style=\"font-size: 80%;\">Nuestra plata es recuperada de radiograf\u00edas.<\/span><br \/>\n<span style=\"font-size: 80%;\">Hecho a mano en Bogot\u00e1, Colombia<\/span><\/p>\n","protected":false},"excerpt":{"rendered":"<div>\n<p>La adici\u00f3n m\u00e1s peque\u00f1a a la familia de aretes Crescent: el MICRO CRESCENT HOOP. Perfecto como un statement diario o para tu segundo piercing.<\/p>\n<p>\u00a1Tambi\u00e9n lo est\u00e1n usando ni\u00f1as de 4 a\u00f1os en adelante!<\/p>\n<\/div>\n<div><\/div>\n<div><\/div>\n","protected":false},"featured_media":34666,"template":"","meta":[],"product_brand":[],"product_cat":[1264,1261,416,388,939,1221,689,154,159],"product_tag":[1262],"class_list":{"0":"post-34680","1":"product","2":"type-product","3":"status-publish","4":"has-post-thumbnail","6":"product_cat-crescent-hoops","7":"product_cat-under-500","8":"product_cat-ultima-coleccion","9":"product_cat-new-arrivals-es","10":"product_cat-plata","11":"product_cat-espiral-es","12":"product_cat-todo","13":"product_cat-aretes","14":"product_cat-topos","15":"product_tag-actualizado","17":"first","18":"instock","19":"shipping-taxable","20":"purchasable","21":"product-type-simple"},"yoast_head":"<!-- This site is optimized with the Yoast SEO plugin v26.6 - https:\/\/yoast.com\/wordpress\/plugins\/seo\/ -->\n<title>Micro Crescent Hoops Plateados<\/title>\n<meta name=\"description\" content=\"La adici\u00f3n m\u00e1s peque\u00f1a a la familia de aretes Crescent: el MICRO CRESCENT HOOP. Perfecto como un statement diario o para tu segundo piercing.\" \/>\n<meta name=\"robots\" content=\"index, follow, max-snippet:-1, max-image-preview:large, max-video-preview:-1\" \/>\n<link rel=\"canonical\" href=\"https:\/\/ayshabilgrami.com\/shop\/micro-crescent-hoops-silver\/\" \/>\n<meta property=\"og:locale\" content=\"es_ES\" \/>\n<meta property=\"og:type\" content=\"article\" \/>\n<meta property=\"og:title\" content=\"Micro Crescent Hoops Plateados\" \/>\n<meta property=\"og:description\" content=\"La adici\u00f3n m\u00e1s peque\u00f1a a la familia de aretes Crescent: el MICRO CRESCENT HOOP. Perfecto como un statement diario o para tu segundo piercing.\" \/>\n<meta property=\"og:url\" content=\"https:\/\/ayshabilgrami.com\/shop\/micro-crescent-hoops-silver\/\" \/>\n<meta property=\"og:site_name\" content=\"Aysha Bilgrami Jewelry\" \/>\n<meta property=\"article:modified_time\" content=\"2025-12-07T19:48:25+00:00\" \/>\n<meta property=\"og:image\" content=\"https:\/\/ayshabilgrami.com\/wp-content\/uploads\/2025\/12\/Photo-7-12-25-14-11-13-1-scaled.jpg\" \/>\n\t<meta property=\"og:image:width\" content=\"2048\" \/>\n\t<meta property=\"og:image:height\" content=\"2560\" \/>\n\t<meta property=\"og:image:type\" content=\"image\/jpeg\" \/>\n<meta name=\"twitter:card\" content=\"summary_large_image\" \/>\n<script type=\"application\/ld+json\" class=\"yoast-schema-graph\">{\"@context\":\"https:\/\/schema.org\",\"@graph\":[{\"@type\":\"WebPage\",\"@id\":\"https:\/\/ayshabilgrami.com\/shop\/micro-crescent-hoops-silver\/\",\"url\":\"https:\/\/ayshabilgrami.com\/shop\/micro-crescent-hoops-silver\/\",\"name\":\"Micro Crescent Hoops Plateados\",\"isPartOf\":{\"@id\":\"https:\/\/ayshabilgrami.com\/#website\"},\"primaryImageOfPage\":{\"@id\":\"https:\/\/ayshabilgrami.com\/shop\/micro-crescent-hoops-silver\/#primaryimage\"},\"image\":{\"@id\":\"https:\/\/ayshabilgrami.com\/shop\/micro-crescent-hoops-silver\/#primaryimage\"},\"thumbnailUrl\":\"https:\/\/ayshabilgrami.com\/wp-content\/uploads\/2025\/12\/Photo-7-12-25-14-11-13-1-scaled.jpg\",\"datePublished\":\"2025-12-07T19:23:12+00:00\",\"dateModified\":\"2025-12-07T19:48:25+00:00\",\"description\":\"La adici\u00f3n m\u00e1s peque\u00f1a a la familia de aretes Crescent: el MICRO CRESCENT HOOP. Perfecto como un statement diario o para tu segundo piercing.\",\"breadcrumb\":{\"@id\":\"https:\/\/ayshabilgrami.com\/shop\/micro-crescent-hoops-silver\/#breadcrumb\"},\"inLanguage\":\"es\",\"potentialAction\":[{\"@type\":\"ReadAction\",\"target\":[\"https:\/\/ayshabilgrami.com\/shop\/micro-crescent-hoops-silver\/\"]}]},{\"@type\":\"ImageObject\",\"inLanguage\":\"es\",\"@id\":\"https:\/\/ayshabilgrami.com\/shop\/micro-crescent-hoops-silver\/#primaryimage\",\"url\":\"https:\/\/ayshabilgrami.com\/wp-content\/uploads\/2025\/12\/Photo-7-12-25-14-11-13-1-scaled.jpg\",\"contentUrl\":\"https:\/\/ayshabilgrami.com\/wp-content\/uploads\/2025\/12\/Photo-7-12-25-14-11-13-1-scaled.jpg\",\"width\":2048,\"height\":2560},{\"@type\":\"BreadcrumbList\",\"@id\":\"https:\/\/ayshabilgrami.com\/shop\/micro-crescent-hoops-silver\/#breadcrumb\",\"itemListElement\":[{\"@type\":\"ListItem\",\"position\":1,\"name\":\"Home\",\"item\":\"https:\/\/ayshabilgrami.com\/es\/\"},{\"@type\":\"ListItem\",\"position\":2,\"name\":\"TIENDA\",\"item\":\"https:\/\/ayshabilgrami.com\/tienda\/\"},{\"@type\":\"ListItem\",\"position\":3,\"name\":\"Micro Crescent Hoops Plateados\"}]},{\"@type\":\"WebSite\",\"@id\":\"https:\/\/ayshabilgrami.com\/#website\",\"url\":\"https:\/\/ayshabilgrami.com\/\",\"name\":\"Aysha Bilgrami Jewelry\",\"description\":\"Cultural Fusions Made Jewelry\",\"publisher\":{\"@id\":\"https:\/\/ayshabilgrami.com\/#organization\"},\"potentialAction\":[{\"@type\":\"SearchAction\",\"target\":{\"@type\":\"EntryPoint\",\"urlTemplate\":\"https:\/\/ayshabilgrami.com\/?s={search_term_string}\"},\"query-input\":{\"@type\":\"PropertyValueSpecification\",\"valueRequired\":true,\"valueName\":\"search_term_string\"}}],\"inLanguage\":\"es\"},{\"@type\":\"Organization\",\"@id\":\"https:\/\/ayshabilgrami.com\/#organization\",\"name\":\"AYSHA BILGRAMI SAS\",\"url\":\"https:\/\/ayshabilgrami.com\/\",\"logo\":{\"@type\":\"ImageObject\",\"inLanguage\":\"es\",\"@id\":\"https:\/\/ayshabilgrami.com\/#\/schema\/logo\/image\/\",\"url\":\"https:\/\/ayshabilgrami.com\/wp-content\/uploads\/2019\/05\/logo-aysha.png\",\"contentUrl\":\"https:\/\/ayshabilgrami.com\/wp-content\/uploads\/2019\/05\/logo-aysha.png\",\"width\":546,\"height\":199,\"caption\":\"AYSHA BILGRAMI SAS\"},\"image\":{\"@id\":\"https:\/\/ayshabilgrami.com\/#\/schema\/logo\/image\/\"}}]}<\/script>\n<!-- \/ Yoast SEO plugin. -->","yoast_head_json":{"title":"Micro Crescent Hoops Plateados","description":"La adici\u00f3n m\u00e1s peque\u00f1a a la familia de aretes Crescent: el MICRO CRESCENT HOOP. Perfecto como un statement diario o para tu segundo piercing.","robots":{"index":"index","follow":"follow","max-snippet":"max-snippet:-1","max-image-preview":"max-image-preview:large","max-video-preview":"max-video-preview:-1"},"canonical":"https:\/\/ayshabilgrami.com\/shop\/micro-crescent-hoops-silver\/","og_locale":"es_ES","og_type":"article","og_title":"Micro Crescent Hoops Plateados","og_description":"La adici\u00f3n m\u00e1s peque\u00f1a a la familia de aretes Crescent: el MICRO CRESCENT HOOP. Perfecto como un statement diario o para tu segundo piercing.","og_url":"https:\/\/ayshabilgrami.com\/shop\/micro-crescent-hoops-silver\/","og_site_name":"Aysha Bilgrami Jewelry","article_modified_time":"2025-12-07T19:48:25+00:00","og_image":[{"width":2048,"height":2560,"url":"https:\/\/ayshabilgrami.com\/wp-content\/uploads\/2025\/12\/Photo-7-12-25-14-11-13-1-scaled.jpg","type":"image\/jpeg"}],"twitter_card":"summary_large_image","schema":{"@context":"https:\/\/schema.org","@graph":[{"@type":"WebPage","@id":"https:\/\/ayshabilgrami.com\/shop\/micro-crescent-hoops-silver\/","url":"https:\/\/ayshabilgrami.com\/shop\/micro-crescent-hoops-silver\/","name":"Micro Crescent Hoops Plateados","isPartOf":{"@id":"https:\/\/ayshabilgrami.com\/#website"},"primaryImageOfPage":{"@id":"https:\/\/ayshabilgrami.com\/shop\/micro-crescent-hoops-silver\/#primaryimage"},"image":{"@id":"https:\/\/ayshabilgrami.com\/shop\/micro-crescent-hoops-silver\/#primaryimage"},"thumbnailUrl":"https:\/\/ayshabilgrami.com\/wp-content\/uploads\/2025\/12\/Photo-7-12-25-14-11-13-1-scaled.jpg","datePublished":"2025-12-07T19:23:12+00:00","dateModified":"2025-12-07T19:48:25+00:00","description":"La adici\u00f3n m\u00e1s peque\u00f1a a la familia de aretes Crescent: el MICRO CRESCENT HOOP. Perfecto como un statement diario o para tu segundo piercing.","breadcrumb":{"@id":"https:\/\/ayshabilgrami.com\/shop\/micro-crescent-hoops-silver\/#breadcrumb"},"inLanguage":"es","potentialAction":[{"@type":"ReadAction","target":["https:\/\/ayshabilgrami.com\/shop\/micro-crescent-hoops-silver\/"]}]},{"@type":"ImageObject","inLanguage":"es","@id":"https:\/\/ayshabilgrami.com\/shop\/micro-crescent-hoops-silver\/#primaryimage","url":"https:\/\/ayshabilgrami.com\/wp-content\/uploads\/2025\/12\/Photo-7-12-25-14-11-13-1-scaled.jpg","contentUrl":"https:\/\/ayshabilgrami.com\/wp-content\/uploads\/2025\/12\/Photo-7-12-25-14-11-13-1-scaled.jpg","width":2048,"height":2560},{"@type":"BreadcrumbList","@id":"https:\/\/ayshabilgrami.com\/shop\/micro-crescent-hoops-silver\/#breadcrumb","itemListElement":[{"@type":"ListItem","position":1,"name":"Home","item":"https:\/\/ayshabilgrami.com\/es\/"},{"@type":"ListItem","position":2,"name":"TIENDA","item":"https:\/\/ayshabilgrami.com\/tienda\/"},{"@type":"ListItem","position":3,"name":"Micro Crescent Hoops Plateados"}]},{"@type":"WebSite","@id":"https:\/\/ayshabilgrami.com\/#website","url":"https:\/\/ayshabilgrami.com\/","name":"Aysha Bilgrami Jewelry","description":"Cultural Fusions Made Jewelry","publisher":{"@id":"https:\/\/ayshabilgrami.com\/#organization"},"potentialAction":[{"@type":"SearchAction","target":{"@type":"EntryPoint","urlTemplate":"https:\/\/ayshabilgrami.com\/?s={search_term_string}"},"query-input":{"@type":"PropertyValueSpecification","valueRequired":true,"valueName":"search_term_string"}}],"inLanguage":"es"},{"@type":"Organization","@id":"https:\/\/ayshabilgrami.com\/#organization","name":"AYSHA BILGRAMI SAS","url":"https:\/\/ayshabilgrami.com\/","logo":{"@type":"ImageObject","inLanguage":"es","@id":"https:\/\/ayshabilgrami.com\/#\/schema\/logo\/image\/","url":"https:\/\/ayshabilgrami.com\/wp-content\/uploads\/2019\/05\/logo-aysha.png","contentUrl":"https:\/\/ayshabilgrami.com\/wp-content\/uploads\/2019\/05\/logo-aysha.png","width":546,"height":199,"caption":"AYSHA BILGRAMI SAS"},"image":{"@id":"https:\/\/ayshabilgrami.com\/#\/schema\/logo\/image\/"}}]}},"_links":{"self":[{"href":"https:\/\/ayshabilgrami.com\/es\/wp-json\/wp\/v2\/product\/34680","targetHints":{"allow":["GET"]}}],"collection":[{"href":"https:\/\/ayshabilgrami.com\/es\/wp-json\/wp\/v2\/product"}],"about":[{"href":"https:\/\/ayshabilgrami.com\/es\/wp-json\/wp\/v2\/types\/product"}],"wp:featuredmedia":[{"embeddable":true,"href":"https:\/\/ayshabilgrami.com\/es\/wp-json\/wp\/v2\/media\/34666"}],"wp:attachment":[{"href":"https:\/\/ayshabilgrami.com\/es\/wp-json\/wp\/v2\/media?parent=34680"}],"wp:term":[{"taxonomy":"product_brand","embeddable":true,"href":"https:\/\/ayshabilgrami.com\/es\/wp-json\/wp\/v2\/product_brand?post=34680"},{"taxonomy":"product_cat","embeddable":true,"href":"https:\/\/ayshabilgrami.com\/es\/wp-json\/wp\/v2\/product_cat?post=34680"},{"taxonomy":"product_tag","embeddable":true,"href":"https:\/\/ayshabilgrami.com\/es\/wp-json\/wp\/v2\/product_tag?post=34680"}],"curies":[{"name":"wp","href":"https:\/\/api.w.org\/{rel}","templated":true}]}}