{"id":35100,"date":"2026-04-11T23:47:45","date_gmt":"2026-04-12T04:47:45","guid":{"rendered":"https:\/\/ayshabilgrami.com\/?post_type=product&#038;p=35100"},"modified":"2026-04-12T00:59:03","modified_gmt":"2026-04-12T05:59:03","slug":"prendedor-flora-dorado","status":"publish","type":"product","link":"https:\/\/ayshabilgrami.com\/es\/producto\/prendedor-flora-dorado\/","title":{"rendered":"Prendedor Flora Dorado"},"content":{"rendered":"<p><span style=\"font-size: 80%; color: #282828;\">Plata Ley 925<\/span><br \/>\n<span style=\"font-size: 80%; color: #282828;\">Largo: 6 cm\u00a0 Ancho: 1 cm<br \/>\nDe la colecci\u00f3n\u00a0 especial para Madres 2026<\/span><span style=\"font-size: 80%; color: #282828;\"><br \/>\nNuestra plata es recuperada de radiograf\u00edas. <\/span><br \/>\n<span style=\"font-size: 80%; color: #282828;\">Hecho a mano en Bogot\u00e1, Colombia<\/span><\/p>\n","protected":false},"excerpt":{"rendered":"<p>El prendedor Flora nace de ese momento cuando un regalo se guarda cerquita al coraz\u00f3n, como las flores que el hijo de Aysha le regala todos los d\u00edas. Gestos que parecen peque\u00f1os pero se quedan para siempre.<\/p>\n<p>Es un prendedor vers\u00e1til donde puedes poner flores frescas, secas o plumas y usar con estilo en tu prenda.<\/p>\n","protected":false},"featured_media":35020,"template":"","meta":[],"product_brand":[],"product_cat":[1275,1273,388,939,1061,1162],"product_tag":[1262],"class_list":{"0":"post-35100","1":"product","2":"type-product","3":"status-publish","4":"has-post-thumbnail","6":"product_cat-madres-2026","7":"product_cat-prendedores","8":"product_cat-new-arrivals-es","9":"product_cat-plata","10":"product_cat-colecciones","11":"product_cat-objetos-especiales","12":"product_tag-actualizado","14":"first","15":"onbackorder","16":"shipping-taxable","17":"purchasable","18":"product-type-simple"},"yoast_head":"<!-- This site is optimized with the Yoast SEO plugin v26.6 - https:\/\/yoast.com\/wordpress\/plugins\/seo\/ -->\n<title>Prendedor Flora Dorado - Aysha Bilgrami Jewelry<\/title>\n<meta name=\"description\" content=\"El prendedor Flora nace de ese momento cuando un regalo se guarda cerquita al coraz\u00f3n, como las flores que el hijo de Aysha le regala todos los d\u00edas. Gestos que parecen peque\u00f1os pero se quedan para siempre.\" \/>\n<meta name=\"robots\" content=\"index, follow, max-snippet:-1, max-image-preview:large, max-video-preview:-1\" \/>\n<link rel=\"canonical\" href=\"https:\/\/ayshabilgrami.com\/es\/producto\/prendedor-flora-dorado\/\" \/>\n<meta property=\"og:locale\" content=\"es_ES\" \/>\n<meta property=\"og:type\" content=\"article\" \/>\n<meta property=\"og:title\" content=\"Prendedor Flora Dorado - Aysha Bilgrami Jewelry\" \/>\n<meta property=\"og:description\" content=\"El prendedor Flora nace de ese momento cuando un regalo se guarda cerquita al coraz\u00f3n, como las flores que el hijo de Aysha le regala todos los d\u00edas. Gestos que parecen peque\u00f1os pero se quedan para siempre.\" \/>\n<meta property=\"og:url\" content=\"https:\/\/ayshabilgrami.com\/es\/producto\/prendedor-flora-dorado\/\" \/>\n<meta property=\"og:site_name\" content=\"Aysha Bilgrami Jewelry\" \/>\n<meta property=\"article:modified_time\" content=\"2026-04-12T05:59:03+00:00\" \/>\n<meta property=\"og:image\" content=\"https:\/\/ayshabilgrami.com\/wp-content\/uploads\/2026\/04\/PRENDEDOR-FLORA-GOLD.jpg\" \/>\n\t<meta property=\"og:image:width\" content=\"2028\" \/>\n\t<meta property=\"og:image:height\" content=\"2048\" \/>\n\t<meta property=\"og:image:type\" content=\"image\/jpeg\" \/>\n<meta name=\"twitter:card\" content=\"summary_large_image\" \/>\n<meta name=\"twitter:label1\" content=\"Tiempo de lectura\" \/>\n\t<meta name=\"twitter:data1\" content=\"1 minuto\" \/>\n<script type=\"application\/ld+json\" class=\"yoast-schema-graph\">{\"@context\":\"https:\/\/schema.org\",\"@graph\":[{\"@type\":\"WebPage\",\"@id\":\"https:\/\/ayshabilgrami.com\/es\/producto\/prendedor-flora-dorado\/\",\"url\":\"https:\/\/ayshabilgrami.com\/es\/producto\/prendedor-flora-dorado\/\",\"name\":\"Prendedor Flora Dorado - Aysha Bilgrami Jewelry\",\"isPartOf\":{\"@id\":\"https:\/\/ayshabilgrami.com\/#website\"},\"primaryImageOfPage\":{\"@id\":\"https:\/\/ayshabilgrami.com\/es\/producto\/prendedor-flora-dorado\/#primaryimage\"},\"image\":{\"@id\":\"https:\/\/ayshabilgrami.com\/es\/producto\/prendedor-flora-dorado\/#primaryimage\"},\"thumbnailUrl\":\"https:\/\/ayshabilgrami.com\/wp-content\/uploads\/2026\/04\/PRENDEDOR-FLORA-GOLD.jpg\",\"datePublished\":\"2026-04-12T04:47:45+00:00\",\"dateModified\":\"2026-04-12T05:59:03+00:00\",\"description\":\"El prendedor Flora nace de ese momento cuando un regalo se guarda cerquita al coraz\u00f3n, como las flores que el hijo de Aysha le regala todos los d\u00edas. Gestos que parecen peque\u00f1os pero se quedan para siempre.\",\"breadcrumb\":{\"@id\":\"https:\/\/ayshabilgrami.com\/es\/producto\/prendedor-flora-dorado\/#breadcrumb\"},\"inLanguage\":\"es\",\"potentialAction\":[{\"@type\":\"ReadAction\",\"target\":[\"https:\/\/ayshabilgrami.com\/es\/producto\/prendedor-flora-dorado\/\"]}]},{\"@type\":\"ImageObject\",\"inLanguage\":\"es\",\"@id\":\"https:\/\/ayshabilgrami.com\/es\/producto\/prendedor-flora-dorado\/#primaryimage\",\"url\":\"https:\/\/ayshabilgrami.com\/wp-content\/uploads\/2026\/04\/PRENDEDOR-FLORA-GOLD.jpg\",\"contentUrl\":\"https:\/\/ayshabilgrami.com\/wp-content\/uploads\/2026\/04\/PRENDEDOR-FLORA-GOLD.jpg\",\"width\":2028,\"height\":2048},{\"@type\":\"BreadcrumbList\",\"@id\":\"https:\/\/ayshabilgrami.com\/es\/producto\/prendedor-flora-dorado\/#breadcrumb\",\"itemListElement\":[{\"@type\":\"ListItem\",\"position\":1,\"name\":\"Home\",\"item\":\"https:\/\/ayshabilgrami.com\/es\/\"},{\"@type\":\"ListItem\",\"position\":2,\"name\":\"TIENDA\",\"item\":\"https:\/\/ayshabilgrami.com\/tienda\/\"},{\"@type\":\"ListItem\",\"position\":3,\"name\":\"Prendedor Flora Dorado\"}]},{\"@type\":\"WebSite\",\"@id\":\"https:\/\/ayshabilgrami.com\/#website\",\"url\":\"https:\/\/ayshabilgrami.com\/\",\"name\":\"Aysha Bilgrami Jewelry\",\"description\":\"Cultural Fusions Made Jewelry\",\"publisher\":{\"@id\":\"https:\/\/ayshabilgrami.com\/#organization\"},\"potentialAction\":[{\"@type\":\"SearchAction\",\"target\":{\"@type\":\"EntryPoint\",\"urlTemplate\":\"https:\/\/ayshabilgrami.com\/?s={search_term_string}\"},\"query-input\":{\"@type\":\"PropertyValueSpecification\",\"valueRequired\":true,\"valueName\":\"search_term_string\"}}],\"inLanguage\":\"es\"},{\"@type\":\"Organization\",\"@id\":\"https:\/\/ayshabilgrami.com\/#organization\",\"name\":\"AYSHA BILGRAMI SAS\",\"url\":\"https:\/\/ayshabilgrami.com\/\",\"logo\":{\"@type\":\"ImageObject\",\"inLanguage\":\"es\",\"@id\":\"https:\/\/ayshabilgrami.com\/#\/schema\/logo\/image\/\",\"url\":\"https:\/\/ayshabilgrami.com\/wp-content\/uploads\/2019\/05\/logo-aysha.png\",\"contentUrl\":\"https:\/\/ayshabilgrami.com\/wp-content\/uploads\/2019\/05\/logo-aysha.png\",\"width\":546,\"height\":199,\"caption\":\"AYSHA BILGRAMI SAS\"},\"image\":{\"@id\":\"https:\/\/ayshabilgrami.com\/#\/schema\/logo\/image\/\"}}]}<\/script>\n<!-- \/ Yoast SEO plugin. -->","yoast_head_json":{"title":"Prendedor Flora Dorado - Aysha Bilgrami Jewelry","description":"El prendedor Flora nace de ese momento cuando un regalo se guarda cerquita al coraz\u00f3n, como las flores que el hijo de Aysha le regala todos los d\u00edas. Gestos que parecen peque\u00f1os pero se quedan para siempre.","robots":{"index":"index","follow":"follow","max-snippet":"max-snippet:-1","max-image-preview":"max-image-preview:large","max-video-preview":"max-video-preview:-1"},"canonical":"https:\/\/ayshabilgrami.com\/es\/producto\/prendedor-flora-dorado\/","og_locale":"es_ES","og_type":"article","og_title":"Prendedor Flora Dorado - Aysha Bilgrami Jewelry","og_description":"El prendedor Flora nace de ese momento cuando un regalo se guarda cerquita al coraz\u00f3n, como las flores que el hijo de Aysha le regala todos los d\u00edas. Gestos que parecen peque\u00f1os pero se quedan para siempre.","og_url":"https:\/\/ayshabilgrami.com\/es\/producto\/prendedor-flora-dorado\/","og_site_name":"Aysha Bilgrami Jewelry","article_modified_time":"2026-04-12T05:59:03+00:00","og_image":[{"width":2028,"height":2048,"url":"https:\/\/ayshabilgrami.com\/wp-content\/uploads\/2026\/04\/PRENDEDOR-FLORA-GOLD.jpg","type":"image\/jpeg"}],"twitter_card":"summary_large_image","twitter_misc":{"Tiempo de lectura":"1 minuto"},"schema":{"@context":"https:\/\/schema.org","@graph":[{"@type":"WebPage","@id":"https:\/\/ayshabilgrami.com\/es\/producto\/prendedor-flora-dorado\/","url":"https:\/\/ayshabilgrami.com\/es\/producto\/prendedor-flora-dorado\/","name":"Prendedor Flora Dorado - Aysha Bilgrami Jewelry","isPartOf":{"@id":"https:\/\/ayshabilgrami.com\/#website"},"primaryImageOfPage":{"@id":"https:\/\/ayshabilgrami.com\/es\/producto\/prendedor-flora-dorado\/#primaryimage"},"image":{"@id":"https:\/\/ayshabilgrami.com\/es\/producto\/prendedor-flora-dorado\/#primaryimage"},"thumbnailUrl":"https:\/\/ayshabilgrami.com\/wp-content\/uploads\/2026\/04\/PRENDEDOR-FLORA-GOLD.jpg","datePublished":"2026-04-12T04:47:45+00:00","dateModified":"2026-04-12T05:59:03+00:00","description":"El prendedor Flora nace de ese momento cuando un regalo se guarda cerquita al coraz\u00f3n, como las flores que el hijo de Aysha le regala todos los d\u00edas. Gestos que parecen peque\u00f1os pero se quedan para siempre.","breadcrumb":{"@id":"https:\/\/ayshabilgrami.com\/es\/producto\/prendedor-flora-dorado\/#breadcrumb"},"inLanguage":"es","potentialAction":[{"@type":"ReadAction","target":["https:\/\/ayshabilgrami.com\/es\/producto\/prendedor-flora-dorado\/"]}]},{"@type":"ImageObject","inLanguage":"es","@id":"https:\/\/ayshabilgrami.com\/es\/producto\/prendedor-flora-dorado\/#primaryimage","url":"https:\/\/ayshabilgrami.com\/wp-content\/uploads\/2026\/04\/PRENDEDOR-FLORA-GOLD.jpg","contentUrl":"https:\/\/ayshabilgrami.com\/wp-content\/uploads\/2026\/04\/PRENDEDOR-FLORA-GOLD.jpg","width":2028,"height":2048},{"@type":"BreadcrumbList","@id":"https:\/\/ayshabilgrami.com\/es\/producto\/prendedor-flora-dorado\/#breadcrumb","itemListElement":[{"@type":"ListItem","position":1,"name":"Home","item":"https:\/\/ayshabilgrami.com\/es\/"},{"@type":"ListItem","position":2,"name":"TIENDA","item":"https:\/\/ayshabilgrami.com\/tienda\/"},{"@type":"ListItem","position":3,"name":"Prendedor Flora Dorado"}]},{"@type":"WebSite","@id":"https:\/\/ayshabilgrami.com\/#website","url":"https:\/\/ayshabilgrami.com\/","name":"Aysha Bilgrami Jewelry","description":"Cultural Fusions Made Jewelry","publisher":{"@id":"https:\/\/ayshabilgrami.com\/#organization"},"potentialAction":[{"@type":"SearchAction","target":{"@type":"EntryPoint","urlTemplate":"https:\/\/ayshabilgrami.com\/?s={search_term_string}"},"query-input":{"@type":"PropertyValueSpecification","valueRequired":true,"valueName":"search_term_string"}}],"inLanguage":"es"},{"@type":"Organization","@id":"https:\/\/ayshabilgrami.com\/#organization","name":"AYSHA BILGRAMI SAS","url":"https:\/\/ayshabilgrami.com\/","logo":{"@type":"ImageObject","inLanguage":"es","@id":"https:\/\/ayshabilgrami.com\/#\/schema\/logo\/image\/","url":"https:\/\/ayshabilgrami.com\/wp-content\/uploads\/2019\/05\/logo-aysha.png","contentUrl":"https:\/\/ayshabilgrami.com\/wp-content\/uploads\/2019\/05\/logo-aysha.png","width":546,"height":199,"caption":"AYSHA BILGRAMI SAS"},"image":{"@id":"https:\/\/ayshabilgrami.com\/#\/schema\/logo\/image\/"}}]}},"_links":{"self":[{"href":"https:\/\/ayshabilgrami.com\/es\/wp-json\/wp\/v2\/product\/35100","targetHints":{"allow":["GET"]}}],"collection":[{"href":"https:\/\/ayshabilgrami.com\/es\/wp-json\/wp\/v2\/product"}],"about":[{"href":"https:\/\/ayshabilgrami.com\/es\/wp-json\/wp\/v2\/types\/product"}],"wp:featuredmedia":[{"embeddable":true,"href":"https:\/\/ayshabilgrami.com\/es\/wp-json\/wp\/v2\/media\/35020"}],"wp:attachment":[{"href":"https:\/\/ayshabilgrami.com\/es\/wp-json\/wp\/v2\/media?parent=35100"}],"wp:term":[{"taxonomy":"product_brand","embeddable":true,"href":"https:\/\/ayshabilgrami.com\/es\/wp-json\/wp\/v2\/product_brand?post=35100"},{"taxonomy":"product_cat","embeddable":true,"href":"https:\/\/ayshabilgrami.com\/es\/wp-json\/wp\/v2\/product_cat?post=35100"},{"taxonomy":"product_tag","embeddable":true,"href":"https:\/\/ayshabilgrami.com\/es\/wp-json\/wp\/v2\/product_tag?post=35100"}],"curies":[{"name":"wp","href":"https:\/\/api.w.org\/{rel}","templated":true}]}}