{"id":4090,"date":"2021-07-05T17:00:07","date_gmt":"2021-07-05T22:00:07","guid":{"rendered":"https:\/\/ayshabilgrami.com\/product\/candongas-crescent-doradas\/"},"modified":"2025-12-06T19:35:09","modified_gmt":"2025-12-07T00:35:09","slug":"crescent-hoop-doradas","status":"publish","type":"product","link":"https:\/\/ayshabilgrami.com\/es\/producto\/crescent-hoop-doradas\/","title":{"rendered":"Crescent Hoop Dorado"},"content":{"rendered":"<p><span style=\"font-size: 80%; color: #333333;\">For pierced ears.<br \/>\n<\/span><span style=\"font-size: 80%; color: #333333;\">Sold as pairs<br \/>\n<\/span><span style=\"font-size: 80%; color: #333333;\">Sterling 925 Silver with Matte 24k gold vermeil. <\/span><a style=\"font-size: 80%;\" href=\"https:\/\/ayshabilgrami.com\/product\/crescent-hoops-silver\/\">Available also in sterling silver.<\/a><br \/>\n<span style=\"font-size: 80%; color: #333333;\">Our silver is reclaimed from x-rays<br \/>\n<\/span><span style=\"color: #333333;\"><span style=\"font-size: 11.52px;\">Circumference<\/span><span style=\"font-size: 80%;\">: 6.3cm<br \/>\nWeight Unit 9.2 gr- ( pair 18.4 gr )<\/span><\/span><br \/>\n<span style=\"font-size: 80%; color: #333333;\">Made in Bogot\u00e1, Colombia<\/span><\/p>\n","protected":false},"excerpt":{"rendered":"<div>\n<p><span style=\"font-weight: 400;\">Nuestros maxi Crescent Hoops con su forma de media luna est\u00e1n inspirados en la poderosa energ\u00eda de la fase creciente de la lunar. Perfectas para un look potente, utilizalos con sus versiones m\u00e1s peque\u00f1as en una pareja con varias perforaciones.\u00a0<\/span><\/p>\n<\/div>\n<p>&nbsp;<\/p>\n","protected":false},"featured_media":26005,"template":"","meta":[],"product_brand":[],"product_cat":[1264,940,689,154,155,1085],"product_tag":[1262],"class_list":{"0":"post-4090","1":"product","2":"type-product","3":"status-publish","4":"has-post-thumbnail","6":"product_cat-crescent-hoops","7":"product_cat-plata-con-bano-en-oro","8":"product_cat-todo","9":"product_cat-aretes","10":"product_cat-hoops-es","11":"product_cat-best-sellers","12":"product_tag-actualizado","14":"first","15":"onbackorder","16":"shipping-taxable","17":"purchasable","18":"product-type-simple"},"yoast_head":"<!-- This site is optimized with the Yoast SEO plugin v26.6 - https:\/\/yoast.com\/wordpress\/plugins\/seo\/ -->\n<title>Crescent Hoop Dorado - Aysha Bilgrami Jewelry<\/title>\n<meta name=\"description\" content=\"La imponente forma de media luna de las Crescent Hoops, inspirada en la poderosa energ\u00eda de esta fase lunar, hace de ella una pieza muy especial.\" \/>\n<meta name=\"robots\" content=\"index, follow, max-snippet:-1, max-image-preview:large, max-video-preview:-1\" \/>\n<link rel=\"canonical\" href=\"https:\/\/ayshabilgrami.com\/es\/producto\/crescent-hoop-doradas\/\" \/>\n<meta property=\"og:locale\" content=\"es_ES\" \/>\n<meta property=\"og:type\" content=\"article\" \/>\n<meta property=\"og:title\" content=\"Crescent Hoop Dorado - Aysha Bilgrami Jewelry\" \/>\n<meta property=\"og:description\" content=\"La imponente forma de media luna de las Crescent Hoops, inspirada en la poderosa energ\u00eda de esta fase lunar, hace de ella una pieza muy especial.\" \/>\n<meta property=\"og:url\" content=\"https:\/\/ayshabilgrami.com\/es\/producto\/crescent-hoop-doradas\/\" \/>\n<meta property=\"og:site_name\" content=\"Aysha Bilgrami Jewelry\" \/>\n<meta property=\"article:modified_time\" content=\"2025-12-07T00:35:09+00:00\" \/>\n<meta property=\"og:image\" content=\"https:\/\/ayshabilgrami.com\/wp-content\/uploads\/2021\/07\/dsc_5398-scaled.jpeg\" \/>\n\t<meta property=\"og:image:width\" content=\"1707\" \/>\n\t<meta property=\"og:image:height\" content=\"2560\" \/>\n\t<meta property=\"og:image:type\" content=\"image\/jpeg\" \/>\n<meta name=\"twitter:card\" content=\"summary_large_image\" \/>\n<meta name=\"twitter:label1\" content=\"Tiempo de lectura\" \/>\n\t<meta name=\"twitter:data1\" content=\"1 minuto\" \/>\n<script type=\"application\/ld+json\" class=\"yoast-schema-graph\">{\"@context\":\"https:\/\/schema.org\",\"@graph\":[{\"@type\":\"WebPage\",\"@id\":\"https:\/\/ayshabilgrami.com\/es\/producto\/crescent-hoop-doradas\/\",\"url\":\"https:\/\/ayshabilgrami.com\/es\/producto\/crescent-hoop-doradas\/\",\"name\":\"Crescent Hoop Dorado - Aysha Bilgrami Jewelry\",\"isPartOf\":{\"@id\":\"https:\/\/ayshabilgrami.com\/#website\"},\"primaryImageOfPage\":{\"@id\":\"https:\/\/ayshabilgrami.com\/es\/producto\/crescent-hoop-doradas\/#primaryimage\"},\"image\":{\"@id\":\"https:\/\/ayshabilgrami.com\/es\/producto\/crescent-hoop-doradas\/#primaryimage\"},\"thumbnailUrl\":\"https:\/\/ayshabilgrami.com\/wp-content\/uploads\/2021\/07\/dsc_5398-scaled.jpeg\",\"datePublished\":\"2021-07-05T22:00:07+00:00\",\"dateModified\":\"2025-12-07T00:35:09+00:00\",\"description\":\"La imponente forma de media luna de las Crescent Hoops, inspirada en la poderosa energ\u00eda de esta fase lunar, hace de ella una pieza muy especial.\",\"breadcrumb\":{\"@id\":\"https:\/\/ayshabilgrami.com\/es\/producto\/crescent-hoop-doradas\/#breadcrumb\"},\"inLanguage\":\"es\",\"potentialAction\":[{\"@type\":\"ReadAction\",\"target\":[\"https:\/\/ayshabilgrami.com\/es\/producto\/crescent-hoop-doradas\/\"]}]},{\"@type\":\"ImageObject\",\"inLanguage\":\"es\",\"@id\":\"https:\/\/ayshabilgrami.com\/es\/producto\/crescent-hoop-doradas\/#primaryimage\",\"url\":\"https:\/\/ayshabilgrami.com\/wp-content\/uploads\/2021\/07\/dsc_5398-scaled.jpeg\",\"contentUrl\":\"https:\/\/ayshabilgrami.com\/wp-content\/uploads\/2021\/07\/dsc_5398-scaled.jpeg\",\"width\":1707,\"height\":2560},{\"@type\":\"BreadcrumbList\",\"@id\":\"https:\/\/ayshabilgrami.com\/es\/producto\/crescent-hoop-doradas\/#breadcrumb\",\"itemListElement\":[{\"@type\":\"ListItem\",\"position\":1,\"name\":\"Home\",\"item\":\"https:\/\/ayshabilgrami.com\/es\/\"},{\"@type\":\"ListItem\",\"position\":2,\"name\":\"TIENDA\",\"item\":\"https:\/\/ayshabilgrami.com\/tienda\/\"},{\"@type\":\"ListItem\",\"position\":3,\"name\":\"Crescent Hoop Dorado\"}]},{\"@type\":\"WebSite\",\"@id\":\"https:\/\/ayshabilgrami.com\/#website\",\"url\":\"https:\/\/ayshabilgrami.com\/\",\"name\":\"Aysha Bilgrami Jewelry\",\"description\":\"Cultural Fusions Made Jewelry\",\"publisher\":{\"@id\":\"https:\/\/ayshabilgrami.com\/#organization\"},\"potentialAction\":[{\"@type\":\"SearchAction\",\"target\":{\"@type\":\"EntryPoint\",\"urlTemplate\":\"https:\/\/ayshabilgrami.com\/?s={search_term_string}\"},\"query-input\":{\"@type\":\"PropertyValueSpecification\",\"valueRequired\":true,\"valueName\":\"search_term_string\"}}],\"inLanguage\":\"es\"},{\"@type\":\"Organization\",\"@id\":\"https:\/\/ayshabilgrami.com\/#organization\",\"name\":\"AYSHA BILGRAMI SAS\",\"url\":\"https:\/\/ayshabilgrami.com\/\",\"logo\":{\"@type\":\"ImageObject\",\"inLanguage\":\"es\",\"@id\":\"https:\/\/ayshabilgrami.com\/#\/schema\/logo\/image\/\",\"url\":\"https:\/\/ayshabilgrami.com\/wp-content\/uploads\/2019\/05\/logo-aysha.png\",\"contentUrl\":\"https:\/\/ayshabilgrami.com\/wp-content\/uploads\/2019\/05\/logo-aysha.png\",\"width\":546,\"height\":199,\"caption\":\"AYSHA BILGRAMI SAS\"},\"image\":{\"@id\":\"https:\/\/ayshabilgrami.com\/#\/schema\/logo\/image\/\"}}]}<\/script>\n<!-- \/ Yoast SEO plugin. -->","yoast_head_json":{"title":"Crescent Hoop Dorado - Aysha Bilgrami Jewelry","description":"La imponente forma de media luna de las Crescent Hoops, inspirada en la poderosa energ\u00eda de esta fase lunar, hace de ella una pieza muy especial.","robots":{"index":"index","follow":"follow","max-snippet":"max-snippet:-1","max-image-preview":"max-image-preview:large","max-video-preview":"max-video-preview:-1"},"canonical":"https:\/\/ayshabilgrami.com\/es\/producto\/crescent-hoop-doradas\/","og_locale":"es_ES","og_type":"article","og_title":"Crescent Hoop Dorado - Aysha Bilgrami Jewelry","og_description":"La imponente forma de media luna de las Crescent Hoops, inspirada en la poderosa energ\u00eda de esta fase lunar, hace de ella una pieza muy especial.","og_url":"https:\/\/ayshabilgrami.com\/es\/producto\/crescent-hoop-doradas\/","og_site_name":"Aysha Bilgrami Jewelry","article_modified_time":"2025-12-07T00:35:09+00:00","og_image":[{"width":1707,"height":2560,"url":"https:\/\/ayshabilgrami.com\/wp-content\/uploads\/2021\/07\/dsc_5398-scaled.jpeg","type":"image\/jpeg"}],"twitter_card":"summary_large_image","twitter_misc":{"Tiempo de lectura":"1 minuto"},"schema":{"@context":"https:\/\/schema.org","@graph":[{"@type":"WebPage","@id":"https:\/\/ayshabilgrami.com\/es\/producto\/crescent-hoop-doradas\/","url":"https:\/\/ayshabilgrami.com\/es\/producto\/crescent-hoop-doradas\/","name":"Crescent Hoop Dorado - Aysha Bilgrami Jewelry","isPartOf":{"@id":"https:\/\/ayshabilgrami.com\/#website"},"primaryImageOfPage":{"@id":"https:\/\/ayshabilgrami.com\/es\/producto\/crescent-hoop-doradas\/#primaryimage"},"image":{"@id":"https:\/\/ayshabilgrami.com\/es\/producto\/crescent-hoop-doradas\/#primaryimage"},"thumbnailUrl":"https:\/\/ayshabilgrami.com\/wp-content\/uploads\/2021\/07\/dsc_5398-scaled.jpeg","datePublished":"2021-07-05T22:00:07+00:00","dateModified":"2025-12-07T00:35:09+00:00","description":"La imponente forma de media luna de las Crescent Hoops, inspirada en la poderosa energ\u00eda de esta fase lunar, hace de ella una pieza muy especial.","breadcrumb":{"@id":"https:\/\/ayshabilgrami.com\/es\/producto\/crescent-hoop-doradas\/#breadcrumb"},"inLanguage":"es","potentialAction":[{"@type":"ReadAction","target":["https:\/\/ayshabilgrami.com\/es\/producto\/crescent-hoop-doradas\/"]}]},{"@type":"ImageObject","inLanguage":"es","@id":"https:\/\/ayshabilgrami.com\/es\/producto\/crescent-hoop-doradas\/#primaryimage","url":"https:\/\/ayshabilgrami.com\/wp-content\/uploads\/2021\/07\/dsc_5398-scaled.jpeg","contentUrl":"https:\/\/ayshabilgrami.com\/wp-content\/uploads\/2021\/07\/dsc_5398-scaled.jpeg","width":1707,"height":2560},{"@type":"BreadcrumbList","@id":"https:\/\/ayshabilgrami.com\/es\/producto\/crescent-hoop-doradas\/#breadcrumb","itemListElement":[{"@type":"ListItem","position":1,"name":"Home","item":"https:\/\/ayshabilgrami.com\/es\/"},{"@type":"ListItem","position":2,"name":"TIENDA","item":"https:\/\/ayshabilgrami.com\/tienda\/"},{"@type":"ListItem","position":3,"name":"Crescent Hoop Dorado"}]},{"@type":"WebSite","@id":"https:\/\/ayshabilgrami.com\/#website","url":"https:\/\/ayshabilgrami.com\/","name":"Aysha Bilgrami Jewelry","description":"Cultural Fusions Made Jewelry","publisher":{"@id":"https:\/\/ayshabilgrami.com\/#organization"},"potentialAction":[{"@type":"SearchAction","target":{"@type":"EntryPoint","urlTemplate":"https:\/\/ayshabilgrami.com\/?s={search_term_string}"},"query-input":{"@type":"PropertyValueSpecification","valueRequired":true,"valueName":"search_term_string"}}],"inLanguage":"es"},{"@type":"Organization","@id":"https:\/\/ayshabilgrami.com\/#organization","name":"AYSHA BILGRAMI SAS","url":"https:\/\/ayshabilgrami.com\/","logo":{"@type":"ImageObject","inLanguage":"es","@id":"https:\/\/ayshabilgrami.com\/#\/schema\/logo\/image\/","url":"https:\/\/ayshabilgrami.com\/wp-content\/uploads\/2019\/05\/logo-aysha.png","contentUrl":"https:\/\/ayshabilgrami.com\/wp-content\/uploads\/2019\/05\/logo-aysha.png","width":546,"height":199,"caption":"AYSHA BILGRAMI SAS"},"image":{"@id":"https:\/\/ayshabilgrami.com\/#\/schema\/logo\/image\/"}}]}},"_links":{"self":[{"href":"https:\/\/ayshabilgrami.com\/es\/wp-json\/wp\/v2\/product\/4090","targetHints":{"allow":["GET"]}}],"collection":[{"href":"https:\/\/ayshabilgrami.com\/es\/wp-json\/wp\/v2\/product"}],"about":[{"href":"https:\/\/ayshabilgrami.com\/es\/wp-json\/wp\/v2\/types\/product"}],"wp:featuredmedia":[{"embeddable":true,"href":"https:\/\/ayshabilgrami.com\/es\/wp-json\/wp\/v2\/media\/26005"}],"wp:attachment":[{"href":"https:\/\/ayshabilgrami.com\/es\/wp-json\/wp\/v2\/media?parent=4090"}],"wp:term":[{"taxonomy":"product_brand","embeddable":true,"href":"https:\/\/ayshabilgrami.com\/es\/wp-json\/wp\/v2\/product_brand?post=4090"},{"taxonomy":"product_cat","embeddable":true,"href":"https:\/\/ayshabilgrami.com\/es\/wp-json\/wp\/v2\/product_cat?post=4090"},{"taxonomy":"product_tag","embeddable":true,"href":"https:\/\/ayshabilgrami.com\/es\/wp-json\/wp\/v2\/product_tag?post=4090"}],"curies":[{"name":"wp","href":"https:\/\/api.w.org\/{rel}","templated":true}]}}