{"id":4091,"date":"2021-07-05T22:08:36","date_gmt":"2021-07-06T03:08:36","guid":{"rendered":"https:\/\/ayshabilgrami.com\/product\/candongas-crescent-plata\/"},"modified":"2025-12-06T19:35:08","modified_gmt":"2025-12-07T00:35:08","slug":"crescent-hoop-plata","status":"publish","type":"product","link":"https:\/\/ayshabilgrami.com\/es\/producto\/crescent-hoop-plata\/","title":{"rendered":"Crescent Hoop Plata"},"content":{"rendered":"","protected":false},"excerpt":{"rendered":"<p><span style=\"font-size: 80%;\">Vuelven nuestros maxi Crescent Hoops. Su imponente forma de media luna, inspirada en la poderosa energ\u00eda de esta fase lunar, hace de ella una pieza muy especial. Para conseguir un look potente, util\u00edzalos con sus versiones m\u00e1s peque\u00f1as en una oreja con varias perforaciones.<\/span><\/p>\n","protected":false},"featured_media":26826,"template":"","meta":[],"product_brand":[],"product_cat":[1264,939,689,154,155,1085,1160],"product_tag":[1262],"class_list":{"0":"post-4091","1":"product","2":"type-product","3":"status-publish","4":"has-post-thumbnail","6":"product_cat-crescent-hoops","7":"product_cat-plata","8":"product_cat-todo","9":"product_cat-aretes","10":"product_cat-hoops-es","11":"product_cat-best-sellers","12":"product_cat-silver-lovers-es","13":"product_tag-actualizado","15":"first","16":"instock","17":"shipping-taxable","18":"purchasable","19":"product-type-simple"},"yoast_head":"<!-- This site is optimized with the Yoast SEO plugin v26.6 - https:\/\/yoast.com\/wordpress\/plugins\/seo\/ -->\n<title>Crescent Hoop Plata - Aysha Bilgrami Jewelry<\/title>\n<meta name=\"description\" content=\"La imponente forma de media luna de las Crescent Hoops, inspirada en la poderosa energ\u00eda de esta fase lunar, hace de ella una pieza muy especial.\" \/>\n<meta name=\"robots\" content=\"index, follow, max-snippet:-1, max-image-preview:large, max-video-preview:-1\" \/>\n<link rel=\"canonical\" href=\"https:\/\/ayshabilgrami.com\/es\/producto\/crescent-hoop-plata\/\" \/>\n<meta property=\"og:locale\" content=\"es_ES\" \/>\n<meta property=\"og:type\" content=\"article\" \/>\n<meta property=\"og:title\" content=\"Crescent Hoop Plata - Aysha Bilgrami Jewelry\" \/>\n<meta property=\"og:description\" content=\"La imponente forma de media luna de las Crescent Hoops, inspirada en la poderosa energ\u00eda de esta fase lunar, hace de ella una pieza muy especial.\" \/>\n<meta property=\"og:url\" content=\"https:\/\/ayshabilgrami.com\/es\/producto\/crescent-hoop-plata\/\" \/>\n<meta property=\"og:site_name\" content=\"Aysha Bilgrami Jewelry\" \/>\n<meta property=\"article:modified_time\" content=\"2025-12-07T00:35:08+00:00\" \/>\n<meta property=\"og:image\" content=\"https:\/\/ayshabilgrami.com\/wp-content\/uploads\/2022\/05\/CRESCENT-SILVER.jpg\" \/>\n\t<meta property=\"og:image:width\" content=\"1856\" \/>\n\t<meta property=\"og:image:height\" content=\"1856\" \/>\n\t<meta property=\"og:image:type\" content=\"image\/jpeg\" \/>\n<meta name=\"twitter:card\" content=\"summary_large_image\" \/>\n<script type=\"application\/ld+json\" class=\"yoast-schema-graph\">{\"@context\":\"https:\/\/schema.org\",\"@graph\":[{\"@type\":\"WebPage\",\"@id\":\"https:\/\/ayshabilgrami.com\/es\/producto\/crescent-hoop-plata\/\",\"url\":\"https:\/\/ayshabilgrami.com\/es\/producto\/crescent-hoop-plata\/\",\"name\":\"Crescent Hoop Plata - Aysha Bilgrami Jewelry\",\"isPartOf\":{\"@id\":\"https:\/\/ayshabilgrami.com\/#website\"},\"primaryImageOfPage\":{\"@id\":\"https:\/\/ayshabilgrami.com\/es\/producto\/crescent-hoop-plata\/#primaryimage\"},\"image\":{\"@id\":\"https:\/\/ayshabilgrami.com\/es\/producto\/crescent-hoop-plata\/#primaryimage\"},\"thumbnailUrl\":\"https:\/\/ayshabilgrami.com\/wp-content\/uploads\/2022\/05\/CRESCENT-SILVER.jpg\",\"datePublished\":\"2021-07-06T03:08:36+00:00\",\"dateModified\":\"2025-12-07T00:35:08+00:00\",\"description\":\"La imponente forma de media luna de las Crescent Hoops, inspirada en la poderosa energ\u00eda de esta fase lunar, hace de ella una pieza muy especial.\",\"breadcrumb\":{\"@id\":\"https:\/\/ayshabilgrami.com\/es\/producto\/crescent-hoop-plata\/#breadcrumb\"},\"inLanguage\":\"es\",\"potentialAction\":[{\"@type\":\"ReadAction\",\"target\":[\"https:\/\/ayshabilgrami.com\/es\/producto\/crescent-hoop-plata\/\"]}]},{\"@type\":\"ImageObject\",\"inLanguage\":\"es\",\"@id\":\"https:\/\/ayshabilgrami.com\/es\/producto\/crescent-hoop-plata\/#primaryimage\",\"url\":\"https:\/\/ayshabilgrami.com\/wp-content\/uploads\/2022\/05\/CRESCENT-SILVER.jpg\",\"contentUrl\":\"https:\/\/ayshabilgrami.com\/wp-content\/uploads\/2022\/05\/CRESCENT-SILVER.jpg\",\"width\":1856,\"height\":1856},{\"@type\":\"BreadcrumbList\",\"@id\":\"https:\/\/ayshabilgrami.com\/es\/producto\/crescent-hoop-plata\/#breadcrumb\",\"itemListElement\":[{\"@type\":\"ListItem\",\"position\":1,\"name\":\"Home\",\"item\":\"https:\/\/ayshabilgrami.com\/es\/\"},{\"@type\":\"ListItem\",\"position\":2,\"name\":\"TIENDA\",\"item\":\"https:\/\/ayshabilgrami.com\/tienda\/\"},{\"@type\":\"ListItem\",\"position\":3,\"name\":\"Crescent Hoop Plata\"}]},{\"@type\":\"WebSite\",\"@id\":\"https:\/\/ayshabilgrami.com\/#website\",\"url\":\"https:\/\/ayshabilgrami.com\/\",\"name\":\"Aysha Bilgrami Jewelry\",\"description\":\"Cultural Fusions Made Jewelry\",\"publisher\":{\"@id\":\"https:\/\/ayshabilgrami.com\/#organization\"},\"potentialAction\":[{\"@type\":\"SearchAction\",\"target\":{\"@type\":\"EntryPoint\",\"urlTemplate\":\"https:\/\/ayshabilgrami.com\/?s={search_term_string}\"},\"query-input\":{\"@type\":\"PropertyValueSpecification\",\"valueRequired\":true,\"valueName\":\"search_term_string\"}}],\"inLanguage\":\"es\"},{\"@type\":\"Organization\",\"@id\":\"https:\/\/ayshabilgrami.com\/#organization\",\"name\":\"AYSHA BILGRAMI SAS\",\"url\":\"https:\/\/ayshabilgrami.com\/\",\"logo\":{\"@type\":\"ImageObject\",\"inLanguage\":\"es\",\"@id\":\"https:\/\/ayshabilgrami.com\/#\/schema\/logo\/image\/\",\"url\":\"https:\/\/ayshabilgrami.com\/wp-content\/uploads\/2019\/05\/logo-aysha.png\",\"contentUrl\":\"https:\/\/ayshabilgrami.com\/wp-content\/uploads\/2019\/05\/logo-aysha.png\",\"width\":546,\"height\":199,\"caption\":\"AYSHA BILGRAMI SAS\"},\"image\":{\"@id\":\"https:\/\/ayshabilgrami.com\/#\/schema\/logo\/image\/\"}}]}<\/script>\n<!-- \/ Yoast SEO plugin. -->","yoast_head_json":{"title":"Crescent Hoop Plata - Aysha Bilgrami Jewelry","description":"La imponente forma de media luna de las Crescent Hoops, inspirada en la poderosa energ\u00eda de esta fase lunar, hace de ella una pieza muy especial.","robots":{"index":"index","follow":"follow","max-snippet":"max-snippet:-1","max-image-preview":"max-image-preview:large","max-video-preview":"max-video-preview:-1"},"canonical":"https:\/\/ayshabilgrami.com\/es\/producto\/crescent-hoop-plata\/","og_locale":"es_ES","og_type":"article","og_title":"Crescent Hoop Plata - Aysha Bilgrami Jewelry","og_description":"La imponente forma de media luna de las Crescent Hoops, inspirada en la poderosa energ\u00eda de esta fase lunar, hace de ella una pieza muy especial.","og_url":"https:\/\/ayshabilgrami.com\/es\/producto\/crescent-hoop-plata\/","og_site_name":"Aysha Bilgrami Jewelry","article_modified_time":"2025-12-07T00:35:08+00:00","og_image":[{"width":1856,"height":1856,"url":"https:\/\/ayshabilgrami.com\/wp-content\/uploads\/2022\/05\/CRESCENT-SILVER.jpg","type":"image\/jpeg"}],"twitter_card":"summary_large_image","schema":{"@context":"https:\/\/schema.org","@graph":[{"@type":"WebPage","@id":"https:\/\/ayshabilgrami.com\/es\/producto\/crescent-hoop-plata\/","url":"https:\/\/ayshabilgrami.com\/es\/producto\/crescent-hoop-plata\/","name":"Crescent Hoop Plata - Aysha Bilgrami Jewelry","isPartOf":{"@id":"https:\/\/ayshabilgrami.com\/#website"},"primaryImageOfPage":{"@id":"https:\/\/ayshabilgrami.com\/es\/producto\/crescent-hoop-plata\/#primaryimage"},"image":{"@id":"https:\/\/ayshabilgrami.com\/es\/producto\/crescent-hoop-plata\/#primaryimage"},"thumbnailUrl":"https:\/\/ayshabilgrami.com\/wp-content\/uploads\/2022\/05\/CRESCENT-SILVER.jpg","datePublished":"2021-07-06T03:08:36+00:00","dateModified":"2025-12-07T00:35:08+00:00","description":"La imponente forma de media luna de las Crescent Hoops, inspirada en la poderosa energ\u00eda de esta fase lunar, hace de ella una pieza muy especial.","breadcrumb":{"@id":"https:\/\/ayshabilgrami.com\/es\/producto\/crescent-hoop-plata\/#breadcrumb"},"inLanguage":"es","potentialAction":[{"@type":"ReadAction","target":["https:\/\/ayshabilgrami.com\/es\/producto\/crescent-hoop-plata\/"]}]},{"@type":"ImageObject","inLanguage":"es","@id":"https:\/\/ayshabilgrami.com\/es\/producto\/crescent-hoop-plata\/#primaryimage","url":"https:\/\/ayshabilgrami.com\/wp-content\/uploads\/2022\/05\/CRESCENT-SILVER.jpg","contentUrl":"https:\/\/ayshabilgrami.com\/wp-content\/uploads\/2022\/05\/CRESCENT-SILVER.jpg","width":1856,"height":1856},{"@type":"BreadcrumbList","@id":"https:\/\/ayshabilgrami.com\/es\/producto\/crescent-hoop-plata\/#breadcrumb","itemListElement":[{"@type":"ListItem","position":1,"name":"Home","item":"https:\/\/ayshabilgrami.com\/es\/"},{"@type":"ListItem","position":2,"name":"TIENDA","item":"https:\/\/ayshabilgrami.com\/tienda\/"},{"@type":"ListItem","position":3,"name":"Crescent Hoop Plata"}]},{"@type":"WebSite","@id":"https:\/\/ayshabilgrami.com\/#website","url":"https:\/\/ayshabilgrami.com\/","name":"Aysha Bilgrami Jewelry","description":"Cultural Fusions Made Jewelry","publisher":{"@id":"https:\/\/ayshabilgrami.com\/#organization"},"potentialAction":[{"@type":"SearchAction","target":{"@type":"EntryPoint","urlTemplate":"https:\/\/ayshabilgrami.com\/?s={search_term_string}"},"query-input":{"@type":"PropertyValueSpecification","valueRequired":true,"valueName":"search_term_string"}}],"inLanguage":"es"},{"@type":"Organization","@id":"https:\/\/ayshabilgrami.com\/#organization","name":"AYSHA BILGRAMI SAS","url":"https:\/\/ayshabilgrami.com\/","logo":{"@type":"ImageObject","inLanguage":"es","@id":"https:\/\/ayshabilgrami.com\/#\/schema\/logo\/image\/","url":"https:\/\/ayshabilgrami.com\/wp-content\/uploads\/2019\/05\/logo-aysha.png","contentUrl":"https:\/\/ayshabilgrami.com\/wp-content\/uploads\/2019\/05\/logo-aysha.png","width":546,"height":199,"caption":"AYSHA BILGRAMI SAS"},"image":{"@id":"https:\/\/ayshabilgrami.com\/#\/schema\/logo\/image\/"}}]}},"_links":{"self":[{"href":"https:\/\/ayshabilgrami.com\/es\/wp-json\/wp\/v2\/product\/4091","targetHints":{"allow":["GET"]}}],"collection":[{"href":"https:\/\/ayshabilgrami.com\/es\/wp-json\/wp\/v2\/product"}],"about":[{"href":"https:\/\/ayshabilgrami.com\/es\/wp-json\/wp\/v2\/types\/product"}],"wp:featuredmedia":[{"embeddable":true,"href":"https:\/\/ayshabilgrami.com\/es\/wp-json\/wp\/v2\/media\/26826"}],"wp:attachment":[{"href":"https:\/\/ayshabilgrami.com\/es\/wp-json\/wp\/v2\/media?parent=4091"}],"wp:term":[{"taxonomy":"product_brand","embeddable":true,"href":"https:\/\/ayshabilgrami.com\/es\/wp-json\/wp\/v2\/product_brand?post=4091"},{"taxonomy":"product_cat","embeddable":true,"href":"https:\/\/ayshabilgrami.com\/es\/wp-json\/wp\/v2\/product_cat?post=4091"},{"taxonomy":"product_tag","embeddable":true,"href":"https:\/\/ayshabilgrami.com\/es\/wp-json\/wp\/v2\/product_tag?post=4091"}],"curies":[{"name":"wp","href":"https:\/\/api.w.org\/{rel}","templated":true}]}}