{"id":4092,"date":"2019-05-26T18:04:47","date_gmt":"2019-05-26T23:04:47","guid":{"rendered":"https:\/\/ayshabilgrami.com\/product\/mini-candongas-crescent-doradas\/"},"modified":"2025-12-06T19:35:10","modified_gmt":"2025-12-07T00:35:10","slug":"mini-crescent-hoop-dorada","status":"publish","type":"product","link":"https:\/\/ayshabilgrami.com\/es\/producto\/mini-crescent-hoop-dorada\/","title":{"rendered":"Mini Crescent Hoop Dorada"},"content":{"rendered":"<p><span style=\"font-size: 80%;\">For pierced ears.<\/span><br \/>\n<span style=\"font-size: 80%;\">Sold as pairs\u00a0<\/span><br \/>\n<span style=\"font-size: 80%;\">Sterling 925 Silver with 24k vermeil. <a href=\"https:\/\/ayshabilgrami.com\/es\/?attachment_id=26064#main\">Available in Sterling Silver <\/a><\/span><br \/>\n<span style=\"font-size: 80%;\">Our silver is reclaimed from x-rays<\/span><br \/>\n<span style=\"font-size: 80%;\">Width:4.3cm Height:3.7cm<br \/>\nWeight Unit 6.6 gr- ( pair 13.2 gr ) <\/span><br \/>\n<span style=\"font-size: 80%;\">Made in Bogot\u00e1, Colombia<\/span><\/p>\n","protected":false},"excerpt":{"rendered":"<p><span style=\"font-weight: 400;\">Nuestros mini Crescent Hoops con su forma de media luna est\u00e1n inspirados en la poderosa energ\u00eda de la fase creciente de la luna. Perfectas como una pieza para todos los d\u00edas, utilizalos con sus versiones m\u00e1s grandes en una pareja con varias perforaciones.\u00a0<\/span><\/p>\n","protected":false},"featured_media":26063,"template":"","meta":[],"product_brand":[],"product_cat":[1264,939,940,689,154,155,1192,1085,946,1159],"product_tag":[1262],"class_list":{"0":"post-4092","1":"product","2":"type-product","3":"status-publish","4":"has-post-thumbnail","6":"product_cat-crescent-hoops","7":"product_cat-plata","8":"product_cat-plata-con-bano-en-oro","9":"product_cat-todo","10":"product_cat-aretes","11":"product_cat-hoops-es","12":"product_cat-piezas-iconicas","13":"product_cat-best-sellers","14":"product_cat-meaningful-gifts","15":"product_cat-gold-lovers-es","16":"product_tag-actualizado","18":"first","19":"onbackorder","20":"shipping-taxable","21":"purchasable","22":"product-type-simple"},"yoast_head":"<!-- This site is optimized with the Yoast SEO plugin v26.6 - https:\/\/yoast.com\/wordpress\/plugins\/seo\/ -->\n<title>Mini Crescent Hoop Dorada - Aysha Bilgrami Jewelry<\/title>\n<meta name=\"description\" content=\"Las forma de media luna de las Mini Crescent Hoops es inspirada en la poderosa energ\u00eda de esta fase lunar, es una imponente pieza para todos los d\u00edas.\" \/>\n<meta name=\"robots\" content=\"index, follow, max-snippet:-1, max-image-preview:large, max-video-preview:-1\" \/>\n<link rel=\"canonical\" href=\"https:\/\/ayshabilgrami.com\/es\/producto\/mini-crescent-hoop-dorada\/\" \/>\n<meta property=\"og:locale\" content=\"es_ES\" \/>\n<meta property=\"og:type\" content=\"article\" \/>\n<meta property=\"og:title\" content=\"Mini Crescent Hoop Dorada - Aysha Bilgrami Jewelry\" \/>\n<meta property=\"og:description\" content=\"Las forma de media luna de las Mini Crescent Hoops es inspirada en la poderosa energ\u00eda de esta fase lunar, es una imponente pieza para todos los d\u00edas.\" \/>\n<meta property=\"og:url\" content=\"https:\/\/ayshabilgrami.com\/es\/producto\/mini-crescent-hoop-dorada\/\" \/>\n<meta property=\"og:site_name\" content=\"Aysha Bilgrami Jewelry\" \/>\n<meta property=\"article:modified_time\" content=\"2025-12-07T00:35:10+00:00\" \/>\n<meta property=\"og:image\" content=\"https:\/\/ayshabilgrami.com\/wp-content\/uploads\/2024\/04\/MINI-CRESCENT-HOOPS-GOLD.jpg\" \/>\n\t<meta property=\"og:image:width\" content=\"1080\" \/>\n\t<meta property=\"og:image:height\" content=\"1080\" \/>\n\t<meta property=\"og:image:type\" content=\"image\/jpeg\" \/>\n<meta name=\"twitter:card\" content=\"summary_large_image\" \/>\n<script type=\"application\/ld+json\" class=\"yoast-schema-graph\">{\"@context\":\"https:\/\/schema.org\",\"@graph\":[{\"@type\":\"WebPage\",\"@id\":\"https:\/\/ayshabilgrami.com\/es\/producto\/mini-crescent-hoop-dorada\/\",\"url\":\"https:\/\/ayshabilgrami.com\/es\/producto\/mini-crescent-hoop-dorada\/\",\"name\":\"Mini Crescent Hoop Dorada - Aysha Bilgrami Jewelry\",\"isPartOf\":{\"@id\":\"https:\/\/ayshabilgrami.com\/#website\"},\"primaryImageOfPage\":{\"@id\":\"https:\/\/ayshabilgrami.com\/es\/producto\/mini-crescent-hoop-dorada\/#primaryimage\"},\"image\":{\"@id\":\"https:\/\/ayshabilgrami.com\/es\/producto\/mini-crescent-hoop-dorada\/#primaryimage\"},\"thumbnailUrl\":\"https:\/\/ayshabilgrami.com\/wp-content\/uploads\/2024\/04\/MINI-CRESCENT-HOOPS-GOLD.jpg\",\"datePublished\":\"2019-05-26T23:04:47+00:00\",\"dateModified\":\"2025-12-07T00:35:10+00:00\",\"description\":\"Las forma de media luna de las Mini Crescent Hoops es inspirada en la poderosa energ\u00eda de esta fase lunar, es una imponente pieza para todos los d\u00edas.\",\"breadcrumb\":{\"@id\":\"https:\/\/ayshabilgrami.com\/es\/producto\/mini-crescent-hoop-dorada\/#breadcrumb\"},\"inLanguage\":\"es\",\"potentialAction\":[{\"@type\":\"ReadAction\",\"target\":[\"https:\/\/ayshabilgrami.com\/es\/producto\/mini-crescent-hoop-dorada\/\"]}]},{\"@type\":\"ImageObject\",\"inLanguage\":\"es\",\"@id\":\"https:\/\/ayshabilgrami.com\/es\/producto\/mini-crescent-hoop-dorada\/#primaryimage\",\"url\":\"https:\/\/ayshabilgrami.com\/wp-content\/uploads\/2024\/04\/MINI-CRESCENT-HOOPS-GOLD.jpg\",\"contentUrl\":\"https:\/\/ayshabilgrami.com\/wp-content\/uploads\/2024\/04\/MINI-CRESCENT-HOOPS-GOLD.jpg\",\"width\":1080,\"height\":1080},{\"@type\":\"BreadcrumbList\",\"@id\":\"https:\/\/ayshabilgrami.com\/es\/producto\/mini-crescent-hoop-dorada\/#breadcrumb\",\"itemListElement\":[{\"@type\":\"ListItem\",\"position\":1,\"name\":\"Home\",\"item\":\"https:\/\/ayshabilgrami.com\/es\/\"},{\"@type\":\"ListItem\",\"position\":2,\"name\":\"TIENDA\",\"item\":\"https:\/\/ayshabilgrami.com\/tienda\/\"},{\"@type\":\"ListItem\",\"position\":3,\"name\":\"Mini Crescent Hoop Dorada\"}]},{\"@type\":\"WebSite\",\"@id\":\"https:\/\/ayshabilgrami.com\/#website\",\"url\":\"https:\/\/ayshabilgrami.com\/\",\"name\":\"Aysha Bilgrami Jewelry\",\"description\":\"Cultural Fusions Made Jewelry\",\"publisher\":{\"@id\":\"https:\/\/ayshabilgrami.com\/#organization\"},\"potentialAction\":[{\"@type\":\"SearchAction\",\"target\":{\"@type\":\"EntryPoint\",\"urlTemplate\":\"https:\/\/ayshabilgrami.com\/?s={search_term_string}\"},\"query-input\":{\"@type\":\"PropertyValueSpecification\",\"valueRequired\":true,\"valueName\":\"search_term_string\"}}],\"inLanguage\":\"es\"},{\"@type\":\"Organization\",\"@id\":\"https:\/\/ayshabilgrami.com\/#organization\",\"name\":\"AYSHA BILGRAMI SAS\",\"url\":\"https:\/\/ayshabilgrami.com\/\",\"logo\":{\"@type\":\"ImageObject\",\"inLanguage\":\"es\",\"@id\":\"https:\/\/ayshabilgrami.com\/#\/schema\/logo\/image\/\",\"url\":\"https:\/\/ayshabilgrami.com\/wp-content\/uploads\/2019\/05\/logo-aysha.png\",\"contentUrl\":\"https:\/\/ayshabilgrami.com\/wp-content\/uploads\/2019\/05\/logo-aysha.png\",\"width\":546,\"height\":199,\"caption\":\"AYSHA BILGRAMI SAS\"},\"image\":{\"@id\":\"https:\/\/ayshabilgrami.com\/#\/schema\/logo\/image\/\"}}]}<\/script>\n<!-- \/ Yoast SEO plugin. -->","yoast_head_json":{"title":"Mini Crescent Hoop Dorada - Aysha Bilgrami Jewelry","description":"Las forma de media luna de las Mini Crescent Hoops es inspirada en la poderosa energ\u00eda de esta fase lunar, es una imponente pieza para todos los d\u00edas.","robots":{"index":"index","follow":"follow","max-snippet":"max-snippet:-1","max-image-preview":"max-image-preview:large","max-video-preview":"max-video-preview:-1"},"canonical":"https:\/\/ayshabilgrami.com\/es\/producto\/mini-crescent-hoop-dorada\/","og_locale":"es_ES","og_type":"article","og_title":"Mini Crescent Hoop Dorada - Aysha Bilgrami Jewelry","og_description":"Las forma de media luna de las Mini Crescent Hoops es inspirada en la poderosa energ\u00eda de esta fase lunar, es una imponente pieza para todos los d\u00edas.","og_url":"https:\/\/ayshabilgrami.com\/es\/producto\/mini-crescent-hoop-dorada\/","og_site_name":"Aysha Bilgrami Jewelry","article_modified_time":"2025-12-07T00:35:10+00:00","og_image":[{"width":1080,"height":1080,"url":"https:\/\/ayshabilgrami.com\/wp-content\/uploads\/2024\/04\/MINI-CRESCENT-HOOPS-GOLD.jpg","type":"image\/jpeg"}],"twitter_card":"summary_large_image","schema":{"@context":"https:\/\/schema.org","@graph":[{"@type":"WebPage","@id":"https:\/\/ayshabilgrami.com\/es\/producto\/mini-crescent-hoop-dorada\/","url":"https:\/\/ayshabilgrami.com\/es\/producto\/mini-crescent-hoop-dorada\/","name":"Mini Crescent Hoop Dorada - Aysha Bilgrami Jewelry","isPartOf":{"@id":"https:\/\/ayshabilgrami.com\/#website"},"primaryImageOfPage":{"@id":"https:\/\/ayshabilgrami.com\/es\/producto\/mini-crescent-hoop-dorada\/#primaryimage"},"image":{"@id":"https:\/\/ayshabilgrami.com\/es\/producto\/mini-crescent-hoop-dorada\/#primaryimage"},"thumbnailUrl":"https:\/\/ayshabilgrami.com\/wp-content\/uploads\/2024\/04\/MINI-CRESCENT-HOOPS-GOLD.jpg","datePublished":"2019-05-26T23:04:47+00:00","dateModified":"2025-12-07T00:35:10+00:00","description":"Las forma de media luna de las Mini Crescent Hoops es inspirada en la poderosa energ\u00eda de esta fase lunar, es una imponente pieza para todos los d\u00edas.","breadcrumb":{"@id":"https:\/\/ayshabilgrami.com\/es\/producto\/mini-crescent-hoop-dorada\/#breadcrumb"},"inLanguage":"es","potentialAction":[{"@type":"ReadAction","target":["https:\/\/ayshabilgrami.com\/es\/producto\/mini-crescent-hoop-dorada\/"]}]},{"@type":"ImageObject","inLanguage":"es","@id":"https:\/\/ayshabilgrami.com\/es\/producto\/mini-crescent-hoop-dorada\/#primaryimage","url":"https:\/\/ayshabilgrami.com\/wp-content\/uploads\/2024\/04\/MINI-CRESCENT-HOOPS-GOLD.jpg","contentUrl":"https:\/\/ayshabilgrami.com\/wp-content\/uploads\/2024\/04\/MINI-CRESCENT-HOOPS-GOLD.jpg","width":1080,"height":1080},{"@type":"BreadcrumbList","@id":"https:\/\/ayshabilgrami.com\/es\/producto\/mini-crescent-hoop-dorada\/#breadcrumb","itemListElement":[{"@type":"ListItem","position":1,"name":"Home","item":"https:\/\/ayshabilgrami.com\/es\/"},{"@type":"ListItem","position":2,"name":"TIENDA","item":"https:\/\/ayshabilgrami.com\/tienda\/"},{"@type":"ListItem","position":3,"name":"Mini Crescent Hoop Dorada"}]},{"@type":"WebSite","@id":"https:\/\/ayshabilgrami.com\/#website","url":"https:\/\/ayshabilgrami.com\/","name":"Aysha Bilgrami Jewelry","description":"Cultural Fusions Made Jewelry","publisher":{"@id":"https:\/\/ayshabilgrami.com\/#organization"},"potentialAction":[{"@type":"SearchAction","target":{"@type":"EntryPoint","urlTemplate":"https:\/\/ayshabilgrami.com\/?s={search_term_string}"},"query-input":{"@type":"PropertyValueSpecification","valueRequired":true,"valueName":"search_term_string"}}],"inLanguage":"es"},{"@type":"Organization","@id":"https:\/\/ayshabilgrami.com\/#organization","name":"AYSHA BILGRAMI SAS","url":"https:\/\/ayshabilgrami.com\/","logo":{"@type":"ImageObject","inLanguage":"es","@id":"https:\/\/ayshabilgrami.com\/#\/schema\/logo\/image\/","url":"https:\/\/ayshabilgrami.com\/wp-content\/uploads\/2019\/05\/logo-aysha.png","contentUrl":"https:\/\/ayshabilgrami.com\/wp-content\/uploads\/2019\/05\/logo-aysha.png","width":546,"height":199,"caption":"AYSHA BILGRAMI SAS"},"image":{"@id":"https:\/\/ayshabilgrami.com\/#\/schema\/logo\/image\/"}}]}},"_links":{"self":[{"href":"https:\/\/ayshabilgrami.com\/es\/wp-json\/wp\/v2\/product\/4092","targetHints":{"allow":["GET"]}}],"collection":[{"href":"https:\/\/ayshabilgrami.com\/es\/wp-json\/wp\/v2\/product"}],"about":[{"href":"https:\/\/ayshabilgrami.com\/es\/wp-json\/wp\/v2\/types\/product"}],"wp:featuredmedia":[{"embeddable":true,"href":"https:\/\/ayshabilgrami.com\/es\/wp-json\/wp\/v2\/media\/26063"}],"wp:attachment":[{"href":"https:\/\/ayshabilgrami.com\/es\/wp-json\/wp\/v2\/media?parent=4092"}],"wp:term":[{"taxonomy":"product_brand","embeddable":true,"href":"https:\/\/ayshabilgrami.com\/es\/wp-json\/wp\/v2\/product_brand?post=4092"},{"taxonomy":"product_cat","embeddable":true,"href":"https:\/\/ayshabilgrami.com\/es\/wp-json\/wp\/v2\/product_cat?post=4092"},{"taxonomy":"product_tag","embeddable":true,"href":"https:\/\/ayshabilgrami.com\/es\/wp-json\/wp\/v2\/product_tag?post=4092"}],"curies":[{"name":"wp","href":"https:\/\/api.w.org\/{rel}","templated":true}]}}