{"id":7111,"date":"2020-09-03T03:06:12","date_gmt":"2020-09-03T08:06:12","guid":{"rendered":"https:\/\/ayshabilgrami.com\/?post_type=product&#038;p=7111"},"modified":"2026-03-06T15:51:21","modified_gmt":"2026-03-06T20:51:21","slug":"cadena-totona-plateada","status":"publish","type":"product","link":"https:\/\/ayshabilgrami.com\/es\/producto\/cadena-totona-plateada\/","title":{"rendered":"Cadena Totona Plateada"},"content":{"rendered":"","protected":false},"excerpt":{"rendered":"<p><span style=\"font-size: 100%;\">Cadena larga con eslabones lisos de diferentes tama\u00f1os y esferas. \u00dasala larga o doble, solo o con m\u00e1s cadenas y comb\u00ednala con nuestros diferentes dijes.<\/span><\/p>\n","protected":false},"featured_media":6866,"template":"","meta":[],"product_brand":[],"product_cat":[939,160,1192,1085,632,1160],"product_tag":[1262],"class_list":{"0":"post-7111","1":"product","2":"type-product","3":"status-publish","4":"has-post-thumbnail","6":"product_cat-plata","7":"product_cat-cadenas","8":"product_cat-piezas-iconicas","9":"product_cat-best-sellers","10":"product_cat-mothers-day-es","11":"product_cat-silver-lovers-es","12":"product_tag-actualizado","14":"first","15":"instock","16":"shipping-taxable","17":"purchasable","18":"product-type-simple"},"yoast_head":"<!-- This site is optimized with the Yoast SEO plugin v26.6 - https:\/\/yoast.com\/wordpress\/plugins\/seo\/ -->\n<title>Cadena Totona Plateada - Aysha Bilgrami Jewelry<\/title>\n<meta name=\"robots\" content=\"index, follow, max-snippet:-1, max-image-preview:large, max-video-preview:-1\" \/>\n<link rel=\"canonical\" href=\"https:\/\/ayshabilgrami.com\/shop\/totona-chain-silver\/\" \/>\n<meta property=\"og:locale\" content=\"es_ES\" \/>\n<meta property=\"og:type\" content=\"article\" \/>\n<meta property=\"og:title\" content=\"Cadena Totona Plateada - Aysha Bilgrami Jewelry\" \/>\n<meta property=\"og:description\" content=\"Cadena larga con eslabones lisos de diferentes tama\u00f1os y esferas. \u00dasala larga o doble, solo o con m\u00e1s cadenas y comb\u00ednala con nuestros diferentes dijes.\" \/>\n<meta property=\"og:url\" content=\"https:\/\/ayshabilgrami.com\/shop\/totona-chain-silver\/\" \/>\n<meta property=\"og:site_name\" content=\"Aysha Bilgrami Jewelry\" \/>\n<meta property=\"article:publisher\" content=\"https:\/\/www.facebook.com\/AyshaBilgramiBrand\" \/>\n<meta property=\"article:modified_time\" content=\"2026-03-06T20:51:21+00:00\" \/>\n<meta property=\"og:image\" content=\"https:\/\/ayshabilgrami.com\/wp-content\/uploads\/2020\/09\/AYSHA-BILGRAMI-JEWELRY-COLLECTION-NO.10.3.jpg\" \/>\n\t<meta property=\"og:image:width\" content=\"1280\" \/>\n\t<meta property=\"og:image:height\" content=\"1920\" \/>\n\t<meta property=\"og:image:type\" content=\"image\/jpeg\" \/>\n<meta name=\"twitter:card\" content=\"summary_large_image\" \/>\n<script type=\"application\/ld+json\" class=\"yoast-schema-graph\">{\"@context\":\"https:\/\/schema.org\",\"@graph\":[{\"@type\":\"WebPage\",\"@id\":\"https:\/\/ayshabilgrami.com\/shop\/totona-chain-silver\/\",\"url\":\"https:\/\/ayshabilgrami.com\/shop\/totona-chain-silver\/\",\"name\":\"Cadena Totona Plateada - Aysha Bilgrami Jewelry\",\"isPartOf\":{\"@id\":\"https:\/\/ayshabilgrami.com\/#website\"},\"primaryImageOfPage\":{\"@id\":\"https:\/\/ayshabilgrami.com\/shop\/totona-chain-silver\/#primaryimage\"},\"image\":{\"@id\":\"https:\/\/ayshabilgrami.com\/shop\/totona-chain-silver\/#primaryimage\"},\"thumbnailUrl\":\"https:\/\/ayshabilgrami.com\/wp-content\/uploads\/2020\/09\/AYSHA-BILGRAMI-JEWELRY-COLLECTION-NO.10.3.jpg\",\"datePublished\":\"2020-09-03T08:06:12+00:00\",\"dateModified\":\"2026-03-06T20:51:21+00:00\",\"breadcrumb\":{\"@id\":\"https:\/\/ayshabilgrami.com\/shop\/totona-chain-silver\/#breadcrumb\"},\"inLanguage\":\"es\",\"potentialAction\":[{\"@type\":\"ReadAction\",\"target\":[\"https:\/\/ayshabilgrami.com\/shop\/totona-chain-silver\/\"]}]},{\"@type\":\"ImageObject\",\"inLanguage\":\"es\",\"@id\":\"https:\/\/ayshabilgrami.com\/shop\/totona-chain-silver\/#primaryimage\",\"url\":\"https:\/\/ayshabilgrami.com\/wp-content\/uploads\/2020\/09\/AYSHA-BILGRAMI-JEWELRY-COLLECTION-NO.10.3.jpg\",\"contentUrl\":\"https:\/\/ayshabilgrami.com\/wp-content\/uploads\/2020\/09\/AYSHA-BILGRAMI-JEWELRY-COLLECTION-NO.10.3.jpg\",\"width\":1280,\"height\":1920},{\"@type\":\"BreadcrumbList\",\"@id\":\"https:\/\/ayshabilgrami.com\/shop\/totona-chain-silver\/#breadcrumb\",\"itemListElement\":[{\"@type\":\"ListItem\",\"position\":1,\"name\":\"Home\",\"item\":\"https:\/\/ayshabilgrami.com\/es\/\"},{\"@type\":\"ListItem\",\"position\":2,\"name\":\"TIENDA\",\"item\":\"https:\/\/ayshabilgrami.com\/tienda\/\"},{\"@type\":\"ListItem\",\"position\":3,\"name\":\"Cadena Totona Plateada\"}]},{\"@type\":\"WebSite\",\"@id\":\"https:\/\/ayshabilgrami.com\/#website\",\"url\":\"https:\/\/ayshabilgrami.com\/\",\"name\":\"Aysha Bilgrami Jewelry\",\"description\":\"Cultural Fusions Made Jewelry\",\"publisher\":{\"@id\":\"https:\/\/ayshabilgrami.com\/#organization\"},\"potentialAction\":[{\"@type\":\"SearchAction\",\"target\":{\"@type\":\"EntryPoint\",\"urlTemplate\":\"https:\/\/ayshabilgrami.com\/?s={search_term_string}\"},\"query-input\":{\"@type\":\"PropertyValueSpecification\",\"valueRequired\":true,\"valueName\":\"search_term_string\"}}],\"inLanguage\":\"es\"},{\"@type\":\"Organization\",\"@id\":\"https:\/\/ayshabilgrami.com\/#organization\",\"name\":\"AYSHA BILGRAMI SAS\",\"url\":\"https:\/\/ayshabilgrami.com\/\",\"logo\":{\"@type\":\"ImageObject\",\"inLanguage\":\"es\",\"@id\":\"https:\/\/ayshabilgrami.com\/#\/schema\/logo\/image\/\",\"url\":\"https:\/\/ayshabilgrami.com\/wp-content\/uploads\/2019\/05\/logo-aysha.png\",\"contentUrl\":\"https:\/\/ayshabilgrami.com\/wp-content\/uploads\/2019\/05\/logo-aysha.png\",\"width\":546,\"height\":199,\"caption\":\"AYSHA BILGRAMI SAS\"},\"image\":{\"@id\":\"https:\/\/ayshabilgrami.com\/#\/schema\/logo\/image\/\"},\"sameAs\":[\"https:\/\/www.facebook.com\/AyshaBilgramiBrand\",\"https:\/\/www.instagram.com\/ayshabilgrami\/\"]}]}<\/script>\n<!-- \/ Yoast SEO plugin. -->","yoast_head_json":{"title":"Cadena Totona Plateada - Aysha Bilgrami Jewelry","robots":{"index":"index","follow":"follow","max-snippet":"max-snippet:-1","max-image-preview":"max-image-preview:large","max-video-preview":"max-video-preview:-1"},"canonical":"https:\/\/ayshabilgrami.com\/shop\/totona-chain-silver\/","og_locale":"es_ES","og_type":"article","og_title":"Cadena Totona Plateada - Aysha Bilgrami Jewelry","og_description":"Cadena larga con eslabones lisos de diferentes tama\u00f1os y esferas. \u00dasala larga o doble, solo o con m\u00e1s cadenas y comb\u00ednala con nuestros diferentes dijes.","og_url":"https:\/\/ayshabilgrami.com\/shop\/totona-chain-silver\/","og_site_name":"Aysha Bilgrami Jewelry","article_publisher":"https:\/\/www.facebook.com\/AyshaBilgramiBrand","article_modified_time":"2026-03-06T20:51:21+00:00","og_image":[{"width":1280,"height":1920,"url":"https:\/\/ayshabilgrami.com\/wp-content\/uploads\/2020\/09\/AYSHA-BILGRAMI-JEWELRY-COLLECTION-NO.10.3.jpg","type":"image\/jpeg"}],"twitter_card":"summary_large_image","schema":{"@context":"https:\/\/schema.org","@graph":[{"@type":"WebPage","@id":"https:\/\/ayshabilgrami.com\/shop\/totona-chain-silver\/","url":"https:\/\/ayshabilgrami.com\/shop\/totona-chain-silver\/","name":"Cadena Totona Plateada - Aysha Bilgrami Jewelry","isPartOf":{"@id":"https:\/\/ayshabilgrami.com\/#website"},"primaryImageOfPage":{"@id":"https:\/\/ayshabilgrami.com\/shop\/totona-chain-silver\/#primaryimage"},"image":{"@id":"https:\/\/ayshabilgrami.com\/shop\/totona-chain-silver\/#primaryimage"},"thumbnailUrl":"https:\/\/ayshabilgrami.com\/wp-content\/uploads\/2020\/09\/AYSHA-BILGRAMI-JEWELRY-COLLECTION-NO.10.3.jpg","datePublished":"2020-09-03T08:06:12+00:00","dateModified":"2026-03-06T20:51:21+00:00","breadcrumb":{"@id":"https:\/\/ayshabilgrami.com\/shop\/totona-chain-silver\/#breadcrumb"},"inLanguage":"es","potentialAction":[{"@type":"ReadAction","target":["https:\/\/ayshabilgrami.com\/shop\/totona-chain-silver\/"]}]},{"@type":"ImageObject","inLanguage":"es","@id":"https:\/\/ayshabilgrami.com\/shop\/totona-chain-silver\/#primaryimage","url":"https:\/\/ayshabilgrami.com\/wp-content\/uploads\/2020\/09\/AYSHA-BILGRAMI-JEWELRY-COLLECTION-NO.10.3.jpg","contentUrl":"https:\/\/ayshabilgrami.com\/wp-content\/uploads\/2020\/09\/AYSHA-BILGRAMI-JEWELRY-COLLECTION-NO.10.3.jpg","width":1280,"height":1920},{"@type":"BreadcrumbList","@id":"https:\/\/ayshabilgrami.com\/shop\/totona-chain-silver\/#breadcrumb","itemListElement":[{"@type":"ListItem","position":1,"name":"Home","item":"https:\/\/ayshabilgrami.com\/es\/"},{"@type":"ListItem","position":2,"name":"TIENDA","item":"https:\/\/ayshabilgrami.com\/tienda\/"},{"@type":"ListItem","position":3,"name":"Cadena Totona Plateada"}]},{"@type":"WebSite","@id":"https:\/\/ayshabilgrami.com\/#website","url":"https:\/\/ayshabilgrami.com\/","name":"Aysha Bilgrami Jewelry","description":"Cultural Fusions Made Jewelry","publisher":{"@id":"https:\/\/ayshabilgrami.com\/#organization"},"potentialAction":[{"@type":"SearchAction","target":{"@type":"EntryPoint","urlTemplate":"https:\/\/ayshabilgrami.com\/?s={search_term_string}"},"query-input":{"@type":"PropertyValueSpecification","valueRequired":true,"valueName":"search_term_string"}}],"inLanguage":"es"},{"@type":"Organization","@id":"https:\/\/ayshabilgrami.com\/#organization","name":"AYSHA BILGRAMI SAS","url":"https:\/\/ayshabilgrami.com\/","logo":{"@type":"ImageObject","inLanguage":"es","@id":"https:\/\/ayshabilgrami.com\/#\/schema\/logo\/image\/","url":"https:\/\/ayshabilgrami.com\/wp-content\/uploads\/2019\/05\/logo-aysha.png","contentUrl":"https:\/\/ayshabilgrami.com\/wp-content\/uploads\/2019\/05\/logo-aysha.png","width":546,"height":199,"caption":"AYSHA BILGRAMI SAS"},"image":{"@id":"https:\/\/ayshabilgrami.com\/#\/schema\/logo\/image\/"},"sameAs":["https:\/\/www.facebook.com\/AyshaBilgramiBrand","https:\/\/www.instagram.com\/ayshabilgrami\/"]}]}},"_links":{"self":[{"href":"https:\/\/ayshabilgrami.com\/es\/wp-json\/wp\/v2\/product\/7111","targetHints":{"allow":["GET"]}}],"collection":[{"href":"https:\/\/ayshabilgrami.com\/es\/wp-json\/wp\/v2\/product"}],"about":[{"href":"https:\/\/ayshabilgrami.com\/es\/wp-json\/wp\/v2\/types\/product"}],"wp:featuredmedia":[{"embeddable":true,"href":"https:\/\/ayshabilgrami.com\/es\/wp-json\/wp\/v2\/media\/6866"}],"wp:attachment":[{"href":"https:\/\/ayshabilgrami.com\/es\/wp-json\/wp\/v2\/media?parent=7111"}],"wp:term":[{"taxonomy":"product_brand","embeddable":true,"href":"https:\/\/ayshabilgrami.com\/es\/wp-json\/wp\/v2\/product_brand?post=7111"},{"taxonomy":"product_cat","embeddable":true,"href":"https:\/\/ayshabilgrami.com\/es\/wp-json\/wp\/v2\/product_cat?post=7111"},{"taxonomy":"product_tag","embeddable":true,"href":"https:\/\/ayshabilgrami.com\/es\/wp-json\/wp\/v2\/product_tag?post=7111"}],"curies":[{"name":"wp","href":"https:\/\/api.w.org\/{rel}","templated":true}]}}