{"id":9817,"date":"2021-07-01T00:11:13","date_gmt":"2021-07-01T05:11:13","guid":{"rendered":"https:\/\/ayshabilgrami.com\/?post_type=product&#038;p=9817"},"modified":"2026-02-05T12:10:31","modified_gmt":"2026-02-05T17:10:31","slug":"baby-crescent-hoop-doradas","status":"publish","type":"product","link":"https:\/\/ayshabilgrami.com\/es\/producto\/baby-crescent-hoop-doradas\/","title":{"rendered":"Baby Crescent Hoop Doradas"},"content":{"rendered":"<div><span style=\"font-size: 80%;\">For pierced ears.<\/span><\/div>\n<div><span style=\"font-size: 80%;\">Sold as pairs<\/span><\/div>\n<div><span style=\"font-size: 80%;\">Sterling 925 Silver with 24k gold vermeil. <a href=\"https:\/\/ayshabilgrami.com\/es\/?attachment_id=26060#main\">Available in Sterling Silver<\/a><\/span><\/div>\n<div><span style=\"font-size: 80%;\">Our silver is reclaimed from x-rays<\/span><\/div>\n<div><span style=\"font-size: 80%;\">Width:3.7 cm Height: 2.7cm<br \/>\nWeight Unit 5.1 gr- ( pair 10.2 gr )<br \/>\n<\/span><\/div>\n<div><span style=\"font-size: 80%;\">Made in Bogot\u00e1, Colombia<\/span><\/div>\n<div><\/div>\n","protected":false},"excerpt":{"rendered":"<p><span style=\"font-weight: 400;\">La \u00faltima adici\u00f3n a la familia de Crescents, son perfectas para combinar con otros aretes en una oreja con m\u00faltiples perforaciones. Con su peque\u00f1a forma de media luna, toma inspiraci\u00f3n de la energ\u00eda de esta fase lunar, es una pieza imponente para todos los d\u00edas.\u00a0<\/span><\/p>\n","protected":false},"featured_media":26059,"template":"","meta":[],"product_brand":[],"product_cat":[1264,940,689,154,155,1192,1085,946,1159],"product_tag":[1262],"class_list":{"0":"post-9817","1":"product","2":"type-product","3":"status-publish","4":"has-post-thumbnail","6":"product_cat-crescent-hoops","7":"product_cat-plata-con-bano-en-oro","8":"product_cat-todo","9":"product_cat-aretes","10":"product_cat-hoops-es","11":"product_cat-piezas-iconicas","12":"product_cat-best-sellers","13":"product_cat-meaningful-gifts","14":"product_cat-gold-lovers-es","15":"product_tag-actualizado","17":"first","18":"onbackorder","19":"shipping-taxable","20":"purchasable","21":"product-type-simple"},"yoast_head":"<!-- This site is optimized with the Yoast SEO plugin v26.6 - https:\/\/yoast.com\/wordpress\/plugins\/seo\/ -->\n<title>Baby Crescent Hoop Doradas - Aysha Bilgrami Jewelry<\/title>\n<meta name=\"description\" content=\"Baby Crescent Hoops tienen una peque\u00f1a forma de media luna, inspirada en la energ\u00eda de esta fase lunar, es una pieza imponente para todos los d\u00edas.\" \/>\n<meta name=\"robots\" content=\"index, follow, max-snippet:-1, max-image-preview:large, max-video-preview:-1\" \/>\n<link rel=\"canonical\" href=\"https:\/\/ayshabilgrami.com\/es\/producto\/baby-crescent-hoop-doradas\/\" \/>\n<meta property=\"og:locale\" content=\"es_ES\" \/>\n<meta property=\"og:type\" content=\"article\" \/>\n<meta property=\"og:title\" content=\"Baby Crescent Hoop Doradas - Aysha Bilgrami Jewelry\" \/>\n<meta property=\"og:description\" content=\"Baby Crescent Hoops tienen una peque\u00f1a forma de media luna, inspirada en la energ\u00eda de esta fase lunar, es una pieza imponente para todos los d\u00edas.\" \/>\n<meta property=\"og:url\" content=\"https:\/\/ayshabilgrami.com\/es\/producto\/baby-crescent-hoop-doradas\/\" \/>\n<meta property=\"og:site_name\" content=\"Aysha Bilgrami Jewelry\" \/>\n<meta property=\"article:modified_time\" content=\"2026-02-05T17:10:31+00:00\" \/>\n<meta property=\"og:image\" content=\"https:\/\/ayshabilgrami.com\/wp-content\/uploads\/2024\/04\/BABY-CRESCENT-HOOPS-GOLD.jpg\" \/>\n\t<meta property=\"og:image:width\" content=\"1080\" \/>\n\t<meta property=\"og:image:height\" content=\"1080\" \/>\n\t<meta property=\"og:image:type\" content=\"image\/jpeg\" \/>\n<meta name=\"twitter:card\" content=\"summary_large_image\" \/>\n<script type=\"application\/ld+json\" class=\"yoast-schema-graph\">{\"@context\":\"https:\/\/schema.org\",\"@graph\":[{\"@type\":\"WebPage\",\"@id\":\"https:\/\/ayshabilgrami.com\/es\/producto\/baby-crescent-hoop-doradas\/\",\"url\":\"https:\/\/ayshabilgrami.com\/es\/producto\/baby-crescent-hoop-doradas\/\",\"name\":\"Baby Crescent Hoop Doradas - Aysha Bilgrami Jewelry\",\"isPartOf\":{\"@id\":\"https:\/\/ayshabilgrami.com\/#website\"},\"primaryImageOfPage\":{\"@id\":\"https:\/\/ayshabilgrami.com\/es\/producto\/baby-crescent-hoop-doradas\/#primaryimage\"},\"image\":{\"@id\":\"https:\/\/ayshabilgrami.com\/es\/producto\/baby-crescent-hoop-doradas\/#primaryimage\"},\"thumbnailUrl\":\"https:\/\/ayshabilgrami.com\/wp-content\/uploads\/2024\/04\/BABY-CRESCENT-HOOPS-GOLD.jpg\",\"datePublished\":\"2021-07-01T05:11:13+00:00\",\"dateModified\":\"2026-02-05T17:10:31+00:00\",\"description\":\"Baby Crescent Hoops tienen una peque\u00f1a forma de media luna, inspirada en la energ\u00eda de esta fase lunar, es una pieza imponente para todos los d\u00edas.\",\"breadcrumb\":{\"@id\":\"https:\/\/ayshabilgrami.com\/es\/producto\/baby-crescent-hoop-doradas\/#breadcrumb\"},\"inLanguage\":\"es\",\"potentialAction\":[{\"@type\":\"ReadAction\",\"target\":[\"https:\/\/ayshabilgrami.com\/es\/producto\/baby-crescent-hoop-doradas\/\"]}]},{\"@type\":\"ImageObject\",\"inLanguage\":\"es\",\"@id\":\"https:\/\/ayshabilgrami.com\/es\/producto\/baby-crescent-hoop-doradas\/#primaryimage\",\"url\":\"https:\/\/ayshabilgrami.com\/wp-content\/uploads\/2024\/04\/BABY-CRESCENT-HOOPS-GOLD.jpg\",\"contentUrl\":\"https:\/\/ayshabilgrami.com\/wp-content\/uploads\/2024\/04\/BABY-CRESCENT-HOOPS-GOLD.jpg\",\"width\":1080,\"height\":1080},{\"@type\":\"BreadcrumbList\",\"@id\":\"https:\/\/ayshabilgrami.com\/es\/producto\/baby-crescent-hoop-doradas\/#breadcrumb\",\"itemListElement\":[{\"@type\":\"ListItem\",\"position\":1,\"name\":\"Home\",\"item\":\"https:\/\/ayshabilgrami.com\/es\/\"},{\"@type\":\"ListItem\",\"position\":2,\"name\":\"TIENDA\",\"item\":\"https:\/\/ayshabilgrami.com\/tienda\/\"},{\"@type\":\"ListItem\",\"position\":3,\"name\":\"Baby Crescent Hoop Doradas\"}]},{\"@type\":\"WebSite\",\"@id\":\"https:\/\/ayshabilgrami.com\/#website\",\"url\":\"https:\/\/ayshabilgrami.com\/\",\"name\":\"Aysha Bilgrami Jewelry\",\"description\":\"Cultural Fusions Made Jewelry\",\"publisher\":{\"@id\":\"https:\/\/ayshabilgrami.com\/#organization\"},\"potentialAction\":[{\"@type\":\"SearchAction\",\"target\":{\"@type\":\"EntryPoint\",\"urlTemplate\":\"https:\/\/ayshabilgrami.com\/?s={search_term_string}\"},\"query-input\":{\"@type\":\"PropertyValueSpecification\",\"valueRequired\":true,\"valueName\":\"search_term_string\"}}],\"inLanguage\":\"es\"},{\"@type\":\"Organization\",\"@id\":\"https:\/\/ayshabilgrami.com\/#organization\",\"name\":\"AYSHA BILGRAMI SAS\",\"url\":\"https:\/\/ayshabilgrami.com\/\",\"logo\":{\"@type\":\"ImageObject\",\"inLanguage\":\"es\",\"@id\":\"https:\/\/ayshabilgrami.com\/#\/schema\/logo\/image\/\",\"url\":\"https:\/\/ayshabilgrami.com\/wp-content\/uploads\/2019\/05\/logo-aysha.png\",\"contentUrl\":\"https:\/\/ayshabilgrami.com\/wp-content\/uploads\/2019\/05\/logo-aysha.png\",\"width\":546,\"height\":199,\"caption\":\"AYSHA BILGRAMI SAS\"},\"image\":{\"@id\":\"https:\/\/ayshabilgrami.com\/#\/schema\/logo\/image\/\"}}]}<\/script>\n<!-- \/ Yoast SEO plugin. -->","yoast_head_json":{"title":"Baby Crescent Hoop Doradas - Aysha Bilgrami Jewelry","description":"Baby Crescent Hoops tienen una peque\u00f1a forma de media luna, inspirada en la energ\u00eda de esta fase lunar, es una pieza imponente para todos los d\u00edas.","robots":{"index":"index","follow":"follow","max-snippet":"max-snippet:-1","max-image-preview":"max-image-preview:large","max-video-preview":"max-video-preview:-1"},"canonical":"https:\/\/ayshabilgrami.com\/es\/producto\/baby-crescent-hoop-doradas\/","og_locale":"es_ES","og_type":"article","og_title":"Baby Crescent Hoop Doradas - Aysha Bilgrami Jewelry","og_description":"Baby Crescent Hoops tienen una peque\u00f1a forma de media luna, inspirada en la energ\u00eda de esta fase lunar, es una pieza imponente para todos los d\u00edas.","og_url":"https:\/\/ayshabilgrami.com\/es\/producto\/baby-crescent-hoop-doradas\/","og_site_name":"Aysha Bilgrami Jewelry","article_modified_time":"2026-02-05T17:10:31+00:00","og_image":[{"width":1080,"height":1080,"url":"https:\/\/ayshabilgrami.com\/wp-content\/uploads\/2024\/04\/BABY-CRESCENT-HOOPS-GOLD.jpg","type":"image\/jpeg"}],"twitter_card":"summary_large_image","schema":{"@context":"https:\/\/schema.org","@graph":[{"@type":"WebPage","@id":"https:\/\/ayshabilgrami.com\/es\/producto\/baby-crescent-hoop-doradas\/","url":"https:\/\/ayshabilgrami.com\/es\/producto\/baby-crescent-hoop-doradas\/","name":"Baby Crescent Hoop Doradas - Aysha Bilgrami Jewelry","isPartOf":{"@id":"https:\/\/ayshabilgrami.com\/#website"},"primaryImageOfPage":{"@id":"https:\/\/ayshabilgrami.com\/es\/producto\/baby-crescent-hoop-doradas\/#primaryimage"},"image":{"@id":"https:\/\/ayshabilgrami.com\/es\/producto\/baby-crescent-hoop-doradas\/#primaryimage"},"thumbnailUrl":"https:\/\/ayshabilgrami.com\/wp-content\/uploads\/2024\/04\/BABY-CRESCENT-HOOPS-GOLD.jpg","datePublished":"2021-07-01T05:11:13+00:00","dateModified":"2026-02-05T17:10:31+00:00","description":"Baby Crescent Hoops tienen una peque\u00f1a forma de media luna, inspirada en la energ\u00eda de esta fase lunar, es una pieza imponente para todos los d\u00edas.","breadcrumb":{"@id":"https:\/\/ayshabilgrami.com\/es\/producto\/baby-crescent-hoop-doradas\/#breadcrumb"},"inLanguage":"es","potentialAction":[{"@type":"ReadAction","target":["https:\/\/ayshabilgrami.com\/es\/producto\/baby-crescent-hoop-doradas\/"]}]},{"@type":"ImageObject","inLanguage":"es","@id":"https:\/\/ayshabilgrami.com\/es\/producto\/baby-crescent-hoop-doradas\/#primaryimage","url":"https:\/\/ayshabilgrami.com\/wp-content\/uploads\/2024\/04\/BABY-CRESCENT-HOOPS-GOLD.jpg","contentUrl":"https:\/\/ayshabilgrami.com\/wp-content\/uploads\/2024\/04\/BABY-CRESCENT-HOOPS-GOLD.jpg","width":1080,"height":1080},{"@type":"BreadcrumbList","@id":"https:\/\/ayshabilgrami.com\/es\/producto\/baby-crescent-hoop-doradas\/#breadcrumb","itemListElement":[{"@type":"ListItem","position":1,"name":"Home","item":"https:\/\/ayshabilgrami.com\/es\/"},{"@type":"ListItem","position":2,"name":"TIENDA","item":"https:\/\/ayshabilgrami.com\/tienda\/"},{"@type":"ListItem","position":3,"name":"Baby Crescent Hoop Doradas"}]},{"@type":"WebSite","@id":"https:\/\/ayshabilgrami.com\/#website","url":"https:\/\/ayshabilgrami.com\/","name":"Aysha Bilgrami Jewelry","description":"Cultural Fusions Made Jewelry","publisher":{"@id":"https:\/\/ayshabilgrami.com\/#organization"},"potentialAction":[{"@type":"SearchAction","target":{"@type":"EntryPoint","urlTemplate":"https:\/\/ayshabilgrami.com\/?s={search_term_string}"},"query-input":{"@type":"PropertyValueSpecification","valueRequired":true,"valueName":"search_term_string"}}],"inLanguage":"es"},{"@type":"Organization","@id":"https:\/\/ayshabilgrami.com\/#organization","name":"AYSHA BILGRAMI SAS","url":"https:\/\/ayshabilgrami.com\/","logo":{"@type":"ImageObject","inLanguage":"es","@id":"https:\/\/ayshabilgrami.com\/#\/schema\/logo\/image\/","url":"https:\/\/ayshabilgrami.com\/wp-content\/uploads\/2019\/05\/logo-aysha.png","contentUrl":"https:\/\/ayshabilgrami.com\/wp-content\/uploads\/2019\/05\/logo-aysha.png","width":546,"height":199,"caption":"AYSHA BILGRAMI SAS"},"image":{"@id":"https:\/\/ayshabilgrami.com\/#\/schema\/logo\/image\/"}}]}},"_links":{"self":[{"href":"https:\/\/ayshabilgrami.com\/es\/wp-json\/wp\/v2\/product\/9817","targetHints":{"allow":["GET"]}}],"collection":[{"href":"https:\/\/ayshabilgrami.com\/es\/wp-json\/wp\/v2\/product"}],"about":[{"href":"https:\/\/ayshabilgrami.com\/es\/wp-json\/wp\/v2\/types\/product"}],"wp:featuredmedia":[{"embeddable":true,"href":"https:\/\/ayshabilgrami.com\/es\/wp-json\/wp\/v2\/media\/26059"}],"wp:attachment":[{"href":"https:\/\/ayshabilgrami.com\/es\/wp-json\/wp\/v2\/media?parent=9817"}],"wp:term":[{"taxonomy":"product_brand","embeddable":true,"href":"https:\/\/ayshabilgrami.com\/es\/wp-json\/wp\/v2\/product_brand?post=9817"},{"taxonomy":"product_cat","embeddable":true,"href":"https:\/\/ayshabilgrami.com\/es\/wp-json\/wp\/v2\/product_cat?post=9817"},{"taxonomy":"product_tag","embeddable":true,"href":"https:\/\/ayshabilgrami.com\/es\/wp-json\/wp\/v2\/product_tag?post=9817"}],"curies":[{"name":"wp","href":"https:\/\/api.w.org\/{rel}","templated":true}]}}